{"id":615,"date":"2020-12-19T14:36:24","date_gmt":"2020-12-19T14:36:24","guid":{"rendered":"https:\/\/commons.princeton.edu\/tartarugas\/?page_id=615"},"modified":"2020-12-19T14:44:08","modified_gmt":"2020-12-19T14:44:08","slug":"a-radionovela","status":"publish","type":"page","link":"https:\/\/commons.princeton.edu\/tartarugas\/a-radionovela\/","title":{"rendered":"A radionovela"},"content":{"rendered":"<p>Como projeto do fim do curso, os estudantes Caoimhe Boyle, Ethan Abraham, Grace Huegel e Madison Mellinger criaram juntos um roteiro. A ideia inicial era fazer uma novela, mas devido \u00e0s dificuldades t\u00e9cnicas dessa tarefa, eles criaram uma radionovela chamada Luz de Luis.<\/p>\n<p>edi\u00e7\u00e3o e supervis\u00e3o: Daiane Tamanaha<\/p>\n<h2>Cap\u00edtulo 1<\/h2>\n<div style=\"width: 525px;\" class=\"wp-video\"><video class=\"wp-video-shortcode\" id=\"video-615-1\" width=\"525\" height=\"295\" preload=\"metadata\" controls=\"controls\"><source type=\"video\/mp4\" src=\"http:\/\/commons.princeton.edu\/tartarugas\/wp-content\/uploads\/sites\/231\/2020\/12\/Radio_LuzdeLuiz_video.mp4?_=1\" \/><a href=\"http:\/\/commons.princeton.edu\/tartarugas\/wp-content\/uploads\/sites\/231\/2020\/12\/Radio_LuzdeLuiz_video.mp4\">http:\/\/commons.princeton.edu\/tartarugas\/wp-content\/uploads\/sites\/231\/2020\/12\/Radio_LuzdeLuiz_video.mp4<\/a><\/video><\/div>\n<h2>Cap\u00edtulo 2<\/h2>\n<div style=\"width: 525px;\" class=\"wp-video\"><video class=\"wp-video-shortcode\" id=\"video-615-2\" width=\"525\" height=\"295\" preload=\"metadata\" controls=\"controls\"><source type=\"video\/mp4\" src=\"http:\/\/commons.princeton.edu\/tartarugas\/wp-content\/uploads\/sites\/231\/2020\/12\/RadioLuzdeLuis_2a.mp4?_=2\" \/><a href=\"http:\/\/commons.princeton.edu\/tartarugas\/wp-content\/uploads\/sites\/231\/2020\/12\/RadioLuzdeLuis_2a.mp4\">http:\/\/commons.princeton.edu\/tartarugas\/wp-content\/uploads\/sites\/231\/2020\/12\/RadioLuzdeLuis_2a.mp4<\/a><\/video><\/div>\n<h2>Cap\u00edtulo 3 (e \u00faltimo)<\/h2>\n<div style=\"width: 525px;\" class=\"wp-video\"><video class=\"wp-video-shortcode\" id=\"video-615-3\" width=\"525\" height=\"295\" preload=\"metadata\" controls=\"controls\"><source type=\"video\/mp4\" src=\"http:\/\/commons.princeton.edu\/tartarugas\/wp-content\/uploads\/sites\/231\/2020\/12\/Radionovela_LuzdeLuis3.mp4?_=3\" \/><a href=\"http:\/\/commons.princeton.edu\/tartarugas\/wp-content\/uploads\/sites\/231\/2020\/12\/Radionovela_LuzdeLuis3.mp4\">http:\/\/commons.princeton.edu\/tartarugas\/wp-content\/uploads\/sites\/231\/2020\/12\/Radionovela_LuzdeLuis3.mp4<\/a><\/video><\/div>\n<h2><\/h2>\n<p>&nbsp;<\/p>\n","protected":false},"excerpt":{"rendered":"<p>Como projeto do fim do curso, os estudantes Caoimhe Boyle, Ethan Abraham, Grace Huegel e Madison Mellinger criaram juntos um roteiro. A ideia inicial era fazer uma novela, mas devido \u00e0s dificuldades t\u00e9cnicas dessa tarefa, eles criaram uma radionovela chamada Luz de Luis. edi\u00e7\u00e3o e supervis\u00e3o: Daiane Tamanaha Cap\u00edtulo 1 Cap\u00edtulo 2 Cap\u00edtulo 3 (e &hellip; <\/p>\n<p class=\"link-more\"><a href=\"https:\/\/commons.princeton.edu\/tartarugas\/a-radionovela\/\" class=\"more-link\">Continue reading<span class=\"screen-reader-text\"> &#8220;A radionovela&#8221;<\/span><\/a><\/p>\n","protected":false},"author":1552,"featured_media":0,"parent":0,"menu_order":0,"comment_status":"closed","ping_status":"closed","template":"","meta":{"footnotes":""},"class_list":["post-615","page","type-page","status-publish","hentry"],"_links":{"self":[{"href":"https:\/\/commons.princeton.edu\/tartarugas\/wp-json\/wp\/v2\/pages\/615","targetHints":{"allow":["GET"]}}],"collection":[{"href":"https:\/\/commons.princeton.edu\/tartarugas\/wp-json\/wp\/v2\/pages"}],"about":[{"href":"https:\/\/commons.princeton.edu\/tartarugas\/wp-json\/wp\/v2\/types\/page"}],"author":[{"embeddable":true,"href":"https:\/\/commons.princeton.edu\/tartarugas\/wp-json\/wp\/v2\/users\/1552"}],"replies":[{"embeddable":true,"href":"https:\/\/commons.princeton.edu\/tartarugas\/wp-json\/wp\/v2\/comments?post=615"}],"version-history":[{"count":7,"href":"https:\/\/commons.princeton.edu\/tartarugas\/wp-json\/wp\/v2\/pages\/615\/revisions"}],"predecessor-version":[{"id":626,"href":"https:\/\/commons.princeton.edu\/tartarugas\/wp-json\/wp\/v2\/pages\/615\/revisions\/626"}],"wp:attachment":[{"href":"https:\/\/commons.princeton.edu\/tartarugas\/wp-json\/wp\/v2\/media?parent=615"}],"curies":[{"name":"wp","href":"https:\/\/api.w.org\/{rel}","templated":true}]}}