{"id":563,"date":"2020-11-03T14:28:48","date_gmt":"2020-11-03T14:28:48","guid":{"rendered":"https:\/\/commons.princeton.edu\/tartarugas\/?page_id=563"},"modified":"2020-11-05T22:08:22","modified_gmt":"2020-11-05T22:08:22","slug":"suposicoes","status":"publish","type":"page","link":"https:\/\/commons.princeton.edu\/tartarugas\/suposicoes\/","title":{"rendered":"Suposi\u00e7\u00f5es&#8230;"},"content":{"rendered":"<p>Alunos de POR 107 aprenderam express\u00f5es de suposi\u00e7\u00f5es. Depois, criaram perguntas para fazer para seus colegas. Vejam as perguntas a\u00ed e tentem respond\u00ea-las!<\/p>\n<figure id=\"attachment_567\" aria-describedby=\"caption-attachment-567\" style=\"width: 711px\" class=\"wp-caption alignnone\"><img loading=\"lazy\" decoding=\"async\" class=\"wp-image-572\" src=\"http:\/\/commons.princeton.edu\/tartarugas\/wp-content\/uploads\/sites\/231\/2020\/11\/Screen-Shot-2020-11-03-at-11.33.40-300x167.png\" alt=\"\" width=\"711\" height=\"398\" \/><figcaption id=\"caption-attachment-567\" class=\"wp-caption-text\">Perguntas feitas pela estudante Caoimhe Boyle<\/figcaption><\/figure>\n<figure id=\"attachment_567\" aria-describedby=\"caption-attachment-567\" style=\"width: 711px\" class=\"wp-caption alignnone\"><img loading=\"lazy\" decoding=\"async\" class=\"wp-image-565\" src=\"http:\/\/commons.princeton.edu\/tartarugas\/wp-content\/uploads\/sites\/231\/2020\/11\/Screen-Shot-2020-11-03-at-11.20.43-300x168.png\" alt=\"\" width=\"711\" height=\"398\" srcset=\"https:\/\/commons.princeton.edu\/tartarugas\/wp-content\/uploads\/sites\/231\/2020\/11\/Screen-Shot-2020-11-03-at-11.20.43-300x168.png 300w, https:\/\/commons.princeton.edu\/tartarugas\/wp-content\/uploads\/sites\/231\/2020\/11\/Screen-Shot-2020-11-03-at-11.20.43-1024x574.png 1024w, https:\/\/commons.princeton.edu\/tartarugas\/wp-content\/uploads\/sites\/231\/2020\/11\/Screen-Shot-2020-11-03-at-11.20.43-768x430.png 768w, https:\/\/commons.princeton.edu\/tartarugas\/wp-content\/uploads\/sites\/231\/2020\/11\/Screen-Shot-2020-11-03-at-11.20.43.png 1099w\" sizes=\"auto, (max-width: 711px) 100vw, 711px\" \/><figcaption id=\"caption-attachment-567\" class=\"wp-caption-text\">Perguntas criadas por Ethan Abraham<\/figcaption><\/figure>\n<figure id=\"attachment_567\" aria-describedby=\"caption-attachment-567\" style=\"width: 711px\" class=\"wp-caption alignnone\"><img loading=\"lazy\" decoding=\"async\" class=\"wp-image-566\" src=\"http:\/\/commons.princeton.edu\/tartarugas\/wp-content\/uploads\/sites\/231\/2020\/11\/Screen-Shot-2020-11-03-at-11.20.51-300x167.png\" alt=\"\" width=\"711\" height=\"398\" \/><figcaption id=\"caption-attachment-567\" class=\"wp-caption-text\">Perguntas criadas por Grace Huegel<\/figcaption><\/figure>\n<figure id=\"attachment_567\" aria-describedby=\"caption-attachment-567\" style=\"width: 711px\" class=\"wp-caption alignnone\"><img loading=\"lazy\" decoding=\"async\" class=\"wp-image-567\" src=\"http:\/\/commons.princeton.edu\/tartarugas\/wp-content\/uploads\/sites\/231\/2020\/11\/Screen-Shot-2020-11-03-at-11.21.14-300x168.png\" alt=\"\" width=\"711\" height=\"398\" srcset=\"https:\/\/commons.princeton.edu\/tartarugas\/wp-content\/uploads\/sites\/231\/2020\/11\/Screen-Shot-2020-11-03-at-11.21.14-300x168.png 300w, https:\/\/commons.princeton.edu\/tartarugas\/wp-content\/uploads\/sites\/231\/2020\/11\/Screen-Shot-2020-11-03-at-11.21.14-1024x575.png 1024w, https:\/\/commons.princeton.edu\/tartarugas\/wp-content\/uploads\/sites\/231\/2020\/11\/Screen-Shot-2020-11-03-at-11.21.14-768x431.png 768w, https:\/\/commons.princeton.edu\/tartarugas\/wp-content\/uploads\/sites\/231\/2020\/11\/Screen-Shot-2020-11-03-at-11.21.14.png 1097w\" sizes=\"auto, (max-width: 711px) 100vw, 711px\" \/><figcaption id=\"caption-attachment-567\" class=\"wp-caption-text\">Perguntas criadas por Madison Mellinger<\/figcaption><\/figure>\n","protected":false},"excerpt":{"rendered":"<p>Alunos de POR 107 aprenderam express\u00f5es de suposi\u00e7\u00f5es. Depois, criaram perguntas para fazer para seus colegas. Vejam as perguntas a\u00ed e tentem respond\u00ea-las!<\/p>\n","protected":false},"author":1552,"featured_media":0,"parent":0,"menu_order":0,"comment_status":"closed","ping_status":"closed","template":"","meta":{"footnotes":""},"class_list":["post-563","page","type-page","status-publish","hentry"],"_links":{"self":[{"href":"https:\/\/commons.princeton.edu\/tartarugas\/wp-json\/wp\/v2\/pages\/563","targetHints":{"allow":["GET"]}}],"collection":[{"href":"https:\/\/commons.princeton.edu\/tartarugas\/wp-json\/wp\/v2\/pages"}],"about":[{"href":"https:\/\/commons.princeton.edu\/tartarugas\/wp-json\/wp\/v2\/types\/page"}],"author":[{"embeddable":true,"href":"https:\/\/commons.princeton.edu\/tartarugas\/wp-json\/wp\/v2\/users\/1552"}],"replies":[{"embeddable":true,"href":"https:\/\/commons.princeton.edu\/tartarugas\/wp-json\/wp\/v2\/comments?post=563"}],"version-history":[{"count":6,"href":"https:\/\/commons.princeton.edu\/tartarugas\/wp-json\/wp\/v2\/pages\/563\/revisions"}],"predecessor-version":[{"id":614,"href":"https:\/\/commons.princeton.edu\/tartarugas\/wp-json\/wp\/v2\/pages\/563\/revisions\/614"}],"wp:attachment":[{"href":"https:\/\/commons.princeton.edu\/tartarugas\/wp-json\/wp\/v2\/media?parent=563"}],"curies":[{"name":"wp","href":"https:\/\/api.w.org\/{rel}","templated":true}]}}