{"id":461,"date":"2020-10-26T00:05:37","date_gmt":"2020-10-26T00:05:37","guid":{"rendered":"https:\/\/commons.princeton.edu\/tartarugas\/?page_id=461"},"modified":"2020-10-26T20:44:46","modified_gmt":"2020-10-26T20:44:46","slug":"madison-mellinger","status":"publish","type":"page","link":"https:\/\/commons.princeton.edu\/tartarugas\/o-significa-dos-diminutivos\/madison-mellinger\/","title":{"rendered":"Madison Mellinger"},"content":{"rendered":"<p><img loading=\"lazy\" decoding=\"async\" class=\"alignnone wp-image-504\" src=\"http:\/\/commons.princeton.edu\/tartarugas\/wp-content\/uploads\/sites\/231\/2020\/10\/FullSizeRender-3-300x272.jpeg\" alt=\"\" width=\"575\" height=\"520\" \/><\/p>\n<p>Ariel est\u00e1 expressando que seu namorado \u00e9 fofo.<\/p>\n<p><img loading=\"lazy\" decoding=\"async\" class=\"alignnone wp-image-502\" src=\"http:\/\/commons.princeton.edu\/tartarugas\/wp-content\/uploads\/sites\/231\/2020\/10\/FullSizeRender-300x95.jpeg\" alt=\"\" width=\"877\" height=\"276\" srcset=\"https:\/\/commons.princeton.edu\/tartarugas\/wp-content\/uploads\/sites\/231\/2020\/10\/FullSizeRender-300x95.jpeg 300w, https:\/\/commons.princeton.edu\/tartarugas\/wp-content\/uploads\/sites\/231\/2020\/10\/FullSizeRender-1024x324.jpeg 1024w, https:\/\/commons.princeton.edu\/tartarugas\/wp-content\/uploads\/sites\/231\/2020\/10\/FullSizeRender-768x243.jpeg 768w, https:\/\/commons.princeton.edu\/tartarugas\/wp-content\/uploads\/sites\/231\/2020\/10\/FullSizeRender.jpeg 1306w\" sizes=\"auto, (max-width: 767px) 89vw, (max-width: 1000px) 54vw, (max-width: 1071px) 543px, 580px\" \/><\/p>\n<p>Juan bebeu uma &#8220;cervejinha.&#8221; A cerveja n\u00e3o \u00e9 realmente pequena. Ele est\u00e1 b\u00eabado e cantando m\u00fasicas de Hannah Montana.<\/p>\n<p><img loading=\"lazy\" decoding=\"async\" class=\"alignnone wp-image-503\" src=\"http:\/\/commons.princeton.edu\/tartarugas\/wp-content\/uploads\/sites\/231\/2020\/10\/FullSizeRender-1-300x246.jpeg\" alt=\"\" width=\"545\" height=\"447\" srcset=\"https:\/\/commons.princeton.edu\/tartarugas\/wp-content\/uploads\/sites\/231\/2020\/10\/FullSizeRender-1-300x246.jpeg 300w, https:\/\/commons.princeton.edu\/tartarugas\/wp-content\/uploads\/sites\/231\/2020\/10\/FullSizeRender-1-1024x841.jpeg 1024w, https:\/\/commons.princeton.edu\/tartarugas\/wp-content\/uploads\/sites\/231\/2020\/10\/FullSizeRender-1-768x631.jpeg 768w, https:\/\/commons.princeton.edu\/tartarugas\/wp-content\/uploads\/sites\/231\/2020\/10\/FullSizeRender-1.jpeg 1320w\" sizes=\"auto, (max-width: 545px) 100vw, 545px\" \/><\/p>\n<p>O gato \u00e9 o amor da vida de Ariel. Ele est\u00e1 expressando fofura.<\/p>\n","protected":false},"excerpt":{"rendered":"<p>Ariel est\u00e1 expressando que seu namorado \u00e9 fofo. Juan bebeu uma &#8220;cervejinha.&#8221; A cerveja n\u00e3o \u00e9 realmente pequena. Ele est\u00e1 b\u00eabado e cantando m\u00fasicas de Hannah Montana. O gato \u00e9 o amor da vida de Ariel. Ele est\u00e1 expressando fofura.<\/p>\n","protected":false},"author":1552,"featured_media":0,"parent":448,"menu_order":4,"comment_status":"closed","ping_status":"closed","template":"","meta":{"footnotes":""},"class_list":["post-461","page","type-page","status-publish","hentry"],"_links":{"self":[{"href":"https:\/\/commons.princeton.edu\/tartarugas\/wp-json\/wp\/v2\/pages\/461","targetHints":{"allow":["GET"]}}],"collection":[{"href":"https:\/\/commons.princeton.edu\/tartarugas\/wp-json\/wp\/v2\/pages"}],"about":[{"href":"https:\/\/commons.princeton.edu\/tartarugas\/wp-json\/wp\/v2\/types\/page"}],"author":[{"embeddable":true,"href":"https:\/\/commons.princeton.edu\/tartarugas\/wp-json\/wp\/v2\/users\/1552"}],"replies":[{"embeddable":true,"href":"https:\/\/commons.princeton.edu\/tartarugas\/wp-json\/wp\/v2\/comments?post=461"}],"version-history":[{"count":5,"href":"https:\/\/commons.princeton.edu\/tartarugas\/wp-json\/wp\/v2\/pages\/461\/revisions"}],"predecessor-version":[{"id":523,"href":"https:\/\/commons.princeton.edu\/tartarugas\/wp-json\/wp\/v2\/pages\/461\/revisions\/523"}],"up":[{"embeddable":true,"href":"https:\/\/commons.princeton.edu\/tartarugas\/wp-json\/wp\/v2\/pages\/448"}],"wp:attachment":[{"href":"https:\/\/commons.princeton.edu\/tartarugas\/wp-json\/wp\/v2\/media?parent=461"}],"curies":[{"name":"wp","href":"https:\/\/api.w.org\/{rel}","templated":true}]}}