{"id":458,"date":"2020-10-26T00:04:51","date_gmt":"2020-10-26T00:04:51","guid":{"rendered":"https:\/\/commons.princeton.edu\/tartarugas\/?page_id=458"},"modified":"2020-10-26T20:44:06","modified_gmt":"2020-10-26T20:44:06","slug":"ethan-abraham","status":"publish","type":"page","link":"https:\/\/commons.princeton.edu\/tartarugas\/o-significa-dos-diminutivos\/ethan-abraham\/","title":{"rendered":"Ethan Abraham"},"content":{"rendered":"<p><img loading=\"lazy\" decoding=\"async\" class=\"alignnone wp-image-489 \" src=\"http:\/\/commons.princeton.edu\/tartarugas\/wp-content\/uploads\/sites\/231\/2020\/10\/celularzinho.png\" alt=\"\" width=\"759\" height=\"424\" srcset=\"https:\/\/commons.princeton.edu\/tartarugas\/wp-content\/uploads\/sites\/231\/2020\/10\/celularzinho.png 624w, https:\/\/commons.princeton.edu\/tartarugas\/wp-content\/uploads\/sites\/231\/2020\/10\/celularzinho-300x167.png 300w\" sizes=\"auto, (max-width: 706px) 89vw, (max-width: 767px) 82vw, 740px\" \/><\/p>\n<p>Este post<span style=\"color: #ff6600\"><del>o<\/del><\/span> usa a palavra \u201ccelularzinho\u201d. Neste caso, mostra que o telefone \u00e9 pequeno.<\/p>\n<p>&nbsp;<\/p>\n<p><img loading=\"lazy\" decoding=\"async\" class=\"alignnone wp-image-491 \" src=\"http:\/\/commons.princeton.edu\/tartarugas\/wp-content\/uploads\/sites\/231\/2020\/10\/presidentinho.png\" alt=\"\" width=\"653\" height=\"375\" srcset=\"https:\/\/commons.princeton.edu\/tartarugas\/wp-content\/uploads\/sites\/231\/2020\/10\/presidentinho.png 624w, https:\/\/commons.princeton.edu\/tartarugas\/wp-content\/uploads\/sites\/231\/2020\/10\/presidentinho-300x173.png 300w\" sizes=\"auto, (max-width: 653px) 100vw, 653px\" \/><\/p>\n<p>Este post<span style=\"color: #ff6600\"><del>o<\/del><\/span> usa a palavra \u201cpresidentinho\u201d. \u00c9 usado aqui para rebaixar o Bolsonaro, e para dizer que ele n\u00e3o \u00e9 um bom presidente.<\/p>\n<p>&nbsp;<\/p>\n<p><img loading=\"lazy\" decoding=\"async\" class=\"alignnone wp-image-492 \" style=\"font-size: 1rem\" src=\"http:\/\/commons.princeton.edu\/tartarugas\/wp-content\/uploads\/sites\/231\/2020\/10\/queridinha.png\" alt=\"\" width=\"690\" height=\"400\" srcset=\"https:\/\/commons.princeton.edu\/tartarugas\/wp-content\/uploads\/sites\/231\/2020\/10\/queridinha.png 624w, https:\/\/commons.princeton.edu\/tartarugas\/wp-content\/uploads\/sites\/231\/2020\/10\/queridinha-300x174.png 300w\" sizes=\"auto, (max-width: 690px) 100vw, 690px\" \/><\/p>\n<p>O uso de \u201cqueridinha\u201d significa afei\u00e7\u00e3o neste caso.<\/p>\n<p><img loading=\"lazy\" decoding=\"async\" class=\"alignnone wp-image-490 \" style=\"font-size: 1rem\" src=\"http:\/\/commons.princeton.edu\/tartarugas\/wp-content\/uploads\/sites\/231\/2020\/10\/florestinha.png\" alt=\"\" width=\"622\" height=\"441\" srcset=\"https:\/\/commons.princeton.edu\/tartarugas\/wp-content\/uploads\/sites\/231\/2020\/10\/florestinha.png 624w, https:\/\/commons.princeton.edu\/tartarugas\/wp-content\/uploads\/sites\/231\/2020\/10\/florestinha-300x213.png 300w\" sizes=\"auto, (max-width: 622px) 100vw, 622px\" \/><\/p>\n<p>Aqui<span style=\"font-size: 1rem\">\u00a0n\u00f3s temos o uso do \u201cflorestinha\u201d. Neste caso, a palavra \u00e9 usada para sarcasmo, e para contar uma piada \u2013 as \u00e1rvores s\u00e3o br\u00f3colis.<\/span><\/p>\n","protected":false},"excerpt":{"rendered":"<p>Este posto usa a palavra \u201ccelularzinho\u201d. Neste caso, mostra que o telefone \u00e9 pequeno. &nbsp; Este posto usa a palavra \u201cpresidentinho\u201d. \u00c9 usado aqui para rebaixar o Bolsonaro, e para dizer que ele n\u00e3o \u00e9 um bom presidente. &nbsp; O uso de \u201cqueridinha\u201d significa afei\u00e7\u00e3o neste caso. Aqui\u00a0n\u00f3s temos o uso do \u201cflorestinha\u201d. Neste caso, &hellip; <\/p>\n<p class=\"link-more\"><a href=\"https:\/\/commons.princeton.edu\/tartarugas\/o-significa-dos-diminutivos\/ethan-abraham\/\" class=\"more-link\">Continue reading<span class=\"screen-reader-text\"> &#8220;Ethan Abraham&#8221;<\/span><\/a><\/p>\n","protected":false},"author":1552,"featured_media":0,"parent":448,"menu_order":3,"comment_status":"closed","ping_status":"closed","template":"","meta":{"footnotes":""},"class_list":["post-458","page","type-page","status-publish","hentry"],"_links":{"self":[{"href":"https:\/\/commons.princeton.edu\/tartarugas\/wp-json\/wp\/v2\/pages\/458","targetHints":{"allow":["GET"]}}],"collection":[{"href":"https:\/\/commons.princeton.edu\/tartarugas\/wp-json\/wp\/v2\/pages"}],"about":[{"href":"https:\/\/commons.princeton.edu\/tartarugas\/wp-json\/wp\/v2\/types\/page"}],"author":[{"embeddable":true,"href":"https:\/\/commons.princeton.edu\/tartarugas\/wp-json\/wp\/v2\/users\/1552"}],"replies":[{"embeddable":true,"href":"https:\/\/commons.princeton.edu\/tartarugas\/wp-json\/wp\/v2\/comments?post=458"}],"version-history":[{"count":4,"href":"https:\/\/commons.princeton.edu\/tartarugas\/wp-json\/wp\/v2\/pages\/458\/revisions"}],"predecessor-version":[{"id":522,"href":"https:\/\/commons.princeton.edu\/tartarugas\/wp-json\/wp\/v2\/pages\/458\/revisions\/522"}],"up":[{"embeddable":true,"href":"https:\/\/commons.princeton.edu\/tartarugas\/wp-json\/wp\/v2\/pages\/448"}],"wp:attachment":[{"href":"https:\/\/commons.princeton.edu\/tartarugas\/wp-json\/wp\/v2\/media?parent=458"}],"curies":[{"name":"wp","href":"https:\/\/api.w.org\/{rel}","templated":true}]}}