{"id":455,"date":"2020-10-26T00:04:17","date_gmt":"2020-10-26T00:04:17","guid":{"rendered":"https:\/\/commons.princeton.edu\/tartarugas\/?page_id=455"},"modified":"2020-10-26T20:42:58","modified_gmt":"2020-10-26T20:42:58","slug":"grace-huegel","status":"publish","type":"page","link":"https:\/\/commons.princeton.edu\/tartarugas\/o-significa-dos-diminutivos\/grace-huegel\/","title":{"rendered":"Grace Huegel"},"content":{"rendered":"<h3><span style=\"color: #0000ff\"><strong>Aten\u00e7\u00e3o: Grace, o objetivo era encontrar exemplos de diferentes significados e n\u00e3o somente um significado.<\/strong><\/span><\/h3>\n<p>&nbsp;<\/p>\n<p>Nesse post, a usu\u00e1ria mostra uma foto divertida com o namorado. O diminutivo \u201cnamoradinho\u201d \u00e9 usado para demonstrar afei\u00e7\u00e3o.<\/p>\n<p><img loading=\"lazy\" decoding=\"async\" class=\"alignnone  wp-image-482\" src=\"http:\/\/commons.princeton.edu\/tartarugas\/wp-content\/uploads\/sites\/231\/2020\/10\/IMG_4799-e1603744777176-268x300.png\" alt=\"\" width=\"465\" height=\"521\" srcset=\"https:\/\/commons.princeton.edu\/tartarugas\/wp-content\/uploads\/sites\/231\/2020\/10\/IMG_4799-e1603744777176-268x300.png 268w, https:\/\/commons.princeton.edu\/tartarugas\/wp-content\/uploads\/sites\/231\/2020\/10\/IMG_4799-e1603744777176-913x1024.png 913w, https:\/\/commons.princeton.edu\/tartarugas\/wp-content\/uploads\/sites\/231\/2020\/10\/IMG_4799-e1603744777176-768x861.png 768w, https:\/\/commons.princeton.edu\/tartarugas\/wp-content\/uploads\/sites\/231\/2020\/10\/IMG_4799-e1603744777176.png 1130w\" sizes=\"auto, (max-width: 465px) 100vw, 465px\" \/><\/p>\n<p>Nesse post, a usu\u00e1ria fala sobre a <span style=\"color: #ff6600\"><del>doutor bem visita<\/del><\/span>. <span style=\"color: #0000ff\"><strong>visita ao veterin\u00e1rio.<\/strong><\/span> O<span style=\"color: #993300\"><del>s<\/del> <\/span>diminutivo<del><span style=\"color: #993300\">s<\/span><\/del> \u201cdoentinho\u201d <span style=\"color: #993300\"><del>e \u201csobrinha\u201d s\u00e3o<\/del><\/span> <span style=\"color: #0000ff\"><strong>\u00e9<\/strong><\/span> usado<del><span style=\"color: #ff6600\">s<\/span><\/del> para demonstrar afei\u00e7\u00e3o.<\/p>\n<p><span style=\"color: #0000ff\">Aten\u00e7\u00e3o: Grace, sobrinha \u00e9 niece (n\u00e3o \u00e9 um diminutivo).<\/span><\/p>\n<p><img loading=\"lazy\" decoding=\"async\" class=\"alignnone wp-image-483\" src=\"http:\/\/commons.princeton.edu\/tartarugas\/wp-content\/uploads\/sites\/231\/2020\/10\/IMG_4803-e1603744826981-201x300.png\" alt=\"\" width=\"483\" height=\"719\" srcset=\"https:\/\/commons.princeton.edu\/tartarugas\/wp-content\/uploads\/sites\/231\/2020\/10\/IMG_4803-e1603744826981-201x300.png 201w, https:\/\/commons.princeton.edu\/tartarugas\/wp-content\/uploads\/sites\/231\/2020\/10\/IMG_4803-e1603744826981-688x1024.png 688w, https:\/\/commons.princeton.edu\/tartarugas\/wp-content\/uploads\/sites\/231\/2020\/10\/IMG_4803-e1603744826981-768x1143.png 768w, https:\/\/commons.princeton.edu\/tartarugas\/wp-content\/uploads\/sites\/231\/2020\/10\/IMG_4803-e1603744826981-1032x1536.png 1032w, https:\/\/commons.princeton.edu\/tartarugas\/wp-content\/uploads\/sites\/231\/2020\/10\/IMG_4803-e1603744826981.png 1123w\" sizes=\"auto, (max-width: 483px) 100vw, 483px\" \/><\/p>\n<p>Nesse post, o usu\u00e1rio mostra um novo brinquedo. Os diminutivos \u201cursinho\u201d e \u201ctristinho\u201d s\u00e3o usados para demonstrar afei\u00e7\u00e3o.<\/p>\n<p><img loading=\"lazy\" decoding=\"async\" class=\"alignnone wp-image-485\" src=\"http:\/\/commons.princeton.edu\/tartarugas\/wp-content\/uploads\/sites\/231\/2020\/10\/IMG_4805-2-e1603744578383-164x300.png\" alt=\"\" width=\"443\" height=\"810\" srcset=\"https:\/\/commons.princeton.edu\/tartarugas\/wp-content\/uploads\/sites\/231\/2020\/10\/IMG_4805-2-e1603744578383-164x300.png 164w, https:\/\/commons.princeton.edu\/tartarugas\/wp-content\/uploads\/sites\/231\/2020\/10\/IMG_4805-2-e1603744578383-561x1024.png 561w\" sizes=\"auto, (max-width: 443px) 100vw, 443px\" \/><\/p>\n<p>Nesse post, a usu\u00e1ria mostra seu beb\u00ea. Os diminutivos \u201cgra<span style=\"color: #0000ff\"><strong>c<\/strong><\/span>inhas\u201d, \u201cbravinho\u201d e \u201csorrisinho\u201d demonstram afei\u00e7\u00e3o.<\/p>\n<p><img loading=\"lazy\" decoding=\"async\" class=\"alignnone wp-image-486\" src=\"http:\/\/commons.princeton.edu\/tartarugas\/wp-content\/uploads\/sites\/231\/2020\/10\/IMG_4806-2-e1603744459531-161x300.png\" alt=\"\" width=\"434\" height=\"807\" srcset=\"https:\/\/commons.princeton.edu\/tartarugas\/wp-content\/uploads\/sites\/231\/2020\/10\/IMG_4806-2-e1603744459531-161x300.png 161w, https:\/\/commons.princeton.edu\/tartarugas\/wp-content\/uploads\/sites\/231\/2020\/10\/IMG_4806-2-e1603744459531-551x1024.png 551w, https:\/\/commons.princeton.edu\/tartarugas\/wp-content\/uploads\/sites\/231\/2020\/10\/IMG_4806-2-e1603744459531-768x1428.png 768w, https:\/\/commons.princeton.edu\/tartarugas\/wp-content\/uploads\/sites\/231\/2020\/10\/IMG_4806-2-e1603744459531-826x1536.png 826w, https:\/\/commons.princeton.edu\/tartarugas\/wp-content\/uploads\/sites\/231\/2020\/10\/IMG_4806-2-e1603744459531-1101x2048.png 1101w, https:\/\/commons.princeton.edu\/tartarugas\/wp-content\/uploads\/sites\/231\/2020\/10\/IMG_4806-2-e1603744459531.png 1126w\" sizes=\"auto, (max-width: 434px) 100vw, 434px\" \/><\/p>\n","protected":false},"excerpt":{"rendered":"<p>Aten\u00e7\u00e3o: Grace, o objetivo era encontrar exemplos de diferentes significados e n\u00e3o somente um significado. &nbsp; Nesse post, a usu\u00e1ria mostra uma foto divertida com o namorado. O diminutivo \u201cnamoradinho\u201d \u00e9 usado para demonstrar afei\u00e7\u00e3o. Nesse post, a usu\u00e1ria fala sobre a doutor bem visita. visita ao veterin\u00e1rio. Os diminutivos \u201cdoentinho\u201d e \u201csobrinha\u201d s\u00e3o \u00e9 &hellip; <\/p>\n<p class=\"link-more\"><a href=\"https:\/\/commons.princeton.edu\/tartarugas\/o-significa-dos-diminutivos\/grace-huegel\/\" class=\"more-link\">Continue reading<span class=\"screen-reader-text\"> &#8220;Grace Huegel&#8221;<\/span><\/a><\/p>\n","protected":false},"author":1552,"featured_media":0,"parent":448,"menu_order":2,"comment_status":"closed","ping_status":"closed","template":"","meta":{"footnotes":""},"class_list":["post-455","page","type-page","status-publish","hentry"],"_links":{"self":[{"href":"https:\/\/commons.princeton.edu\/tartarugas\/wp-json\/wp\/v2\/pages\/455","targetHints":{"allow":["GET"]}}],"collection":[{"href":"https:\/\/commons.princeton.edu\/tartarugas\/wp-json\/wp\/v2\/pages"}],"about":[{"href":"https:\/\/commons.princeton.edu\/tartarugas\/wp-json\/wp\/v2\/types\/page"}],"author":[{"embeddable":true,"href":"https:\/\/commons.princeton.edu\/tartarugas\/wp-json\/wp\/v2\/users\/1552"}],"replies":[{"embeddable":true,"href":"https:\/\/commons.princeton.edu\/tartarugas\/wp-json\/wp\/v2\/comments?post=455"}],"version-history":[{"count":7,"href":"https:\/\/commons.princeton.edu\/tartarugas\/wp-json\/wp\/v2\/pages\/455\/revisions"}],"predecessor-version":[{"id":521,"href":"https:\/\/commons.princeton.edu\/tartarugas\/wp-json\/wp\/v2\/pages\/455\/revisions\/521"}],"up":[{"embeddable":true,"href":"https:\/\/commons.princeton.edu\/tartarugas\/wp-json\/wp\/v2\/pages\/448"}],"wp:attachment":[{"href":"https:\/\/commons.princeton.edu\/tartarugas\/wp-json\/wp\/v2\/media?parent=455"}],"curies":[{"name":"wp","href":"https:\/\/api.w.org\/{rel}","templated":true}]}}