{"id":448,"date":"2020-10-26T00:02:53","date_gmt":"2020-10-26T00:02:53","guid":{"rendered":"https:\/\/commons.princeton.edu\/tartarugas\/?page_id=448"},"modified":"2020-10-26T20:39:07","modified_gmt":"2020-10-26T20:39:07","slug":"o-significa-dos-diminutivos","status":"publish","type":"page","link":"https:\/\/commons.princeton.edu\/tartarugas\/o-significa-dos-diminutivos\/","title":{"rendered":"O significado dos diminutivos"},"content":{"rendered":"<p>N\u00f3s sabemos que os brasilerios AMAM falar no diminutivo e sabemos tamb\u00e9m que os significados dos diminutivos v\u00e3o al\u00e9m de demonstrar que algo \u00e9 pequeno. Veja outros significados encontrados pelos alunos de POR 107 nas redes sociais.<\/p>\n<figure id=\"attachment_509\" aria-describedby=\"caption-attachment-509\" style=\"width: 661px\" class=\"wp-caption alignnone\"><img loading=\"lazy\" decoding=\"async\" class=\"wp-image-509\" src=\"http:\/\/commons.princeton.edu\/tartarugas\/wp-content\/uploads\/sites\/231\/2020\/10\/Screen-Shot-2020-10-26-at-14.16.43-e1603744679360-300x37.png\" alt=\"\" width=\"661\" height=\"82\" srcset=\"https:\/\/commons.princeton.edu\/tartarugas\/wp-content\/uploads\/sites\/231\/2020\/10\/Screen-Shot-2020-10-26-at-14.16.43-e1603744679360-300x37.png 300w, https:\/\/commons.princeton.edu\/tartarugas\/wp-content\/uploads\/sites\/231\/2020\/10\/Screen-Shot-2020-10-26-at-14.16.43-e1603744679360.png 591w\" sizes=\"auto, (max-width: 661px) 100vw, 661px\" \/><figcaption id=\"caption-attachment-509\" class=\"wp-caption-text\">At\u00e9 a palavra em ingl\u00eas &#8220;boy&#8221; ganhou um diminutivo em portugu\u00eas<\/figcaption><\/figure>\n<h2>Clique nos nomes para ver o projeto de cada estudante.<\/h2>\n<h2><a href=\"https:\/\/commons.princeton.edu\/tartarugas\/o-significa-dos-diminutivos\/caoimhe-boyle\/\">Caoimhe Boyle<\/a><\/h2>\n<h2><a href=\"https:\/\/commons.princeton.edu\/tartarugas\/o-significa-dos-diminutivos\/grace-huegel\/\" target=\"_blank\" rel=\"noopener noreferrer\">Grace Huegel<\/a><\/h2>\n<h2><a href=\"https:\/\/commons.princeton.edu\/tartarugas\/o-significa-dos-diminutivos\/ethan-abraham\/\">Ethan Abraham<\/a><\/h2>\n<h2><a href=\"https:\/\/commons.princeton.edu\/tartarugas\/o-significa-dos-diminutivos\/madison-mellinger\/\" target=\"_blank\" rel=\"noopener noreferrer\">Madison Mellinger<\/a><\/h2>\n","protected":false},"excerpt":{"rendered":"<p>N\u00f3s sabemos que os brasilerios AMAM falar no diminutivo e sabemos tamb\u00e9m que os significados dos diminutivos v\u00e3o al\u00e9m de demonstrar que algo \u00e9 pequeno. Veja outros significados encontrados pelos alunos de POR 107 nas redes sociais. Clique nos nomes para ver o projeto de cada estudante. Caoimhe Boyle Grace Huegel Ethan Abraham Madison Mellinger<\/p>\n","protected":false},"author":1552,"featured_media":0,"parent":0,"menu_order":0,"comment_status":"closed","ping_status":"closed","template":"","meta":{"footnotes":""},"class_list":["post-448","page","type-page","status-publish","hentry"],"_links":{"self":[{"href":"https:\/\/commons.princeton.edu\/tartarugas\/wp-json\/wp\/v2\/pages\/448","targetHints":{"allow":["GET"]}}],"collection":[{"href":"https:\/\/commons.princeton.edu\/tartarugas\/wp-json\/wp\/v2\/pages"}],"about":[{"href":"https:\/\/commons.princeton.edu\/tartarugas\/wp-json\/wp\/v2\/types\/page"}],"author":[{"embeddable":true,"href":"https:\/\/commons.princeton.edu\/tartarugas\/wp-json\/wp\/v2\/users\/1552"}],"replies":[{"embeddable":true,"href":"https:\/\/commons.princeton.edu\/tartarugas\/wp-json\/wp\/v2\/comments?post=448"}],"version-history":[{"count":13,"href":"https:\/\/commons.princeton.edu\/tartarugas\/wp-json\/wp\/v2\/pages\/448\/revisions"}],"predecessor-version":[{"id":519,"href":"https:\/\/commons.princeton.edu\/tartarugas\/wp-json\/wp\/v2\/pages\/448\/revisions\/519"}],"wp:attachment":[{"href":"https:\/\/commons.princeton.edu\/tartarugas\/wp-json\/wp\/v2\/media?parent=448"}],"curies":[{"name":"wp","href":"https:\/\/api.w.org\/{rel}","templated":true}]}}