{"id":396,"date":"2020-10-22T02:22:41","date_gmt":"2020-10-22T02:22:41","guid":{"rendered":"https:\/\/commons.princeton.edu\/tartarugas\/?page_id=396"},"modified":"2020-10-22T02:34:52","modified_gmt":"2020-10-22T02:34:52","slug":"por-que-a-gente-e-assim","status":"publish","type":"page","link":"https:\/\/commons.princeton.edu\/tartarugas\/por-que-a-gente-e-assim\/","title":{"rendered":"Por que a gente \u00e9 assim?"},"content":{"rendered":"<p>Os alunos de POR 107 discutiram em sala de aula se as letras das m\u00fasicas podem ser consideradas poemas. Depois, eles leram a letra da m\u00fasica do <a href=\"https:\/\/pt.wikipedia.org\/wiki\/Cazuza\" target=\"_blank\" rel=\"noopener noreferrer\">Cazuza<\/a> &#8220;Por que a gente \u00e9 assim?&#8221; e gravaram um v\u00eddeo recitando a letra\/poema.<\/p>\n<div style=\"width: 525px;\" class=\"wp-video\"><video class=\"wp-video-shortcode\" id=\"video-396-1\" width=\"525\" height=\"295\" preload=\"metadata\" controls=\"controls\"><source type=\"video\/mp4\" src=\"http:\/\/commons.princeton.edu\/tartarugas\/wp-content\/uploads\/sites\/231\/2020\/10\/Cazuza.mp4?_=1\" \/><a href=\"http:\/\/commons.princeton.edu\/tartarugas\/wp-content\/uploads\/sites\/231\/2020\/10\/Cazuza.mp4\">http:\/\/commons.princeton.edu\/tartarugas\/wp-content\/uploads\/sites\/231\/2020\/10\/Cazuza.mp4<\/a><\/video><\/div>\n","protected":false},"excerpt":{"rendered":"<p>Os alunos de POR 107 discutiram em sala de aula se as letras das m\u00fasicas podem ser consideradas poemas. Depois, eles leram a letra da m\u00fasica do Cazuza &#8220;Por que a gente \u00e9 assim?&#8221; e gravaram um v\u00eddeo recitando a letra\/poema.<\/p>\n","protected":false},"author":1552,"featured_media":0,"parent":0,"menu_order":0,"comment_status":"closed","ping_status":"closed","template":"","meta":{"footnotes":""},"class_list":["post-396","page","type-page","status-publish","hentry"],"_links":{"self":[{"href":"https:\/\/commons.princeton.edu\/tartarugas\/wp-json\/wp\/v2\/pages\/396","targetHints":{"allow":["GET"]}}],"collection":[{"href":"https:\/\/commons.princeton.edu\/tartarugas\/wp-json\/wp\/v2\/pages"}],"about":[{"href":"https:\/\/commons.princeton.edu\/tartarugas\/wp-json\/wp\/v2\/types\/page"}],"author":[{"embeddable":true,"href":"https:\/\/commons.princeton.edu\/tartarugas\/wp-json\/wp\/v2\/users\/1552"}],"replies":[{"embeddable":true,"href":"https:\/\/commons.princeton.edu\/tartarugas\/wp-json\/wp\/v2\/comments?post=396"}],"version-history":[{"count":6,"href":"https:\/\/commons.princeton.edu\/tartarugas\/wp-json\/wp\/v2\/pages\/396\/revisions"}],"predecessor-version":[{"id":407,"href":"https:\/\/commons.princeton.edu\/tartarugas\/wp-json\/wp\/v2\/pages\/396\/revisions\/407"}],"wp:attachment":[{"href":"https:\/\/commons.princeton.edu\/tartarugas\/wp-json\/wp\/v2\/media?parent=396"}],"curies":[{"name":"wp","href":"https:\/\/api.w.org\/{rel}","templated":true}]}}