{"id":355,"date":"2020-10-18T18:07:25","date_gmt":"2020-10-18T18:07:25","guid":{"rendered":"https:\/\/commons.princeton.edu\/tartarugas\/?page_id=355"},"modified":"2020-10-26T12:41:31","modified_gmt":"2020-10-26T12:41:31","slug":"conversa-com-denise-mota","status":"publish","type":"page","link":"https:\/\/commons.princeton.edu\/tartarugas\/conversa-com-denise-mota\/","title":{"rendered":"Conversa com Denise Mota"},"content":{"rendered":"<p>Os alunos conversaram com a jornalista brasileira Denise Mota sobre a comunidade afrobrasileira e sobre a viol\u00eancia contra as mulheres negras trans. Veja a conversa aqui:<\/p>\n<p><iframe loading=\"lazy\" title=\"Jornalista Denise Mota conversa com alunos de POR 107\" width=\"525\" height=\"295\" src=\"https:\/\/www.youtube.com\/embed\/b7-YL-c6bTk?feature=oembed\" frameborder=\"0\" allow=\"accelerometer; autoplay; clipboard-write; encrypted-media; gyroscope; picture-in-picture; web-share\" referrerpolicy=\"strict-origin-when-cross-origin\" allowfullscreen><\/iframe><\/p>\n<p>Agora leia o texto que cada aluno escreveu sobre essa conversa:<\/p>\n<h4>Centralizando As Mulheres Negras Trans em Nosso Ativismo: Uma Conversa com Denise Mota<\/h4>\n<p>por Madison Mellinger<\/p>\n<p><span style=\"font-weight: 400\">Quarta-feira passada, a jornalista, Denise Mota, visitou nossa aula para falar sobre as dificuldades que as mulheres negras trans enfrentam. Denise tem sido jornalista por vinte e seis anos e agora, ela tem um blog chamado <\/span><i><span style=\"font-weight: 400\">Preta, Preto, Pretinhos<\/span><\/i><span style=\"font-weight: 400\"> onde escreve sobre suas experi\u00eancias como jornalista. Ela disse que o blog \u00e9 parte de um jornal maior, <\/span><i><span style=\"font-weight: 400\">Folha de S\u00e3o Paulo<\/span><\/i><span style=\"font-weight: 400\">, que \u00e9 \u201cum jornal de muita circula\u00e7\u00e3o no Brasil.\u201d\u00a0<\/span><\/p>\n<p>Leia mais <a href=\"https:\/\/commons.princeton.edu\/tartarugas\/conversa-com-denise-mota\/centralizando-as-mulheres-negras-trans-em-nosso-ativismo-uma-conversa-com-denise-mota\/\" target=\"_blank\" rel=\"noopener noreferrer\">aqui<\/a><\/p>\n<h4>Uma Conversa com Denise<\/h4>\n<p>por Ethan Abraham<\/p>\n<p>Quando cheguei ao nosso Zoom para a aula de quarta-feira, n\u00e3o sabia o que esperar. Tinha feito um pouco de pesquisa pr\u00e9via sobre o tema, mas n\u00e3o tinha muito conhecimento. Come\u00e7amos por nos apresentar. Denise Mota \u00e9 jornalista. Ela tem um blog chamado Preta, Preto, Pretinhos que \u00e9 publicado pela Folha de S\u00e3o Paulo. Denise disse que estava &#8220;Muito contente de falar com voc\u00eas&#8221;, porque acredita que todos n\u00f3s podemos fazer pequenas diferen\u00e7as nas nossas comunidades e nos nossos arredores. Concordo. Penso que pequenas mudan\u00e7as podem tornar-se grandes mudan\u00e7as se um n\u00famero suficiente de pessoas fizer pequenas mudan\u00e7as.<\/p>\n<p>Leia mais <a href=\"https:\/\/commons.princeton.edu\/tartarugas\/conversa-com-denise-mota\/uma-conversa-com-denise\/\" target=\"_blank\" rel=\"noopener noreferrer\">aqui<\/a><\/p>\n<p>&nbsp;<\/p>\n<h4>Dificuldades e Sucessos das Trans Negras do Brasil<\/h4>\n<p>por Caoimhe Boyle<\/p>\n<p>Nesta semana, a jornalista Denise Mota falou em nossa aula de portugu\u00eas sobre a comunidade afro-brasileira e a comunidade trans no Brasil, bem como as experi\u00eancias de pessoas trans negras no Brasil. Primeiramente, Denise falou sobre a comunidade LGBTQIA + no Brasil. Ela explicou que a comunidade LGBTQIA + inclui l\u00e9sbicas, gays, bissexuais, trans, queer, intersexuais, assexuais e muito mais.<\/p>\n<p>Leia mais <a href=\"https:\/\/commons.princeton.edu\/tartarugas\/conversa-com-denise-mota\/dificuldades-e-sucessos-das-trans-negras-no-brasil\/\" target=\"_blank\" rel=\"noopener noreferrer\">aqui<\/a><\/p>\n<p>&nbsp;<\/p>\n<h4>Viol\u00eancia Negra LGTBQ+ no Brasil: Uma Conversa Com Denise<\/h4>\n<p>por Grace Huegel<\/p>\n<p>Eu acabei minha aula de Religi\u00e3o no Zoom e mudei para o Canvas. Eu fui no Zoom e Ethan, Daiane e Denise Mota estavam. Eu disse ol\u00e1, me apresentei sem jeito, e esperei em sil\u00eancio o in\u00edcio da aula. Madison e Caoimhe entraram na aula e Denise iniciou sua apresenta\u00e7\u00e3o. Ela contou que \u00e9 jornalista no Brasil. Ela estuda mulheres cis e trans negras. Denise falou sobre as diferen\u00e7as na express\u00e3o e identidade de g\u00eanero, com defini\u00e7\u00f5es. Por exemplo, travestis s\u00e3o \u201cpessoas que foram identificadas como sendo pertencentes ao g\u00eanero masculino no nascimento, mas que se reconhecem como pertencentes ao g\u00eanero feminino e tem express\u00e3o de g\u00eanero feminina, mas n\u00e3o se reivindicam como mulheres da forma com que o ser mulher est\u00e1 constru\u00eddo em nossa sociedade.\u201d<\/p>\n<p>Leia mais <a href=\"https:\/\/commons.princeton.edu\/tartarugas\/conversa-com-denise-mota\/violencia-negra-lgbtq-no-brasil-uma-conversa-com-denise\/\" target=\"_blank\" rel=\"noopener noreferrer\">aqui<\/a><\/p>\n<p>&nbsp;<\/p>\n","protected":false},"excerpt":{"rendered":"<p>Os alunos conversaram com a jornalista brasileira Denise Mota sobre a comunidade afrobrasileira e sobre a viol\u00eancia contra as mulheres negras trans. Veja a conversa aqui: Agora leia o texto que cada aluno escreveu sobre essa conversa: Centralizando As Mulheres Negras Trans em Nosso Ativismo: Uma Conversa com Denise Mota por Madison Mellinger Quarta-feira passada, &hellip; <\/p>\n<p class=\"link-more\"><a href=\"https:\/\/commons.princeton.edu\/tartarugas\/conversa-com-denise-mota\/\" class=\"more-link\">Continue reading<span class=\"screen-reader-text\"> &#8220;Conversa com Denise Mota&#8221;<\/span><\/a><\/p>\n","protected":false},"author":1552,"featured_media":0,"parent":0,"menu_order":0,"comment_status":"closed","ping_status":"closed","template":"","meta":{"footnotes":""},"class_list":["post-355","page","type-page","status-publish","hentry"],"_links":{"self":[{"href":"https:\/\/commons.princeton.edu\/tartarugas\/wp-json\/wp\/v2\/pages\/355","targetHints":{"allow":["GET"]}}],"collection":[{"href":"https:\/\/commons.princeton.edu\/tartarugas\/wp-json\/wp\/v2\/pages"}],"about":[{"href":"https:\/\/commons.princeton.edu\/tartarugas\/wp-json\/wp\/v2\/types\/page"}],"author":[{"embeddable":true,"href":"https:\/\/commons.princeton.edu\/tartarugas\/wp-json\/wp\/v2\/users\/1552"}],"replies":[{"embeddable":true,"href":"https:\/\/commons.princeton.edu\/tartarugas\/wp-json\/wp\/v2\/comments?post=355"}],"version-history":[{"count":26,"href":"https:\/\/commons.princeton.edu\/tartarugas\/wp-json\/wp\/v2\/pages\/355\/revisions"}],"predecessor-version":[{"id":464,"href":"https:\/\/commons.princeton.edu\/tartarugas\/wp-json\/wp\/v2\/pages\/355\/revisions\/464"}],"wp:attachment":[{"href":"https:\/\/commons.princeton.edu\/tartarugas\/wp-json\/wp\/v2\/media?parent=355"}],"curies":[{"name":"wp","href":"https:\/\/api.w.org\/{rel}","templated":true}]}}