{"id":335,"date":"2020-09-29T16:58:24","date_gmt":"2020-09-29T16:58:24","guid":{"rendered":"https:\/\/commons.princeton.edu\/tartarugas\/?page_id=335"},"modified":"2020-09-29T21:54:36","modified_gmt":"2020-09-29T21:54:36","slug":"eu-nao-quero-voltar-sozinho-revisited","status":"publish","type":"page","link":"https:\/\/commons.princeton.edu\/tartarugas\/eu-nao-quero-voltar-sozinho-revisited\/","title":{"rendered":"Eu n\u00e3o quero voltar sozinho (revisited)"},"content":{"rendered":"<p>Nesse projeto,\u00a0 os alunos de POR 107 assistiram o filme curto &#8220;<a href=\"https:\/\/youtu.be\/1Wav5KjBHbI\" target=\"_blank\" rel=\"noopener noreferrer\">Eu n\u00e3o quero voltar sozinho<\/a>&#8221; e reescreveram a hist\u00f3ria sob diferentes perspectivas.<\/p>\n<p><img loading=\"lazy\" decoding=\"async\" class=\"alignnone wp-image-339\" src=\"http:\/\/commons.princeton.edu\/tartarugas\/wp-content\/uploads\/sites\/231\/2020\/09\/Screen-Shot-2020-09-29-at-13.59.07-300x172.png\" alt=\"\" width=\"481\" height=\"276\" srcset=\"https:\/\/commons.princeton.edu\/tartarugas\/wp-content\/uploads\/sites\/231\/2020\/09\/Screen-Shot-2020-09-29-at-13.59.07-300x172.png 300w, https:\/\/commons.princeton.edu\/tartarugas\/wp-content\/uploads\/sites\/231\/2020\/09\/Screen-Shot-2020-09-29-at-13.59.07.png 766w\" sizes=\"auto, (max-width: 481px) 100vw, 481px\" \/><\/p>\n<p><b>O Primeiro Homem Gay Que Amei<\/b><\/p>\n<p><i><span style=\"font-weight: 400\">O Come\u00e7o de uma Jornada<\/span><\/i><\/p>\n<p>Grace Huegel<\/p>\n<p><span style=\"font-weight: 400\">Leo n\u00e3o podia ver com os olhos, mas podia ver com o cora\u00e7\u00e3o.\u00a0<\/span><\/p>\n<p><span style=\"font-weight: 400\">N\u00f3s nos conhecemos quando t\u00ednhamos cinco anos. N\u00f3s est\u00e1vamos na mesma aula, mas Leo n\u00e3o tinha amigos porque era cego. A cegueira n\u00e3o importava para mim. Leo era inteligente e sarc\u00e1stico. Ele amava livros e m\u00fasicas, como eu. N\u00f3s convers\u00e1vamos sobre escola e pol\u00edticos. Eu adorava passar tempo com Leo.\u00a0\u00a0<\/span><\/p>\n<p><span style=\"font-weight: 400\">Quando n\u00f3s t\u00ednhamos treze, Gabriel se juntou \u00e0 escola. Ele tamb\u00e9m n\u00e3o se importava que Leo era cego. Gabriel falou com a gente depois da escola. Eventualmente, Gabriel e Leo falavam sem mim. Algumas semanas depois de falarmos com Gabriel, Leo disse que amava Gabriel. Eu estava muito triste. Eu n\u00e3o falei com ele por um dia. Durante esse tempo, Gabriel e Leo se beijarem.\u00a0<\/span><\/p>\n<p><span style=\"font-weight: 400\">Embora eu estivesse triste, percebi que n\u00e3o deveria. Homens gays nunca v\u00e3o me amar, mesmo quando eu os ame.<\/span><\/p>\n<p>&nbsp;<\/p>\n<p><b>As Coisas Mais Importantes na Vida<\/b><\/p>\n<p>Ethan Abraham<\/p>\n<p><span style=\"font-weight: 400\">Toda vez Marco olhava para ele, Marco se sentia aterrorizado. Cores eram tudo. Sua vis\u00e3o era a \u00fanica coisa que lhe podia trazer alegria. Olhando para Leo se lembrou da enorme precariedade de tudo isso. Marco n\u00e3o gostava disso. Ao mesmo tempo, se sentia culpado. Quando ele olhava para um cego, ele n\u00e3o sentia empatia ou simpatia. Ele s\u00f3 se sentia medo.\u00a0<\/span><\/p>\n<p><span style=\"font-weight: 400\">Marco era \u2026 obsessivo, provavelmente. Tamb\u00e9m sabia disso. Todos os dias, se ele desse um passo para fora, usava seus \u00f3culos de sol. Ele tinha exames de vistas mensais. Mas se ele pudesse ver um pouco melhor, valeria a pena.\u00a0<\/span><\/p>\n<p><span style=\"font-weight: 400\">Por qu\u00ea? Ele tentou dizer a si mesmo que era por sua sa\u00fade, ou pela beleza do mundo natural, ou pela gl\u00f3ria de arquitetura incr\u00edvel. Mas \u00e9 verdade, foi para as drogas. Ele adorava a maneira como distorciam tudo, e depois devolviam<\/span> <span style=\"font-weight: 400\">\u00e0 ordem. As drogas o completavam. Ele n\u00e3o poderia viver sem elas. Ele n\u00e3o era viciado, ele estava apaixonado.<\/span><\/p>\n<p><strong>Eu Acho Que Estou Apaixonado<\/strong><\/p>\n<p>Madison Mellinger<\/p>\n<p><span style=\"font-weight: 400\">O outro dia, minha fam\u00edlia se mudou para uma nova cidade. Para mim, isso significava que eu tinha que frequentar uma nova escola. No meu primeiro dia, o professor pediu que eu me apresentasse. Caramba! Isso foi t\u00e3o embara\u00e7oso! No entanto, depois da aula, alguns alunos queriam ser meus amigos: Giovanna e Leo.\u00a0<\/span><\/p>\n<p><span style=\"font-weight: 400\">Todos os dias, depois da escola, eu e meus amigos caminh\u00e1vamos um com o outro para casa. Leo n\u00e3o poderia ver, ent\u00e3o Giovanna tem andado com ele depois da escola. Eu percebi que Giovanna e Leo tinham uma conex\u00e3o forte. Eu esperava que pudesse ter uma conex\u00e3o semelhante.\u00a0\u00a0<\/span><\/p>\n<p><span style=\"font-weight: 400\">Um dia, o professor nos instruiu a trabalhar com parceiros: meninos com meninos, meninas com meninas. Eu e Leo decidimos trabalhar juntos na casa de Leo. Quando eu cheguei, Leo me mostrou\u00a0 como ele vivia como um cego; eu aprendi a ler braille.\u00a0<\/span><\/p>\n<p><span style=\"font-weight: 400\">No dia seguinte, na escola, eu disse a Leo que deixei meu moletom na casa dele. Eu tinha uma consulta no dentista, ent\u00e3o n\u00e3o poderia peg\u00e1-lo Leo disse que o levaria para escola amanh\u00e3. Surpreendentemente, minha consulta terminou mais cedo, e decidi ir para a casa do Leo.\u00a0<\/span><\/p>\n<p><span style=\"font-weight: 400\">Eu estava entrando quando Leo come\u00e7ou a confessar seu amor por mim. Ele pensou que eu era Giovanna! Eu me senti oprimido e o beijei. Eu estava confuso. Peguei rapidamente\u00a0 meu moletom e o deixei. Eu acho que estou apaixonado?<\/span><\/p>\n","protected":false},"excerpt":{"rendered":"<p>Nesse projeto,\u00a0 os alunos de POR 107 assistiram o filme curto &#8220;Eu n\u00e3o quero voltar sozinho&#8221; e reescreveram a hist\u00f3ria sob diferentes perspectivas. O Primeiro Homem Gay Que Amei O Come\u00e7o de uma Jornada Grace Huegel Leo n\u00e3o podia ver com os olhos, mas podia ver com o cora\u00e7\u00e3o.\u00a0 N\u00f3s nos conhecemos quando t\u00ednhamos cinco &hellip; <\/p>\n<p class=\"link-more\"><a href=\"https:\/\/commons.princeton.edu\/tartarugas\/eu-nao-quero-voltar-sozinho-revisited\/\" class=\"more-link\">Continue reading<span class=\"screen-reader-text\"> &#8220;Eu n\u00e3o quero voltar sozinho (revisited)&#8221;<\/span><\/a><\/p>\n","protected":false},"author":1552,"featured_media":0,"parent":0,"menu_order":0,"comment_status":"closed","ping_status":"closed","template":"","meta":{"footnotes":""},"class_list":["post-335","page","type-page","status-publish","hentry"],"_links":{"self":[{"href":"https:\/\/commons.princeton.edu\/tartarugas\/wp-json\/wp\/v2\/pages\/335","targetHints":{"allow":["GET"]}}],"collection":[{"href":"https:\/\/commons.princeton.edu\/tartarugas\/wp-json\/wp\/v2\/pages"}],"about":[{"href":"https:\/\/commons.princeton.edu\/tartarugas\/wp-json\/wp\/v2\/types\/page"}],"author":[{"embeddable":true,"href":"https:\/\/commons.princeton.edu\/tartarugas\/wp-json\/wp\/v2\/users\/1552"}],"replies":[{"embeddable":true,"href":"https:\/\/commons.princeton.edu\/tartarugas\/wp-json\/wp\/v2\/comments?post=335"}],"version-history":[{"count":11,"href":"https:\/\/commons.princeton.edu\/tartarugas\/wp-json\/wp\/v2\/pages\/335\/revisions"}],"predecessor-version":[{"id":349,"href":"https:\/\/commons.princeton.edu\/tartarugas\/wp-json\/wp\/v2\/pages\/335\/revisions\/349"}],"wp:attachment":[{"href":"https:\/\/commons.princeton.edu\/tartarugas\/wp-json\/wp\/v2\/media?parent=335"}],"curies":[{"name":"wp","href":"https:\/\/api.w.org\/{rel}","templated":true}]}}