{"id":297,"date":"2020-09-17T19:09:30","date_gmt":"2020-09-17T19:09:30","guid":{"rendered":"https:\/\/commons.princeton.edu\/tartarugas\/?page_id=297"},"modified":"2020-09-17T19:31:30","modified_gmt":"2020-09-17T19:31:30","slug":"as-vidas-profundas","status":"publish","type":"page","link":"https:\/\/commons.princeton.edu\/tartarugas\/central-do-brasil\/as-vidas-profundas\/","title":{"rendered":"As vidas profundas"},"content":{"rendered":"<h1>As vidas Profundas de Brasileiros<\/h1>\n<p>por Caoimhe Boyle<\/p>\n<p class=\"p1\"><span class=\"s1\">Central do Brasil mostra uma mulher que \u00e9 respons\u00e1vel pelas esperan\u00e7as e sonhos de centenas de pessoas<span style=\"color: #0000ff\"><strong>,<\/strong> <\/span>mas ela n\u00e3o se importa com ningu\u00e9m. Este filme efetivamente conta uma hist\u00f3ria de ego\u00edsmo humano com belas imagens, performances brilhantes e escrita convincente. \u00c0s vezes usa um formato epistolar que \u00e9 muito eficaz. <del>A melhor parte da narrativa do filme \u00e9 a rela\u00e7\u00e3o entre Dora e Josu\u00e9. No in\u00edcio, ela \u00e9 indiferente a Josu\u00e9, de fato, ela o vende para seu pr\u00f3prio benef\u00edcio e n\u00e3o se importa com o que acontece com ele. A crueldade desse ato, assim como o tempo que passa com Josu\u00e9 quando procuram seu pai \u00e9 o que acaba levando Dora a se tornar uma pessoa melhor. A raz\u00e3o que o relacionamento de Dora e Josue e o formato epistolar causaram uma rea\u00e7\u00e3o emocional com sucesso \u00e9 que a melhor narrativa do filme \u00e9 a pessoal.<\/del><\/span><\/p>\n<p class=\"p1\"><span class=\"s1\"> Os personagens principais s\u00e3o Dora, uma professora aposentada, que escreve cartas na Esta\u00e7\u00e3o Central do Rio de Janeiro, e de Josu\u00e9, um \u00f3rf\u00e3o de nove anos. No in\u00edcio, Dora \u00e9 muito c\u00ednica. Ganha dinheiro escrevendo cartas para outras pessoas na esta\u00e7\u00e3o central, mas mente para seus clientes sobre as cartas porque nunca as envia. Ela acolhe Josu\u00e9, depois o entrega a uma ag\u00eancia de ado\u00e7\u00e3o para conseguir dinheiro para comprar uma televis\u00e3o<b>. <\/b>Dora tem remorso por causa <del>desse<\/del> <span style=\"color: #0000ff\"><strong>dessa<\/strong><\/span> decis\u00e3o, ent\u00e3o o pega de volta e deixa o Rio de Janeiro para viajar para Bom Jesus do Norte para procurar o pai de Josu\u00e9. No in\u00edcio, Josu\u00e9 n\u00e3o gosta dela, a chama de mentirosa e diz que quer ir sozinho. Depois de viajarem juntos, Dora e Josu\u00e9 come\u00e7am a ter um relacionamento melhor. Ent\u00e3o quando eles n\u00e3o encontram o pai dele, Dora o convida para ficar com ela. Essa \u00e9 uma grande mudan\u00e7a desde o in\u00edcio do filme, quando Dora n\u00e3o queria mais cuidar dele. Mas, depois que encontram a fam\u00edlia de Josu\u00e9, Dora sai em segredo e escreve uma carta e diz que Josu\u00e9 ficar\u00e1 melhor sem ela.<\/span><\/p>\n<p class=\"p1\"><span class=\"s1\"> Um dos aspectos mais interessantes \u00e9 o desenvolvimento do personagem de Dora. No in\u00edcio, ela \u00e9 ego\u00edsta e rude. O filme mostra claramente como ela \u00e9 influenciada por pessoas que conhece. Depois de Dora vender Josu\u00e9 para comprar uma televis\u00e3o, a amiga dela, Irene diz a ela que &#8220;tudo tem limite&#8221;. Dora a ignora no in\u00edcio, mas tem dificuldade para dormir naquela noite, no dia seguinte volta para buscar Josu\u00e9. Mais tarde, ela muda novamente seu comportamento por causa da influ\u00eancia de outra pessoa. Dora se torna uma pessoa melhor porque percebe o impacto de suas a\u00e7\u00f5es em Josu\u00e9. <span style=\"color: #0000ff\"><strong>Por exemplo,<\/strong><\/span> <del>Ele ficou chateado<\/del> quando <span style=\"color: #0000ff\"><strong>Josu\u00e9<\/strong><\/span> <del>descobriu<\/del> <span style=\"color: #0000ff\"><strong>descobre<\/strong> <\/span>que ela n\u00e3o havia postado a carta de sua m\u00e3e, <span style=\"color: #0000ff\"><strong>ele fica chateado e,\u00a0 por isso<\/strong><\/span>, <del>. Quando<\/del> <span style=\"color: #0000ff\"><strong>quando<\/strong><\/span> eles escrevem cartas para os peregrinos, <del>ele<\/del> <span style=\"color: #0000ff\"><strong>Josu\u00e9<\/strong><\/span> pensa que ela n\u00e3o <span style=\"color: #0000ff\"><strong>vai<\/strong> <\/span>as envia<span style=\"color: #0000ff\"><strong>r<\/strong><\/span> novamente, mas <span style=\"color: #0000ff\"><strong>para sua surpresa<\/strong><\/span>, ela as leva ao correio. Embora tenha sido f\u00e1cil para ela ignorar as hist\u00f3rias pessoais de muitas pessoas que n\u00e3o conhece na Esta\u00e7\u00e3o Central, depois que passa um tempo com Josu\u00e9 muda de ideia e manda as cartas.<\/span><\/p>\n<p class=\"p1\"><span class=\"s1\"> Outro aspecto interessante do filme \u00e9 a representa\u00e7\u00e3o da religi\u00e3o e pessoas religiosas. A representa\u00e7\u00e3o da peregrina\u00e7\u00e3o mostra como a religi\u00e3o \u00e9 uma maneira profundamente pessoal de muitas pessoas entenderem o mundo e ao mesmo tempo, uma maneira f\u00e1cil de ganhar dinheiro. Josu\u00e9 e Dora ganham dinheiro escrevendo mensagens para santos, cercados de outros que tamb\u00e9m comercializam Bom Jesus. Essas mensagens mostram a alegria, tristeza e esperan\u00e7a de seus clientes. \u00c9 eficaz porque mostra isso usando hist\u00f3rias e experi\u00eancias pessoais. O pai de Josu\u00e9 \u00e9 um carpinteiro chamado Jesus. Essa refer\u00eancia de m\u00e3o pesada desvia do verdadeiro foco do filme, que \u00e9 o car\u00e1ter humano. O filme faz refer\u00eancia a Cristo usando o pai ausente de Josu\u00e9, mas n\u00e3o deixa claro o motivo. Isso \u00e9 confuso e n\u00e3o <del>contribua<\/del> <span style=\"color: #0000ff\"><strong>contribui<\/strong> <\/span>para a narrativa dos personagens.<\/span><\/p>\n<p class=\"p1\"><span class=\"s1\"> No final das contas, este \u00e9 um filme para algu\u00e9m que est\u00e1 interessado no ser humano. Os personagens s\u00e3o muito realistas, e a rela\u00e7\u00e3o entre Dora e Josu\u00e9 \u00e9 t\u00e3o desenvolvida que o final evoca tristeza profunda no p\u00fablico. Embora o filme contenha uma hist\u00f3ria emocionante, a melhor parte s\u00e3o os pequenos momentos que mostram as emo\u00e7\u00f5es dos personagens porque o p\u00fablico pode se reconhecer nessas emo\u00e7\u00f5es, mesmo que suas experi\u00eancias sejam muito diferentes das dos personagens. <\/span><\/p>\n<p class=\"p1\"><span class=\"s1\"> This represents my own work in accordance with University regulations<\/span><\/p>\n<p class=\"p1\"><span class=\"s1\">Caoimhe Boyle<\/span><\/p>\n","protected":false},"excerpt":{"rendered":"<p>As vidas Profundas de Brasileiros por Caoimhe Boyle Central do Brasil mostra uma mulher que \u00e9 respons\u00e1vel pelas esperan\u00e7as e sonhos de centenas de pessoas, mas ela n\u00e3o se importa com ningu\u00e9m. Este filme efetivamente conta uma hist\u00f3ria de ego\u00edsmo humano com belas imagens, performances brilhantes e escrita convincente. \u00c0s vezes usa um formato epistolar &hellip; <\/p>\n<p class=\"link-more\"><a href=\"https:\/\/commons.princeton.edu\/tartarugas\/central-do-brasil\/as-vidas-profundas\/\" class=\"more-link\">Continue reading<span class=\"screen-reader-text\"> &#8220;As vidas profundas&#8221;<\/span><\/a><\/p>\n","protected":false},"author":1552,"featured_media":0,"parent":219,"menu_order":3,"comment_status":"closed","ping_status":"closed","template":"","meta":{"footnotes":""},"class_list":["post-297","page","type-page","status-publish","hentry"],"_links":{"self":[{"href":"https:\/\/commons.princeton.edu\/tartarugas\/wp-json\/wp\/v2\/pages\/297","targetHints":{"allow":["GET"]}}],"collection":[{"href":"https:\/\/commons.princeton.edu\/tartarugas\/wp-json\/wp\/v2\/pages"}],"about":[{"href":"https:\/\/commons.princeton.edu\/tartarugas\/wp-json\/wp\/v2\/types\/page"}],"author":[{"embeddable":true,"href":"https:\/\/commons.princeton.edu\/tartarugas\/wp-json\/wp\/v2\/users\/1552"}],"replies":[{"embeddable":true,"href":"https:\/\/commons.princeton.edu\/tartarugas\/wp-json\/wp\/v2\/comments?post=297"}],"version-history":[{"count":2,"href":"https:\/\/commons.princeton.edu\/tartarugas\/wp-json\/wp\/v2\/pages\/297\/revisions"}],"predecessor-version":[{"id":310,"href":"https:\/\/commons.princeton.edu\/tartarugas\/wp-json\/wp\/v2\/pages\/297\/revisions\/310"}],"up":[{"embeddable":true,"href":"https:\/\/commons.princeton.edu\/tartarugas\/wp-json\/wp\/v2\/pages\/219"}],"wp:attachment":[{"href":"https:\/\/commons.princeton.edu\/tartarugas\/wp-json\/wp\/v2\/media?parent=297"}],"curies":[{"name":"wp","href":"https:\/\/api.w.org\/{rel}","templated":true}]}}