{"id":291,"date":"2020-09-17T18:30:06","date_gmt":"2020-09-17T18:30:06","guid":{"rendered":"https:\/\/commons.princeton.edu\/tartarugas\/?page_id=291"},"modified":"2020-09-17T19:24:14","modified_gmt":"2020-09-17T19:24:14","slug":"uma-perspectiva-lgbtq","status":"publish","type":"page","link":"https:\/\/commons.princeton.edu\/tartarugas\/central-do-brasil\/uma-perspectiva-lgbtq\/","title":{"rendered":"Uma perspectiva LGBTQ"},"content":{"rendered":"<h1>Uma perspectiva LGBTQ sobre o filme &#8220;Central do Brasil&#8221;<\/h1>\n<p>por Grace Huegel<\/p>\n<p>Embora tenha havido progresso legal e social para comunidades de LGBTQ em todo o mundo, sempre <span style=\"color: #0000ff\"><strong>h\u00e1<\/strong> <\/span>culturas que se sentem menos confort\u00e1veis para <del>as<\/del> <span style=\"color: #0000ff\"><strong>os<\/strong><\/span> gays. Esse sentimento \u00e9 mostrado no filme \u201cCentral do Brasil,\u201d que retrata a jornada com uma mulher e um menino, mas tamb\u00e9m destaca a rela\u00e7\u00e3o entre duas mulheres solteiras. Quando vistas pelas lentes LGBTQ, Dora e Irene n\u00e3o s\u00e3o <del>casados<\/del> <span style=\"color: #0000ff\"><strong>casadas<\/strong><\/span> porque s\u00e3o gays, provavelmente com sentimentos um<strong><span style=\"color: #0000ff\">a<\/span><\/strong> pela outra.<\/p>\n<p>\u201cCentral do Brasil\u201d <del>foco<\/del> <span style=\"color: #0000ff\"><strong>foca<\/strong><\/span> a rela\u00e7\u00e3o entre Dora, mulher solteira, e Josu\u00e9, \u00f3rf\u00e3o. Dora encontra Josu\u00e9 e sua m\u00e3e na esta\u00e7\u00e3o de trem, mas quando eles v\u00e3o embora, a m\u00e3e morre em um acidente de \u00f4nibus. Dora avisa Josu\u00e9 que ele pode voltar para casa com ela, e ele concorda. Dora vende o menino para um &#8220;centro de ado\u00e7\u00e3o,\u201d mas sua amiga Irene relata que os donos matam as crian\u00e7as por dinheiro. Dora esconde o menino e eles fogem. Em uma longa viagem <del>para<\/del> <span style=\"color: #0000ff\"><strong>pelo<\/strong><\/span> Brasil, os dois <span style=\"color: #0000ff\"><strong>procuram<\/strong><\/span> o pai de Josu\u00e9. No final, eles encontram os irm\u00e3os de Josu\u00e9, mas n\u00e3o o pai. Dora deixa ele com seus irm\u00e3os e escreve uma carta explicando <strong><span style=\"color: #0000ff\">o<\/span><\/strong> porqu\u00ea.<\/p>\n<p>Dentro da hist\u00f3ria, h\u00e1 uma subtrama focada na rela\u00e7\u00e3o com Dora e Irene. O espectador conhece Irene, a melhor (e aparentemente \u00fanica) amiga da Dora. <del>Por<\/del> <span style=\"color: #0000ff\"><strong>Pela<\/strong><\/span> linguagem corporal e contato visual prolongado, o espectador percebe <span style=\"color: #0000ff\"><strong>que<\/strong> <\/span>as mulheres s\u00e3o mais pr\u00f3ximas que a maioria <span style=\"color: #0000ff\"><strong>das<\/strong><\/span> amigas. Normalmente n\u00e3o seria especial, mas as duas mulheres s\u00e3o solteiras, mais velhas e n\u00e3o t\u00eam filhos. Josu\u00e9 questiona Dora sobre sua falta de relacionamento, mas para n\u00e3o tem resposta. O menino destaca que o pouco convencional \u00e9 n\u00e3o ser casado no Brasil <strong><span style=\"color: #0000ff\">na sua idade<\/span><\/strong>. Quando Dora e Josu\u00e9 fogem, Dora liga para Irene, pedindo <span style=\"color: #0000ff\"><strong>que<\/strong> <\/span>mande dinheiro, <del>o que<\/del> <span style=\"color: #0000ff\"><strong>isso mostra<\/strong><\/span> ainda mais o relacionamento \u00edntimo. Depois que Dora come\u00e7a a procurar o pai de Josu\u00e9, Irene <span style=\"color: #0000ff\"><strong>se<\/strong><\/span> torna uma pessoa menor, mas Dora mant\u00e9m contato com ela. Por causa de seu relacionamento \u00edntimo e a linguagem corporal, Dora e Irene provavelmente est\u00e3o em um relacionamento gay.<\/p>\n<p>Embora essa teoria <del>a<\/del> sustentada, <del>h\u00e1<\/del><span style=\"color: #0000ff\"><strong> haja<\/strong><\/span> uma contradi\u00e7\u00e3o: a rela\u00e7\u00e3o entre Dora e Bene. Em sua jornada para encontrar o pai de Josu\u00e9, os dois <span style=\"color: #0000ff\"><strong>conhecem<\/strong> <\/span>Bene, um motorista que <span style=\"color: #0000ff\"><strong>lhes d\u00e1<\/strong><\/span> uma carona. <span style=\"color: #0000ff\"><strong>Ao<\/strong><\/span> longo da jornada, Bene e Dora come\u00e7am a desenvolver um relacionamento pr\u00f3ximo. Quando Dora faz um movimento, Bene deixa a mulher e o menino. Josu\u00e9 pergunta <span style=\"color: #0000ff\"><strong>a<\/strong> <\/span>Dora se Bene \u00e9 gay, o que Dora rejeita. Essa troca poderia destacar que Dora <span style=\"color: #0000ff\"><strong>tem sentimentos<\/strong> <\/span>por homens, mas isso n\u00e3o exclui a ideia dela tamb\u00e9m <span style=\"color: #0000ff\"><strong>se<\/strong> <\/span>interessa<strong><span style=\"color: #0000ff\">r<\/span><\/strong> mulheres.<\/p>\n<p>Embora n\u00e3o esteja claro que Dora \u00e9 bissexual, l\u00e9sbica, heterossexual ou desesperada por companhia, Dora pode ser uma figura gay quando vista por lentes LGBTQ. Considerando que a representa\u00e7\u00e3o do cinema \u00e9 limitada, este filme ajuda a explorar <span style=\"color: #0000ff\"><strong>a<\/strong> <\/span>sexualidade em uma forma sutil. Mesmo a menor representa\u00e7\u00e3o LGBTQ pode significar <span style=\"color: #0000ff\"><strong>muito<\/strong> <\/span>para um membro da comunidade.<\/p>\n<p><em>This represents my own work in accordance with University regulations.<\/em><\/p>\n","protected":false},"excerpt":{"rendered":"<p>Uma perspectiva LGBTQ sobre o filme &#8220;Central do Brasil&#8221; por Grace Huegel Embora tenha havido progresso legal e social para comunidades de LGBTQ em todo o mundo, sempre h\u00e1 culturas que se sentem menos confort\u00e1veis para as os gays. Esse sentimento \u00e9 mostrado no filme \u201cCentral do Brasil,\u201d que retrata a jornada com uma mulher &hellip; <\/p>\n<p class=\"link-more\"><a href=\"https:\/\/commons.princeton.edu\/tartarugas\/central-do-brasil\/uma-perspectiva-lgbtq\/\" class=\"more-link\">Continue reading<span class=\"screen-reader-text\"> &#8220;Uma perspectiva LGBTQ&#8221;<\/span><\/a><\/p>\n","protected":false},"author":1552,"featured_media":0,"parent":219,"menu_order":4,"comment_status":"closed","ping_status":"closed","template":"","meta":{"footnotes":""},"class_list":["post-291","page","type-page","status-publish","hentry"],"_links":{"self":[{"href":"https:\/\/commons.princeton.edu\/tartarugas\/wp-json\/wp\/v2\/pages\/291","targetHints":{"allow":["GET"]}}],"collection":[{"href":"https:\/\/commons.princeton.edu\/tartarugas\/wp-json\/wp\/v2\/pages"}],"about":[{"href":"https:\/\/commons.princeton.edu\/tartarugas\/wp-json\/wp\/v2\/types\/page"}],"author":[{"embeddable":true,"href":"https:\/\/commons.princeton.edu\/tartarugas\/wp-json\/wp\/v2\/users\/1552"}],"replies":[{"embeddable":true,"href":"https:\/\/commons.princeton.edu\/tartarugas\/wp-json\/wp\/v2\/comments?post=291"}],"version-history":[{"count":2,"href":"https:\/\/commons.princeton.edu\/tartarugas\/wp-json\/wp\/v2\/pages\/291\/revisions"}],"predecessor-version":[{"id":305,"href":"https:\/\/commons.princeton.edu\/tartarugas\/wp-json\/wp\/v2\/pages\/291\/revisions\/305"}],"up":[{"embeddable":true,"href":"https:\/\/commons.princeton.edu\/tartarugas\/wp-json\/wp\/v2\/pages\/219"}],"wp:attachment":[{"href":"https:\/\/commons.princeton.edu\/tartarugas\/wp-json\/wp\/v2\/media?parent=291"}],"curies":[{"name":"wp","href":"https:\/\/api.w.org\/{rel}","templated":true}]}}