{"id":286,"date":"2020-09-17T18:15:39","date_gmt":"2020-09-17T18:15:39","guid":{"rendered":"https:\/\/commons.princeton.edu\/tartarugas\/?page_id=286"},"modified":"2020-09-17T19:20:06","modified_gmt":"2020-09-17T19:20:06","slug":"as-cores-da-esperanca","status":"publish","type":"page","link":"https:\/\/commons.princeton.edu\/tartarugas\/central-do-brasil\/as-cores-da-esperanca\/","title":{"rendered":"As cores da esperan\u00e7a"},"content":{"rendered":"<h1>As Cores da Esperan\u00e7a e do Medo em Central do Brasil<\/h1>\n<p>por Madison Mellinger<\/p>\n<p><span style=\"font-weight: 400\">As pessoas andam rapidamente, os comerciantes vendem mercadorias, e um trem apita. Esta \u00e9 a esta\u00e7\u00e3o de <\/span><i><span style=\"font-weight: 400\">Central do Brasil<\/span><\/i><span style=\"font-weight: 400\">. \u00c9 agitada, mas inacreditavelmente exuberante. Com sentimentos de esperan\u00e7a, medo, e incerteza, o diretor do filme, Walter Salles, cria a cena de abertura perfeita. Salles constr\u00f3i esta cena para criar um filme com um enredo emocional incr\u00edvel, usando muitas cores para transmitir emo\u00e7\u00f5es diferentes.\u00a0<\/span><\/p>\n<p><span style=\"font-weight: 400\">Isadora \u00e9 uma ex-professora de escola que trabalha na esta\u00e7\u00e3o escrevendo cartas para pessoas analfabetas. Contudo, ela n\u00e3o envia as cartas e pega todo o dinheiro para ela mesma. Um dia, depois (alerta de spoiler!) uma cliente dela morre atropelada por um \u00f4nibus e o filho <span style=\"color: #0000ff\"><strong>\u00e9<\/strong> <\/span>deixado sem uma fam\u00edlia. Com alguma hesita\u00e7\u00e3o inicial, Isadora recebe o menino, Josu\u00e9, em sua casa. Eles embarcam em uma viagem para encontrar o pai de Josu\u00e9 e eles tornam-se como uma fam\u00edlia.\u00a0<\/span><\/p>\n<p><span style=\"font-weight: 400\">O elemento mais impressionante do filme \u00e9 o esquema de cores de cada cena. O filme usa turquesa e laranja para narrar emo\u00e7\u00f5es. Turquesa \u00e9 usado com cinza e preto para representar emo\u00e7\u00f5es negativas. Por exemplo, depois que a m\u00e3e de Josu\u00e9 morre, a brilhante e esperan\u00e7osa esta\u00e7\u00e3o torna-se turquesa escuro, quase preta. Este tom enfatiza a tristeza da cena e cria um sentimento negativo.\u00a0<\/span><\/p>\n<p><span style=\"font-weight: 400\">Por outro lado, o laranja \u00e9 usado em cenas positivas e cheias de esperan\u00e7as. Em uma cena, por exemplo, quando Isadora e Josu\u00e9 est\u00e3o na cidade rural sem dinheiro, a cena \u00e9 preta, mas quando eles come\u00e7am a escrever as cartas em troca de dinheiro, a cena torna-se laranja brilhante. Este tom representa esperan\u00e7a e nova excita\u00e7\u00e3o.\u00a0<\/span><\/p>\n<p><span style=\"font-weight: 400\">A cena mais requintada no filme \u00e9 a qual (alerta de spoiler!) Isadora recobra Josu\u00e9 de um tipo <span style=\"color: #0000ff\"><strong>de<\/strong> <\/span>orfanato. Quando Isadora entra no apartamento onde Josu\u00e9 est\u00e1, o tom da cena \u00e9 sombrio e incerto. <del>Enquanto,<\/del> <span style=\"color: #0000ff\"><strong>Q<\/strong><\/span>uando eles escapam do apartamento, <del>eles<\/del> entram em uma entrada com paredes laranja. A transi\u00e7\u00e3o do apartamento escuro para a entrada laranja simboliza um come\u00e7o novo para Isadora e Josu\u00e9. Embora a viagem deles seja muito dif\u00edcil \u00e0s vezes, eles sempre t\u00eam cenas laranja representando esperan\u00e7a para os ajudar.\u00a0<\/span><\/p>\n<p><span style=\"font-weight: 400\">Em conclus\u00e3o, o filme, <\/span><i><span style=\"font-weight: 400\">Central do Brasil<\/span><\/i><span style=\"font-weight: 400\">, \u00e9 uma pe\u00e7a cativante. Al\u00e9m de um enredo fant\u00e1stico, as cores usadas para narrar as emo\u00e7\u00f5es em cada cena representam temas importantes no filme: medo, solid\u00e3o, esperan\u00e7a, e\u00a0 novos come\u00e7os. O filme permite que voc\u00ea sinta essas emo\u00e7\u00f5es como Isadora e Josu\u00e9 sentem. <\/span><i><span style=\"font-weight: 400\">Central do Brasil<\/span><\/i><span style=\"font-weight: 400\"> \u00e9 um filme imperd\u00edvel!<\/span><\/p>\n","protected":false},"excerpt":{"rendered":"<p>As Cores da Esperan\u00e7a e do Medo em Central do Brasil por Madison Mellinger As pessoas andam rapidamente, os comerciantes vendem mercadorias, e um trem apita. Esta \u00e9 a esta\u00e7\u00e3o de Central do Brasil. \u00c9 agitada, mas inacreditavelmente exuberante. Com sentimentos de esperan\u00e7a, medo, e incerteza, o diretor do filme, Walter Salles, cria a cena &hellip; <\/p>\n<p class=\"link-more\"><a href=\"https:\/\/commons.princeton.edu\/tartarugas\/central-do-brasil\/as-cores-da-esperanca\/\" class=\"more-link\">Continue reading<span class=\"screen-reader-text\"> &#8220;As cores da esperan\u00e7a&#8221;<\/span><\/a><\/p>\n","protected":false},"author":1552,"featured_media":0,"parent":219,"menu_order":2,"comment_status":"closed","ping_status":"closed","template":"","meta":{"footnotes":""},"class_list":["post-286","page","type-page","status-publish","hentry"],"_links":{"self":[{"href":"https:\/\/commons.princeton.edu\/tartarugas\/wp-json\/wp\/v2\/pages\/286","targetHints":{"allow":["GET"]}}],"collection":[{"href":"https:\/\/commons.princeton.edu\/tartarugas\/wp-json\/wp\/v2\/pages"}],"about":[{"href":"https:\/\/commons.princeton.edu\/tartarugas\/wp-json\/wp\/v2\/types\/page"}],"author":[{"embeddable":true,"href":"https:\/\/commons.princeton.edu\/tartarugas\/wp-json\/wp\/v2\/users\/1552"}],"replies":[{"embeddable":true,"href":"https:\/\/commons.princeton.edu\/tartarugas\/wp-json\/wp\/v2\/comments?post=286"}],"version-history":[{"count":5,"href":"https:\/\/commons.princeton.edu\/tartarugas\/wp-json\/wp\/v2\/pages\/286\/revisions"}],"predecessor-version":[{"id":308,"href":"https:\/\/commons.princeton.edu\/tartarugas\/wp-json\/wp\/v2\/pages\/286\/revisions\/308"}],"up":[{"embeddable":true,"href":"https:\/\/commons.princeton.edu\/tartarugas\/wp-json\/wp\/v2\/pages\/219"}],"wp:attachment":[{"href":"https:\/\/commons.princeton.edu\/tartarugas\/wp-json\/wp\/v2\/media?parent=286"}],"curies":[{"name":"wp","href":"https:\/\/api.w.org\/{rel}","templated":true}]}}