{"id":25,"date":"2020-09-07T16:51:09","date_gmt":"2020-09-07T16:51:09","guid":{"rendered":"https:\/\/commons.princeton.edu\/tartarugas\/?page_id=25"},"modified":"2020-09-07T22:41:37","modified_gmt":"2020-09-07T22:41:37","slug":"sobre-nos","status":"publish","type":"page","link":"https:\/\/commons.princeton.edu\/tartarugas\/","title":{"rendered":"Quem somos"},"content":{"rendered":"<p>&nbsp;<\/p>\n<h2 style=\"text-align: center\">Caoimhe<\/h2>\n<p>Oi! Meu nome \u00e9 Caoimhe. Eu sou<span style=\"color: #454545\"> estudante de matem\u00e1tica na Universidade de Princeton. Eu e minha fam\u00edlia<\/span>\u00a0<span style=\"color: #454545\">moramos em Nova York. Minha fam\u00edlia\u00a0<\/span><span style=\"color: #454545\"> tem seis pessoas: minha m\u00e3e, meu pai, minhas irm\u00e3s, e meu irm\u00e3o. Meus pais s\u00e3o imigrantes da<\/span><span style=\"color: #454545\">\u00a0Irlanda e Esc\u00f3cia. Minha m\u00e3e \u00e9 enfermeira, meu pai \u00e9 superintendente. Minha irm\u00e3 quer ser professora.\u00a0<\/span>Eu estou aprendendo <span style=\"color: #454545\">\u00a0portugu\u00eas porque gosto muito <\/span><span style=\"color: #454545\">\u00a0de aprender l\u00ednguas, e tamb\u00e9m gosto de viajar. Eu falo ingl\u00eas, chin\u00eas, e portugu\u00eas, mas s\u00f3 falo ingl\u00eas fluentemente.\u00a0<\/span>Este semestre, eu vou morar em Princeton com meus amigos. \u00c9 uma pena que n\u00f3s tenhamos que aprender remotamente. Espero que estejamos juntos novamente em breve.<\/p>\n<h2 style=\"text-align: center\">Ethan<\/h2>\n<p>Oi! Me chamo\u00a0<span class=\"il\">Ethan<\/span>.\u00a0 Tenho dezenove anos e estou me formando em ci\u00eancia da computa\u00e7\u00e3o. Tenho duas irm\u00e3s, Ashley e Carissa, e um gato, Cleo. Neste semestre, estou morando na California. Eu amo portugu\u00eas e as culturas diversas do mundo lus\u00f3fono. Eu espero viajar a Portugal e ao Brasil um dia. Por agora, me contento\u00a0 em aprender lentamente a l\u00edngua. Eu amo cactos, andar na bicicleta, e rom\u00e3s. Eu nunca assisti as Tartarugas Ninjas, mas tenho orgulho de ser um dos membros agora.<\/p>\n<h2 style=\"text-align: center\">Grace<\/h2>\n<p><span style=\"font-weight: 400\">Ol\u00e1! Meu nome \u00e9 Grace e sou estudante no departamento de religi\u00e3o. Eu canto e dan\u00e7o em shows de teatro musical. Tenho um cachorro chamado Smores e n\u00f3s gostamos de nos abra\u00e7ar. Eu moro em New Jersey e vou muito \u00e0 praia. Estou animada para compartilhar meus memes com voc\u00ea!<\/span><\/p>\n<h2 style=\"text-align: center\">Madison<\/h2>\n<p><span style=\"font-weight: 400\">Madison est\u00e1 no segundo ano na<\/span> <span style=\"font-weight: 400\">Princeton. Ela gosta de Antropologia e Hist\u00f3ria, mas n\u00e3o sabe o<\/span> <span style=\"font-weight: 400\">que vai estudar. A aula de portugu\u00eas \u00e9 uma das favoritas de Madison porque ela gosta da companhia de seus colegas e da Daiane. Em Princeton, Madison est\u00e1 envolvida com o Pace Center, SIFP, e a trupe de dan\u00e7a do ventre Raqs. Ela tamb\u00e9m trabalha no McGraw Center e auxilia um professor da Columbia com pesquisas sobre desigualdade. Neste semestre, Madison est\u00e1 estudando em sua cidade natal, Chambersburg, Pensilv\u00e2nia. Em seu tempo livre em casa, ela gosta de fazer caminhadas com seus cachorros, andar de patins e ficar com a fam\u00edlia.\u00a0<\/span><\/p>\n","protected":false},"excerpt":{"rendered":"<p>&nbsp; Caoimhe Oi! Meu nome \u00e9 Caoimhe. Eu sou estudante de matem\u00e1tica na Universidade de Princeton. Eu e minha fam\u00edlia\u00a0moramos em Nova York. Minha fam\u00edlia\u00a0 tem seis pessoas: minha m\u00e3e, meu pai, minhas irm\u00e3s, e meu irm\u00e3o. Meus pais s\u00e3o imigrantes da\u00a0Irlanda e Esc\u00f3cia. Minha m\u00e3e \u00e9 enfermeira, meu pai \u00e9 superintendente. Minha irm\u00e3 quer &hellip; <\/p>\n<p class=\"link-more\"><a href=\"https:\/\/commons.princeton.edu\/tartarugas\/\" class=\"more-link\">Continue reading<span class=\"screen-reader-text\"> &#8220;Quem somos&#8221;<\/span><\/a><\/p>\n","protected":false},"author":3300,"featured_media":0,"parent":0,"menu_order":0,"comment_status":"closed","ping_status":"closed","template":"","meta":{"footnotes":""},"class_list":["post-25","page","type-page","status-publish","hentry"],"_links":{"self":[{"href":"https:\/\/commons.princeton.edu\/tartarugas\/wp-json\/wp\/v2\/pages\/25","targetHints":{"allow":["GET"]}}],"collection":[{"href":"https:\/\/commons.princeton.edu\/tartarugas\/wp-json\/wp\/v2\/pages"}],"about":[{"href":"https:\/\/commons.princeton.edu\/tartarugas\/wp-json\/wp\/v2\/types\/page"}],"author":[{"embeddable":true,"href":"https:\/\/commons.princeton.edu\/tartarugas\/wp-json\/wp\/v2\/users\/3300"}],"replies":[{"embeddable":true,"href":"https:\/\/commons.princeton.edu\/tartarugas\/wp-json\/wp\/v2\/comments?post=25"}],"version-history":[{"count":14,"href":"https:\/\/commons.princeton.edu\/tartarugas\/wp-json\/wp\/v2\/pages\/25\/revisions"}],"predecessor-version":[{"id":132,"href":"https:\/\/commons.princeton.edu\/tartarugas\/wp-json\/wp\/v2\/pages\/25\/revisions\/132"}],"wp:attachment":[{"href":"https:\/\/commons.princeton.edu\/tartarugas\/wp-json\/wp\/v2\/media?parent=25"}],"curies":[{"name":"wp","href":"https:\/\/api.w.org\/{rel}","templated":true}]}}