{"id":231,"date":"2020-09-14T17:10:16","date_gmt":"2020-09-14T17:10:16","guid":{"rendered":"https:\/\/commons.princeton.edu\/tartarugas\/?page_id=231"},"modified":"2020-09-15T17:23:09","modified_gmt":"2020-09-15T17:23:09","slug":"horoscopo","status":"publish","type":"page","link":"https:\/\/commons.princeton.edu\/tartarugas\/horoscopo\/","title":{"rendered":"Hor\u00f3scopo"},"content":{"rendered":"<h1 style=\"text-align: center\">Astr\u00f3logo Ethan Abraham<\/h1>\n<h4 style=\"text-align: center\">G\u00eameos &#8211; geminiano(a)<\/h4>\n<p style=\"text-align: center\"><img loading=\"lazy\" decoding=\"async\" class=\"alignnone wp-image-244\" src=\"http:\/\/commons.princeton.edu\/tartarugas\/wp-content\/uploads\/sites\/231\/2020\/09\/108-1086677_gemini-png-gemini-sign-clipart-287x300.jpg\" alt=\"\" width=\"180\" height=\"188\" srcset=\"https:\/\/commons.princeton.edu\/tartarugas\/wp-content\/uploads\/sites\/231\/2020\/09\/108-1086677_gemini-png-gemini-sign-clipart-287x300.jpg 287w, https:\/\/commons.princeton.edu\/tartarugas\/wp-content\/uploads\/sites\/231\/2020\/09\/108-1086677_gemini-png-gemini-sign-clipart-768x803.jpg 768w, https:\/\/commons.princeton.edu\/tartarugas\/wp-content\/uploads\/sites\/231\/2020\/09\/108-1086677_gemini-png-gemini-sign-clipart.jpg 880w\" sizes=\"auto, (max-width: 180px) 100vw, 180px\" \/><br \/>\nAmanh\u00e3, voc\u00ea encontrar\u00e1 uma garrafa de sumo de cenoura. Se voc\u00ea beber o sumo, vai se tornar um hipop\u00f3tamo.<\/p>\n<h4 style=\"text-align: center\">C\u00e2ncer &#8211; canceriano(a)<\/h4>\n<p style=\"text-align: center\"><img loading=\"lazy\" decoding=\"async\" class=\"alignnone  wp-image-242 aligncenter\" src=\"http:\/\/commons.princeton.edu\/tartarugas\/wp-content\/uploads\/sites\/231\/2020\/09\/png-clipart-pisces-logo-cancer-astrological-sign-zodiac-horoscope-cancer-zodiac-symbol-text-trademark-300x164.png\" alt=\"\" width=\"241\" height=\"132\" srcset=\"https:\/\/commons.princeton.edu\/tartarugas\/wp-content\/uploads\/sites\/231\/2020\/09\/png-clipart-pisces-logo-cancer-astrological-sign-zodiac-horoscope-cancer-zodiac-symbol-text-trademark-300x164.png 300w, https:\/\/commons.princeton.edu\/tartarugas\/wp-content\/uploads\/sites\/231\/2020\/09\/png-clipart-pisces-logo-cancer-astrological-sign-zodiac-horoscope-cancer-zodiac-symbol-text-trademark-768x420.png 768w, https:\/\/commons.princeton.edu\/tartarugas\/wp-content\/uploads\/sites\/231\/2020\/09\/png-clipart-pisces-logo-cancer-astrological-sign-zodiac-horoscope-cancer-zodiac-symbol-text-trademark.png 900w\" sizes=\"auto, (max-width: 241px) 100vw, 241px\" \/>Ser\u00e1 visitado por um p\u00e1ssaro grande nos seus sonhos. Lhe dar\u00e1 uma tatuagem de um bal\u00e3o.<\/p>\n<h4 style=\"text-align: center\">Le\u00e3o &#8211; leonino(a)<\/h4>\n<p style=\"text-align: center\"><img loading=\"lazy\" decoding=\"async\" class=\"alignnone  wp-image-243\" style=\"font-size: 1rem\" src=\"http:\/\/commons.princeton.edu\/tartarugas\/wp-content\/uploads\/sites\/231\/2020\/09\/download-free-png-leo-sign-icon-leo-png-pic-png-download-1600-leo-sign-png-900_900-300x300.jpg\" alt=\"\" width=\"225\" height=\"225\" srcset=\"https:\/\/commons.princeton.edu\/tartarugas\/wp-content\/uploads\/sites\/231\/2020\/09\/download-free-png-leo-sign-icon-leo-png-pic-png-download-1600-leo-sign-png-900_900-300x300.jpg 300w, https:\/\/commons.princeton.edu\/tartarugas\/wp-content\/uploads\/sites\/231\/2020\/09\/download-free-png-leo-sign-icon-leo-png-pic-png-download-1600-leo-sign-png-900_900-150x150.jpg 150w, https:\/\/commons.princeton.edu\/tartarugas\/wp-content\/uploads\/sites\/231\/2020\/09\/download-free-png-leo-sign-icon-leo-png-pic-png-download-1600-leo-sign-png-900_900-768x768.jpg 768w, https:\/\/commons.princeton.edu\/tartarugas\/wp-content\/uploads\/sites\/231\/2020\/09\/download-free-png-leo-sign-icon-leo-png-pic-png-download-1600-leo-sign-png-900_900-100x100.jpg 100w, https:\/\/commons.princeton.edu\/tartarugas\/wp-content\/uploads\/sites\/231\/2020\/09\/download-free-png-leo-sign-icon-leo-png-pic-png-download-1600-leo-sign-png-900_900.jpg 900w\" sizes=\"auto, (max-width: 225px) 100vw, 225px\" \/><br \/>\nCair\u00e1 num po\u00e7o. Vai estar preso. Assim que voc\u00ea come\u00e7ar a se desesperar, perceber\u00e1 que voc\u00ea est\u00e1 num po\u00e7o de um metro de profundidade.<\/p>\n<h1 style=\"text-align: center\">Astr\u00f3loga Caoimhe Boyle<\/h1>\n<h4 style=\"text-align: center\">\u00c1ries &#8211; ariano(a)<\/h4>\n<p style=\"text-align: center\"><img loading=\"lazy\" decoding=\"async\" class=\"alignnone  wp-image-249\" src=\"http:\/\/commons.princeton.edu\/tartarugas\/wp-content\/uploads\/sites\/231\/2020\/09\/1081px-Aries.svg_-300x284.png\" alt=\"\" width=\"138\" height=\"131\" srcset=\"https:\/\/commons.princeton.edu\/tartarugas\/wp-content\/uploads\/sites\/231\/2020\/09\/1081px-Aries.svg_-300x284.png 300w, https:\/\/commons.princeton.edu\/tartarugas\/wp-content\/uploads\/sites\/231\/2020\/09\/1081px-Aries.svg_-1024x970.png 1024w, https:\/\/commons.princeton.edu\/tartarugas\/wp-content\/uploads\/sites\/231\/2020\/09\/1081px-Aries.svg_-768x728.png 768w, https:\/\/commons.princeton.edu\/tartarugas\/wp-content\/uploads\/sites\/231\/2020\/09\/1081px-Aries.svg_.png 1081w\" sizes=\"auto, (max-width: 138px) 100vw, 138px\" \/><\/p>\n<p style=\"text-align: center\">Voc\u00ea vai ouvir as not\u00edcias boas hoje! Talvez um amigo velho chegue a voc\u00ea. Voc\u00ea vai ter uma mudan\u00e7a pequena na sua vida muito em breve.<\/p>\n<h4 style=\"text-align: center\">Peixes &#8211; pisciano(a)<\/h4>\n<p style=\"text-align: center\"><img loading=\"lazy\" decoding=\"async\" class=\"alignnone  wp-image-251\" src=\"http:\/\/commons.princeton.edu\/tartarugas\/wp-content\/uploads\/sites\/231\/2020\/09\/images.png\" alt=\"\" width=\"143\" height=\"143\" srcset=\"https:\/\/commons.princeton.edu\/tartarugas\/wp-content\/uploads\/sites\/231\/2020\/09\/images.png 225w, https:\/\/commons.princeton.edu\/tartarugas\/wp-content\/uploads\/sites\/231\/2020\/09\/images-150x150.png 150w, https:\/\/commons.princeton.edu\/tartarugas\/wp-content\/uploads\/sites\/231\/2020\/09\/images-100x100.png 100w\" sizes=\"auto, (max-width: 143px) 100vw, 143px\" \/><\/p>\n<p style=\"text-align: center\">Se voc\u00ea n\u00e3o for cuidadoso, voc\u00ea vai perder uma oportunidade. Voc\u00ea deve ouvir quando suas amigas falam, porque uma delas vai ter uma mensagem importante.<\/p>\n<h4 style=\"text-align: center\">Aqu\u00e1rio &#8211; aquariana(o)<\/h4>\n<p style=\"text-align: center\"><img loading=\"lazy\" decoding=\"async\" class=\"alignnone  wp-image-252\" src=\"http:\/\/commons.princeton.edu\/tartarugas\/wp-content\/uploads\/sites\/231\/2020\/09\/images.jpg\" alt=\"\" width=\"174\" height=\"174\" srcset=\"https:\/\/commons.princeton.edu\/tartarugas\/wp-content\/uploads\/sites\/231\/2020\/09\/images.jpg 225w, https:\/\/commons.princeton.edu\/tartarugas\/wp-content\/uploads\/sites\/231\/2020\/09\/images-150x150.jpg 150w, https:\/\/commons.princeton.edu\/tartarugas\/wp-content\/uploads\/sites\/231\/2020\/09\/images-100x100.jpg 100w\" sizes=\"auto, (max-width: 174px) 100vw, 174px\" \/><\/p>\n<p style=\"text-align: center\">Voc\u00ea tem sentido falta de algu\u00e9m que voc\u00ea ama recentemente. Quando ela tiver tempo, ela dir\u00e1 para voc\u00ea. Voc\u00ea vai ter uma grande decis\u00e3o.<\/p>\n<h1 style=\"text-align: center\">Astr\u00f3loga Madison Mellinger<\/h1>\n<h4 style=\"text-align: center\">Touro- taurino(a)<\/h4>\n<p style=\"text-align: center\"><img loading=\"lazy\" decoding=\"async\" class=\"n3VNCb\" src=\"https:\/\/www.deccanherald.com\/sites\/dh\/files\/articleimages\/2020\/07\/30\/Taurus-1590936634-1596051001.jpg\" alt=\"Taurus Daily Horoscope - July 30, 2020 | Free Online Astrology | Deccan Herald\" width=\"216\" height=\"152\" data-noaft=\"1\" \/><\/p>\n<p style=\"text-align: center\">Voc\u00ea vai conversar com seus amigos sobre alguma coisa importante. Voc\u00ea vai receber um presente inesperado. Finalmente, voc\u00ea vai passar um dia ao sol.<\/p>\n<h4 style=\"text-align: center\">Virgem -virginiano(a)<\/h4>\n<p style=\"text-align: center\"><img loading=\"lazy\" decoding=\"async\" class=\"alignnone  wp-image-256\" src=\"http:\/\/commons.princeton.edu\/tartarugas\/wp-content\/uploads\/sites\/231\/2020\/09\/hl1218_stylecaster_zodiac_virgo-1-300x214.jpg\" alt=\"\" width=\"200\" height=\"143\" srcset=\"https:\/\/commons.princeton.edu\/tartarugas\/wp-content\/uploads\/sites\/231\/2020\/09\/hl1218_stylecaster_zodiac_virgo-1-300x214.jpg 300w, https:\/\/commons.princeton.edu\/tartarugas\/wp-content\/uploads\/sites\/231\/2020\/09\/hl1218_stylecaster_zodiac_virgo-1-1024x731.jpg 1024w, https:\/\/commons.princeton.edu\/tartarugas\/wp-content\/uploads\/sites\/231\/2020\/09\/hl1218_stylecaster_zodiac_virgo-1-768x549.jpg 768w, https:\/\/commons.princeton.edu\/tartarugas\/wp-content\/uploads\/sites\/231\/2020\/09\/hl1218_stylecaster_zodiac_virgo-1.jpg 1162w\" sizes=\"auto, (max-width: 200px) 100vw, 200px\" \/><\/p>\n<p style=\"text-align: center\">Voc\u00ea vai ler um novo livro favorito. Quando voc\u00ea acordar amanh\u00e3, voc\u00ea vai se sentir bem descansado. Voc\u00ea ser\u00e1 organizado esta semana.<\/p>\n<h4 style=\"text-align: center\">Capric\u00f3rnio &#8211; capricorniano(a)<\/h4>\n<p style=\"text-align: center\"><img loading=\"lazy\" decoding=\"async\" class=\"alignnone  wp-image-255\" src=\"http:\/\/commons.princeton.edu\/tartarugas\/wp-content\/uploads\/sites\/231\/2020\/09\/Capricorn-300x300.jpg\" alt=\"\" width=\"205\" height=\"205\" srcset=\"https:\/\/commons.princeton.edu\/tartarugas\/wp-content\/uploads\/sites\/231\/2020\/09\/Capricorn-300x300.jpg 300w, https:\/\/commons.princeton.edu\/tartarugas\/wp-content\/uploads\/sites\/231\/2020\/09\/Capricorn-150x150.jpg 150w, https:\/\/commons.princeton.edu\/tartarugas\/wp-content\/uploads\/sites\/231\/2020\/09\/Capricorn-100x100.jpg 100w, https:\/\/commons.princeton.edu\/tartarugas\/wp-content\/uploads\/sites\/231\/2020\/09\/Capricorn.jpg 600w\" sizes=\"auto, (max-width: 205px) 100vw, 205px\" \/><\/p>\n<p style=\"text-align: center\">Assim que voc\u00ea tiver uma entrevista, voc\u00ea receber\u00e1 uma oferta de emprego. Voc\u00ea vai ter sucesso. Al\u00e9m disso, voc\u00ea vai fazer um amigo novo.<\/p>\n<h1 style=\"text-align: center\">Astr\u00f3loga Grace Huegel<\/h1>\n<h4 style=\"text-align: center\">Libra &#8211; libriano(a)<\/h4>\n<p style=\"text-align: center\">Voc\u00ea vai encontrar seu amor este m\u00eas no supermercado. Certifique-se de que seus olhos est\u00e3o abertos e seu cora\u00e7\u00e3o est\u00e1 feliz.<\/p>\n<p style=\"text-align: center\"><img loading=\"lazy\" decoding=\"async\" class=\"alignnone  wp-image-258\" src=\"http:\/\/commons.princeton.edu\/tartarugas\/wp-content\/uploads\/sites\/231\/2020\/09\/space-symbol-of-libra-of-zodiac-and-horoscope-vector-15106409-1-278x300.jpg\" alt=\"\" width=\"180\" height=\"194\" srcset=\"https:\/\/commons.princeton.edu\/tartarugas\/wp-content\/uploads\/sites\/231\/2020\/09\/space-symbol-of-libra-of-zodiac-and-horoscope-vector-15106409-1-278x300.jpg 278w, https:\/\/commons.princeton.edu\/tartarugas\/wp-content\/uploads\/sites\/231\/2020\/09\/space-symbol-of-libra-of-zodiac-and-horoscope-vector-15106409-1-948x1024.jpg 948w, https:\/\/commons.princeton.edu\/tartarugas\/wp-content\/uploads\/sites\/231\/2020\/09\/space-symbol-of-libra-of-zodiac-and-horoscope-vector-15106409-1-768x829.jpg 768w, https:\/\/commons.princeton.edu\/tartarugas\/wp-content\/uploads\/sites\/231\/2020\/09\/space-symbol-of-libra-of-zodiac-and-horoscope-vector-15106409-1.jpg 1000w\" sizes=\"auto, (max-width: 180px) 100vw, 180px\" \/><\/p>\n<h4 style=\"text-align: center\">Escorpi\u00e3o &#8211; escorpi\u00e3o(a)<\/h4>\n<p style=\"text-align: center\">Este n\u00e3o \u00e9 seu m\u00eas para o amor. Voc\u00ea ficar\u00e1 emocionado, mas n\u00e3o tenha medo. Voc\u00ea vai se divertir com seus amigos.<\/p>\n<p style=\"text-align: center\"><img loading=\"lazy\" decoding=\"async\" class=\" wp-image-260\" src=\"http:\/\/commons.princeton.edu\/tartarugas\/wp-content\/uploads\/sites\/231\/2020\/09\/68749253-scorpio-zodiac-sign-horoscope-constellation-stars-abstract-space-dark-sky-blurred-background-with-do-300x300.jpg\" alt=\"\" width=\"187\" height=\"187\" srcset=\"https:\/\/commons.princeton.edu\/tartarugas\/wp-content\/uploads\/sites\/231\/2020\/09\/68749253-scorpio-zodiac-sign-horoscope-constellation-stars-abstract-space-dark-sky-blurred-background-with-do-300x300.jpg 300w, https:\/\/commons.princeton.edu\/tartarugas\/wp-content\/uploads\/sites\/231\/2020\/09\/68749253-scorpio-zodiac-sign-horoscope-constellation-stars-abstract-space-dark-sky-blurred-background-with-do-1024x1024.jpg 1024w, https:\/\/commons.princeton.edu\/tartarugas\/wp-content\/uploads\/sites\/231\/2020\/09\/68749253-scorpio-zodiac-sign-horoscope-constellation-stars-abstract-space-dark-sky-blurred-background-with-do-150x150.jpg 150w, https:\/\/commons.princeton.edu\/tartarugas\/wp-content\/uploads\/sites\/231\/2020\/09\/68749253-scorpio-zodiac-sign-horoscope-constellation-stars-abstract-space-dark-sky-blurred-background-with-do-768x768.jpg 768w, https:\/\/commons.princeton.edu\/tartarugas\/wp-content\/uploads\/sites\/231\/2020\/09\/68749253-scorpio-zodiac-sign-horoscope-constellation-stars-abstract-space-dark-sky-blurred-background-with-do-100x100.jpg 100w, https:\/\/commons.princeton.edu\/tartarugas\/wp-content\/uploads\/sites\/231\/2020\/09\/68749253-scorpio-zodiac-sign-horoscope-constellation-stars-abstract-space-dark-sky-blurred-background-with-do.jpg 1300w\" sizes=\"auto, (max-width: 187px) 100vw, 187px\" \/><\/p>\n<h4 style=\"text-align: center\">Sagit\u00e1rio &#8211; sagitariano(a)<\/h4>\n<p style=\"text-align: center\">Voc\u00ea vai come\u00e7ar um novo hobby este m\u00eas. Tente algo novo! Voc\u00ea pode ser incr\u00edvel!<\/p>\n<p style=\"text-align: center\"><img loading=\"lazy\" decoding=\"async\" class=\"alignnone  wp-image-259\" src=\"http:\/\/commons.princeton.edu\/tartarugas\/wp-content\/uploads\/sites\/231\/2020\/09\/sagittarius-zodiac-sign-abstract-night-sky-royalty-free-image-1574188691-300x300.jpg\" alt=\"\" width=\"218\" height=\"218\" srcset=\"https:\/\/commons.princeton.edu\/tartarugas\/wp-content\/uploads\/sites\/231\/2020\/09\/sagittarius-zodiac-sign-abstract-night-sky-royalty-free-image-1574188691-300x300.jpg 300w, https:\/\/commons.princeton.edu\/tartarugas\/wp-content\/uploads\/sites\/231\/2020\/09\/sagittarius-zodiac-sign-abstract-night-sky-royalty-free-image-1574188691-150x150.jpg 150w, https:\/\/commons.princeton.edu\/tartarugas\/wp-content\/uploads\/sites\/231\/2020\/09\/sagittarius-zodiac-sign-abstract-night-sky-royalty-free-image-1574188691-100x100.jpg 100w, https:\/\/commons.princeton.edu\/tartarugas\/wp-content\/uploads\/sites\/231\/2020\/09\/sagittarius-zodiac-sign-abstract-night-sky-royalty-free-image-1574188691.jpg 480w\" sizes=\"auto, (max-width: 218px) 100vw, 218px\" \/><\/p>\n<p style=\"text-align: center\">\n","protected":false},"excerpt":{"rendered":"<p>Astr\u00f3logo Ethan Abraham G\u00eameos &#8211; geminiano(a) Amanh\u00e3, voc\u00ea encontrar\u00e1 uma garrafa de sumo de cenoura. Se voc\u00ea beber o sumo, vai se tornar um hipop\u00f3tamo. C\u00e2ncer &#8211; canceriano(a) Ser\u00e1 visitado por um p\u00e1ssaro grande nos seus sonhos. Lhe dar\u00e1 uma tatuagem de um bal\u00e3o. Le\u00e3o &#8211; leonino(a) Cair\u00e1 num po\u00e7o. Vai estar preso. Assim que &hellip; <\/p>\n<p class=\"link-more\"><a href=\"https:\/\/commons.princeton.edu\/tartarugas\/horoscopo\/\" class=\"more-link\">Continue reading<span class=\"screen-reader-text\"> &#8220;Hor\u00f3scopo&#8221;<\/span><\/a><\/p>\n","protected":false},"author":1552,"featured_media":0,"parent":0,"menu_order":0,"comment_status":"closed","ping_status":"closed","template":"","meta":{"footnotes":""},"class_list":["post-231","page","type-page","status-publish","hentry"],"_links":{"self":[{"href":"https:\/\/commons.princeton.edu\/tartarugas\/wp-json\/wp\/v2\/pages\/231","targetHints":{"allow":["GET"]}}],"collection":[{"href":"https:\/\/commons.princeton.edu\/tartarugas\/wp-json\/wp\/v2\/pages"}],"about":[{"href":"https:\/\/commons.princeton.edu\/tartarugas\/wp-json\/wp\/v2\/types\/page"}],"author":[{"embeddable":true,"href":"https:\/\/commons.princeton.edu\/tartarugas\/wp-json\/wp\/v2\/users\/1552"}],"replies":[{"embeddable":true,"href":"https:\/\/commons.princeton.edu\/tartarugas\/wp-json\/wp\/v2\/comments?post=231"}],"version-history":[{"count":15,"href":"https:\/\/commons.princeton.edu\/tartarugas\/wp-json\/wp\/v2\/pages\/231\/revisions"}],"predecessor-version":[{"id":268,"href":"https:\/\/commons.princeton.edu\/tartarugas\/wp-json\/wp\/v2\/pages\/231\/revisions\/268"}],"wp:attachment":[{"href":"https:\/\/commons.princeton.edu\/tartarugas\/wp-json\/wp\/v2\/media?parent=231"}],"curies":[{"name":"wp","href":"https:\/\/api.w.org\/{rel}","templated":true}]}}