{"id":219,"date":"2020-09-14T00:25:27","date_gmt":"2020-09-14T00:25:27","guid":{"rendered":"https:\/\/commons.princeton.edu\/tartarugas\/?page_id=219"},"modified":"2020-09-28T16:58:33","modified_gmt":"2020-09-28T16:58:33","slug":"central-do-brasil","status":"publish","type":"page","link":"https:\/\/commons.princeton.edu\/tartarugas\/central-do-brasil\/","title":{"rendered":"Central do Brasil"},"content":{"rendered":"<h1><img loading=\"lazy\" decoding=\"async\" class=\"wp-image-220 aligncenter\" src=\"http:\/\/commons.princeton.edu\/tartarugas\/wp-content\/uploads\/sites\/231\/2020\/09\/Screen-Shot-2020-09-13-at-21.24.57-300x195.png\" alt=\"\" width=\"391\" height=\"254\" srcset=\"https:\/\/commons.princeton.edu\/tartarugas\/wp-content\/uploads\/sites\/231\/2020\/09\/Screen-Shot-2020-09-13-at-21.24.57-300x195.png 300w, https:\/\/commons.princeton.edu\/tartarugas\/wp-content\/uploads\/sites\/231\/2020\/09\/Screen-Shot-2020-09-13-at-21.24.57-768x499.png 768w, https:\/\/commons.princeton.edu\/tartarugas\/wp-content\/uploads\/sites\/231\/2020\/09\/Screen-Shot-2020-09-13-at-21.24.57.png 954w\" sizes=\"auto, (max-width: 391px) 100vw, 391px\" \/><\/h1>\n<h4>Amor em abandono<\/h4>\n<p>por Ethan Abraham<\/p>\n<p>Dora veste o seu vestido, comprado\u00a0para ela na estrada por Josu\u00e9. Passa batom, vendo o seu reflexo na luz de uma vela. Entra no quarto na ponta dos p\u00e9s, verificando Josu\u00e9 enquanto ele dorme pacificamente. Coloca a carta da m\u00e3e morta de Josu\u00e9 no arm\u00e1rio. Ent\u00e3o, quieta como um rato, deixa Josu\u00e9 para tr\u00e1s, o menino que ela tem cuidado desde a morte da m\u00e3e dele. Sem um abra\u00e7o, uma palavra, at\u00e9 mesmo um olhar compartilhado, ela abandona-o no cuidado de dois homens, os irm\u00e3os do menino, que ela conheceu por menos de doze horas. O filme Central do Brasil, atrav\u00e9s da subvers\u00e3o do tropo cl\u00e1ssico da viagem na estrada, conta uma hist\u00f3ria mais emocionante e cr\u00edvel de uma mulher cansada redescobrindo sua empatia.<\/p>\n<p>Leia mais <a href=\"https:\/\/commons.princeton.edu\/tartarugas\/ethan-central-do-brasil\/\" target=\"_blank\" rel=\"noopener noreferrer\">aqui<\/a><\/p>\n<h4>As Cores da Esperan\u00e7a e do Medo em <i>Central do Brasil<\/i><\/h4>\n<p>por Madison Mellinger<\/p>\n<p><span style=\"font-weight: 400\">As pessoas andam rapidamente, os comerciantes vendem mercadorias, e um trem apita. Esta \u00e9 a esta\u00e7\u00e3o de <\/span><i><span style=\"font-weight: 400\">Central do Brasil<\/span><\/i><span style=\"font-weight: 400\">. \u00c9 agitada, mas inacreditavelmente exuberante. Com sentimentos de esperan\u00e7a, medo, e incerteza, o diretor do filme, Walter Salles, cria a cena de abertura perfeita. Salles constr\u00f3i esta cena para criar um filme com um enredo emocional incr\u00edvel, usando muitas cores para transmitir emo\u00e7\u00f5es diferentes.\u00a0<\/span><\/p>\n<p>Leia mais <a href=\"https:\/\/commons.princeton.edu\/tartarugas\/central-do-brasil\/as-cores-da-esperanca\/\" target=\"_blank\" rel=\"noopener noreferrer\">aqui<\/a><\/p>\n<p><strong>Uma Perspectiva LGBTQ sobre o filme &#8220;Central do Brasil&#8221;<\/strong><\/p>\n<p>por Grace Huegel<\/p>\n<p>Embora tenha havido progresso legal e social para comunidades de LGBTQ em todo o mundo, sempre h\u00e1 culturas que se sentem menos confort\u00e1veis para as gays. Esse sentimento \u00e9 mostrado no filme \u201cCentral do Brasil,\u201d que retrata a jornada com uma mulher e um menino, mas tamb\u00e9m destaca a rela\u00e7\u00e3o entre duas mulheres solteiras. Quando vistas pelas lentes LGBTQ, Dora e Irene n\u00e3o s\u00e3o casadas porque s\u00e3o gays, provavelmente com sentimentos um pela outra.<\/p>\n<p>Leia mais <a href=\"https:\/\/commons.princeton.edu\/tartarugas\/uma-perspectiva-lgbtq\/\" target=\"_blank\" rel=\"noopener noreferrer\">aqui<\/a><\/p>\n<p><strong><span class=\"s1\">As Vidas Profundas de Brasileiros<\/span><\/strong><\/p>\n<p>por Caoimhe Boyle<\/p>\n<p class=\"p1\"><span class=\"s1\">Central do Brasil mostra uma mulher que \u00e9 respons\u00e1vel pelas esperan\u00e7as e sonhos de centenas de pessoas, mas ela n\u00e3o se importa com ningu\u00e9m. Este filme efetivamente conta uma hist\u00f3ria de ego\u00edsmo humano com belas imagens, performances brilhantes e escrita convincente. \u00c0s vezes usa um formato epistolar que \u00e9 muito eficaz. <\/span><\/p>\n<p>Leia mais <a href=\"https:\/\/commons.princeton.edu\/tartarugas\/central-do-brasil\/as-vidas-profundas\/\" target=\"_blank\" rel=\"noopener noreferrer\">aqui<\/a><\/p>\n","protected":false},"excerpt":{"rendered":"<p>Amor em abandono por Ethan Abraham Dora veste o seu vestido, comprado\u00a0para ela na estrada por Josu\u00e9. Passa batom, vendo o seu reflexo na luz de uma vela. Entra no quarto na ponta dos p\u00e9s, verificando Josu\u00e9 enquanto ele dorme pacificamente. Coloca a carta da m\u00e3e morta de Josu\u00e9 no arm\u00e1rio. Ent\u00e3o, quieta como um &hellip; <\/p>\n<p class=\"link-more\"><a href=\"https:\/\/commons.princeton.edu\/tartarugas\/central-do-brasil\/\" class=\"more-link\">Continue reading<span class=\"screen-reader-text\"> &#8220;Central do Brasil&#8221;<\/span><\/a><\/p>\n","protected":false},"author":1552,"featured_media":0,"parent":0,"menu_order":0,"comment_status":"closed","ping_status":"closed","template":"","meta":{"footnotes":""},"class_list":["post-219","page","type-page","status-publish","hentry"],"_links":{"self":[{"href":"https:\/\/commons.princeton.edu\/tartarugas\/wp-json\/wp\/v2\/pages\/219","targetHints":{"allow":["GET"]}}],"collection":[{"href":"https:\/\/commons.princeton.edu\/tartarugas\/wp-json\/wp\/v2\/pages"}],"about":[{"href":"https:\/\/commons.princeton.edu\/tartarugas\/wp-json\/wp\/v2\/types\/page"}],"author":[{"embeddable":true,"href":"https:\/\/commons.princeton.edu\/tartarugas\/wp-json\/wp\/v2\/users\/1552"}],"replies":[{"embeddable":true,"href":"https:\/\/commons.princeton.edu\/tartarugas\/wp-json\/wp\/v2\/comments?post=219"}],"version-history":[{"count":19,"href":"https:\/\/commons.princeton.edu\/tartarugas\/wp-json\/wp\/v2\/pages\/219\/revisions"}],"predecessor-version":[{"id":318,"href":"https:\/\/commons.princeton.edu\/tartarugas\/wp-json\/wp\/v2\/pages\/219\/revisions\/318"}],"wp:attachment":[{"href":"https:\/\/commons.princeton.edu\/tartarugas\/wp-json\/wp\/v2\/media?parent=219"}],"curies":[{"name":"wp","href":"https:\/\/api.w.org\/{rel}","templated":true}]}}