{"id":161,"date":"2020-09-08T17:02:44","date_gmt":"2020-09-08T17:02:44","guid":{"rendered":"https:\/\/commons.princeton.edu\/tartarugas\/?page_id=161"},"modified":"2020-09-14T00:24:00","modified_gmt":"2020-09-14T00:24:00","slug":"memes","status":"publish","type":"page","link":"https:\/\/commons.princeton.edu\/tartarugas\/memes\/","title":{"rendered":"Memes no museu"},"content":{"rendered":"<p>Neste semestre, por causa da Covid-19, os alunos n\u00e3o puderam ir pessoalmente ao museu da Princeton. Ent\u00e3o, todos entraram nos websites do <a href=\"https:\/\/masp.org.br\/\" target=\"_blank\" rel=\"noopener noreferrer\">MASP<\/a> (Museu de Arte de S\u00e3o Paulo) e do <a href=\"http:\/\/www.museudearteantiga.pt\/\" target=\"_blank\" rel=\"noopener noreferrer\">Museu Nacional de Arte Antiga de Lisboa,<\/a> escolheram algumas obras e fizeram os memes. Veja abaixo:<\/p>\n<h2 style=\"text-align: center\">Memes do Ethan<\/h2>\n<p><img loading=\"lazy\" decoding=\"async\" class=\" wp-image-164 aligncenter\" src=\"http:\/\/commons.princeton.edu\/tartarugas\/wp-content\/uploads\/sites\/231\/2020\/09\/Screen-Shot-2020-09-08-at-14.14.06-300x192.png\" alt=\"\" width=\"456\" height=\"292\" srcset=\"https:\/\/commons.princeton.edu\/tartarugas\/wp-content\/uploads\/sites\/231\/2020\/09\/Screen-Shot-2020-09-08-at-14.14.06-300x192.png 300w, https:\/\/commons.princeton.edu\/tartarugas\/wp-content\/uploads\/sites\/231\/2020\/09\/Screen-Shot-2020-09-08-at-14.14.06.png 460w\" sizes=\"auto, (max-width: 456px) 100vw, 456px\" \/><\/p>\n<h2 style=\"text-align: center\"><img loading=\"lazy\" decoding=\"async\" class=\" wp-image-165 aligncenter\" src=\"http:\/\/commons.princeton.edu\/tartarugas\/wp-content\/uploads\/sites\/231\/2020\/09\/Screen-Shot-2020-09-08-at-14.15.04-200x300.png\" alt=\"\" width=\"261\" height=\"392\" srcset=\"https:\/\/commons.princeton.edu\/tartarugas\/wp-content\/uploads\/sites\/231\/2020\/09\/Screen-Shot-2020-09-08-at-14.15.04-200x300.png 200w, https:\/\/commons.princeton.edu\/tartarugas\/wp-content\/uploads\/sites\/231\/2020\/09\/Screen-Shot-2020-09-08-at-14.15.04.png 329w\" sizes=\"auto, (max-width: 261px) 100vw, 261px\" \/><\/h2>\n<h2 style=\"text-align: center\">Memes da Grace<\/h2>\n<p><img loading=\"lazy\" decoding=\"async\" class=\"wp-image-168 aligncenter\" src=\"http:\/\/commons.princeton.edu\/tartarugas\/wp-content\/uploads\/sites\/231\/2020\/09\/Screen-Shot-2020-09-08-at-14.16.29-300x159.png\" alt=\"\" width=\"640\" height=\"339\" srcset=\"https:\/\/commons.princeton.edu\/tartarugas\/wp-content\/uploads\/sites\/231\/2020\/09\/Screen-Shot-2020-09-08-at-14.16.29-300x159.png 300w, https:\/\/commons.princeton.edu\/tartarugas\/wp-content\/uploads\/sites\/231\/2020\/09\/Screen-Shot-2020-09-08-at-14.16.29.png 754w\" sizes=\"auto, (max-width: 640px) 100vw, 640px\" \/><\/p>\n<p><img loading=\"lazy\" decoding=\"async\" class=\" wp-image-215 aligncenter\" src=\"http:\/\/commons.princeton.edu\/tartarugas\/wp-content\/uploads\/sites\/231\/2020\/09\/Meme-3-226x300.png\" alt=\"\" width=\"460\" height=\"610\" srcset=\"https:\/\/commons.princeton.edu\/tartarugas\/wp-content\/uploads\/sites\/231\/2020\/09\/Meme-3-226x300.png 226w, https:\/\/commons.princeton.edu\/tartarugas\/wp-content\/uploads\/sites\/231\/2020\/09\/Meme-3.png 754w\" sizes=\"auto, (max-width: 460px) 100vw, 460px\" \/><\/p>\n<p><img loading=\"lazy\" decoding=\"async\" class=\"wp-image-170 aligncenter\" src=\"http:\/\/commons.princeton.edu\/tartarugas\/wp-content\/uploads\/sites\/231\/2020\/09\/Screen-Shot-2020-09-08-at-14.17.10-300x300.png\" alt=\"\" width=\"422\" height=\"422\" srcset=\"https:\/\/commons.princeton.edu\/tartarugas\/wp-content\/uploads\/sites\/231\/2020\/09\/Screen-Shot-2020-09-08-at-14.17.10-300x300.png 300w, https:\/\/commons.princeton.edu\/tartarugas\/wp-content\/uploads\/sites\/231\/2020\/09\/Screen-Shot-2020-09-08-at-14.17.10-150x150.png 150w, https:\/\/commons.princeton.edu\/tartarugas\/wp-content\/uploads\/sites\/231\/2020\/09\/Screen-Shot-2020-09-08-at-14.17.10-100x100.png 100w\" sizes=\"auto, (max-width: 422px) 100vw, 422px\" \/><\/p>\n<h2 style=\"text-align: center\">Memes da Madison<\/h2>\n<p><img loading=\"lazy\" decoding=\"async\" class=\"wp-image-172 aligncenter\" src=\"http:\/\/commons.princeton.edu\/tartarugas\/wp-content\/uploads\/sites\/231\/2020\/09\/Screen-Shot-2020-09-08-at-14.27.59-300x138.png\" alt=\"\" width=\"658\" height=\"303\" srcset=\"https:\/\/commons.princeton.edu\/tartarugas\/wp-content\/uploads\/sites\/231\/2020\/09\/Screen-Shot-2020-09-08-at-14.27.59-300x138.png 300w, https:\/\/commons.princeton.edu\/tartarugas\/wp-content\/uploads\/sites\/231\/2020\/09\/Screen-Shot-2020-09-08-at-14.27.59-768x352.png 768w, https:\/\/commons.princeton.edu\/tartarugas\/wp-content\/uploads\/sites\/231\/2020\/09\/Screen-Shot-2020-09-08-at-14.27.59.png 1095w\" sizes=\"auto, (max-width: 658px) 100vw, 658px\" \/><\/p>\n<p><img loading=\"lazy\" decoding=\"async\" class=\" wp-image-173 aligncenter\" src=\"http:\/\/commons.princeton.edu\/tartarugas\/wp-content\/uploads\/sites\/231\/2020\/09\/Screen-Shot-2020-09-08-at-14.28.12-300x155.png\" alt=\"\" width=\"624\" height=\"322\" srcset=\"https:\/\/commons.princeton.edu\/tartarugas\/wp-content\/uploads\/sites\/231\/2020\/09\/Screen-Shot-2020-09-08-at-14.28.12-300x155.png 300w, https:\/\/commons.princeton.edu\/tartarugas\/wp-content\/uploads\/sites\/231\/2020\/09\/Screen-Shot-2020-09-08-at-14.28.12-768x398.png 768w, https:\/\/commons.princeton.edu\/tartarugas\/wp-content\/uploads\/sites\/231\/2020\/09\/Screen-Shot-2020-09-08-at-14.28.12.png 962w\" sizes=\"auto, (max-width: 624px) 100vw, 624px\" \/><\/p>\n<h2 style=\"text-align: center\">Memes da Caoimhe<\/h2>\n<p><img loading=\"lazy\" decoding=\"async\" class=\" wp-image-193 aligncenter\" src=\"http:\/\/commons.princeton.edu\/tartarugas\/wp-content\/uploads\/sites\/231\/2020\/09\/Screen-Shot-2020-09-09-at-12.40.54-300x206.png\" alt=\"\" width=\"444\" height=\"305\" srcset=\"https:\/\/commons.princeton.edu\/tartarugas\/wp-content\/uploads\/sites\/231\/2020\/09\/Screen-Shot-2020-09-09-at-12.40.54-300x206.png 300w, https:\/\/commons.princeton.edu\/tartarugas\/wp-content\/uploads\/sites\/231\/2020\/09\/Screen-Shot-2020-09-09-at-12.40.54.png 468w\" sizes=\"auto, (max-width: 444px) 100vw, 444px\" \/><\/p>\n<p><img loading=\"lazy\" decoding=\"async\" class=\"alignnone wp-image-194 aligncenter\" src=\"http:\/\/commons.princeton.edu\/tartarugas\/wp-content\/uploads\/sites\/231\/2020\/09\/Screen-Shot-2020-09-09-at-12.39.15-230x300.png\" alt=\"\" width=\"303\" height=\"395\" srcset=\"https:\/\/commons.princeton.edu\/tartarugas\/wp-content\/uploads\/sites\/231\/2020\/09\/Screen-Shot-2020-09-09-at-12.39.15-230x300.png 230w, https:\/\/commons.princeton.edu\/tartarugas\/wp-content\/uploads\/sites\/231\/2020\/09\/Screen-Shot-2020-09-09-at-12.39.15.png 456w\" sizes=\"auto, (max-width: 303px) 100vw, 303px\" \/><\/p>\n","protected":false},"excerpt":{"rendered":"<p>Neste semestre, por causa da Covid-19, os alunos n\u00e3o puderam ir pessoalmente ao museu da Princeton. Ent\u00e3o, todos entraram nos websites do MASP (Museu de Arte de S\u00e3o Paulo) e do Museu Nacional de Arte Antiga de Lisboa, escolheram algumas obras e fizeram os memes. Veja abaixo: Memes do Ethan Memes da Grace Memes da &hellip; <\/p>\n<p class=\"link-more\"><a href=\"https:\/\/commons.princeton.edu\/tartarugas\/memes\/\" class=\"more-link\">Continue reading<span class=\"screen-reader-text\"> &#8220;Memes no museu&#8221;<\/span><\/a><\/p>\n","protected":false},"author":1552,"featured_media":0,"parent":0,"menu_order":0,"comment_status":"closed","ping_status":"closed","template":"","meta":{"footnotes":""},"class_list":["post-161","page","type-page","status-publish","hentry"],"_links":{"self":[{"href":"https:\/\/commons.princeton.edu\/tartarugas\/wp-json\/wp\/v2\/pages\/161","targetHints":{"allow":["GET"]}}],"collection":[{"href":"https:\/\/commons.princeton.edu\/tartarugas\/wp-json\/wp\/v2\/pages"}],"about":[{"href":"https:\/\/commons.princeton.edu\/tartarugas\/wp-json\/wp\/v2\/types\/page"}],"author":[{"embeddable":true,"href":"https:\/\/commons.princeton.edu\/tartarugas\/wp-json\/wp\/v2\/users\/1552"}],"replies":[{"embeddable":true,"href":"https:\/\/commons.princeton.edu\/tartarugas\/wp-json\/wp\/v2\/comments?post=161"}],"version-history":[{"count":19,"href":"https:\/\/commons.princeton.edu\/tartarugas\/wp-json\/wp\/v2\/pages\/161\/revisions"}],"predecessor-version":[{"id":218,"href":"https:\/\/commons.princeton.edu\/tartarugas\/wp-json\/wp\/v2\/pages\/161\/revisions\/218"}],"wp:attachment":[{"href":"https:\/\/commons.princeton.edu\/tartarugas\/wp-json\/wp\/v2\/media?parent=161"}],"curies":[{"name":"wp","href":"https:\/\/api.w.org\/{rel}","templated":true}]}}