{"id":125,"date":"2020-09-07T22:38:36","date_gmt":"2020-09-07T22:38:36","guid":{"rendered":"https:\/\/commons.princeton.edu\/tartarugas\/?page_id=125"},"modified":"2020-09-09T16:48:28","modified_gmt":"2020-09-09T16:48:28","slug":"haikais","status":"publish","type":"page","link":"https:\/\/commons.princeton.edu\/tartarugas\/haikais\/","title":{"rendered":"Haikais"},"content":{"rendered":"<h4 style=\"text-align: center\">Madison Mellinger<\/h4>\n<div><img loading=\"lazy\" decoding=\"async\" class=\"size-medium wp-image-69 aligncenter\" src=\"http:\/\/commons.princeton.edu\/tartarugas\/wp-content\/uploads\/sites\/231\/2020\/09\/Hummingbird_Hero_Roger_Levien-300x169.jpg\" alt=\"\" width=\"300\" height=\"169\" srcset=\"https:\/\/commons.princeton.edu\/tartarugas\/wp-content\/uploads\/sites\/231\/2020\/09\/Hummingbird_Hero_Roger_Levien-300x169.jpg 300w, https:\/\/commons.princeton.edu\/tartarugas\/wp-content\/uploads\/sites\/231\/2020\/09\/Hummingbird_Hero_Roger_Levien-1024x576.jpg 1024w, https:\/\/commons.princeton.edu\/tartarugas\/wp-content\/uploads\/sites\/231\/2020\/09\/Hummingbird_Hero_Roger_Levien-768x432.jpg 768w, https:\/\/commons.princeton.edu\/tartarugas\/wp-content\/uploads\/sites\/231\/2020\/09\/Hummingbird_Hero_Roger_Levien-1536x864.jpg 1536w, https:\/\/commons.princeton.edu\/tartarugas\/wp-content\/uploads\/sites\/231\/2020\/09\/Hummingbird_Hero_Roger_Levien-2048x1152.jpg 2048w, https:\/\/commons.princeton.edu\/tartarugas\/wp-content\/uploads\/sites\/231\/2020\/09\/Hummingbird_Hero_Roger_Levien-648x365.jpg 648w, https:\/\/commons.princeton.edu\/tartarugas\/wp-content\/uploads\/sites\/231\/2020\/09\/Hummingbird_Hero_Roger_Levien-341x192.jpg 341w\" sizes=\"auto, (max-width: 300px) 100vw, 300px\" \/><\/div>\n<div style=\"text-align: center\">Quero ser a ave<\/div>\n<div style=\"text-align: center\">um p\u00e1ssaro que voa<\/div>\n<div style=\"text-align: center\">entre os ramos<\/div>\n<div style=\"text-align: center\"><\/div>\n<div style=\"text-align: center\"><\/div>\n<div><\/div>\n<h4 style=\"text-align: center\">Ethan Abraham<\/h4>\n<div style=\"text-align: center\"><img loading=\"lazy\" decoding=\"async\" class=\"size-medium wp-image-76 aligncenter\" src=\"http:\/\/commons.princeton.edu\/tartarugas\/wp-content\/uploads\/sites\/231\/2020\/09\/add65c898158a59b27946dc980315a8d-300x188.jpg\" alt=\"\" width=\"300\" height=\"188\" srcset=\"https:\/\/commons.princeton.edu\/tartarugas\/wp-content\/uploads\/sites\/231\/2020\/09\/add65c898158a59b27946dc980315a8d-300x188.jpg 300w, https:\/\/commons.princeton.edu\/tartarugas\/wp-content\/uploads\/sites\/231\/2020\/09\/add65c898158a59b27946dc980315a8d-1024x640.jpg 1024w, https:\/\/commons.princeton.edu\/tartarugas\/wp-content\/uploads\/sites\/231\/2020\/09\/add65c898158a59b27946dc980315a8d-768x480.jpg 768w, https:\/\/commons.princeton.edu\/tartarugas\/wp-content\/uploads\/sites\/231\/2020\/09\/add65c898158a59b27946dc980315a8d-1536x960.jpg 1536w, https:\/\/commons.princeton.edu\/tartarugas\/wp-content\/uploads\/sites\/231\/2020\/09\/add65c898158a59b27946dc980315a8d-648x405.jpg 648w, https:\/\/commons.princeton.edu\/tartarugas\/wp-content\/uploads\/sites\/231\/2020\/09\/add65c898158a59b27946dc980315a8d-307x192.jpg 307w, https:\/\/commons.princeton.edu\/tartarugas\/wp-content\/uploads\/sites\/231\/2020\/09\/add65c898158a59b27946dc980315a8d.jpg 1920w\" sizes=\"auto, (max-width: 300px) 100vw, 300px\" \/>o rinoceronte<br \/>\nest\u00e1 correndo descontrolado atrav\u00e9s da folhagem<br \/>\nagitado, isolado, inconsciente<\/div>\n<div><\/div>\n<h4 style=\"text-align: center\">Grace Huegel<\/h4>\n<div style=\"text-align: center\"><\/div>\n<div>\n<p style=\"text-align: center\"><img loading=\"lazy\" decoding=\"async\" class=\"alignnone size-medium wp-image-204\" style=\"font-size: 1rem\" src=\"http:\/\/commons.princeton.edu\/tartarugas\/wp-content\/uploads\/sites\/231\/2020\/09\/dream-interpretation-certificate-300x169.jpg\" alt=\"\" width=\"300\" height=\"169\" srcset=\"https:\/\/commons.princeton.edu\/tartarugas\/wp-content\/uploads\/sites\/231\/2020\/09\/dream-interpretation-certificate-300x169.jpg 300w, https:\/\/commons.princeton.edu\/tartarugas\/wp-content\/uploads\/sites\/231\/2020\/09\/dream-interpretation-certificate-768x433.jpg 768w, https:\/\/commons.princeton.edu\/tartarugas\/wp-content\/uploads\/sites\/231\/2020\/09\/dream-interpretation-certificate.jpg 841w\" sizes=\"auto, (max-width: 300px) 100vw, 300px\" \/><\/p>\n<p class=\"p1\" style=\"text-align: center\">Eu quero dormir<\/p>\n<p class=\"p1\" style=\"text-align: center\">Eu tenho sonhos loucos<\/p>\n<p class=\"p1\" style=\"text-align: center\">Deixe-me dormir<\/p>\n<p style=\"text-align: center\"><img loading=\"lazy\" decoding=\"async\" class=\"alignnone size-medium wp-image-206\" src=\"http:\/\/commons.princeton.edu\/tartarugas\/wp-content\/uploads\/sites\/231\/2020\/09\/beb2bce6d0ca1a8be20767f93134c1900596f727_hq-262x300.jpg\" alt=\"\" width=\"262\" height=\"300\" srcset=\"https:\/\/commons.princeton.edu\/tartarugas\/wp-content\/uploads\/sites\/231\/2020\/09\/beb2bce6d0ca1a8be20767f93134c1900596f727_hq-262x300.jpg 262w, https:\/\/commons.princeton.edu\/tartarugas\/wp-content\/uploads\/sites\/231\/2020\/09\/beb2bce6d0ca1a8be20767f93134c1900596f727_hq.jpg 640w\" sizes=\"auto, (max-width: 262px) 100vw, 262px\" \/><\/p>\n<p class=\"p1\" style=\"text-align: center\">Eu estou indo<\/p>\n<p class=\"p1\" style=\"text-align: center\">encontrar um caminho<\/p>\n<p class=\"p1\" style=\"text-align: center\">passar em portugu\u00eas<\/p>\n<h4 style=\"text-align: center\">Caoimhe Boyle<\/h4>\n<p class=\"p1\" style=\"text-align: center\">Todas as manh\u00e3s<\/p>\n<p class=\"p1\" style=\"text-align: center\">Comia um iogurte<\/p>\n<p class=\"p1\" style=\"text-align: center\">e ia \u00e0 aula<\/p>\n<\/div>\n","protected":false},"excerpt":{"rendered":"<p>Madison Mellinger Quero ser a ave um p\u00e1ssaro que voa entre os ramos Ethan Abraham o rinoceronte est\u00e1 correndo descontrolado atrav\u00e9s da folhagem agitado, isolado, inconsciente Grace Huegel Eu quero dormir Eu tenho sonhos loucos Deixe-me dormir Eu estou indo encontrar um caminho passar em portugu\u00eas Caoimhe Boyle Todas as manh\u00e3s Comia um iogurte e &hellip; <\/p>\n<p class=\"link-more\"><a href=\"https:\/\/commons.princeton.edu\/tartarugas\/haikais\/\" class=\"more-link\">Continue reading<span class=\"screen-reader-text\"> &#8220;Haikais&#8221;<\/span><\/a><\/p>\n","protected":false},"author":1552,"featured_media":0,"parent":0,"menu_order":0,"comment_status":"closed","ping_status":"closed","template":"","meta":{"footnotes":""},"class_list":["post-125","page","type-page","status-publish","hentry"],"_links":{"self":[{"href":"https:\/\/commons.princeton.edu\/tartarugas\/wp-json\/wp\/v2\/pages\/125","targetHints":{"allow":["GET"]}}],"collection":[{"href":"https:\/\/commons.princeton.edu\/tartarugas\/wp-json\/wp\/v2\/pages"}],"about":[{"href":"https:\/\/commons.princeton.edu\/tartarugas\/wp-json\/wp\/v2\/types\/page"}],"author":[{"embeddable":true,"href":"https:\/\/commons.princeton.edu\/tartarugas\/wp-json\/wp\/v2\/users\/1552"}],"replies":[{"embeddable":true,"href":"https:\/\/commons.princeton.edu\/tartarugas\/wp-json\/wp\/v2\/comments?post=125"}],"version-history":[{"count":11,"href":"https:\/\/commons.princeton.edu\/tartarugas\/wp-json\/wp\/v2\/pages\/125\/revisions"}],"predecessor-version":[{"id":207,"href":"https:\/\/commons.princeton.edu\/tartarugas\/wp-json\/wp\/v2\/pages\/125\/revisions\/207"}],"wp:attachment":[{"href":"https:\/\/commons.princeton.edu\/tartarugas\/wp-json\/wp\/v2\/media?parent=125"}],"curies":[{"name":"wp","href":"https:\/\/api.w.org\/{rel}","templated":true}]}}