{"id":115,"date":"2020-09-07T22:26:43","date_gmt":"2020-09-07T22:26:43","guid":{"rendered":"https:\/\/commons.princeton.edu\/tartarugas\/?page_id=115"},"modified":"2020-09-14T17:33:47","modified_gmt":"2020-09-14T17:33:47","slug":"se-eu-fosse-eu-2","status":"publish","type":"page","link":"https:\/\/commons.princeton.edu\/tartarugas\/se-eu-fosse-eu-2\/","title":{"rendered":"Se eu fosse eu"},"content":{"rendered":"<p>Os alunos leram o poema &#8220;Se Eu Fosse Eu&#8221;, da Clarice Lispector, e\u00a0 &#8211; inspirados no texto &#8211; escreveram os seus pr\u00f3prios pensamentos. Ou\u00e7a o poema da Clarice aqui na voz de Aracy Balabanian.<\/p>\n<div style=\"width: 480px;\" class=\"wp-video\"><video class=\"wp-video-shortcode\" id=\"video-115-1\" width=\"480\" height=\"360\" preload=\"metadata\" controls=\"controls\"><source type=\"video\/mp4\" src=\"http:\/\/commons.princeton.edu\/tartarugas\/wp-content\/uploads\/sites\/231\/2020\/09\/videoplayback-43.mp4?_=1\" \/><a href=\"http:\/\/commons.princeton.edu\/tartarugas\/wp-content\/uploads\/sites\/231\/2020\/09\/videoplayback-43.mp4\">http:\/\/commons.princeton.edu\/tartarugas\/wp-content\/uploads\/sites\/231\/2020\/09\/videoplayback-43.mp4<\/a><\/video><\/div>\n<h2><span style=\"font-weight: 400\">MADISON<\/span><\/h2>\n<p><span style=\"font-weight: 400\">Se eu fosse eu, exploraria o mundo e veria as maravilhas.\u00a0<\/span><\/p>\n<p><span style=\"font-weight: 400\">Se eu fosse eu, aprenderia o m\u00e1ximo que pudesse, mas n\u00e3o me sentiria oprimida pela escola.\u00a0<\/span><\/p>\n<p><span style=\"font-weight: 400\">Se eu fosse eu, viveria com meu namorado neste semestre. Eu seria independente dos meus pais.\u00a0<\/span><\/p>\n<p><span style=\"font-weight: 400\">Se eu fosse eu, leria muitos livros sobre hist\u00f3ria e aprenderia muitas l\u00ednguas.<\/span><\/p>\n<p><span style=\"font-weight: 400\">Se eu fosse eu, praticaria ioga e correria todos os dias.\u00a0<\/span><\/p>\n<p><span style=\"font-weight: 400\">Se eu fosse eu, comeria muitas frutas e vegetais e viveria em algum lugar que est\u00e1 sempre quente porque a produ\u00e7\u00e3o de alimentos estaria na esta\u00e7\u00e3o o ano todo.\u00a0<\/span><\/p>\n<p><span style=\"font-weight: 400\">Se eu fosse eu, administraria minha ansiedade para que eu pudesse viver a vida que eu quero!<\/span><\/p>\n<h2><span style=\"font-weight: 400\">GRACE<\/span><\/h2>\n<p><span style=\"font-weight: 400\">Uma Carta Para O Meu Eu Passado<\/span><\/p>\n<p>&nbsp;<\/p>\n<p><span style=\"font-weight: 400\">Se eu fosse eu, n\u00e3o pintaria meu cabelo. \u00c9 uma bagun\u00e7a.<\/span><\/p>\n<p><span style=\"font-weight: 400\">Se eu fosse eu, deixaria minha m\u00e3e antes. Ela \u00e9 t\u00f3xica.<\/span><\/p>\n<p><span style=\"font-weight: 400\">Se eu fosse eu, me divertiria mais. Eu teria que ser mais tarde.<\/span><\/p>\n<p><span style=\"font-weight: 400\">Se eu fosse eu, prestaria aten\u00e7\u00e3o nas aulas de espanhol. \u00c9 necess\u00e1rio.<\/span><\/p>\n<p><span style=\"font-weight: 400\">Se eu fosse eu, aprenderia a gostar de correr. \u00c9 uma boa atividade.<\/span><\/p>\n<p><span style=\"font-weight: 400\">Se eu fosse eu, comeria comidas vegana mais cedo. Animais s\u00e3o amigos, n\u00e3o comida.<\/span><\/p>\n<p><span style=\"font-weight: 400\">Se eu fosse eu, ficaria mais feliz. Mas eu n\u00e3o posso ajudar com isso.<\/span><\/p>\n<h2><span style=\"font-weight: 400\">ETHAN<\/span><\/h2>\n<p><span style=\"font-weight: 400\">Se eu fosse eu \u2026 meu futuro seria esquecido. Eu faria coisas pela alegria simples, e eu provavelmente feriria pessoas sem pensar. Se eu fosse eu, me divertiria, mas divers\u00e3o n\u00e3o dura sempre. Eu acho que a vida se tornaria boa demais ou ruim demais, com nada atr\u00e1s. Como um v\u00edcio, minha vida seria s\u00f3 altos e baixos. E ainda, eu gostaria de tentar esta vida. Para mim, tem uma qualidade rom\u00e2ntica, ou pelo menos uma qualidade de liberdade desenfreada. Penso que eu tenho um lado que \u00e9 autodestrutivo. A minha vida n\u00e3o estava descarrilada verdadeiramente e uma parte de mim quer saber como \u00e9 este sentimento.\u00a0<\/span><\/p>\n<p><span style=\"font-weight: 400\">Mas eu acho que se eu fosse eu, sem expectativas ou d\u00edvidas, eu trabalharia em uma livraria, ou uma biblioteca. Eu tentaria encontrar um prop\u00f3sito.\u00a0<\/span><\/p>\n<p><span style=\"font-weight: 400\">Eu acho que saber que a vida \u00e9 boba, mas inebriante tem valor.\u00a0<\/span><\/p>\n","protected":false},"excerpt":{"rendered":"<p>Os alunos leram o poema &#8220;Se Eu Fosse Eu&#8221;, da Clarice Lispector, e\u00a0 &#8211; inspirados no texto &#8211; escreveram os seus pr\u00f3prios pensamentos. Ou\u00e7a o poema da Clarice aqui na voz de Aracy Balabanian. MADISON Se eu fosse eu, exploraria o mundo e veria as maravilhas.\u00a0 Se eu fosse eu, aprenderia o m\u00e1ximo que pudesse, &hellip; <\/p>\n<p class=\"link-more\"><a href=\"https:\/\/commons.princeton.edu\/tartarugas\/se-eu-fosse-eu-2\/\" class=\"more-link\">Continue reading<span class=\"screen-reader-text\"> &#8220;Se eu fosse eu&#8221;<\/span><\/a><\/p>\n","protected":false},"author":1552,"featured_media":0,"parent":0,"menu_order":0,"comment_status":"closed","ping_status":"closed","template":"","meta":{"footnotes":""},"class_list":["post-115","page","type-page","status-publish","hentry"],"_links":{"self":[{"href":"https:\/\/commons.princeton.edu\/tartarugas\/wp-json\/wp\/v2\/pages\/115","targetHints":{"allow":["GET"]}}],"collection":[{"href":"https:\/\/commons.princeton.edu\/tartarugas\/wp-json\/wp\/v2\/pages"}],"about":[{"href":"https:\/\/commons.princeton.edu\/tartarugas\/wp-json\/wp\/v2\/types\/page"}],"author":[{"embeddable":true,"href":"https:\/\/commons.princeton.edu\/tartarugas\/wp-json\/wp\/v2\/users\/1552"}],"replies":[{"embeddable":true,"href":"https:\/\/commons.princeton.edu\/tartarugas\/wp-json\/wp\/v2\/comments?post=115"}],"version-history":[{"count":11,"href":"https:\/\/commons.princeton.edu\/tartarugas\/wp-json\/wp\/v2\/pages\/115\/revisions"}],"predecessor-version":[{"id":239,"href":"https:\/\/commons.princeton.edu\/tartarugas\/wp-json\/wp\/v2\/pages\/115\/revisions\/239"}],"wp:attachment":[{"href":"https:\/\/commons.princeton.edu\/tartarugas\/wp-json\/wp\/v2\/media?parent=115"}],"curies":[{"name":"wp","href":"https:\/\/api.w.org\/{rel}","templated":true}]}}