{"id":10,"date":"2020-01-04T13:08:49","date_gmt":"2020-01-04T18:08:49","guid":{"rendered":"https:\/\/commons.princeton.edu\/spa342\/?page_id=10"},"modified":"2020-02-04T14:33:25","modified_gmt":"2020-02-04T19:33:25","slug":"interviews","status":"publish","type":"page","link":"https:\/\/commons.princeton.edu\/spa342\/interviews\/","title":{"rendered":"Interviews"},"content":{"rendered":"<p><img loading=\"lazy\" decoding=\"async\" class=\"aligncenter size-large wp-image-352\" src=\"https:\/\/commons.princeton.edu\/spa342\/wp-content\/uploads\/sites\/151\/2020\/02\/Con-Luz-Maria-2-1024x768.jpg\" alt=\"\" width=\"676\" height=\"507\" srcset=\"https:\/\/commons.princeton.edu\/spa342\/wp-content\/uploads\/sites\/151\/2020\/02\/Con-Luz-Maria-2-1024x768.jpg 1024w, https:\/\/commons.princeton.edu\/spa342\/wp-content\/uploads\/sites\/151\/2020\/02\/Con-Luz-Maria-2-300x225.jpg 300w, https:\/\/commons.princeton.edu\/spa342\/wp-content\/uploads\/sites\/151\/2020\/02\/Con-Luz-Maria-2-768x576.jpg 768w, https:\/\/commons.princeton.edu\/spa342\/wp-content\/uploads\/sites\/151\/2020\/02\/Con-Luz-Maria-2-676x507.jpg 676w, https:\/\/commons.princeton.edu\/spa342\/wp-content\/uploads\/sites\/151\/2020\/02\/Con-Luz-Maria-2.jpg 1288w\" sizes=\"auto, (max-width: 676px) 100vw, 676px\" \/><\/p>\n<p>During our time we had the privilege of interviewing several Cubans.<\/p>\n<p><a href=\"https:\/\/commons.princeton.edu\/spa342\/wendy-guerra\/\">Wendy Guerra<\/a><\/p>\n<p><a href=\"https:\/\/commons.princeton.edu\/spa342\/anton-arrufat\/\">Ant\u00f3n Arrufat<\/a><\/p>\n<p><a href=\"https:\/\/commons.princeton.edu\/spa342\/jorge-fornet\/\">Jorge Fornet<\/a><\/p>\n<p><a href=\"https:\/\/commons.princeton.edu\/spa342\/carlos-dias\/\">Carlos D\u00edas<\/a><\/p>\n<p><a href=\"https:\/\/commons.princeton.edu\/spa342\/luz-maria-reyes-collazo\/\">Luz Mar\u00eda Reyes Collazo<\/a><\/p>\n","protected":false},"excerpt":{"rendered":"<p>During our time we had the privilege of interviewing several Cubans. Wendy Guerra Ant\u00f3n Arrufat Jorge Fornet Carlos D\u00edas Luz Mar\u00eda Reyes Collazo<\/p>\n","protected":false},"author":909,"featured_media":0,"parent":0,"menu_order":0,"comment_status":"closed","ping_status":"closed","template":"","meta":{"footnotes":""},"class_list":["post-10","page","type-page","status-publish","hentry","post-preview"],"_links":{"self":[{"href":"https:\/\/commons.princeton.edu\/spa342\/wp-json\/wp\/v2\/pages\/10","targetHints":{"allow":["GET"]}}],"collection":[{"href":"https:\/\/commons.princeton.edu\/spa342\/wp-json\/wp\/v2\/pages"}],"about":[{"href":"https:\/\/commons.princeton.edu\/spa342\/wp-json\/wp\/v2\/types\/page"}],"author":[{"embeddable":true,"href":"https:\/\/commons.princeton.edu\/spa342\/wp-json\/wp\/v2\/users\/909"}],"replies":[{"embeddable":true,"href":"https:\/\/commons.princeton.edu\/spa342\/wp-json\/wp\/v2\/comments?post=10"}],"version-history":[{"count":4,"href":"https:\/\/commons.princeton.edu\/spa342\/wp-json\/wp\/v2\/pages\/10\/revisions"}],"predecessor-version":[{"id":375,"href":"https:\/\/commons.princeton.edu\/spa342\/wp-json\/wp\/v2\/pages\/10\/revisions\/375"}],"wp:attachment":[{"href":"https:\/\/commons.princeton.edu\/spa342\/wp-json\/wp\/v2\/media?parent=10"}],"curies":[{"name":"wp","href":"https:\/\/api.w.org\/{rel}","templated":true}]}}