{"id":7,"date":"2025-05-14T16:42:24","date_gmt":"2025-05-14T16:42:24","guid":{"rendered":"https:\/\/commons.princeton.edu\/lights-camera-action\/?page_id=7"},"modified":"2026-01-23T12:29:01","modified_gmt":"2026-01-23T17:29:01","slug":"vocabulary","status":"publish","type":"page","link":"https:\/\/commons.princeton.edu\/sedecine\/vocabulary\/","title":{"rendered":"Vocabulario"},"content":{"rendered":"<p style=\"text-align: left\"><strong>Las personas que trabajan en la pel\u00edcula<\/strong><\/p>\n<p>ACTOR <span class=\"p\">m <\/span>ACTRIZ <span class=\"p\">f = persona que act\u00faa en la pel\u00edcula<\/span><\/p>\n<p>CINEASTA f\/m = director(a) de la pel\u00edcula, persona que hace pel\u00edculas<\/p>\n<p>ESPECTADORA\/OR <span class=\"p\">f\/m = persona que ve la pel\u00edcula<\/span><\/p>\n<p>PERSONAJE (PRINCIPAL) <span class=\"p\">f\/m = individuos <span data-id=\"VGqyuLj|VGtxgAo|VGuc9Wg\">reales<\/span> <span data-id=\"QlqTEX0|Qlr66uc|Qltkqeu\">o<\/span> <span data-id=\"L0FsQnh\">imaginarios<\/span> <span data-id=\"UkbUarn\">que<\/span> <span data-id=\"Hsknq2T\">figuran<\/span> <span data-id=\"EuPaWdO\">en<\/span> <span data-id=\"b67JJSq|b6hEWeB|b6iKApr\">una<\/span> <span data-id=\"QnrhaT6|Qo7V2Nd\">obra<\/span> <span data-id=\"NQzhI9R\">literaria<\/span>, <span data-id=\"ZHkivoy\">teatral<\/span> <span data-id=\"QlqTEX0|Qlr66uc|Qltkqeu\">o<\/span> <span data-id=\"9GFyWiR\">cinematogr\u00e1fica<\/span>.<\/span><\/p>\n<p>PROTAGONISTA <span class=\"p\">f\/m = personaje central<\/span><\/p>\n<p>REPARTO <span class=\"p\">m (tambi\u00e9n ELENCO) = miembros de actores en la pel\u00edcula<\/span><\/p>\n<p>&nbsp;<\/p>\n<p style=\"text-align: left\"><strong>Para describir lo que sucede en la pel\u00edcula<\/strong><\/p>\n<p>AL PRINCIPIO \/ AL FINAL <span class=\"p\">m = en la primera escena \/ en la \u00faltima escena<\/span><\/p>\n<p>BASADO\/A EN UNA HISTORIA REAL adj <span class=\"p\">= conectado con la realidad<\/span><\/p>\n<p>DESENLACE <span class=\"p\">m \/ <\/span>RESOLUCI\u00d3N <span class=\"p\">f = momento final de un film cuando resuelve feliz, tr\u00e1gicamente o con final abierto a varias posibilidades.<\/span><\/p>\n<p>HACER EL PAPEL DE<span class=\"p\">= interpretar a un personaje en la pel\u00edcula<\/span><\/p>\n<p>TEMA <span class=\"p\">m = idea central<\/span><\/p>\n<p>TENER LUGAR \/ SUCEDER<span class=\"p\">= donde ocurre la pel\u00edcula<\/span><\/p>\n<p>T\u00cdTULO <span class=\"p\">m = el nombre de la pel\u00edcula<\/span><\/p>\n<p>TRAMA <span class=\"p\">f <\/span><span class=\"p\">\u00a0= el argumento de la pel\u00edcula<\/span><\/p>\n<p>TRATARSE DE v <span class=\"p\">= ser sobre<\/span><\/p>\n<p>&nbsp;<\/p>\n<p style=\"text-align: left\"><strong>Los aspectos t\u00e9cnicos<\/strong><\/p>\n<p>BANDA SONORA <span class=\"p\">f = grabaci\u00f3n de m\u00fasica de la pel\u00edcula<\/span><\/p>\n<p>DOBLAJE <span class=\"p\">m = sustituci\u00f3n de la voz de actores con otra lengua<\/span><\/p>\n<p>ESCENA <span class=\"p\">f = partes de una obra dram\u00e1tica o una pel\u00edcula y que representa una determinada situaci\u00f3n, con los mismos personajes<\/span><\/p>\n<p>ESCENARIO <span class=\"p\">m = lugar o ambiente donde se desarrolla una acci\u00f3n o un acontecimiento (Nueva York, el bosque\u2026)<\/span><\/p>\n<p>GUION <span class=\"p\">m = narraci\u00f3n, di\u00e1logos, descripci\u00f3n de personajes y escenarios<\/span><\/p>\n<p>MONTAJE <span class=\"p\">m = proceso de elegir, cortar y pegar los diferentes trozos de pel\u00edcula<\/span><\/p>\n<p>PANTALLA <span class=\"p\">f = donde se proyectan im\u00e1genes<\/span><\/p>\n<p>SUBT\u00cdTULOS <span class=\"p\">m = letra de otra lengua escrita en la pantalla <\/span><\/p>\n<p>&nbsp;<\/p>\n<p style=\"text-align: left\"><strong>Algunas categor\u00edas de pel\u00edculas<\/strong><\/p>\n<p>ANUNCIO <span class=\"p\">m = video corto con el fin de vender un producto al p\u00fablico<\/span><\/p>\n<p>CORTOMETRAJE <span class=\"p\">m = producci\u00f3n cinematogr\u00e1fica que dura desde menos de 1 minuto hasta los 30 minutos<\/span><\/p>\n<p>G\u00c9NERO <span class=\"p\">m = forma de clasificar las pel\u00edculas por su tem\u00e1tica o estilo<\/span><\/p>\n<p>LARGOMETRAJE <span class=\"p\">m = pel\u00edcula de duraci\u00f3n superior a 60 minutos <\/span><\/p>\n<p>MEDIOMETRAJE <span class=\"p\">m = pel\u00edcula con duraci\u00f3n entre 30 y 60 minutos<\/span><\/p>\n<p>SECUELA <span class=\"p\">f = segunda pel\u00edcula con el mismo t\u00edtulo<\/span><\/p>\n<p>&nbsp;<\/p>\n<p style=\"text-align: left\"><strong>Lenguaje relacionado a la publicidad y recepci\u00f3n de la pel\u00edcula<\/strong><\/p>\n<p>CR\u00cdTICA <span class=\"p\">f = opini\u00f3n de un espectador<\/span><\/p>\n<p>CR\u00cdTICO\/A m\/f = persona que valora pel\u00edculas<\/p>\n<p>ESTRENO m = primera proyecci\u00f3n p\u00fablica de una pel\u00edcula (tambi\u00e9n, la &#8220;premier&#8221;)<\/p>\n<p>\u00c9XITO DE TAQUILLA <span class=\"p\">m = pel\u00edcula que gana mucho dinero\u00a0<\/span><\/p>\n<p>RESE\u00d1A f = evaluaci\u00f3n escrita por un\/a cr\u00edtico\/a de cine<\/p>\n<p>TR\u00c1ILER <span class=\"p\">m = el anuncio de una pel\u00edcula con escenas cortadas para promover la pel\u00edcula<\/span><\/p>\n<p>&nbsp;<\/p>\n<p><strong>ACTIVIDAD<\/strong><\/p>\n<p>Aqu\u00ed hay una lista de g\u00e9neros literarios comunes en el cine: ACCI\u00d3N, AVENTURA, <a href=\"https:\/\/dle.rae.es\/b\u00e9lico\" target=\"_blank\" rel=\"noopener\">B\u00c9LICA<\/a> adj, CIENCIA FICCI\u00d3N, COMEDIA, HIST\u00d3RICA adj, MUSICAL, POLICIACA adj, ROM\u00c1NTICA adj, SUSPENSE (tambi\u00e9n SUSPENSO), TERROR, DE VAQUEROS (tambi\u00e9n WESTERN o PEL\u00cdCULAS DEL OESTE).<\/p>\n<p>\u00bfCu\u00e1l de estas pel\u00edculas consumes con mayor frecuencia? Pon al menos 3 ejemplos de filmes que has visto de ese g\u00e9nero. \u00a0Luego indica si vas al cine a ver estrenos o si prefieres ver filmes por alguna aplicaci\u00f3n de <em>streaming. <\/em>Explica tu respuesta.<\/p>\n<p>Responde a la pregunta en tu cuaderno de tareas. Compartir\u00e1s tu respuesta durante la discusi\u00f3n en la siguiente clase.<\/p>\n","protected":false},"excerpt":{"rendered":"<p>Las personas que trabajan en la pel\u00edcula ACTOR m ACTRIZ f = persona que act\u00faa en la pel\u00edcula CINEASTA f\/m = director(a) de la pel\u00edcula, persona que hace pel\u00edculas ESPECTADORA\/OR f\/m = persona que ve la pel\u00edcula PERSONAJE (PRINCIPAL) f\/m = individuos reales o imaginarios que figuran en una obra literaria, teatral o cinematogr\u00e1fica. PROTAGONISTA [&hellip;]<\/p>\n","protected":false},"author":5,"featured_media":9,"parent":0,"menu_order":6,"comment_status":"closed","ping_status":"closed","template":"","meta":{"footnotes":""},"class_list":["post-7","page","type-page","status-publish","has-post-thumbnail","hentry","post-preview"],"_links":{"self":[{"href":"https:\/\/commons.princeton.edu\/sedecine\/wp-json\/wp\/v2\/pages\/7","targetHints":{"allow":["GET"]}}],"collection":[{"href":"https:\/\/commons.princeton.edu\/sedecine\/wp-json\/wp\/v2\/pages"}],"about":[{"href":"https:\/\/commons.princeton.edu\/sedecine\/wp-json\/wp\/v2\/types\/page"}],"author":[{"embeddable":true,"href":"https:\/\/commons.princeton.edu\/sedecine\/wp-json\/wp\/v2\/users\/5"}],"replies":[{"embeddable":true,"href":"https:\/\/commons.princeton.edu\/sedecine\/wp-json\/wp\/v2\/comments?post=7"}],"version-history":[{"count":37,"href":"https:\/\/commons.princeton.edu\/sedecine\/wp-json\/wp\/v2\/pages\/7\/revisions"}],"predecessor-version":[{"id":621,"href":"https:\/\/commons.princeton.edu\/sedecine\/wp-json\/wp\/v2\/pages\/7\/revisions\/621"}],"wp:featuredmedia":[{"embeddable":true,"href":"https:\/\/commons.princeton.edu\/sedecine\/wp-json\/wp\/v2\/media\/9"}],"wp:attachment":[{"href":"https:\/\/commons.princeton.edu\/sedecine\/wp-json\/wp\/v2\/media?parent=7"}],"curies":[{"name":"wp","href":"https:\/\/api.w.org\/{rel}","templated":true}]}}