{"id":390,"date":"2025-07-25T13:33:06","date_gmt":"2025-07-25T17:33:06","guid":{"rendered":"https:\/\/commons.princeton.edu\/lights-camera-action\/?page_id=390"},"modified":"2025-09-02T11:18:24","modified_gmt":"2025-09-02T15:18:24","slug":"bibliografia","status":"publish","type":"page","link":"https:\/\/commons.princeton.edu\/sedecine\/bibliografia\/","title":{"rendered":"Bibliograf\u00eda"},"content":{"rendered":"<p style=\"text-align: left\"><strong>Obras citadas<\/strong><\/p>\n<p>\u00c1lvarez \u00c1lvarez, Luis y Armando P\u00e9rez Padr\u00f3n. <em>Introducci\u00f3n al cine<\/em>. La Habana, Ediciones ICAIC, 2015.<\/p>\n<p><span style=\"font-weight: 400\">Hern\u00e1ndez Herrera, Pedro y Elina Hern\u00e1ndez Galarraga <em>et al<\/em>. <\/span><i><span style=\"font-weight: 400\">Glosario de t\u00e9rminos art\u00edsticos y t\u00e9cnicos<\/span><\/i><span style=\"font-weight: 400\">. La Habana, Ediciones ICAIC, 2012.\u00a0<\/span><\/p>\n<p><span style=\"font-weight: 400\">Santovenia, Rodolfo. <\/span><i><span style=\"font-weight: 400\">Diccionario de cine. T\u00e9rminos art\u00edsticos y t\u00e9cnicos. <\/span><\/i><span style=\"font-weight: 400\">La Habana, Editorial Arte y Literatura, 2006.<\/span><\/p>\n<p>&nbsp;<\/p>\n<p style=\"text-align: left\"><strong>Fuentes suplementarias<\/strong><\/p>\n<p><span style=\"font-weight: 400\">Bordwell, David y Kristin Thompson. <\/span><i><span style=\"font-weight: 400\">El arte cinematogr\u00e1fico: una introducci\u00f3n. <\/span><\/i><span style=\"font-weight: 400\">Barcelona, <\/span><span style=\"font-weight: 400\">Ediciones Paid\u00f3s, <\/span><span style=\"font-weight: 400\">1995.\u00a0<\/span><\/p>\n<p>Mart\u00edn, Marcel. <em>El lenguaje del cine<\/em>. Barcelona, Gedisa, 2013.<\/p>\n<p><span style=\"font-weight: 400\">Meier, Annemarie. <\/span><i><span style=\"font-weight: 400\">El cortometraje: el arte de narrar, emocionar y significar<\/span><\/i><span style=\"font-weight: 400\">. Universidad Iberoamericana A. C., 2023.<\/span><\/p>\n<p><span style=\"font-weight: 400\">Reyes, Dean Luis. <\/span><i><span style=\"font-weight: 400\">La forma realizada. El cine de animaci\u00f3n.\u00a0<\/span><\/i><span style=\"font-weight: 400\">La Habana, Ediciones ICAIC, 2014.<\/span><\/p>\n<p><span style=\"font-weight: 400\">Rojas Bez, Jos\u00e9. <\/span><i><span style=\"font-weight: 400\">El cine entre las artes. Reflexiones est\u00e9ticas sobre cine. <\/span><\/i><span style=\"font-weight: 400\">Autopublicado, <\/span><span style=\"font-weight: 400\">2022.<\/span><\/p>\n<p>&nbsp;<\/p>\n<p style=\"text-align: left\"><strong>En ingl\u00e9s<\/strong><\/p>\n<p><span style=\"font-weight: 400\">Barsam, Richard y Monahan, Dave. <\/span><i><span style=\"font-weight: 400\">Looking at Movies. An Introduction to Film. <\/span><\/i><span style=\"font-weight: 400\">W. W. <\/span><span style=\"font-weight: 400\">Norton &amp; Company, 2015.\u00a0\u00a0<\/span><\/p>\n<p><span style=\"font-weight: 400\">Bordwell, David y Kristin Thompson. <\/span><i><span style=\"font-weight: 400\">Film Art.<\/span><\/i><span style=\"font-weight: 400\"> Nueva York, McGraw-Hill, 2010. \u00a0<\/span><\/p>\n<p><span style=\"font-weight: 400\">Corrigan, Timothy<\/span><i><span style=\"font-weight: 400\">. A Short Guide to Writing about Film. <\/span><\/i><span style=\"font-weight: 400\">Glenview, IL, <\/span><span style=\"font-weight: 400\">Pearson, 2012.<\/span><\/p>\n<p><span style=\"font-weight: 400\">Gianetti, Louis. <\/span><i><span style=\"font-weight: 400\">Understanding Movies. <\/span><\/i><span style=\"font-weight: 400\">Boston, <\/span><span style=\"font-weight: 400\">Pearson, 2010.\u00a0<\/span><\/p>\n<p>&nbsp;<\/p>\n","protected":false},"excerpt":{"rendered":"<p>Obras citadas \u00c1lvarez \u00c1lvarez, Luis y Armando P\u00e9rez Padr\u00f3n. Introducci\u00f3n al cine. La Habana, Ediciones ICAIC, 2015. Hern\u00e1ndez Herrera, Pedro y Elina Hern\u00e1ndez Galarraga et al. Glosario de t\u00e9rminos art\u00edsticos y t\u00e9cnicos. La Habana, Ediciones ICAIC, 2012.\u00a0 Santovenia, Rodolfo. Diccionario de cine. T\u00e9rminos art\u00edsticos y t\u00e9cnicos. La Habana, Editorial Arte y Literatura, 2006. &nbsp; Fuentes [&hellip;]<\/p>\n","protected":false},"author":4134,"featured_media":0,"parent":0,"menu_order":8,"comment_status":"closed","ping_status":"closed","template":"","meta":{"footnotes":""},"class_list":["post-390","page","type-page","status-publish","hentry","post-preview"],"_links":{"self":[{"href":"https:\/\/commons.princeton.edu\/sedecine\/wp-json\/wp\/v2\/pages\/390","targetHints":{"allow":["GET"]}}],"collection":[{"href":"https:\/\/commons.princeton.edu\/sedecine\/wp-json\/wp\/v2\/pages"}],"about":[{"href":"https:\/\/commons.princeton.edu\/sedecine\/wp-json\/wp\/v2\/types\/page"}],"author":[{"embeddable":true,"href":"https:\/\/commons.princeton.edu\/sedecine\/wp-json\/wp\/v2\/users\/4134"}],"replies":[{"embeddable":true,"href":"https:\/\/commons.princeton.edu\/sedecine\/wp-json\/wp\/v2\/comments?post=390"}],"version-history":[{"count":17,"href":"https:\/\/commons.princeton.edu\/sedecine\/wp-json\/wp\/v2\/pages\/390\/revisions"}],"predecessor-version":[{"id":551,"href":"https:\/\/commons.princeton.edu\/sedecine\/wp-json\/wp\/v2\/pages\/390\/revisions\/551"}],"wp:attachment":[{"href":"https:\/\/commons.princeton.edu\/sedecine\/wp-json\/wp\/v2\/media?parent=390"}],"curies":[{"name":"wp","href":"https:\/\/api.w.org\/{rel}","templated":true}]}}