{"id":145,"date":"2025-07-14T14:55:57","date_gmt":"2025-07-14T18:55:57","guid":{"rendered":"https:\/\/commons.princeton.edu\/lights-camera-action\/?page_id=145"},"modified":"2026-01-16T14:53:34","modified_gmt":"2026-01-16T19:53:34","slug":"inicio","status":"publish","type":"page","link":"https:\/\/commons.princeton.edu\/sedecine\/","title":{"rendered":"El cine hispano: historia, cultura e identidad"},"content":{"rendered":"<div><\/div>\n<div>\n<p><span style=\"font-weight: 400\">El nombre <\/span><b>SeDeCine<\/b><span style=\"font-weight: 400\"> es un juego de palabras que combina las palabras <em>saber <\/em>(yo s\u00e9 de cine), <\/span><i><span style=\"font-weight: 400\">sede<\/span><\/i><span style=\"font-weight: 400\"> (centro de informaci\u00f3n) y <\/span><i><span style=\"font-weight: 400\">sed<\/span><\/i><span style=\"font-weight: 400\"> (deseo o necesidad de conocimiento). Esta plataforma digital tiene como prop\u00f3sito ayudarte a desarrollar un vocabulario especializado para comprender mejor los conceptos relacionados con el an\u00e1lisis cinematogr\u00e1fico en el curso <\/span><b>SPA 209: Spanish Language and Culture Through Cinema<\/b><span style=\"font-weight: 400\">. A trav\u00e9s de los recursos disponibles en <em>SeDecine<\/em>, concluir\u00e1s el curso con una comprensi\u00f3n m\u00e1s profunda tanto del an\u00e1lisis f\u00edlmico como del cine hispano.<\/span><\/p>\n<p><span style=\"font-weight: 400\">Lo que distingue al cine hispano \u2014es decir, el cine producido en pa\u00edses hispanohablantes\u2014 es que ofrece la oportunidad de explorar una amplia variedad de historias particulares de cada regi\u00f3n o pa\u00eds, estilos y contextos culturales. En este curso, por ejemplo, se incluyen obras de numerosos pa\u00edses: no solo de aquellos con las industrias m\u00e1s grandes (Espa\u00f1a, M\u00e9xico, Argentina), sino tambi\u00e9n de pa\u00edses como Cuba, Panam\u00e1, Per\u00fa, Uruguay, entre otros. Ver pel\u00edculas en espa\u00f1ol y situarlas en un contexto hispanohablante espec\u00edfico nos permite no solo analizar filmes en esta lengua, sino tambi\u00e9n comprender m\u00e1s profundamente a las comunidades de habla hispana y sus m\u00faltiples realidades sociales, hist\u00f3ricas e identitarias reflejadas en su cine.<\/span><\/p>\n<p><span style=\"font-weight: 400\">Cada secci\u00f3n o bloque informativo recorre las principales \u00e1reas t\u00e9cnicas del lenguaje cinematogr\u00e1fico. Primero se presentan los contenidos y luego se practican mediante ejercicios y debates en clase sobre las pel\u00edculas del curso. De esta forma, el aprendizaje del vocabulario t\u00e9cnico permite que cada estudiante entienda las distintas facetas de la industria f\u00edlmica: la <\/span><b>preproducci\u00f3n <\/b><span style=\"font-weight: 400\">(guion), la <\/span><b>producci\u00f3n<\/b><span style=\"font-weight: 400\"> (planos, puesta en escena, movimientos de c\u00e1mara) y la <\/span><b>postproducci\u00f3n<\/b><span style=\"font-weight: 400\"> (sonido, montaje).<\/span><\/p>\n<p><span style=\"font-weight: 400\">Las fuentes bibliogr\u00e1ficas utilizadas en <em>SeDecine<\/em> provienen de libros escritos por expertos en las artes visuales: cr\u00edticos, investigadores y docentes cuyos textos han sido publicados por la editorial del <\/span>Instituto Cubano de Arte e Industria Cinematogr\u00e1ficos (ICAIC)<span style=\"font-weight: 400\">. Cuba, de hecho, cuenta con una s\u00f3lida tradici\u00f3n en la cr\u00edtica de cine, cultivada por figuras como Guillermo Cabrera Infante, Enrique Colina y Rufo Caballero, entre otros, considerados referentes en este campo.<\/span><\/p>\n<p><span style=\"font-weight: 400\">En cuanto al lenguaje empleado en la plataforma, algunos conceptos cinematogr\u00e1ficos se presentan en ingl\u00e9s, franc\u00e9s o italiano, aunque muchos se traducen al espa\u00f1ol. Esto se debe a la influencia de industrias cinematogr\u00e1ficas hegem\u00f3nicas \u2014en particular las occidentales\u2014 que han establecido el uso predominante de ciertos t\u00e9rminos en su idioma original. Por ejemplo, los conceptos <\/span><i><span style=\"font-weight: 400\">mise-en-sc\u00e8ne<\/span><\/i><span style=\"font-weight: 400\">\u00a0del franc\u00e9s, o <\/span><i><span style=\"font-weight: 400\">racconto<\/span><\/i><span style=\"font-weight: 400\"> del italiano, se mantienen en sus respectivas lenguas de origen.<\/span><\/p>\n<p><span style=\"font-weight: 400\">Es cierto que el cine hispano no tiene la misma influencia mundial que el cine de Hollywood. No obstante, es importante recalcar que las industrias cinematogr\u00e1ficas hispanas han producido obras de gran calidad, \u00fanicas y representativas de sus respectivas sociedades y culturas. A continuaci\u00f3n, se presentan dos videos que describen las mejores pel\u00edculas de Espa\u00f1a y de Latinoam\u00e9rica en lo que va de este siglo.<\/span><\/p>\n<p>&nbsp;<\/p>\n<p><iframe loading=\"lazy\" title=\"Las 12 Mejores PELI\u0301CULAS ESPAN\u0303OLAS del Siglo XXI\" width=\"1080\" height=\"608\" src=\"https:\/\/www.youtube.com\/embed\/CPWh1sOHCoM?feature=oembed\" frameborder=\"0\" allow=\"accelerometer; autoplay; clipboard-write; encrypted-media; gyroscope; picture-in-picture; web-share\" referrerpolicy=\"strict-origin-when-cross-origin\" allowfullscreen><\/iframe><\/p>\n<p>&nbsp;<\/p>\n<\/div>\n<div><\/div>\n<div>\n<p>&nbsp;<\/p>\n<p><iframe loading=\"lazy\" title=\"La Mejor Pel\u00edcula de Cada Pa\u00eds de Latinoam\u00e9rica | Cine Latinoamericano.\" width=\"1080\" height=\"608\" src=\"https:\/\/www.youtube.com\/embed\/eRZMI9ZT5lY?feature=oembed\" frameborder=\"0\" allow=\"accelerometer; autoplay; clipboard-write; encrypted-media; gyroscope; picture-in-picture; web-share\" referrerpolicy=\"strict-origin-when-cross-origin\" allowfullscreen><\/iframe><\/p>\n<p><strong>ACTIVIDAD<\/strong><\/p>\n<p>\u00bfQu\u00e9 otras pel\u00edculas del cine hispano conoces? \u00bfDe qu\u00e9 pa\u00eds(es) vienen? \u00bfTe acuerdas de alg\u00fan elemento hist\u00f3rico o cultural de la trama? \u00bfQu\u00e9 impacto te dej\u00f3?<\/p>\n<p>Responde a la pregunta en tu cuaderno de tareas. Compartir\u00e1s tu respuesta durante la discusi\u00f3n en la siguiente clase.<\/p>\n<p>&nbsp;<\/p>\n<\/div>\n<hr \/>\n<table>\n<tbody>\n<tr>\n<td colspan=\"3\">Concepto, dise\u00f1o y desarrollo:<\/td>\n<\/tr>\n<tr>\n<td><img loading=\"lazy\" decoding=\"async\" class=\"alignnone size-medium wp-image-464\" src=\"https:\/\/commons.princeton.edu\/lights-camera-action\/wp-content\/uploads\/sites\/457\/2025\/08\/raquelmattson-prieto_092921_0008_web-225x300.jpg\" alt=\"\" width=\"225\" height=\"300\" srcset=\"https:\/\/commons.princeton.edu\/sedecine\/wp-content\/uploads\/sites\/457\/2025\/08\/raquelmattson-prieto_092921_0008_web-225x300.jpg 225w, https:\/\/commons.princeton.edu\/sedecine\/wp-content\/uploads\/sites\/457\/2025\/08\/raquelmattson-prieto_092921_0008_web-676x901.jpg 676w, https:\/\/commons.princeton.edu\/sedecine\/wp-content\/uploads\/sites\/457\/2025\/08\/raquelmattson-prieto_092921_0008_web.jpg 750w\" sizes=\"auto, (max-width: 225px) 100vw, 225px\" \/><\/p>\n<p><a href=\"https:\/\/spo.princeton.edu\/people\/raquel-mattson-prieto\">Raquel Mattson-Prieto\u00a0<\/a><\/td>\n<td><img loading=\"lazy\" decoding=\"async\" class=\"alignnone size-medium wp-image-463\" src=\"https:\/\/commons.princeton.edu\/lights-camera-action\/wp-content\/uploads\/sites\/457\/2025\/08\/rubensriol_092921_0005_copy-225x300.jpg\" alt=\"\" width=\"225\" height=\"300\" srcset=\"https:\/\/commons.princeton.edu\/sedecine\/wp-content\/uploads\/sites\/457\/2025\/08\/rubensriol_092921_0005_copy-225x300.jpg 225w, https:\/\/commons.princeton.edu\/sedecine\/wp-content\/uploads\/sites\/457\/2025\/08\/rubensriol_092921_0005_copy-676x901.jpg 676w, https:\/\/commons.princeton.edu\/sedecine\/wp-content\/uploads\/sites\/457\/2025\/08\/rubensriol_092921_0005_copy.jpg 750w\" sizes=\"auto, (max-width: 225px) 100vw, 225px\" \/><\/p>\n<p><a href=\"https:\/\/spo.princeton.edu\/people\/rubens-riol-g-1-0\">Rubens Riol<\/a><\/td>\n<td><img loading=\"lazy\" decoding=\"async\" class=\"alignnone size-medium wp-image-462\" src=\"https:\/\/commons.princeton.edu\/lights-camera-action\/wp-content\/uploads\/sites\/457\/2025\/08\/benjohnston-225x300.jpg\" alt=\"\" width=\"225\" height=\"300\" srcset=\"https:\/\/commons.princeton.edu\/sedecine\/wp-content\/uploads\/sites\/457\/2025\/08\/benjohnston-225x300.jpg 225w, https:\/\/commons.princeton.edu\/sedecine\/wp-content\/uploads\/sites\/457\/2025\/08\/benjohnston-676x901.jpg 676w, https:\/\/commons.princeton.edu\/sedecine\/wp-content\/uploads\/sites\/457\/2025\/08\/benjohnston.jpg 750w\" sizes=\"auto, (max-width: 225px) 100vw, 225px\" \/><\/p>\n<p><a href=\"https:\/\/mcgraw.princeton.edu\/people\/ben-johnston\">Ben Johnston<\/a><\/td>\n<\/tr>\n<\/tbody>\n<\/table>\n<p>&nbsp;<\/p>\n<p>Con el apoyo del <a href=\"https:\/\/mcgraw.princeton.edu\">McGraw Center for Teaching and Learning<\/a><\/p>\n","protected":false},"excerpt":{"rendered":"<p>El nombre SeDeCine es un juego de palabras que combina las palabras saber (yo s\u00e9 de cine), sede (centro de informaci\u00f3n) y sed (deseo o necesidad de conocimiento). Esta plataforma digital tiene como prop\u00f3sito ayudarte a desarrollar un vocabulario especializado para comprender mejor los conceptos relacionados con el an\u00e1lisis cinematogr\u00e1fico en el curso SPA 209: [&hellip;]<\/p>\n","protected":false},"author":4134,"featured_media":253,"parent":0,"menu_order":0,"comment_status":"closed","ping_status":"closed","template":"","meta":{"footnotes":""},"class_list":["post-145","page","type-page","status-publish","has-post-thumbnail","hentry","post-preview"],"_links":{"self":[{"href":"https:\/\/commons.princeton.edu\/sedecine\/wp-json\/wp\/v2\/pages\/145","targetHints":{"allow":["GET"]}}],"collection":[{"href":"https:\/\/commons.princeton.edu\/sedecine\/wp-json\/wp\/v2\/pages"}],"about":[{"href":"https:\/\/commons.princeton.edu\/sedecine\/wp-json\/wp\/v2\/types\/page"}],"author":[{"embeddable":true,"href":"https:\/\/commons.princeton.edu\/sedecine\/wp-json\/wp\/v2\/users\/4134"}],"replies":[{"embeddable":true,"href":"https:\/\/commons.princeton.edu\/sedecine\/wp-json\/wp\/v2\/comments?post=145"}],"version-history":[{"count":55,"href":"https:\/\/commons.princeton.edu\/sedecine\/wp-json\/wp\/v2\/pages\/145\/revisions"}],"predecessor-version":[{"id":615,"href":"https:\/\/commons.princeton.edu\/sedecine\/wp-json\/wp\/v2\/pages\/145\/revisions\/615"}],"wp:featuredmedia":[{"embeddable":true,"href":"https:\/\/commons.princeton.edu\/sedecine\/wp-json\/wp\/v2\/media\/253"}],"wp:attachment":[{"href":"https:\/\/commons.princeton.edu\/sedecine\/wp-json\/wp\/v2\/media?parent=145"}],"curies":[{"name":"wp","href":"https:\/\/api.w.org\/{rel}","templated":true}]}}