{"id":2,"date":"2019-10-28T12:40:57","date_gmt":"2019-10-28T12:40:57","guid":{"rendered":"https:\/\/commons.princeton.edu\/sao-paulo\/?page_id=2"},"modified":"2019-11-12T00:19:55","modified_gmt":"2019-11-12T00:19:55","slug":"sample-page","status":"publish","type":"page","link":"https:\/\/commons.princeton.edu\/sao-paulo\/sample-page\/","title":{"rendered":"O Curso"},"content":{"rendered":"\r\n<p style=\"text-align: center\"><span style=\"color: #000000\"><img loading=\"lazy\" decoding=\"async\" class=\"alignnone wp-image-10 size-full\" src=\"https:\/\/commons.princeton.edu\/sao-paulo\/wp-content\/uploads\/sites\/149\/2019\/11\/Foto-website-Yan-Tibet.jpg\" alt=\"\" width=\"1280\" height=\"500\" srcset=\"https:\/\/commons.princeton.edu\/sao-paulo\/wp-content\/uploads\/sites\/149\/2019\/11\/Foto-website-Yan-Tibet.jpg 1280w, https:\/\/commons.princeton.edu\/sao-paulo\/wp-content\/uploads\/sites\/149\/2019\/11\/Foto-website-Yan-Tibet-300x117.jpg 300w, https:\/\/commons.princeton.edu\/sao-paulo\/wp-content\/uploads\/sites\/149\/2019\/11\/Foto-website-Yan-Tibet-768x300.jpg 768w, https:\/\/commons.princeton.edu\/sao-paulo\/wp-content\/uploads\/sites\/149\/2019\/11\/Foto-website-Yan-Tibet-1024x400.jpg 1024w, https:\/\/commons.princeton.edu\/sao-paulo\/wp-content\/uploads\/sites\/149\/2019\/11\/Foto-website-Yan-Tibet-676x264.jpg 676w\" sizes=\"auto, (max-width: 1280px) 100vw, 1280px\" \/><\/span><span style=\"color: #000000\">Esse site apresenta a parceria internacional entre os cursos\u00a0<\/span><span style=\"color: #000000\"><em>S\u00e3o Paulo: Cultural and Urban Connections,\u00a0<\/em>do Departamento de Espanhol e Portugu\u00eas, da Universidade de Princeton,\u00a0<\/span><span style=\"color: #000000\"><i>O Lugar das Performances, <\/i>do n\u00facleo Diversitas, da Universidade de S\u00e3o Paulo,<\/span><span style=\"color: #000000\">e<i> <\/i><\/span><span style=\"color: #000000\">os integrantes da <\/span><em style=\"color: #000000\">Cia Mungunz\u00e1 de Teatro.<\/em><\/p>\r\n<p style=\"text-align: center\"><span style=\"color: #000000\">Consideramos que toda transforma\u00e7\u00e3o das rela\u00e7\u00f5es sociais passa pela cria\u00e7\u00e3o e ocupa\u00e7\u00e3o de espa\u00e7os de conviv\u00eancia m\u00faltiplos.\u00a0 A parceria permite <span style=\"font-weight: 400\">uma imers\u00e3o dial\u00f3gica, que, \u00e0 dist\u00e2ncia, aproxima comparativamente S\u00e3o Paulo-Princeton\/New Jersey-New York e o mundo vizinho ao redor.<\/span><\/span><\/p>\r\n<p style=\"text-align: center\"><strong>Professores:\u00a0 <\/strong><strong>S\u00e9rgio Bairon &amp;\u00a0 \u00a0Lucas Beda\u00a0 &amp;\u00a0 Veronica Gentili &amp;\u00a0 Sandra R.C.Nunes &amp;\u00a0 Marcelo Carnevale &amp; Mar\u00edlia Librandi &amp; Maria Ribeiro\u00a0 \u00a0 \u00a0 \u00a0 \u00a0 \u00a0 \u00a0 \u00a0 \u00a0 \u00a0 \u00a0 \u00a0 \u00a0 \u00a0 \u00a0 \u00a0 \u00a0 \u00a0 \u00a0 \u00a0 \u00a0 \u00a0 \u00a0 \u00a0 \u00a0 \u00a0 \u00a0 \u00a0 \u00a0 \u00a0 \u00a0 \u00a0 \u00a0 \u00a0 \u00a0 \u00a0 \u00a0 \u00a0 \u00a0 \u00a0 \u00a0 \u00a0 \u00a0 \u00a0 \u00a0 \u00a0 \u00a0 \u00a0 \u00a0 \u00a0 \u00a0 \u00a0 \u00a0 \u00a0 \u00a0 \u00a0 \u00a0 \u00a0 \u00a0 \u00a0 \u00a0 \u00a0 \u00a0 \u00a0 \u00a0 \u00a0 \u00a0 \u00a0 \u00a0 \u00a0 \u00a0 \u00a0 \u00a0 \u00a0 \u00a0 \u00a0 \u00a0 \u00a0 \u00a0 \u00a0 \u00a0 \u00a0 \u00a0 \u00a0 \u00a0 \u00a0 \u00a0 \u00a0 \u00a0 \u00a0 \u00a0 \u00a0 \u00a0 \u00a0 \u00a0 \u00a0 \u00a0 \u00a0 \u00a0 \u00a0 \u00a0 \u00a0 \u00a0 \u00a0 \u00a0 \u00a0 \u00a0 \u00a0 \u00a0<\/strong><\/p>\r\n","protected":false},"excerpt":{"rendered":"<p>Esse site apresenta a parceria internacional entre os cursos\u00a0S\u00e3o Paulo: Cultural and Urban Connections,\u00a0do Departamento de Espanhol e Portugu\u00eas, da Universidade de Princeton,\u00a0O Lugar das Performances, do n\u00facleo Diversitas, da Universidade de S\u00e3o Paulo,e os integrantes da Cia Mungunz\u00e1 de Teatro. Consideramos que toda transforma\u00e7\u00e3o das rela\u00e7\u00f5es sociais passa pela cria\u00e7\u00e3o e ocupa\u00e7\u00e3o de espa\u00e7os<\/p>\n<p><a class=\"more-link\" href=\"https:\/\/commons.princeton.edu\/sao-paulo\/sample-page\/\">Continue Reading<\/a><\/p>\n","protected":false},"author":5,"featured_media":0,"parent":0,"menu_order":0,"comment_status":"closed","ping_status":"closed","template":"","meta":{"footnotes":""},"categories":[],"tags":[8],"class_list":["post-2","page","type-page","status-publish","hentry","tag-professores","post-preview"],"_links":{"self":[{"href":"https:\/\/commons.princeton.edu\/sao-paulo\/wp-json\/wp\/v2\/pages\/2","targetHints":{"allow":["GET"]}}],"collection":[{"href":"https:\/\/commons.princeton.edu\/sao-paulo\/wp-json\/wp\/v2\/pages"}],"about":[{"href":"https:\/\/commons.princeton.edu\/sao-paulo\/wp-json\/wp\/v2\/types\/page"}],"author":[{"embeddable":true,"href":"https:\/\/commons.princeton.edu\/sao-paulo\/wp-json\/wp\/v2\/users\/5"}],"replies":[{"embeddable":true,"href":"https:\/\/commons.princeton.edu\/sao-paulo\/wp-json\/wp\/v2\/comments?post=2"}],"version-history":[{"count":42,"href":"https:\/\/commons.princeton.edu\/sao-paulo\/wp-json\/wp\/v2\/pages\/2\/revisions"}],"predecessor-version":[{"id":216,"href":"https:\/\/commons.princeton.edu\/sao-paulo\/wp-json\/wp\/v2\/pages\/2\/revisions\/216"}],"wp:attachment":[{"href":"https:\/\/commons.princeton.edu\/sao-paulo\/wp-json\/wp\/v2\/media?parent=2"}],"wp:term":[{"taxonomy":"category","embeddable":true,"href":"https:\/\/commons.princeton.edu\/sao-paulo\/wp-json\/wp\/v2\/categories?post=2"},{"taxonomy":"post_tag","embeddable":true,"href":"https:\/\/commons.princeton.edu\/sao-paulo\/wp-json\/wp\/v2\/tags?post=2"}],"curies":[{"name":"wp","href":"https:\/\/api.w.org\/{rel}","templated":true}]}}