{"id":751,"date":"2023-07-05T23:01:43","date_gmt":"2023-07-06T03:01:43","guid":{"rendered":"https:\/\/commons.princeton.edu\/makingvikings\/?page_id=751"},"modified":"2023-07-11T14:56:01","modified_gmt":"2023-07-11T18:56:01","slug":"voluspa-resources","status":"publish","type":"page","link":"https:\/\/commons.princeton.edu\/makingvikings\/voluspa-entangled\/voluspa-resources\/","title":{"rendered":"V\u00f6lusp\u00e1 Resources"},"content":{"rendered":"<h6>Primary Sources<\/h6>\n<p>Heaney, Seamus. \u201cNorth.\u201d In <em>North<\/em>. London: Faber, 1975.<\/p>\n<p>Hreinsson, Vi\u0111ar, trans.. \u201cThe Tale of Thorstein Bull\u2019s-Leg (\u00deorsteins \u00fe\u00e1ttr uxaf\u00f3ts).\u201d In <em>The <\/em><em>Complete Sagas of Icelanders Including 49 Tales<\/em>, 4:340\u201354. Reykjav\u00edk: Leifur Eir\u00edksson\u00a0Publishing, 1997.<\/p>\n<p>Sturluson, Snorri. \u201cGylfaginning.\u201d [The Tricking of Gylfi] In <em>Edda<\/em>, translated by Anthony Faulkes, 7\u201354. London: J. M. Dent, 1995.<\/p>\n<p>Terry, Patricia, trans. \u201cV\u00f6lusp\u00e1.\u201d In <em>Poems of the Elder Edda<\/em>, 2nd ed., 1\u201310. Philadelphia: University of Pennsylvania Press, 1990.<\/p>\n<h6>Secondary Sources<\/h6>\n<p>Byock, Jesse L. <em>Viking Age Iceland<\/em>. London: Penguin, 2001.<\/p>\n<p>Dunn, Charles. &#8220;Introduction.&#8221; In <em>Poems of the Elder Edda<\/em>, 2nd ed., xv-xxvi. Philadelphia: University of Pennsylvania Press, 1990.<\/p>\n<p>Graham-Campbell, James. <em>Viking Art<\/em>. 3rd ed. London: Thames and Hudson, 2021.<\/p>\n<p>National Museum of Denmark. \u201cA Seeress from Fyrkat?\u201d (<a href=\"https:\/\/en.natmus.dk\/historical-knowledge\/denmark\/prehistoric-period-until-1050-ad\/the-viking-%20age\/religion-magic-death-and-rituals\/a-seeress-from-fyrkat\/\">online<\/a>)<\/p>\n<p>Nordvig, Mathias, and Felix Riede. \u201cAre There Echoes of the AD 536 Event in the Viking Ragnarok Myth? A Critical Appraisal.\u201d <em>Environment and History<\/em> 24 (2018): 303\u201324.<\/p>\n<p>\u00d3lason, V\u00e9steinn. \u201cV\u00f6lusp\u00e1 and Time.\u201d In <em>The Nordic Apocalypse: Approaches to V\u00f6lusp\u00e1 and Nordic Days of Judgement<\/em>, edited by Terry Gunnel and Annette Lassen, 25-44. Turnhout: Brepols Publishers, 2013.<\/p>\n<p>P\u00e1lsson, Hermann. <em>V\u00f6lusp\u00e1: The Sybil&#8217;s Prophecy<\/em>. Edinburgh: Lockharton Press, 1996.<\/p>\n<p>P\u00e9tursson, P\u00e9tur. \u201cIntroduction.\u201d In <em>The Nordic Apocalypse: Approaches to V\u00f6lusp\u00e1 and Nordic Days of Judgement<\/em>, edited by Terry Gunnel and Annette Lassen, xiii-xvii. Turnhout: Brepols Publishers, 2013.<\/p>\n<p>Price, Neil. \u201cThe Home of Their Shapes.\u201d In <em>Children of Ash and Elm: A History of the Vikings<\/em>, 31\u201363. New York: Basic Books, 2020.<\/p>\n<p>Sigur\u00f0son, G\u00edsli. &#8220;<em>V\u00f6lusp\u00e1<\/em> as a Product of an Oral Tradition: What Does that Entail?&#8221; In <em>The Nordic Apocalypse: Approaches to V\u00f6lusp\u00e1 and Nordic Days of Judgement<\/em>, edited by Terry Gunnel and Annette Lassen, 45\u201362. Turnhout: Brepols Publishers, 2013.<\/p>\n<p>Terry, Patricia. \u201cPreface to the 1969 Edition.\u201d In <em>Poems of the Elder Edda<\/em>, 2nd ed., xi-xiv. Philadelphia: University of Pennsylvania Press, 1990.<\/p>\n<p>Viking Ship Museum. \u201cSea Stallion from Glendalough.\u201d (<a href=\"https:\/\/www.vikingeskibsmuseet.dk\/en\/professions\/the-boat-collection\/sea-stallion-from-glendalough\">online<\/a>)<\/p>\n<p>Walsh, Madeline. \u201cDressing for Ragnar\u00f6k? Commodifying, Appropriating and Fetishising Vikings.\u201d In <em>Digging into the Dark Ages: Early Medieval Public Archaeologies<\/em>, edited by Howard Williams and Pauline Clarke, 65\u201373. Oxford: Archaeopress Publishing, 2020.<\/p>\n<h6>Further Reading<\/h6>\n<p>Terry, Patricia, trans. Poems of the Elder Edda, 2nd ed. Philadelphia: University of Pennsylvania Press, 1990.<\/p>\n<p><em>\u00a0 \u00a0 \u00a0It&#8217;s important to remember that the V\u00f6lusp\u00e1 doesn&#8217;t exist in a vacuum. The other poems of the Elder Edda provide counterparts to both its form and subject; look for the characters we encounter in the V\u00f6lusp\u00e1 and how poetic meter changes from poem to poem.<\/em><\/p>\n<p>Thorpe, Benjamin, trans. \u201cV\u00f6lusp\u00e2. The Vala&#8217;s Prophecy.\u201d In <em>The Elder Eddas of Saemund Sigfusson; And the Younger Eddas of Snorre Sturleson<\/em>. Project Gutenberg: 2005. <a href=\"https:\/\/www.gutenberg.org\/files\/14726\/14726-h\/14726-h.htm\">Link.<\/a><\/p>\n<p><em>\u00a0 \u00a0 \u00a0Antiquated full, translation of the V\u00f6lusp\u00e1, originally released in 1906. It is interesting to compare how the methods of communicating these poems to and English speaking audience has changed in the past one-hundred years; the front matter is notable in this regard. Also includes the other poems of the Elder Edda and Snorri&#8217;s Prose Edda.<\/em><\/p>\n<h6>Acknowledgements<\/h6>\n<p>First and foremost, Professor Matthew Delvaux provided constant advice and guidance during the paper and throughout the course; thank you for making this paper and this class possible. It has been a wonderful semester. Mitra Abbaspour was very generous with her time and expertise on the museum exhibition craft. Julia Stern and Kate Wesely-Jones provided moral support throughout the project, and each and every member of our seminar shaped how I viewed the Viking Age. I would also like to thank all those who made our trip in Denmark possible\u2014from the scholars, to the drivers and hotel personnel, to those behind the scenes working the Humanities Council at Princeton. And, as always, thanks to my parents.<\/p>\n<p style=\"text-align: center\"><a href=\"https:\/\/commons.princeton.edu\/makingvikings\/voluspa-entangled\/coda-making-a-voluspa\/\">\u00ab Previous<\/a> | <a href=\"https:\/\/commons.princeton.edu\/makingvikings\/voluspa-entangled\/\">Home<\/a> | <a href=\"https:\/\/commons.princeton.edu\/makingvikings\/voluspa-entangled\/\">Next \u00bb<\/a><\/p>\n","protected":false},"excerpt":{"rendered":"<p>Primary Sources Heaney, Seamus. \u201cNorth.\u201d In North. London: Faber, 1975. Hreinsson, Vi\u0111ar, trans.. \u201cThe Tale of Thorstein Bull\u2019s-Leg (\u00deorsteins \u00fe\u00e1ttr uxaf\u00f3ts).\u201d In The Complete Sagas of Icelanders Including 49 Tales, 4:340\u201354. Reykjav\u00edk: Leifur Eir\u00edksson\u00a0Publishing, 1997. Sturluson, Snorri. \u201cGylfaginning.\u201d [The Tricking of Gylfi] In Edda, translated by Anthony Faulkes, 7\u201354. London: J. M. Dent, 1995. Terry,<\/p>\n<p><a class=\"more-link\" href=\"https:\/\/commons.princeton.edu\/makingvikings\/voluspa-entangled\/voluspa-resources\/\">Continue Reading<\/a><\/p>\n","protected":false},"author":4492,"featured_media":0,"parent":697,"menu_order":10,"comment_status":"closed","ping_status":"closed","template":"template-nosidebar.php","meta":{"footnotes":""},"class_list":["post-751","page","type-page","status-publish","hentry","post-preview"],"_links":{"self":[{"href":"https:\/\/commons.princeton.edu\/makingvikings\/wp-json\/wp\/v2\/pages\/751","targetHints":{"allow":["GET"]}}],"collection":[{"href":"https:\/\/commons.princeton.edu\/makingvikings\/wp-json\/wp\/v2\/pages"}],"about":[{"href":"https:\/\/commons.princeton.edu\/makingvikings\/wp-json\/wp\/v2\/types\/page"}],"author":[{"embeddable":true,"href":"https:\/\/commons.princeton.edu\/makingvikings\/wp-json\/wp\/v2\/users\/4492"}],"replies":[{"embeddable":true,"href":"https:\/\/commons.princeton.edu\/makingvikings\/wp-json\/wp\/v2\/comments?post=751"}],"version-history":[{"count":4,"href":"https:\/\/commons.princeton.edu\/makingvikings\/wp-json\/wp\/v2\/pages\/751\/revisions"}],"predecessor-version":[{"id":949,"href":"https:\/\/commons.princeton.edu\/makingvikings\/wp-json\/wp\/v2\/pages\/751\/revisions\/949"}],"up":[{"embeddable":true,"href":"https:\/\/commons.princeton.edu\/makingvikings\/wp-json\/wp\/v2\/pages\/697"}],"wp:attachment":[{"href":"https:\/\/commons.princeton.edu\/makingvikings\/wp-json\/wp\/v2\/media?parent=751"}],"curies":[{"name":"wp","href":"https:\/\/api.w.org\/{rel}","templated":true}]}}