{"id":736,"date":"2023-07-05T20:27:21","date_gmt":"2023-07-06T00:27:21","guid":{"rendered":"https:\/\/commons.princeton.edu\/makingvikings\/?page_id=736"},"modified":"2023-07-11T14:50:58","modified_gmt":"2023-07-11T18:50:58","slug":"other-beliefs-in-the-voluspa-christianity-and-the-strange-beings-of-the-land","status":"publish","type":"page","link":"https:\/\/commons.princeton.edu\/makingvikings\/voluspa-entangled\/other-beliefs-in-the-voluspa-christianity-and-the-strange-beings-of-the-land\/","title":{"rendered":"Other Beliefs in the V\u00f6lusp\u00e1: Christianity and the Strange Beings of the Land"},"content":{"rendered":"<blockquote><p>How fare the \u00c6sir?\u00a0 \u00a0 \u00a0How do the elves fare?<br \/>\nJotunheim seethes,\u00a0 \u00a0 \u00a0the \u00c6sir assemble;<br \/>\nat the stone doorways\u00a0 \u00a0 \u00a0of deep-stone dwellings<br \/>\ndwarves are moaning.\u00a0 \u00a0 \u00a0Seek you wisdom still?<\/p>\n<p><em>\u2014 The V\u00f6lusp\u00e1<\/em> (trans. Terry)<\/p><\/blockquote>\n<p>The <em>V\u00f6lusp\u00e1<\/em>\u2019s most obvious religious content is flashy. The cast of Norse gods, as wrought contemporaneously in expensive metal. But the poem also encodes a type of belief based more in ritual than in text or metalwork, one that hasn\u2019t been preserved as well as its higher-status counterpart. The <em>V\u00f6lusp\u00e1<\/em> suggests, but does not explicate, a cosmology of strange beings: dwarves, elves, giants, others. These names are recognizable to us today largely from their appropriation by British author J.R.R. Tolkien in his Middle Earth writings, and their subsequent influence on the genre of fantasy in literature, film, and video games. This influence is pervasive; a glance over the <em>V\u00f6lusp\u00e1<\/em> will reveal that many names from Tolkien&#8217;s <em>The Hobbit<\/em>, for instance (including Thorin, Fili, Kili, Thror, Thrain, and of course Gandalf) were lifted verbatim from the Old Norse text.<\/p>\n<p>Tolkien is an interesting author with whom to consider the <em>V\u00f6lusp\u00e1<\/em> for another reason: his writings are an example of explicit Christian synthesis of Old Norse culture, an appropriation with a long history in Iceland. The <em>V\u00f6lusp\u00e1<\/em> was put to paper by Christian scribes, later interpreted in prose by the Christian poet Snorri Sturluson (Dunn xvi). The <em>V\u00f6lusp\u00e1<\/em>&#8216;s content remains debated among scholars: to what degree can it be considered a truly pagan text? A Christian one? In this section we will use Tolkien as a jumping off point to consider the <em>V\u00f6lusp\u00e1<\/em> in the context both Christianity and the small, strange creatures of the earth, linking two types of \u2018other belief.\u2019<\/p>\n<h6>A different cosmology: beings of the land<\/h6>\n<p>Reading through the <em>V\u00f6lusp\u00e1<\/em>, one is confronted with a flood of beings. At different points in the poem, a reader will encounter \u201cgiants,\u201d \u201cNorns,\u201d \u201cvalkyries,\u201d \u201cdwarves,\u201d \u201celves,\u201d and any number of special animals, including a \u201cSerpent,\u201d a \u201cWolf,\u201d and in the poem&#8217;s very last moments, even a \u201cdragon.\u201d We might have associations from pop-culture for many of these beings\u2014a valkyrie might invoke the image of the aforementioned Tessa Thomson, for example. But others remain unknown, elusive.<\/p>\n<p>Neil Price writes about the other beings present in Old Norse belief in his book, <em>Children of Ash and Elm<\/em>. First, he laments the impossibility to picture the Norse mythos today: \u201cit would be disingenuous to claim that such beings can ever be truly viewed now without thinking of their later incarnations in Tolkien and other fantasy properties\u201d (56). But he also emphasizes the importance, even omnipresence of these beings in the Viking Age: \u201cAnyone moving through the landscapes&#8230; would have understood themselves to be in the midst of teeming life&#8230; [these beings,] that other population with whom humans shared their world&#8230;. played a far greater part in people&#8217;s everyday lives than&#8230; the gods\u201d (55-56). In other words, an attempt to reach across the divide is warranted.<\/p>\n<p>We get a glimpse of the importance of the unseen beings of the world in <em>The Saga of Thorstein Bull&#8217;s-Leg<\/em>:<\/p>\n<blockquote><p>The first provision in the pagan law code was that people should not sail ships with dragon&#8217;s heads at sea. But if people did, they were obliged to take the heads down before they came in sight of the land and not sail ashore with gaping heads of yawning snouts which would frighten the nature spirits of the land .<\/p>\n<p><em>\u2014 The Saga of Thorstein Bull&#8217;s Leg<\/em> (trans. Clark)<\/p><\/blockquote>\n<p>The \u201cfirst\u201d (and presumably most important) law inaugurated by the Althing warns against \u201cfrighten[ing]\u201d nature spirits. As Neil Price put it eloquently, \u201cSuch legal strictures tend not to be frivolous, so this should be taken seriously\u201d (55). What other manifestations do these beings take, and where can we find evidence of them in the <em>V\u00f6lusp\u00e1<\/em>? We see dwarves, the miners of Tolkien fame, in the midst of the poem&#8217;s Ragnar\u00f6k section:<\/p>\n<blockquote><p>at the stone doorways\u00a0 \u00a0 \u00a0of deep stone dwellings<br \/>\ndwarfs are moaning.<\/p>\n<p><em>\u2014 The V\u00f6lusp\u00e1<\/em> (trans. Terry)<\/p><\/blockquote>\n<p>Though they are \u201cdeep\u201d within their abodes in the stone, the dwarves are affected enough by the fighting to \u201cmoan.\u201d They are clearly connected to the world, feel the pain it feels. This points to two important elements of the unseen beings within the cosmology of the Norse religion: the strange beings may be hidden, but they are still important, omnipresent.<\/p>\n<p>Price laments the \u201cmedieval\u201d misconception that the dwarves were small, explaining that they were roughly the same size as humans and were \u201cskilled craftworkers, jewelers and miners.\u201d This is perhaps not so different from the widely proliferated fantasy version of dwarves. He also points out that dwarves were not particularly active in the human world: \u201cThey kept to themselves\u201d (57). How should we, as moderns, depict the dwarves, despite their paradoxical invisibility? One strategy is to take an object linked very closely with the unseen beings of the earth, something that is not often depicted in exhibits: pieces of the Icelandic landscape that contemporaries of the <em>V\u00f6lusp\u00e1<\/em> may even have interacted with.<\/p>\n<div id=\"attachment_737\" style=\"width: 5314px\" class=\"wp-caption aligncenter\"><a href=\"https:\/\/commons.princeton.edu\/makingvikings\/wp-content\/uploads\/sites\/359\/2023\/07\/Stone-Sculpture-from-Si\u0301dumu\u0301li.jpg\"><img loading=\"lazy\" decoding=\"async\" aria-describedby=\"caption-attachment-737\" class=\"size-full wp-image-737\" src=\"https:\/\/commons.princeton.edu\/makingvikings\/wp-content\/uploads\/sites\/359\/2023\/07\/Stone-Sculpture-from-Si\u0301dumu\u0301li.jpg\" alt=\"\" width=\"5304\" height=\"7952\" srcset=\"https:\/\/commons.princeton.edu\/makingvikings\/wp-content\/uploads\/sites\/359\/2023\/07\/Stone-Sculpture-from-Si\u0301dumu\u0301li.jpg 5304w, https:\/\/commons.princeton.edu\/makingvikings\/wp-content\/uploads\/sites\/359\/2023\/07\/Stone-Sculpture-from-Si\u0301dumu\u0301li-200x300.jpg 200w, https:\/\/commons.princeton.edu\/makingvikings\/wp-content\/uploads\/sites\/359\/2023\/07\/Stone-Sculpture-from-Si\u0301dumu\u0301li-683x1024.jpg 683w, https:\/\/commons.princeton.edu\/makingvikings\/wp-content\/uploads\/sites\/359\/2023\/07\/Stone-Sculpture-from-Si\u0301dumu\u0301li-768x1151.jpg 768w, https:\/\/commons.princeton.edu\/makingvikings\/wp-content\/uploads\/sites\/359\/2023\/07\/Stone-Sculpture-from-Si\u0301dumu\u0301li-1025x1536.jpg 1025w, https:\/\/commons.princeton.edu\/makingvikings\/wp-content\/uploads\/sites\/359\/2023\/07\/Stone-Sculpture-from-Si\u0301dumu\u0301li-676x1013.jpg 676w\" sizes=\"auto, (max-width: 5304px) 100vw, 5304px\" \/><\/a><p id=\"caption-attachment-737\" class=\"wp-caption-text\">Stone Sculpture from Si\u0301\u00f0umu\u0301li, Iceland.<br \/>Possible Madonna, 1400s?<br \/>Basalt, H. 1.86 m<br \/>(source: <a href=\"https:\/\/commons.wikimedia.org\/wiki\/File:20190623_NM_8809_(48469923277).jpg\">Wikimedia<\/a>)<\/p><\/div>\n<p>Here is a stone. It is old, very old, as most stones are. It seems to be special stone. It is carved (for a funerary purpose, perhaps?) but the carvings on it do not appear to be figural, or textual. They are <em>merely<\/em> shapes, which isn&#8217;t to say that they are merely anything; they simply don&#8217;t seem to have a distinct, abstractable meaning that&#8217;s been passed down to us. Perhaps something like this, with its own missing information, can stand as an oblique proxy, making tangible the parts of Norse belief we can&#8217;t comfortably comprehend.<\/p>\n<h6>Christianity and Syncretism<\/h6>\n<p>Is the <em>V\u00f6lusp\u00e1<\/em> Christian? Does it bear Christian traces? Such questions bear asking. None of the scholars dismiss them out of hand, but some give a direct answer. P\u00e1lsson wrote that the text was \u201cessentially pagan in spirit\u201d despite Christian borrowings (8) while Dunn says the <em>V\u00f6lusp\u00e1<\/em> and the other lays are \u201cbasically a product of the pre-Christian Norse culture of Norway\u201d (xvi). This isn&#8217;t an attitude directly contradicted by the text, but not necessarily confirmed by it, either. Some of the complication comes from the fact that the poem exists in two different manuscript versions. One, the <em>Hauksbok<\/em> version, contain several lines not in the <em>Codex Regius<\/em> version of the text:<\/p>\n<blockquote><p>The mighty one comes down\u00a0 \u00a0 \u00a0on the day of doom,<br \/>\nthe powerful lord\u00a0 \u00a0 \u00a0who rules over all.<\/p>\n<p><em>\u2014 The V\u00f6lusp\u00e1<\/em> (trans. Terry)<\/p><\/blockquote>\n<p>Patricia Terry does not include these lines in the main body of her translated text. In her notes, she argues that the lines have \u201cChristian connotations,\u201d that it make difficult for them to reconciled with the rest of the poem. She says the lines are \u201chard to fit into the chronology and what seems to be the spirit of the poem\u201d (10). V\u00e9steinn \u00d3lason goes further than Terry, saying \u201cit seems obvious that this being is modelled upon the image of the Christian God\u201d (36), and, later, that the argument of the lines \u201cis totally out of touch with the other parts of the poem.\u201d He says that \u201cIn [his] opinion\u201d the lines were a late and hasty addition, an \u201cattempt to mediate between the pagan world view of the poem and the Christian world view.\u201d (37).<\/p>\n<p>Arguments intending to find an original, pagan poem within the <em>V\u00f6lusp\u00e1<\/em> are important for our understand of the text&#8217;s history, but they remain controversial. G\u00edsli Sigur\u00f0son wrote a different chapter in the same book as \u00d3lason. According to him, such an original or pagan <em>V\u00f6lusp\u00e1<\/em> does not exist. The <em>V\u00f6lusp\u00e1<\/em> was derived from an oral narrative, therefore:<\/p>\n<blockquote><p>[O]ur present V\u00f6lusp\u00e1(s) [i.e., according to the different manuscripts] is\/are a reflection of how Christian Icelanders in the thirteenth and fourteenth centuries interpreted what they knew about the pagan religion and pagan world view from their foremothers and -fathers&#8230;. this model means that what we call the V\u00f6lusp\u00e1 can not be seen as being either Icelandic or Norwegian, Sami or English, pagan or Christian.<br \/>\n\u2014 Sigur\u00f0son, &#8220;<em>V\u00f6lusp\u00e1<\/em> as a Product of an Oral Tradition&#8221;<\/p><\/blockquote>\n<p>Purity in the <em>V\u00f6lusp\u00e1<\/em> is, in Sigur\u00f0son&#8217;s opinion, a lost cause. We must take the texts we have at their own level, without searching for something that fits neatly with a pre-determined shape or perspective for the text. We can bring a similar method to material culture, especially in contexts where pagan and Christian registers\u2014as we identify them\u2014seem blurred.<\/p>\n<div id=\"attachment_743\" style=\"width: 789px\" class=\"wp-caption aligncenter\"><a href=\"https:\/\/commons.princeton.edu\/makingvikings\/wp-content\/uploads\/sites\/359\/2023\/07\/Gosforth-Fragment.jpg\"><img loading=\"lazy\" decoding=\"async\" aria-describedby=\"caption-attachment-743\" class=\"size-full wp-image-743\" src=\"https:\/\/commons.princeton.edu\/makingvikings\/wp-content\/uploads\/sites\/359\/2023\/07\/Gosforth-Fragment.jpg\" alt=\"\" width=\"779\" height=\"1573\" srcset=\"https:\/\/commons.princeton.edu\/makingvikings\/wp-content\/uploads\/sites\/359\/2023\/07\/Gosforth-Fragment.jpg 779w, https:\/\/commons.princeton.edu\/makingvikings\/wp-content\/uploads\/sites\/359\/2023\/07\/Gosforth-Fragment-149x300.jpg 149w, https:\/\/commons.princeton.edu\/makingvikings\/wp-content\/uploads\/sites\/359\/2023\/07\/Gosforth-Fragment-507x1024.jpg 507w, https:\/\/commons.princeton.edu\/makingvikings\/wp-content\/uploads\/sites\/359\/2023\/07\/Gosforth-Fragment-768x1551.jpg 768w, https:\/\/commons.princeton.edu\/makingvikings\/wp-content\/uploads\/sites\/359\/2023\/07\/Gosforth-Fragment-761x1536.jpg 761w, https:\/\/commons.princeton.edu\/makingvikings\/wp-content\/uploads\/sites\/359\/2023\/07\/Gosforth-Fragment-676x1365.jpg 676w\" sizes=\"auto, (max-width: 779px) 100vw, 779px\" \/><\/a><p id=\"caption-attachment-743\" class=\"wp-caption-text\">Engraved stone from Gosforth, EN.<br \/>Sandstone, H. 70 cm.<br \/>(source: <a href=\"https:\/\/commons.wikimedia.org\/wiki\/File:Gosforth_fishing.jpg\">Wikimedia<\/a>)<\/p><\/div>\n<p>Above is an engraving of a \u201cfragmentary slab&#8230; in the church at Gosforth, Cumbria\u201d (Graham-Campbell 156). Like the image of Thor at Altuna, in Section II, it depicts a figure with a hammer fishing\u2014Thor fishing for the world serpent during Ragnar\u00f6k. Where this image differs is in its context. It was found in the same graveyard as another artifact, the Gosforth cross. According to Graham-Campbell, the Gosforth cross mixes scenes from Ragnar\u00f6k with images from Christian theology (173). Given the shared location, might this picture stone have been created in a similar milieu to the cross, where pagan and Christian bounds are being breached? The Altuna picture stone and this slab depict almost identical scenes. But the Gosforth fragment exists in a context where a new symbolism is emerging or has emerged.<\/p>\n<p>Despite a divergent setting, the two images are not entirely discrete. The worldview of one object&#8217;s context (apparently entirely pagan) bleeds, by association, into another&#8217;s (tenuously Christian). Where is the line between them? Is there a satisfactory differentiation? Perhaps our fixation with the divide between pagan and Christian sources is a modern construction. Perhaps the apparent incoherence in symbolism we see in material such as these\u2014or texts like the <em>V\u00f6lusp\u00e1<\/em>\u2014is rather a fluidity that remains difficult for us, in our rigidity, to confront.<\/p>\n<p style=\"text-align: center\"><a href=\"https:\/\/commons.princeton.edu\/makingvikings\/voluspa-entangled\/sidebar-3-using-science-to-place-the-voluspa\/\">\u00ab Previous<\/a> | <a href=\"https:\/\/commons.princeton.edu\/makingvikings\/voluspa-entangled\/\">Home<\/a> | <a href=\"https:\/\/commons.princeton.edu\/makingvikings\/voluspa-entangled\/sidebar-4-snorri-sturluson\/\">Next \u00bb<\/a><\/p>\n","protected":false},"excerpt":{"rendered":"<p>How fare the \u00c6sir?\u00a0 \u00a0 \u00a0How do the elves fare? Jotunheim seethes,\u00a0 \u00a0 \u00a0the \u00c6sir assemble; at the stone doorways\u00a0 \u00a0 \u00a0of deep-stone dwellings dwarves are moaning.\u00a0 \u00a0 \u00a0Seek you wisdom still? \u2014 The V\u00f6lusp\u00e1 (trans. Terry) The V\u00f6lusp\u00e1\u2019s most obvious religious content is flashy. The cast of Norse gods, as wrought contemporaneously in expensive<\/p>\n<p><a class=\"more-link\" href=\"https:\/\/commons.princeton.edu\/makingvikings\/voluspa-entangled\/other-beliefs-in-the-voluspa-christianity-and-the-strange-beings-of-the-land\/\">Continue Reading<\/a><\/p>\n","protected":false},"author":4492,"featured_media":0,"parent":697,"menu_order":7,"comment_status":"closed","ping_status":"closed","template":"template-nosidebar.php","meta":{"footnotes":""},"class_list":["post-736","page","type-page","status-publish","hentry","post-preview"],"_links":{"self":[{"href":"https:\/\/commons.princeton.edu\/makingvikings\/wp-json\/wp\/v2\/pages\/736","targetHints":{"allow":["GET"]}}],"collection":[{"href":"https:\/\/commons.princeton.edu\/makingvikings\/wp-json\/wp\/v2\/pages"}],"about":[{"href":"https:\/\/commons.princeton.edu\/makingvikings\/wp-json\/wp\/v2\/types\/page"}],"author":[{"embeddable":true,"href":"https:\/\/commons.princeton.edu\/makingvikings\/wp-json\/wp\/v2\/users\/4492"}],"replies":[{"embeddable":true,"href":"https:\/\/commons.princeton.edu\/makingvikings\/wp-json\/wp\/v2\/comments?post=736"}],"version-history":[{"count":6,"href":"https:\/\/commons.princeton.edu\/makingvikings\/wp-json\/wp\/v2\/pages\/736\/revisions"}],"predecessor-version":[{"id":944,"href":"https:\/\/commons.princeton.edu\/makingvikings\/wp-json\/wp\/v2\/pages\/736\/revisions\/944"}],"up":[{"embeddable":true,"href":"https:\/\/commons.princeton.edu\/makingvikings\/wp-json\/wp\/v2\/pages\/697"}],"wp:attachment":[{"href":"https:\/\/commons.princeton.edu\/makingvikings\/wp-json\/wp\/v2\/media?parent=736"}],"curies":[{"name":"wp","href":"https:\/\/api.w.org\/{rel}","templated":true}]}}