{"id":719,"date":"2023-07-05T14:13:31","date_gmt":"2023-07-05T18:13:31","guid":{"rendered":"https:\/\/commons.princeton.edu\/makingvikings\/?page_id=719"},"modified":"2023-10-15T14:56:30","modified_gmt":"2023-10-15T18:56:30","slug":"building-a-cast-of-characters","status":"publish","type":"page","link":"https:\/\/commons.princeton.edu\/makingvikings\/voluspa-entangled\/building-a-cast-of-characters\/","title":{"rendered":"Building a Cast of Characters"},"content":{"rendered":"<p>Then the \u00c6sir\u00a0 \u00a0 \u00a0in Idav\u00f6ll<br \/>\nbuilt altars, temples,\u00a0 \u00a0 \u00a0high-timbered halls<br \/>\nset up forges\u00a0 \u00a0 \u00a0to fashion gold,<br \/>\nstrong tools\u00a0 \u00a0 \u00a0and well-shaped tongs.<\/p>\n<p><em>\u2014 The V\u00f6lusp\u00e1<\/em> (trans. Terry)<br \/>\nIf you ask someone today to picture the Norse god Thor, there is a very good chance the image brought to their mind will be that of Chris Hemsworth. The Australian actor reached superstardom depicting the god-turned-superhero in the Marvel Cinematic Universe, notably in the 2017 film <em>Thor: Ragnarok<\/em>, which took inspiration from the myth presented in the <em>V\u00f6lusp\u00e1<\/em>. Director Taika Waititi made a world populated by many familiar names in Norse myth, including Odin, Loki, Heimdall, and a Valkyrie\u2014portrayed by A-list actors Sir Anthony Hopkins, Tom Hiddleston, Idris Elba, and Tessa Thomson, respectively. This has culminated in what may be one of the stranger paradoxes of modernity: the Norse gods are, in some sense, just as \u2018alive\u2019 for the average American today as they were when they were actively worshipped, a thousand years ago.<\/p>\n<p>The vikings didn&#8217;t have human actors to depict their gods, but they did have methods for conceptualizing them\u2014methods just as alien to us as our 21st-century film industry might be to them. Neil Price is a scholar of archaeology, notably of viking religion, based at the University of Uppsala. In his book chapter, \u201cThe Homes of their Shapes,\u201c from <em>Children of Ash and Elm<\/em>, Price is quick to emphasize the strangeness of the viking gods (31). How did the vikings imagine their gods? How might their methods for doing inform our reading of the poem and challenge our Marvel-tinged conceptions of Norse religion? First, we&#8217;ll take a birds-eye view of the two families of Norse gods, before turning to specific examples of how individual gods were imagined\u2014often in physical, material form.<br \/>\n\u00c6sir and Vanir<br \/>\nAny attempt to understand the Norse gods will first have to acknowledge their complexity. \u201cAs in most primitive religions,\u201d writes Charles Dunn, in his introduction to <em>The Elder Edda<\/em>, \u201cthe Norse concept was comprehensive and systematic; the relation of gods to man provided a vital working hypothesis concerning the origins and nature of man&#8217;s universe\u201d (xvii). Dunn places forming a religious cosmology at the heart of poems like the <em>V\u00f6lusp\u00e1<\/em>. Price emphasizes both heterogeneity and locality in viking belief, arguing that there is \u201cno fully comprehensible geography of the Norse cosmos\u201d and that the stories \u201cprobably also varied considerably across&#8230; Scandinavia\u201d (32). Piecing together a \u201ccoherent sense\u201d (as Price puts it) to viking religion will end in abstraction if not in failure; the only safe place to turn is back to the songs and items the vikings left behind, tangible traces of their belief.<\/p>\n<p>The Norse gods make an appearance in the first lines of the <em>V\u00f6lusp\u00e1<\/em>, signaling their importance to the poem:<br \/>\nHear my words,\u00a0 \u00a0 \u00a0you holy gods,<br \/>\ngreat men and humble\u00a0 \u00a0 \u00a0sons of Heimdall,<br \/>\nby Odin&#8217;s will,\u00a0 \u00a0 \u00a0I&#8217;ll speak the ancient lore,<br \/>\nthe oldest of all\u00a0 \u00a0 \u00a0that I remember.<\/p>\n<p><em>\u2014 The V\u00f6lusp\u00e1<\/em> (trans. Terry)<br \/>\nThe first words of the <em>volva<\/em> are addressed to the gods; two are named specifically, Heimdall and Odin. The <em>volva<\/em> shows deference to the high god Odin, only speaking \u201cby his will.\u201d The narrator uses \u201cgods,\u201d a generalized term, to refer to all Norse deities. The Norse gods, however, are not a homogenous group. The distinction doesn&#8217;t exist in much of today&#8217;s pop- culture, but the <em>V\u00f6lusp\u00e1<\/em> clarifies it quickly. Odin is the leader of not all the gods, but one of two families of gods, the \u2018\u00c6sir.\u2019 Price describes them as \u201cpatriarchal\u201d and \u201cviolent\u201c (40). The other family of gods is the Vanir, to Price, \u201cgods of the earth and its riches\u201d (40). Relations between the two families of gods are not always peaceful; the first battle in the <em>V\u00f6lusp\u00e1<\/em> marks their conflict:<br \/>\nOdin&#8217;s spear\u00a0 \u00a0 \u00a0shot into the host\u2014<br \/>\nthis was the first war\u00a0 \u00a0 \u00a0fought in the world.<br \/>\nThe wall of Asgard\u00a0 \u00a0 \u00a0proved too weak\u2014<br \/>\nthe victory was won\u00a0 \u00a0 \u00a0by Vanir magic.<\/p>\n<p><em>\u2014 The V\u00f6lusp\u00e1<\/em> (trans. Terry)<br \/>\nClearly, the distinction between the \u00c6sir and Vanir families is important\u2014important enough to generate the \u201cthe first war\/fought in the world.\u201d The scene ends with a loss for the \u00c6sir. \u201cThe wall of Asgard,\u201d according to Price the \u201cPlace of the \u00c6sir\u201d (37), is broken. The loss, however, is not lingered upon. In Terry&#8217;s translation, there is a gap in the narrative, and the next scene depicts a gathering between the two families, if not allyship.<br \/>\nThen the mighty gods\u00a0 \u00a0 \u00a0met to give judgement<br \/>\nthe holy gods\u00a0 \u00a0 \u00a0took council together:<br \/>\nwho had filled the air\u00a0 \u00a0 \u00a0with evil speech<br \/>\noffered to a giant\u00a0 \u00a0 \u00a0the goddess Freyja?<\/p>\n<p><em>\u2014 The V\u00f6lusp\u00e1<\/em> (trans. Terry)<br \/>\nThe gods meet to deliberate a wrong done to Freyja, one of the Vanir; it can be assumed that both families of \u201cgods\u201d are present. In an undefined moment between stanzas the \u00c6sir and Vanir reconciled, and formed a body that could \u201cmeet\u201d and \u201ccouncil\u201d as well as fight. The word \u201cgods\u201d in this latter passage of the <em>V\u00f6lusp\u00e1<\/em>\u2014repeated twice in as many lines\u2014mirrors its unclarified usage in the first line of the poem. The meeting&#8217;s conclusion is not happy. Thor, son of Odin and one of the \u00c6sir, starts a second conflict. But this conflict is not based on otherness but a breach of contract: \u201cvows were broken,\/promises betrayed.\u201d The clear distinction between the \u00c6sir and the Vanir, while never vanishing altogether, is tested after the gods first fight. They may quarrel again, but only after forming a political body, in some sense moving past their differences while retaining a sense of identity. The pop-culture imagination of the Norse gods, then, is two steps removed from knowing the gods as they were in the viking age. Most today don&#8217;t know that the gods were divided; and that division wasn&#8217;t nearly as clear cut as it may seem.<br \/>\nOdin (or Freyja?)<br \/>\nThe lack of clear-cut distinctions\u2014as we see them\u2014in Norse religion is well illustrated by the \u2018Odin\u2019 figure, found in Lejre, Denmark. Lejre was the site of the Beowulf legend, the center of Danish power before Roskilde gained prominence. The figure is finely wrought of silver; despite its minute stature of 1.8 centimeters, its careful working implies great value, perhaps ritual importance (Graham-Campbell 163).<\/p>\n<div id=\"attachment_335\" style=\"width: 2570px\" class=\"wp-caption aligncenter\"><a href=\"https:\/\/commons.princeton.edu\/makingvikings\/wp-content\/uploads\/sites\/359\/2023\/05\/Lejre-Figure-scaled.jpg\"><img decoding=\"async\" aria-describedby=\"caption-attachment-335\" src=\"https:\/\/commons.princeton.edu\/makingvikings\/wp-content\/uploads\/sites\/359\/2023\/05\/Lejre-Figure-scaled.jpg\" alt=\"\" \/><\/a><p id=\"caption-attachment-335\" class=\"wp-caption-text\">Figure from Lejre, DK.<br \/>Silver with niello inlay.<br \/>1.8\u00d72.0\u00d71.3 cm.<br \/>(source: <a href=\"https:\/\/commons.wikimedia.org\/wiki\/File:Odin_fra_Lejre_(8423840948).jpg\">Wikimedia<\/a>)<\/p><\/div>\n<p>The figure sits on a throne. Because of its placement at a site of power, some have identified it as Odin, the highest of the Norse gods. In the V\u00f6lusp\u00e1, the volva describes the famous scene of Odin sacrificing his eye for wisdom:<br \/>\nI know everything\u2014\u00a0 \u00a0 \u00a0where you left your eye<br \/>\nOdin, in the water\u00a0 \u00a0 \u00a0of Mimir&#8217;s well.<\/p>\n<p><em>\u2014 The V\u00f6lusp\u00e1<\/em> (trans. Terry)<br \/>\nNeil Price argues that the apparent missing eye on the statue may be further evidence that it represents Odin (43). James Graham-Campbell, a historian of viking art, argues that the two ravens on each side of the throne may represent Hugin and Munin, two messengers associated with Odin (163). There&#8217;s only one problem: both authors suggest that the statue&#8217;s clothing is often interpreted as a woman&#8217;s (43, 163). Why would Odin be depicted in women&#8217;s clothing? Does the figure represent Odin at all?<\/p>\n<p>According to Graham-Campbell, another common theory as to the identity of the seated figure is the goddess Frejya\u2014 not only a different god, but with a different gender, from an entirely different family of deities. Such unresolvable ambiguities are implicit in attempts to schematize viking religion from objects. Neil Price argues it is \u201cunwise and unnecessary\u201d to identify the \u2018Odin\u2019 figure precisely (ctd. Graham-Campbell 163), but we can still draw a few conclusions from the piece. Heterogeneity of belief in the Viking Age may render it unwieldy to define the figure precisely; more likely the knowledge that would have been able to identify the figure, perhaps transmitted orally, has since been lost. Either way, there clearly wasn&#8217;t only one way to depict either Odin or Frejya. The physical form of the gods in art had a certain fluidity, leaving it up to the artist&#8217;s interpretation. Our current difficulty is in delineating what may have influenced these interpretations.<\/p>\n<p>The vikings were willing to make images of important figures, and out of precious materials. Silver&#8217;s price may account for the figure&#8217;s diminutive size, but such a size also permits mobility. This image of the god isn&#8217;t necessarily fixed to a single geographical place, it may have moved around and spread an image of deity from one place to another. Finally, the vikings were willing to embed power in physical form. The figure, though not precisely identifiable, is carefully forged, with a variety of shapes: straight draping lines off the shoulder cape, scored bands around the chest, dots running down each leg. It&#8217;s impossible to know the precise meaning of these structures\u2014almost a cognate to the impossibility of identifying the precise figure. But even if we don&#8217;t know <em>what<\/em> was depicted, we can see <em>how<\/em> the vikings found meaning in objects: shape, form, and craftsmanship.<br \/>\nThor<br \/>\nWe will end this section with a discussion of Thor, probably the most recognizable Norse god today. For Patricia Terry, translator of the <em>V\u00f6lusp\u00e1<\/em>, Thor is the \u201cpersonification of strength without intellect\u201d (xii). For Charles Dunn, he is \u201cthe god of thunder, controlled the forces of nature, and as the supreme wielder of weapons he was therefore revered by hand-smiting warriors\u201d (xviii). Neil Price emphasizes his hammer: \u201cFound on pendants and on amulet rings, these items are the most common objects associated with the traditional religion\u201c (45). The scholars derived these impressions from texts and materials sources; where can we find reflections on the objects themselves?<\/p>\n<div id=\"attachment_727\" style=\"width: 1011px\" class=\"wp-caption aligncenter\"><a href=\"https:\/\/commons.princeton.edu\/makingvikings\/wp-content\/uploads\/sites\/359\/2023\/07\/Altuna-Runestone-scaled.jpg\"><img decoding=\"async\" aria-describedby=\"caption-attachment-727\" src=\"https:\/\/commons.princeton.edu\/makingvikings\/wp-content\/uploads\/sites\/359\/2023\/07\/Altuna-Runestone-scaled.jpg\" alt=\"\" \/><\/a><p id=\"caption-attachment-727\" class=\"wp-caption-text\">Altuna Runestone (U 1161).<br \/>Granite.<br \/>H 1.95 m.<br \/>(source: <a href=\"https:\/\/commons.wikimedia.org\/wiki\/File:U1161_Altunastenen_Tors_fiskaf%C3%A4nge_2.jpg\">Wikimedia<\/a>)<\/p><\/div>\n<p>Above is a picture stone of Thor from Altuna in Uppland, Sweden. Unlike the Odin\/Freyja figure, Thor is not only precisely identifiable, but identifiable in two ways. He holds a hammer identical to the hammer amulets that Neil Price described. In addition, the image depicts a scene from the Ragnar\u00f6k section of the <em>V\u00f6lusp\u00e1<\/em>, when Thor fights the world serpent:<br \/>\nFar-famed Thor,\u00a0 \u00a0 \u00a0the son of Earth,<br \/>\nthe son of Odin,\u00a0 \u00a0 \u00a0goes forth to fight the Snake.<\/p>\n<p><em>\u2014 The V\u00f6lusp\u00e1<\/em> (trans. Terry)<br \/>\nThe story in the <em>V\u00f6lusp\u00e1<\/em>, however, is missing the specific element of the fight that renders it identifiable: while fishing for the world serpent, Thor&#8217;s feet break through the bottom of his boat (Graham-Campbell 185).<\/p>\n<p>Thor <em>is<\/em> clearly identified in this image, though not necessarily by physical features. We don&#8217;t see that he is \u201cpersonification of strength\u201d because of a representation of muscles, for example. We know he is by the placement of a symbolic marker (the hammer) and a clear reference to a narrative in wide proliferation throughout the broader viking world. It&#8217;s worth mentioning that versions of the same story appear in different locations: while the <em>V\u00f6lusp\u00e1<\/em> associated with Iceland (possibly Norway) and the picture stone in Altuna do not have the same version of Thor&#8217;s fight with the world serpent, both have enough of the story that audiences connect representation to mythological event\u2014and identify the central deity.<\/p>\n<p>Perhaps the viking gods didn&#8217;t exist in quite the same way we visualize them: with the discrete physical characteristics of Chris Hemsworth or Anthony Hopkins. Perhaps they existed more changeably, as a conglomeration of stories and symbols and embedded physical forms, creating less of a cosmology and more of a firmament: if you know some of the shapes, you can pick out some of the events, several of the constellations. Most things will be illegible, but the lasting questions are part of the continued interest. There&#8217;s always another story\u2014for them as much as for us\u2014that one won&#8217;t have discovered just yet.<\/p>\n<p><a href=\"https:\/\/commons.princeton.edu\/makingvikings\/voluspa-entangled\/sidebar-1-the-voluspa-and-iceland\/\">\u00ab Previous<\/a> | <a href=\"https:\/\/commons.princeton.edu\/makingvikings\/voluspa-entangled\/\">Home<\/a> | <a href=\"https:\/\/commons.princeton.edu\/makingvikings\/voluspa-entangled\/sidebar-2-the-appropriation-of-ragnarok\/\">Next \u00bb<\/a><\/p>\n","protected":false},"excerpt":{"rendered":"<p>Then the \u00c6sir\u00a0 \u00a0 \u00a0in Idav\u00f6ll built altars, temples,\u00a0 \u00a0 \u00a0high-timbered halls set up forges\u00a0 \u00a0 \u00a0to fashion gold, strong tools\u00a0 \u00a0 \u00a0and well-shaped tongs. \u2014 The V\u00f6lusp\u00e1 (trans. Terry) If you ask someone today to picture the Norse god Thor, there is a very good chance the image brought to their mind will be<\/p>\n<p><a class=\"more-link\" href=\"https:\/\/commons.princeton.edu\/makingvikings\/voluspa-entangled\/building-a-cast-of-characters\/\">Continue Reading<\/a><\/p>\n","protected":false},"author":4492,"featured_media":0,"parent":697,"menu_order":3,"comment_status":"closed","ping_status":"closed","template":"template-nosidebar.php","meta":{"footnotes":""},"class_list":["post-719","page","type-page","status-publish","hentry","post-preview"],"_links":{"self":[{"href":"https:\/\/commons.princeton.edu\/makingvikings\/wp-json\/wp\/v2\/pages\/719","targetHints":{"allow":["GET"]}}],"collection":[{"href":"https:\/\/commons.princeton.edu\/makingvikings\/wp-json\/wp\/v2\/pages"}],"about":[{"href":"https:\/\/commons.princeton.edu\/makingvikings\/wp-json\/wp\/v2\/types\/page"}],"author":[{"embeddable":true,"href":"https:\/\/commons.princeton.edu\/makingvikings\/wp-json\/wp\/v2\/users\/4492"}],"replies":[{"embeddable":true,"href":"https:\/\/commons.princeton.edu\/makingvikings\/wp-json\/wp\/v2\/comments?post=719"}],"version-history":[{"count":7,"href":"https:\/\/commons.princeton.edu\/makingvikings\/wp-json\/wp\/v2\/pages\/719\/revisions"}],"predecessor-version":[{"id":952,"href":"https:\/\/commons.princeton.edu\/makingvikings\/wp-json\/wp\/v2\/pages\/719\/revisions\/952"}],"up":[{"embeddable":true,"href":"https:\/\/commons.princeton.edu\/makingvikings\/wp-json\/wp\/v2\/pages\/697"}],"wp:attachment":[{"href":"https:\/\/commons.princeton.edu\/makingvikings\/wp-json\/wp\/v2\/media?parent=719"}],"curies":[{"name":"wp","href":"https:\/\/api.w.org\/{rel}","templated":true}]}}