{"id":717,"date":"2023-07-05T14:07:12","date_gmt":"2023-07-05T18:07:12","guid":{"rendered":"https:\/\/commons.princeton.edu\/makingvikings\/?page_id=717"},"modified":"2023-07-06T09:01:19","modified_gmt":"2023-07-06T13:01:19","slug":"sidebar-1-the-voluspa-and-iceland","status":"publish","type":"page","link":"https:\/\/commons.princeton.edu\/makingvikings\/voluspa-entangled\/sidebar-1-the-voluspa-and-iceland\/","title":{"rendered":"Sidebar 1. The V\u00f6lusp\u00e1 and Iceland"},"content":{"rendered":"<p>For this exhibit, we will be situating the <em>V\u00f6lusp\u00e1<\/em> in Iceland, and examining it from an Icelandic context. There are good reasons for this: texts containing the <em>V\u00f6lusp\u00e1<\/em> are Icelandic (\u00d3lason 25), and the scribes who recorded it likely were as well (Sigur\u00f0son 57). But this isn&#8217;t the only perspective on the <em>V\u00f6lusp\u00e1<\/em>&#8216;s origins. Charles Dunn, for example, associates the text with both Norway and Iceland (xvi). Hermann P\u00e1lsson has a hypothesis even further afield. He argues that some elements of the text were only given an \u201cIcelandic slant\u201d by the scribe and historian Snorri Snurluson (35). If the Icelanders didn&#8217;t play the most important role in the <em>V\u00f6lusp\u00e1<\/em>&#8216;s creation, who might have? P\u00e1lsson argues that the Sami, an indigenous group in Northern Scandinavia, may have made the greatest impression: \u201c<em>V\u00f6lusp\u00e1<\/em> may have been composed by a poetess who had been fostered by the Sami in Finnmarken, so the opening scene could have been based on actual experience\u201d (30). This response is idiosyncratic in the scholarly community, but dramatizes just how open the histories behind these texts may be. Though we primarily discuss Iceland in this exhibition, we display items from Sweden to Denmark, under the assumption that connected trade routes may have created a shared symbology across the viking world. Be on the lookout for when this occurs. Might this mislead or detract from our study of the <em>V\u00f6lusp\u00e1<\/em>? What might it add?<\/p>\n<p style=\"text-align: center\"><a href=\"https:\/\/commons.princeton.edu\/makingvikings\/voluspa-entangled\/what-makes-the-voluspa-difficult\/\">\u00ab Previous<\/a> | <a href=\"https:\/\/commons.princeton.edu\/makingvikings\/voluspa-entangled\/\">Home<\/a> | <a href=\"https:\/\/commons.princeton.edu\/makingvikings\/voluspa-entangled\/building-a-cast-of-characters\/\">Next \u00bb<\/a><\/p>\n","protected":false},"excerpt":{"rendered":"<p>For this exhibit, we will be situating the V\u00f6lusp\u00e1 in Iceland, and examining it from an Icelandic context. There are good reasons for this: texts containing the V\u00f6lusp\u00e1 are Icelandic (\u00d3lason 25), and the scribes who recorded it likely were as well (Sigur\u00f0son 57). But this isn&#8217;t the only perspective on the V\u00f6lusp\u00e1&#8216;s origins. Charles<\/p>\n<p><a class=\"more-link\" href=\"https:\/\/commons.princeton.edu\/makingvikings\/voluspa-entangled\/sidebar-1-the-voluspa-and-iceland\/\">Continue Reading<\/a><\/p>\n","protected":false},"author":4492,"featured_media":0,"parent":697,"menu_order":2,"comment_status":"closed","ping_status":"closed","template":"template-nosidebar.php","meta":{"footnotes":""},"class_list":["post-717","page","type-page","status-publish","hentry","post-preview"],"_links":{"self":[{"href":"https:\/\/commons.princeton.edu\/makingvikings\/wp-json\/wp\/v2\/pages\/717","targetHints":{"allow":["GET"]}}],"collection":[{"href":"https:\/\/commons.princeton.edu\/makingvikings\/wp-json\/wp\/v2\/pages"}],"about":[{"href":"https:\/\/commons.princeton.edu\/makingvikings\/wp-json\/wp\/v2\/types\/page"}],"author":[{"embeddable":true,"href":"https:\/\/commons.princeton.edu\/makingvikings\/wp-json\/wp\/v2\/users\/4492"}],"replies":[{"embeddable":true,"href":"https:\/\/commons.princeton.edu\/makingvikings\/wp-json\/wp\/v2\/comments?post=717"}],"version-history":[{"count":3,"href":"https:\/\/commons.princeton.edu\/makingvikings\/wp-json\/wp\/v2\/pages\/717\/revisions"}],"predecessor-version":[{"id":763,"href":"https:\/\/commons.princeton.edu\/makingvikings\/wp-json\/wp\/v2\/pages\/717\/revisions\/763"}],"up":[{"embeddable":true,"href":"https:\/\/commons.princeton.edu\/makingvikings\/wp-json\/wp\/v2\/pages\/697"}],"wp:attachment":[{"href":"https:\/\/commons.princeton.edu\/makingvikings\/wp-json\/wp\/v2\/media?parent=717"}],"curies":[{"name":"wp","href":"https:\/\/api.w.org\/{rel}","templated":true}]}}