{"id":637,"date":"2023-05-24T22:50:07","date_gmt":"2023-05-25T02:50:07","guid":{"rendered":"https:\/\/commons.princeton.edu\/makingvikings\/?page_id=637"},"modified":"2023-07-10T13:32:15","modified_gmt":"2023-07-10T17:32:15","slug":"indigenization-ibn-fadlan","status":"publish","type":"page","link":"https:\/\/commons.princeton.edu\/makingvikings\/indigenization\/indigenization-ibn-fadlan\/","title":{"rendered":"Indigenization: Ibn Fadlan"},"content":{"rendered":"<p>There exist few parallels, particularly from Middle Eastern sources, to Ibn Fa\u1e0dl\u0101n\u2019s travel account about a group of R\u016bs, a medieval Arabic ethnic term very frequently used for Vikings, living along the Volga River in modern-day Russia.<sup><a id=\"note1\" href=\"#fn1\">1<\/a><\/sup> Visiting the R\u016bs was not Ibn Fa\u1e0dl\u0101n\u2019s original intention as he was instead sent as an ambassador by the Abbasid caliph to the Volga Bulgars, who had recently converted to Islam. However, Ibn Fa\u1e0dl\u0101n wrote extensively about his experience with the Volga Bulghars, as well as the R\u016bs he encountered on his trip, in the tenth century CE as part of his <em>Ris\u0101la<\/em>, a popular genre of travel literature in the medieval Middle East through which he presumably sought to document his ambassadorial experience.<\/p>\n<div id=\"attachment_577\" style=\"width: 602px\" class=\"wp-caption aligncenter\"><a href=\"https:\/\/commons.princeton.edu\/makingvikings\/wp-content\/uploads\/sites\/359\/2023\/05\/Ibn-Fadlan-Ridawiya-Library-MS-5229-fol.-196v-p.-390.jpg\"><img loading=\"lazy\" decoding=\"async\" aria-describedby=\"caption-attachment-577\" class=\"size-full wp-image-577\" src=\"https:\/\/commons.princeton.edu\/makingvikings\/wp-content\/uploads\/sites\/359\/2023\/05\/Ibn-Fadlan-Ridawiya-Library-MS-5229-fol.-196v-p.-390.jpg\" alt=\"\" width=\"592\" height=\"794\" srcset=\"https:\/\/commons.princeton.edu\/makingvikings\/wp-content\/uploads\/sites\/359\/2023\/05\/Ibn-Fadlan-Ridawiya-Library-MS-5229-fol.-196v-p.-390.jpg 592w, https:\/\/commons.princeton.edu\/makingvikings\/wp-content\/uploads\/sites\/359\/2023\/05\/Ibn-Fadlan-Ridawiya-Library-MS-5229-fol.-196v-p.-390-224x300.jpg 224w\" sizes=\"auto, (max-width: 592px) 100vw, 592px\" \/><\/a><p id=\"caption-attachment-577\" class=\"wp-caption-text\">Ibn Fadlan&#8217;s Risala.<br \/>Ridawiya MS 5229 fol. 196v.<br \/>(source: <a href=\"https:\/\/commons.wikimedia.org\/wiki\/File:Ibn_Fadhlan_manuscript.jpg\">Wikimedia<\/a>)<\/p><\/div>\n<p>As are many when discussing Ibn Fa\u1e0dl\u0101n, I was concerned as to whether his accounts can be interpreted as referring to Vikings. R\u016bs, in medieval Arabic, was often used very broadly and Ibn Fa\u1e0dl\u0101n\u2019s <em>Ris\u0101la<\/em> discussion of the Volga encompasses a multiplicity of ethnic groups. Thorir Jonsson Hraundal, in his article about Arabic sources about the R\u016bs, argues that Arabic literary sources about R\u016bs living along the Volga should be interpreted as being Vikings and, in the process, he helps elucidate the significance of works like Ibn Fa\u1e0dl\u0101n\u2019s in studying the Viking Age.<sup><a id=\"note2\" href=\"#fn2\">2<\/a><\/sup> Setting aside traditional accounts of R\u016bs history such as <em>The Primary Chronicle<\/em> due to their obvious influence from biblical and Byzantine sources, Hraundal argues that medieval Arabic accounts have long been neglected as valid sources of information about Vikings in Eastern Europe and, more importantly for this study, argues that Ibn Fa\u1e0dl\u0101n\u2019s description of a R\u016bs funeral exhibits strong similarities to Old Norse sagas from the thirteenth century CE describing funerary practices of the cult of Odin. For me, not only does looking at Hraundal help validate the use of Ibn Fa\u1e0dl\u0101n as an authentic source regarding the Vikings, but he also implicitly provides certain guidelines as to how to look at and analyze medieval Arabic sources about the R\u016bs such as Ibn Fa\u1e0dl\u0101n\u2019s.<\/p>\n<p>Regarding Ibn Fa\u1e0dl\u0101n\u2019s ris\u0101la itself, his depiction of the R\u016bs is very negative. Although he praises the appearance, calling them \u201cperfect,\u201d he takes strong issue and disgust with almost every aspect of their culture, describing them as filthy and with no shame or modesty when it came to intercourse. However, it is important to keep in mind that Ibn Fa\u1e0dl\u0101n\u2019s perception of the Vikings is strongly shaped by his Islamic background. When he calls their mode of morning purification filthy, it is presumably done so in comparison to the Muslim ritual purification before prayer. He takes issue with R\u016bs men not bathing after intercourse because it is a religious commandment to do so. Although Ibn Fa\u1e0dl\u0101n\u2019s account does not contain an aspect of outside culture that\u2019s indigenized by the Vikings, it reminds us that this path to indigenization is not a one-road street. When we read Ibn Fa\u1e0dl\u0101n, we must constantly be aware that we are reading an account of the Vikings through a Muslim lens. All their features, positive or negative, are constantly being positioned against Islam. It is an etic account of the Vikings, through and through.<\/p>\n<div id=\"attachment_638\" style=\"width: 2058px\" class=\"wp-caption aligncenter\"><a href=\"https:\/\/commons.princeton.edu\/makingvikings\/wp-content\/uploads\/sites\/359\/2023\/05\/Silver-Artifacts-from-Moesgaard-Museum.jpg\"><img loading=\"lazy\" decoding=\"async\" aria-describedby=\"caption-attachment-638\" class=\"size-full wp-image-638\" src=\"https:\/\/commons.princeton.edu\/makingvikings\/wp-content\/uploads\/sites\/359\/2023\/05\/Silver-Artifacts-from-Moesgaard-Museum.jpg\" alt=\"\" width=\"2048\" height=\"1536\" srcset=\"https:\/\/commons.princeton.edu\/makingvikings\/wp-content\/uploads\/sites\/359\/2023\/05\/Silver-Artifacts-from-Moesgaard-Museum.jpg 2048w, https:\/\/commons.princeton.edu\/makingvikings\/wp-content\/uploads\/sites\/359\/2023\/05\/Silver-Artifacts-from-Moesgaard-Museum-300x225.jpg 300w, https:\/\/commons.princeton.edu\/makingvikings\/wp-content\/uploads\/sites\/359\/2023\/05\/Silver-Artifacts-from-Moesgaard-Museum-1024x768.jpg 1024w, https:\/\/commons.princeton.edu\/makingvikings\/wp-content\/uploads\/sites\/359\/2023\/05\/Silver-Artifacts-from-Moesgaard-Museum-768x576.jpg 768w, https:\/\/commons.princeton.edu\/makingvikings\/wp-content\/uploads\/sites\/359\/2023\/05\/Silver-Artifacts-from-Moesgaard-Museum-1536x1152.jpg 1536w, https:\/\/commons.princeton.edu\/makingvikings\/wp-content\/uploads\/sites\/359\/2023\/05\/Silver-Artifacts-from-Moesgaard-Museum-676x507.jpg 676w\" sizes=\"auto, (max-width: 2048px) 100vw, 2048px\" \/><\/a><p id=\"caption-attachment-638\" class=\"wp-caption-text\">Silver Artifacts from the Exhibition &#8220;Vikings in the East.&#8221;<br \/>Moesgaard Museum, DK (2022).<br \/>(source: <a href=\"https:\/\/www.facebook.com\/photo\/?fbid=5418981381511453&amp;set=pcb.5418986248177633\">F Androshchuk<\/a>)<\/p><\/div>\n<p>This is not necessarily always a negative thing. Take, for example, how Ibn Fa\u1e0dl\u0101n describes part of a ritual following the death of a chieftain. His female slave, who is to be killed to accompany her former master into the afterlife, is raised in the air multiple times and is quoted as saying, \u201c\u2018Look, I see my master, seated in the Garden. The Garden is beautiful and dark green. He is with his men and his retainers. He summons me. Go to him.\u2019\u201d While we are unsure if the R\u016bs believed in Valhalla or not, we cannot tell from this text alone. That\u2019s because the garden that Ibn Fa\u1e0dl\u0101n speaks of is likely an obvious comparison being made to the Islamic afterlife, which is described as being a garden. The afterlife of the R\u016bs is likely translated as \u201cGarden\u201d to facilitate a better understanding for Ibn Fa\u1e0dl\u0101n or his audience \u2014 whether the semantic shift to \u201cGarden\u201d from whatever the enslaved woman actually said happened with Ibn Fa\u1e0dl\u0101n\u2019s translator or Ibn Fa\u1e0dl\u0101n himself as he recorded the event in his <em>Ris\u0101la<\/em> is unknown. In any case, despite Hraundal\u2019s claim that Ibn Fa\u1e0dl\u0101n\u2019s account of R\u016bs funerary practices exhibits similarities to those we see in certain Old Norse sagas, we must be aware of the element of indigenization that exists in Ibn Fa\u1e0dl\u0101n as well. Far from ignoring it, however, we should see it both as a way to see how Arab Muslims like Ibn Fa\u1e0dl\u0101n put groups like the R\u016bs into perspective as well as how a normative, literary history of the Vikings is crafted.<\/p>\n<hr \/>\n<p><sup><a id=\"fn1\" href=\"#note1\">1<\/a><\/sup> A\u1e25mad Ibn Fa\u1e0dl\u0101n, \u201cMission to the Volga,\u201d ed. James E. Montgomery, in <em>Two Arabic Travel Books: Accounts of India and China<\/em>, edited by Philip F. Kennedy and Shawkat M. Toorawa, 163\u2013297, Library of Arabic Literature, (New York: New York University Press, 2014).<br \/>\n<sup><a id=\"fn2\" href=\"#note2\">2<\/a><\/sup> Thorir Jonsson Hraundal, \u201cNew Perspectives on Eastern Vikings\/Rus in Arabic Sources,\u201d Viking and Medieval Scandinavia 10 (2014): 65\u201398.<\/p>\n<p style=\"text-align: center\"><a href=\"https:\/\/commons.princeton.edu\/makingvikings\/indigenization\/indigenization-the-life-of-ansgar\/\">\u00ab Previous<\/a> | <a href=\"https:\/\/commons.princeton.edu\/makingvikings\/indigenization\/\">Home<\/a>\u00a0| <a href=\"https:\/\/commons.princeton.edu\/makingvikings\/indigenization\/\">Next \u00bb<\/a><\/p>\n","protected":false},"excerpt":{"rendered":"<p>There exist few parallels, particularly from Middle Eastern sources, to Ibn Fa\u1e0dl\u0101n\u2019s travel account about a group of R\u016bs, a medieval Arabic ethnic term very frequently used for Vikings, living along the Volga River in modern-day Russia.1 Visiting the R\u016bs was not Ibn Fa\u1e0dl\u0101n\u2019s original intention as he was instead sent as an ambassador by<\/p>\n<p><a class=\"more-link\" href=\"https:\/\/commons.princeton.edu\/makingvikings\/indigenization\/indigenization-ibn-fadlan\/\">Continue Reading<\/a><\/p>\n","protected":false},"author":4492,"featured_media":0,"parent":518,"menu_order":6,"comment_status":"closed","ping_status":"closed","template":"template-nosidebar.php","meta":{"footnotes":""},"class_list":["post-637","page","type-page","status-publish","hentry","post-preview"],"_links":{"self":[{"href":"https:\/\/commons.princeton.edu\/makingvikings\/wp-json\/wp\/v2\/pages\/637","targetHints":{"allow":["GET"]}}],"collection":[{"href":"https:\/\/commons.princeton.edu\/makingvikings\/wp-json\/wp\/v2\/pages"}],"about":[{"href":"https:\/\/commons.princeton.edu\/makingvikings\/wp-json\/wp\/v2\/types\/page"}],"author":[{"embeddable":true,"href":"https:\/\/commons.princeton.edu\/makingvikings\/wp-json\/wp\/v2\/users\/4492"}],"replies":[{"embeddable":true,"href":"https:\/\/commons.princeton.edu\/makingvikings\/wp-json\/wp\/v2\/comments?post=637"}],"version-history":[{"count":5,"href":"https:\/\/commons.princeton.edu\/makingvikings\/wp-json\/wp\/v2\/pages\/637\/revisions"}],"predecessor-version":[{"id":858,"href":"https:\/\/commons.princeton.edu\/makingvikings\/wp-json\/wp\/v2\/pages\/637\/revisions\/858"}],"up":[{"embeddable":true,"href":"https:\/\/commons.princeton.edu\/makingvikings\/wp-json\/wp\/v2\/pages\/518"}],"wp:attachment":[{"href":"https:\/\/commons.princeton.edu\/makingvikings\/wp-json\/wp\/v2\/media?parent=637"}],"curies":[{"name":"wp","href":"https:\/\/api.w.org\/{rel}","templated":true}]}}