{"id":380,"date":"2023-05-18T14:13:30","date_gmt":"2023-05-18T18:13:30","guid":{"rendered":"https:\/\/commons.princeton.edu\/makingvikings\/?page_id=380"},"modified":"2023-07-10T12:32:02","modified_gmt":"2023-07-10T16:32:02","slug":"farm-field","status":"publish","type":"page","link":"https:\/\/commons.princeton.edu\/makingvikings\/animals-and-food\/farm-field\/","title":{"rendered":"Farm &amp; Field"},"content":{"rendered":"<p style=\"text-align: center\">Farmwork was one of the most common livlihoods for the Norse, with many people both raising animals and using them for labor.<\/p>\n<hr \/>\n<table>\n<tbody>\n<tr style=\"vertical-align: top\">\n<td width=\"50%\">\u201cHe sat on a grave-mound, striking a harp, Eggther, glad to guard the giants&#8217; herds; close to him, the bright red cock, Fjalar, crowed from the gallows tree.\u201d<\/p>\n<p style=\"text-align: right\"><em>V\u00f6lusp\u00e1<\/em>, 29<\/p>\n<\/td>\n<td width=\"50%\">In the <em>V\u00f6lusp\u00e1<\/em>, a rooster is described crowing from a tree while an individual keeps an eye on a giant&#8217;s livestock herd.<\/td>\n<\/tr>\n<\/tbody>\n<\/table>\n<table>\n<tbody>\n<tr style=\"vertical-align: top\">\n<td width=\"50%\">\u201cHe was among the foremost men in that land. However, he did not have more than twenty head of cattle and twenty sheep and twenty pigs, and the little that he ploughed he ploughed with horses. But their wealth consists mostly of the tax that the Finnas pay them. The tax consists of animal&#8217;s skins and of birds\u2019 feathers and whale&#8217;s bone.\u201d<\/p>\n<p style=\"text-align: right\"><em>Ohthere and Wulfstan<\/em>, 46<\/p>\n<\/td>\n<td width=\"50%\"><em>Ohthere and Wulfstan<\/em> and <em>Gylfaginning<\/em> both describe using horses to plow farm land or haul stone. Besides horses, other animals commonly found on Viking Age farms include cattle, sheep, and pigs, as seen in the quote from <em>Ohthere and Wulfstan<\/em>. For wild animal consumption, <em>Ohthere and Wulfstan<\/em> suggests that the Norse hunted in the winter and fished in the summer to optimize animal migration timing and visability.<\/td>\n<\/tr>\n<\/tbody>\n<\/table>\n<table>\n<tbody>\n<tr style=\"vertical-align: top\">\n<td width=\"50%\">\n<p><div id=\"attachment_344\" style=\"width: 310px\" class=\"wp-caption aligncenter\"><a href=\"https:\/\/commons.princeton.edu\/makingvikings\/wp-content\/uploads\/sites\/359\/2023\/05\/Himmelev-Roskilde-Aurochs.jpeg\"><img loading=\"lazy\" decoding=\"async\" aria-describedby=\"caption-attachment-344\" class=\"size-medium wp-image-344\" src=\"https:\/\/commons.princeton.edu\/makingvikings\/wp-content\/uploads\/sites\/359\/2023\/05\/Himmelev-Roskilde-Aurochs-300x213.jpeg\" alt=\"\" width=\"300\" height=\"213\" srcset=\"https:\/\/commons.princeton.edu\/makingvikings\/wp-content\/uploads\/sites\/359\/2023\/05\/Himmelev-Roskilde-Aurochs-300x213.jpeg 300w, https:\/\/commons.princeton.edu\/makingvikings\/wp-content\/uploads\/sites\/359\/2023\/05\/Himmelev-Roskilde-Aurochs-1024x726.jpeg 1024w, https:\/\/commons.princeton.edu\/makingvikings\/wp-content\/uploads\/sites\/359\/2023\/05\/Himmelev-Roskilde-Aurochs-768x545.jpeg 768w, https:\/\/commons.princeton.edu\/makingvikings\/wp-content\/uploads\/sites\/359\/2023\/05\/Himmelev-Roskilde-Aurochs-676x480.jpeg 676w, https:\/\/commons.princeton.edu\/makingvikings\/wp-content\/uploads\/sites\/359\/2023\/05\/Himmelev-Roskilde-Aurochs.jpeg 1280w\" sizes=\"auto, (max-width: 300px) 100vw, 300px\" \/><\/a><p id=\"caption-attachment-344\" class=\"wp-caption-text\">Aurochs, Himmelev, DK.<br \/>Skeleton from bog.<br \/>(source: class)<\/p><\/div><\/td>\n<td width=\"50%\">This is an aurochs skeleton from the Roskilde Museum in Denmark that shows a young bull from before the Viking Age, although aurochs existed during the Viking Age in Scandinavia and were domesticated and consumed for meat, as well as their horns used for drinking cups.<\/td>\n<\/tr>\n<\/tbody>\n<\/table>\n<table>\n<tbody>\n<tr style=\"vertical-align: top\">\n<td width=\"50%\">\u201cAs might be expected, in both cases, the youngest animals are more frequent at rural sites, indicating that these settlements were more frequently engaged in animal breeding and raising than were urban centres. The greater number of older animals on rural sites would also equate with animals being kept for breeding, traction, dairying and wool. Urban centres, however, were not completely removed from food production; a small proportion of mandibles from cattle and sheep are from the youngest stages, which may suggest on-site breeding.\u201d<\/p>\n<p style=\"text-align: right\">Poole, 150<\/p>\n<\/td>\n<td width=\"50%\">In addition to raising livestock, Viking Age farmers would also breed animals, as evidenced by very young and very old livestock remains being found in rural farm areas of Viking Age Scandinavia, while mid-aged livestock remains were found more often in butcher sites.<\/td>\n<\/tr>\n<\/tbody>\n<\/table>\n<hr \/>\n<p>Bately, Janet. \u201cText and Translation: The Three Parts of the Known World and the Geography of Europe North of the Danube According to Orosius\u2019 <em>Historiae<\/em> and Its Old English Version.\u201d In <em>Ohthere\u2019s Voyages: A Late 9th-Century Account of Voyages along the Coasts of Norway and Denmark and Its Cultural Context<\/em>, edited by Janet Bately and Anton Englert, 40\u201358. Roskilde: Viking Ship Museum, 2007.<\/p>\n<p>Poole, Kristopher. \u201cMore than Just Meat: Animals in Viking-Age Towns.\u201d In <em>Everyday Life in Viking-Age Towns: Social Approaches to Towns in England and Ireland<\/em>,\u00a0 edited by D. M. Hadley and Letty ten Harkel, 144\u201356. Oxford: Oxbow Books, 2013. (<a href=\"http:\/\/dx.doi.org\/10.2307\/j.ctvh1dmk1.13\">online<\/a>)<\/p>\n<p>Sturluson, Snorri. \u201cGylfaginning.\u201d [The Tricking of Gylfi] In <em>Edda<\/em>, translated by Anthony Faulkes, 7\u201354. London: J. M. Dent, 1995.<\/p>\n<p>Terry, Patricia, trans. \u201cV\u00f6lusp\u00e1.\u201d In <em>Poems of the Elder Edda<\/em>, 2nd ed., 1\u201310. Philadelphia: University of Pennsylvania Press, 1990.<\/p>\n<p style=\"text-align: center\"><a href=\"https:\/\/commons.princeton.edu\/makingvikings\/animals-and-food\/craft-trade\/\">\u00ab Previous<\/a> | <a href=\"https:\/\/commons.princeton.edu\/makingvikings\/animals-and-food\/\">Home<\/a> | <a href=\"https:\/\/commons.princeton.edu\/makingvikings\/animals-and-food\/\">Next \u00bb<\/a><\/p>\n","protected":false},"excerpt":{"rendered":"<p>Farmwork was one of the most common livlihoods for the Norse, with many people both raising animals and using them for labor. \u201cHe sat on a grave-mound, striking a harp, Eggther, glad to guard the giants&#8217; herds; close to him, the bright red cock, Fjalar, crowed from the gallows tree.\u201d V\u00f6lusp\u00e1, 29 In the V\u00f6lusp\u00e1,<\/p>\n<p><a class=\"more-link\" href=\"https:\/\/commons.princeton.edu\/makingvikings\/animals-and-food\/farm-field\/\">Continue Reading<\/a><\/p>\n","protected":false},"author":4492,"featured_media":0,"parent":314,"menu_order":6,"comment_status":"closed","ping_status":"closed","template":"template-nosidebar.php","meta":{"footnotes":""},"class_list":["post-380","page","type-page","status-publish","hentry","post-preview"],"_links":{"self":[{"href":"https:\/\/commons.princeton.edu\/makingvikings\/wp-json\/wp\/v2\/pages\/380","targetHints":{"allow":["GET"]}}],"collection":[{"href":"https:\/\/commons.princeton.edu\/makingvikings\/wp-json\/wp\/v2\/pages"}],"about":[{"href":"https:\/\/commons.princeton.edu\/makingvikings\/wp-json\/wp\/v2\/types\/page"}],"author":[{"embeddable":true,"href":"https:\/\/commons.princeton.edu\/makingvikings\/wp-json\/wp\/v2\/users\/4492"}],"replies":[{"embeddable":true,"href":"https:\/\/commons.princeton.edu\/makingvikings\/wp-json\/wp\/v2\/comments?post=380"}],"version-history":[{"count":6,"href":"https:\/\/commons.princeton.edu\/makingvikings\/wp-json\/wp\/v2\/pages\/380\/revisions"}],"predecessor-version":[{"id":841,"href":"https:\/\/commons.princeton.edu\/makingvikings\/wp-json\/wp\/v2\/pages\/380\/revisions\/841"}],"up":[{"embeddable":true,"href":"https:\/\/commons.princeton.edu\/makingvikings\/wp-json\/wp\/v2\/pages\/314"}],"wp:attachment":[{"href":"https:\/\/commons.princeton.edu\/makingvikings\/wp-json\/wp\/v2\/media?parent=380"}],"curies":[{"name":"wp","href":"https:\/\/api.w.org\/{rel}","templated":true}]}}