{"id":351,"date":"2023-05-18T11:00:07","date_gmt":"2023-05-18T15:00:07","guid":{"rendered":"https:\/\/commons.princeton.edu\/makingvikings\/?page_id=351"},"modified":"2023-07-10T12:05:34","modified_gmt":"2023-07-10T16:05:34","slug":"luck-spirituality","status":"publish","type":"page","link":"https:\/\/commons.princeton.edu\/makingvikings\/animals-and-food\/luck-spirituality\/","title":{"rendered":"Luck &amp; Spirituality"},"content":{"rendered":"<p style=\"text-align: center\">Certain animals in Viking Age Scandinavia were linked with good luck, magical powers, and human spirituality.<\/p>\n<hr \/>\n<table>\n<tbody>\n<tr style=\"vertical-align: top\">\n<td width=\"50%\">\u201cFreyr&#8217;s messenger, down into the world of black-elves to some dwarfs and had a fetter called Gleipnir made. It was made of six ingredients: the sound of a cat&#8217;s footfall and the woman&#8217;s beard, the mountain&#8217;s roots and the bear&#8217;s sinews and the fish&#8217;s breath and bird&#8217;s spittle.\u201d<\/p>\n<p style=\"text-align: right\"><em>Gylfaginning<\/em>, 34<\/p>\n<\/td>\n<td width=\"50%\">Again in <em>Gylfaginning<\/em>, the first part of the <em>Prose Edda<\/em> written in 1220 CE by Snori Sturluson in Iceland, the recipe for a magical strong fetter to hold back a wolf is described to contain cat, bear, fish, and bird. These animals are seen throughout other texts as being considered magical or lucky as well.<\/td>\n<\/tr>\n<\/tbody>\n<\/table>\n<table>\n<tbody>\n<tr style=\"vertical-align: top\">\n<td width=\"50%\">\n<p><div id=\"attachment_336\" style=\"width: 310px\" class=\"wp-caption aligncenter\"><a href=\"https:\/\/commons.princeton.edu\/makingvikings\/wp-content\/uploads\/sites\/359\/2023\/05\/Gording-Snake-Pendant-scaled.jpg\"><img loading=\"lazy\" decoding=\"async\" aria-describedby=\"caption-attachment-336\" class=\"wp-image-336 size-medium\" src=\"https:\/\/commons.princeton.edu\/makingvikings\/wp-content\/uploads\/sites\/359\/2023\/05\/Gording-Snake-Pendant-300x300.jpg\" alt=\"Pendant from G\u00f8rding, DK. Gold with glass beads. 2.6\u00d71.9 cm. (source: SVJM)\" width=\"300\" height=\"300\" srcset=\"https:\/\/commons.princeton.edu\/makingvikings\/wp-content\/uploads\/sites\/359\/2023\/05\/Gording-Snake-Pendant-300x300.jpg 300w, https:\/\/commons.princeton.edu\/makingvikings\/wp-content\/uploads\/sites\/359\/2023\/05\/Gording-Snake-Pendant-1024x1024.jpg 1024w, https:\/\/commons.princeton.edu\/makingvikings\/wp-content\/uploads\/sites\/359\/2023\/05\/Gording-Snake-Pendant-768x768.jpg 768w, https:\/\/commons.princeton.edu\/makingvikings\/wp-content\/uploads\/sites\/359\/2023\/05\/Gording-Snake-Pendant-1536x1536.jpg 1536w, https:\/\/commons.princeton.edu\/makingvikings\/wp-content\/uploads\/sites\/359\/2023\/05\/Gording-Snake-Pendant-2048x2048.jpg 2048w, https:\/\/commons.princeton.edu\/makingvikings\/wp-content\/uploads\/sites\/359\/2023\/05\/Gording-Snake-Pendant-676x676.jpg 676w\" sizes=\"auto, (max-width: 300px) 100vw, 300px\" \/><\/a><p id=\"caption-attachment-336\" class=\"wp-caption-text\">Pendant from G\u00f8rding, DK.<br \/>Gold with glass beads.<br \/>2.6\u00d71.9 cm.<br \/>(source: <a href=\"https:\/\/sydvestjyskemuseer.wordpress.com\/2019\/02\/22\/goerding-slangen-et-mestervaerk-i-guldfiligran-fra-vikingetiden\/\">SVJM<\/a>)<\/p><\/div><\/td>\n<td width=\"50%\">This coiled snake pendant with a gold filigree decoration was found in southwest Jutland, Denmark. It is thought to have the purpose of providing protective powers.<\/td>\n<\/tr>\n<\/tbody>\n<\/table>\n<table>\n<tbody>\n<tr style=\"vertical-align: top\">\n<td width=\"50%\">\u201cThey disembark as soon as their boats dock. Each carries bread, meat, onions, milk, and alcohol to a large block of wood set in the ground. {\u2026} Then he says \u2018And I have brought this offering.\u2019 He leaves his offering in front of the piece of wood, saying, \u2018I want you to bless me with a rich merchant with many dinars and dirhams who will buy from me whatever I wish and not haggle over any price I set.\u2019\u201d<\/p>\n<p style=\"text-align: right\">Ibn Fadlan, 77<\/p>\n<\/td>\n<td width=\"50%\">Ahmad ibn Fadlan was a Muslim traveler who wrote various ethnographic accounts of communities during the 10th century CE, including one account on Volga Viking trading and a funeral ceremony that he had witnessed first-hand. This account describes the use of animal meat as good luck offerings to the gods, as well as later mentioned cattle and sheep offerings for the best chance at positive merchant business.<\/td>\n<\/tr>\n<\/tbody>\n<\/table>\n<table>\n<tbody>\n<tr style=\"vertical-align: top\">\n<td width=\"50%\">\u201c\u2018When you came into the main room, a polar bear cub followed you and ran on ahead into the room. But when he saw me, he stopped and you were going along in a rush and fell over the cub and it is my belief that you are not the son of Krum or of Thorgunna but instead are of a greater family.\u2019\u201d<\/p>\n<p style=\"text-align: right\"><em>The Tale of Thorstein Bull\u2019s-Leg<\/em>, 5<\/p>\n<\/td>\n<td width=\"50%\">The story of Thorstein Oddnyarson in <em>The Tale of Thorstein Bull\u2019s-Leg<\/em> describes the life of a hero and the obstacles he had to face. This quote describes a polar bear cub following Thorstein due to his unknown power and high family rank, as well as his lucky, and almost magical, successes throughout the saga.<\/td>\n<\/tr>\n<\/tbody>\n<\/table>\n<table>\n<tbody>\n<tr style=\"vertical-align: top\">\n<td width=\"50%\">&nbsp;<\/p>\n<p><div id=\"attachment_366\" style=\"width: 310px\" class=\"wp-caption aligncenter\"><a href=\"https:\/\/commons.princeton.edu\/makingvikings\/wp-content\/uploads\/sites\/359\/2023\/05\/Torslunda-Helmet-Plate-SHM.jpg\"><img loading=\"lazy\" decoding=\"async\" aria-describedby=\"caption-attachment-366\" class=\"size-medium wp-image-366\" src=\"https:\/\/commons.princeton.edu\/makingvikings\/wp-content\/uploads\/sites\/359\/2023\/05\/Torslunda-Helmet-Plate-SHM-300x200.jpg\" alt=\"\" width=\"300\" height=\"200\" srcset=\"https:\/\/commons.princeton.edu\/makingvikings\/wp-content\/uploads\/sites\/359\/2023\/05\/Torslunda-Helmet-Plate-SHM-300x200.jpg 300w, https:\/\/commons.princeton.edu\/makingvikings\/wp-content\/uploads\/sites\/359\/2023\/05\/Torslunda-Helmet-Plate-SHM-1024x683.jpg 1024w, https:\/\/commons.princeton.edu\/makingvikings\/wp-content\/uploads\/sites\/359\/2023\/05\/Torslunda-Helmet-Plate-SHM-768x512.jpg 768w, https:\/\/commons.princeton.edu\/makingvikings\/wp-content\/uploads\/sites\/359\/2023\/05\/Torslunda-Helmet-Plate-SHM-676x451.jpg 676w, https:\/\/commons.princeton.edu\/makingvikings\/wp-content\/uploads\/sites\/359\/2023\/05\/Torslunda-Helmet-Plate-SHM.jpg 1536w\" sizes=\"auto, (max-width: 300px) 100vw, 300px\" \/><\/a><p id=\"caption-attachment-366\" class=\"wp-caption-text\">Helmet Plate, Torslunda, SE.<br \/>Bronze helmet pieces.<br \/>1.9\u00d71.7 cm.<br \/>(source: <a href=\"https:\/\/mis.historiska.se\/mis\/sok\/fid.asp?fid=108869\">SHM<\/a>)<\/p><\/div><\/td>\n<td width=\"50%\">Current literature has also evaluated the role of animal imagery in body fluidity during the Viking Age. Hedeager describes this as the existence of a spiritual world of humans and animals and humans manifested as animals, with animals playing a big role in shaping Old Norse religion as they conveyed their knowledge of nature to humans and gods. As seen in the image, there was a lot of Viking Age art showing crossovers between warriors and wild boars.<\/td>\n<\/tr>\n<\/tbody>\n<\/table>\n<hr \/>\n<p>Graham-Campbell, James. <em>Viking Art<\/em>. 3rd ed. London: Thames and Hudson, 2021.<\/p>\n<p>Hedeager, Lotte. \u201cSplit Bodies in the Late Iron Age\/Viking Age of Scandinavia.\u201d In <em>Body Parts and Bodies Whole \u2013 Changing Relations and Meaning<\/em>, edited by Katharina Rebay-Salisbury, Marie Louise Stig S\u00f8rensen, and Jessica Hughes, 111\u201318. Oxford: Oxbow Books, 2010.<\/p>\n<p>Hreinsson, Vi\u0111ar, ed. \u201cThe Tale of Thorstein Bull\u2019s-Leg (\u00deorsteins \u00fe\u00e1ttr uxaf\u00f3ts).\u201d In <em>The Complete Sagas of Icelanders Including 49 Tales<\/em>, 4:340\u201354. Reykjav\u00edk: Leifur Eir\u00edksson Publishing, 1997.<\/p>\n<p>Ibn Fa\u1e0dl\u0101n, A\u1e25mad. \u201cMission to the Volga,\u201d edited by James E. Montgomery. In <em>Two Arabic Travel Books: Accounts of India and China<\/em>, edited by Philip F. Kennedy and Shawkat M. Toorawa, 163\u2013297. Library of Arabic Literature. New York: New York University Press, 2014.<\/p>\n<p>Sturluson, Snorri. \u201cGylfaginning.\u201d [The Tricking of Gylfi] In <em>Edda<\/em>, translated by Anthony Faulkes, 7\u201354. London: J. M. Dent, 1995.<\/p>\n<p style=\"text-align: center\"><a href=\"https:\/\/commons.princeton.edu\/makingvikings\/animals-and-food\/religion-mythology\/\">\u00ab Previous<\/a> | <a href=\"https:\/\/commons.princeton.edu\/makingvikings\/animals-and-food\/\">Home<\/a> | <a href=\"https:\/\/commons.princeton.edu\/makingvikings\/animals-and-food\/evil-death\/\">Next \u00bb<\/a><\/p>\n","protected":false},"excerpt":{"rendered":"<p>Certain animals in Viking Age Scandinavia were linked with good luck, magical powers, and human spirituality. \u201cFreyr&#8217;s messenger, down into the world of black-elves to some dwarfs and had a fetter called Gleipnir made. It was made of six ingredients: the sound of a cat&#8217;s footfall and the woman&#8217;s beard, the mountain&#8217;s roots and the<\/p>\n<p><a class=\"more-link\" href=\"https:\/\/commons.princeton.edu\/makingvikings\/animals-and-food\/luck-spirituality\/\">Continue Reading<\/a><\/p>\n","protected":false},"author":4492,"featured_media":0,"parent":314,"menu_order":2,"comment_status":"closed","ping_status":"closed","template":"template-nosidebar.php","meta":{"footnotes":""},"class_list":["post-351","page","type-page","status-publish","hentry","post-preview"],"_links":{"self":[{"href":"https:\/\/commons.princeton.edu\/makingvikings\/wp-json\/wp\/v2\/pages\/351","targetHints":{"allow":["GET"]}}],"collection":[{"href":"https:\/\/commons.princeton.edu\/makingvikings\/wp-json\/wp\/v2\/pages"}],"about":[{"href":"https:\/\/commons.princeton.edu\/makingvikings\/wp-json\/wp\/v2\/types\/page"}],"author":[{"embeddable":true,"href":"https:\/\/commons.princeton.edu\/makingvikings\/wp-json\/wp\/v2\/users\/4492"}],"replies":[{"embeddable":true,"href":"https:\/\/commons.princeton.edu\/makingvikings\/wp-json\/wp\/v2\/comments?post=351"}],"version-history":[{"count":11,"href":"https:\/\/commons.princeton.edu\/makingvikings\/wp-json\/wp\/v2\/pages\/351\/revisions"}],"predecessor-version":[{"id":835,"href":"https:\/\/commons.princeton.edu\/makingvikings\/wp-json\/wp\/v2\/pages\/351\/revisions\/835"}],"up":[{"embeddable":true,"href":"https:\/\/commons.princeton.edu\/makingvikings\/wp-json\/wp\/v2\/pages\/314"}],"wp:attachment":[{"href":"https:\/\/commons.princeton.edu\/makingvikings\/wp-json\/wp\/v2\/media?parent=351"}],"curies":[{"name":"wp","href":"https:\/\/api.w.org\/{rel}","templated":true}]}}