{"id":328,"date":"2023-05-17T22:43:14","date_gmt":"2023-05-18T02:43:14","guid":{"rendered":"https:\/\/commons.princeton.edu\/makingvikings\/?page_id=328"},"modified":"2023-07-10T12:04:27","modified_gmt":"2023-07-10T16:04:27","slug":"religion-mythology","status":"publish","type":"page","link":"https:\/\/commons.princeton.edu\/makingvikings\/animals-and-food\/religion-mythology\/","title":{"rendered":"Religion &amp; Mythology"},"content":{"rendered":"<p style=\"text-align: center\">The Norse relied on the natural world and various animals to explain creation and life during the Viking Age.<\/p>\n<hr \/>\n<table>\n<tbody>\n<tr style=\"vertical-align: top\">\n<td width=\"50%\">\u201cWestward drives the giant,\u00a0 \u00a0 \u00a0Hrym, his shield high;<br \/>\nthe world-girding Serpent\u00a0 \u00a0 \u00a0rises from the water,<br \/>\nlashing at the waves;\u00a0 \u00a0 \u00a0the bright-beaked eagle<br \/>\nrends corpses, screaming;\u00a0 \u00a0 \u00a0Naglfar sails free.\u201d<\/p>\n<p style=\"text-align: right\"><em>V\u00f6lusp\u00e1<\/em>, 37<\/p>\n<\/td>\n<td width=\"50%\">The <em>V\u00f6lusp\u00e1<\/em>, a Norse poem written in Iceland around 1000 CE that describes the history of the world and gods from the beginning to their anticipated end, includes a lot of imagery and references to animals. The poem includes discussion of themes from both the pagan and Christian religions present in Scandinavia at the time as the author was experiencing the fall of the Norse religion in Iceland and the conversion to Christianity. This poem is a part of the <em>Poetic Edda<\/em>, a collection of anonymous Norse poems. In the <em>V\u00f6lusp\u00e1<\/em>, this line describes the giant serpent that circles the human world and continues to represent evil and the cycle of life and death, as well as the eagles that create winds with their wings felt in the human world.<\/td>\n<\/tr>\n<\/tbody>\n<\/table>\n<table>\n<tbody>\n<tr style=\"vertical-align: top\">\n<td width=\"50%\">\n<p><div id=\"attachment_335\" style=\"width: 310px\" class=\"wp-caption aligncenter\"><a href=\"https:\/\/commons.princeton.edu\/makingvikings\/wp-content\/uploads\/sites\/359\/2023\/05\/Lejre-Figure-scaled.jpg\"><img loading=\"lazy\" decoding=\"async\" aria-describedby=\"caption-attachment-335\" class=\"size-medium wp-image-335\" src=\"https:\/\/commons.princeton.edu\/makingvikings\/wp-content\/uploads\/sites\/359\/2023\/05\/Lejre-Figure-300x274.jpg\" alt=\"\" width=\"300\" height=\"274\" srcset=\"https:\/\/commons.princeton.edu\/makingvikings\/wp-content\/uploads\/sites\/359\/2023\/05\/Lejre-Figure-300x274.jpg 300w, https:\/\/commons.princeton.edu\/makingvikings\/wp-content\/uploads\/sites\/359\/2023\/05\/Lejre-Figure-1024x935.jpg 1024w, https:\/\/commons.princeton.edu\/makingvikings\/wp-content\/uploads\/sites\/359\/2023\/05\/Lejre-Figure-768x701.jpg 768w, https:\/\/commons.princeton.edu\/makingvikings\/wp-content\/uploads\/sites\/359\/2023\/05\/Lejre-Figure-1536x1403.jpg 1536w, https:\/\/commons.princeton.edu\/makingvikings\/wp-content\/uploads\/sites\/359\/2023\/05\/Lejre-Figure-2048x1870.jpg 2048w, https:\/\/commons.princeton.edu\/makingvikings\/wp-content\/uploads\/sites\/359\/2023\/05\/Lejre-Figure-676x617.jpg 676w\" sizes=\"auto, (max-width: 300px) 100vw, 300px\" \/><\/a><p id=\"caption-attachment-335\" class=\"wp-caption-text\">Figure from Lejre, DK.<br \/>Silver with niello inlay.<br \/>1.8\u00d72.0\u00d71.3 cm.<br \/>(source: <a href=\"https:\/\/commons.wikimedia.org\/wiki\/File:Odin_fra_Lejre_(8423840948).jpg\">Wikimedia<\/a>)<\/p><\/div><\/td>\n<td width=\"50%\">This silver figurine from the Viking Age found in Lejre, Denmark is thought to be Odin, in female disguise, with his two attendant ravens, Hugin and Munin, on both armrests. These ravens are described to fly all over the world return at night to share with Odin everything they saw and heard.<\/td>\n<\/tr>\n<\/tbody>\n<\/table>\n<table>\n<tbody>\n<tr style=\"vertical-align: top\">\n<td width=\"50%\">\u201cThe holiness of a place does not help evildoers, but integrity of religion will make doers of good worthy of divine protection. Who is not afraid of the terrible fate that has come upon the church of St. Cuthbert? So mend your ways, lest the righteous perish for the sins of the wicked, lest the vineyard of the Lord be given up to be devoured by foxes, lest the feet of the pagans tread upon the sanctuary of God.\u201d<\/p>\n<p style=\"text-align: right\">Alcuin, Letter 29<\/p>\n<\/td>\n<td width=\"50%\">Alcuin, a scholar and monk from York, wrote letters to the monastery in Lindisfarne after they were raided by the Norse and some of the monks fled, reassuring that those who stayed will be worthy of divine protection. Here, he describes the Viking raids on churches and their acts of violence as similar to foxes trampling the Lord\u2019s vineyard, using these wild animals as a negative symbolism of the Norse\u2019s barbarism and lack of humanity.<\/td>\n<\/tr>\n<\/tbody>\n<\/table>\n<table>\n<tbody>\n<tr style=\"vertical-align: top\">\n<td width=\"50%\">\n<p><div id=\"attachment_352\" style=\"width: 310px\" class=\"wp-caption aligncenter\"><a href=\"https:\/\/commons.princeton.edu\/makingvikings\/wp-content\/uploads\/sites\/359\/2023\/05\/Heggen-Vane-KHM-C23602-scaled.jpeg\"><img loading=\"lazy\" decoding=\"async\" aria-describedby=\"caption-attachment-352\" class=\"size-medium wp-image-352\" src=\"https:\/\/commons.princeton.edu\/makingvikings\/wp-content\/uploads\/sites\/359\/2023\/05\/Heggen-Vane-KHM-C23602-300x229.jpeg\" alt=\"\" width=\"300\" height=\"229\" srcset=\"https:\/\/commons.princeton.edu\/makingvikings\/wp-content\/uploads\/sites\/359\/2023\/05\/Heggen-Vane-KHM-C23602-300x229.jpeg 300w, https:\/\/commons.princeton.edu\/makingvikings\/wp-content\/uploads\/sites\/359\/2023\/05\/Heggen-Vane-KHM-C23602-1024x782.jpeg 1024w, https:\/\/commons.princeton.edu\/makingvikings\/wp-content\/uploads\/sites\/359\/2023\/05\/Heggen-Vane-KHM-C23602-768x586.jpeg 768w, https:\/\/commons.princeton.edu\/makingvikings\/wp-content\/uploads\/sites\/359\/2023\/05\/Heggen-Vane-KHM-C23602-1536x1173.jpeg 1536w, https:\/\/commons.princeton.edu\/makingvikings\/wp-content\/uploads\/sites\/359\/2023\/05\/Heggen-Vane-KHM-C23602-2048x1564.jpeg 2048w, https:\/\/commons.princeton.edu\/makingvikings\/wp-content\/uploads\/sites\/359\/2023\/05\/Heggen-Vane-KHM-C23602-676x516.jpeg 676w\" sizes=\"auto, (max-width: 300px) 100vw, 300px\" \/><\/a><p id=\"caption-attachment-352\" class=\"wp-caption-text\">Vane from Heggen, NO.<br \/>Bronze.<br \/>28\u00d719 cm.<br \/>(source: <a href=\"https:\/\/www.unimus.no\/portal\/#\/photos\/5681340d-ba71-4b91-8c57-1796e8217e47\">UNIMUS<\/a>)<\/p><\/div><\/td>\n<td width=\"50%\">This is a gilt-bronze vane from Heggen church in Norway from the Viking Age with a Ringerike-style ornament engraved of a bird struggling with a snake, framed by tendrils. This is very similar to the animals described in the <em>V\u00f6lusp\u00e1<\/em> with the serpent and birds and again reiterates the theme of Viking Age world building through animal imagery.<\/td>\n<\/tr>\n<\/tbody>\n<\/table>\n<table>\n<tbody>\n<tr style=\"vertical-align: top\">\n<td width=\"50%\"><span style=\"font-size: 16px\">\u201cThe wolf stretched its jaw enormously and reacted violently and tried to bite them. They trust into its mouth a certain sword; the hilt touches its lower gums and the point its upper ones. This is its gum-prop. It howls horribly and saliva runs from its mouth. This forms the river called Hope. There it will lie until Ragnarok.\u201d<\/span><\/p>\n<p style=\"text-align: right\"><em>Gylfaginning<\/em>, 34<\/p>\n<\/td>\n<td width=\"50%\"><em>Gylfaginning<\/em> is the first part of the <em>Prose Edda<\/em> written in 1220 CE focused on the creation and destruction of the Norse world, similar to the <em>V\u00f6lusp\u00e1<\/em>. The <em>Prose Edda<\/em> and its detailed depiction of Norse mythology is thought to have been mostly recorded or written by Snorri Sturluson in Iceland. This quote describes the origin of a river from a wolf&#8217;s saliva.<\/td>\n<\/tr>\n<\/tbody>\n<\/table>\n<hr \/>\n<p>Alcuin. \u201cThe Raids of the Northmen.\u201d In <em>Alcuin of York, c. A.D. 732 to 804 \u2013 His Life and Letters<\/em>, translated by Stephen Allott, 36\u201341. York: William Sessions, 1974.<\/p>\n<p>Christensen, Tom. \u201cA Silver Figurine from Lejre.\u201d <em>Danish Journal of Archaeology<\/em> 2, no. 1 (2013): 65\u201378. (<a href=\"https:\/\/doi.org\/10.1080\/21662282.2013.808403\">online<\/a>)<\/p>\n<p>Graham-Campbell, James. <em>Viking Art<\/em>. 3rd ed. London: Thames and Hudson, 2021.<\/p>\n<p>Sturluson, Snorri. \u201cGylfaginning.\u201d [The Tricking of Gylfi] In <em>Edda<\/em>, translated by Anthony Faulkes, 7\u201354. London: J. M. Dent, 1995.<\/p>\n<p>Terry, Patricia, trans. \u201cV\u00f6lusp\u00e1.\u201d In <em>Poems of the Elder Edda<\/em>, 2nd ed., 1\u201310. Philadelphia: University of Pennsylvania Press, 1990.<\/p>\n<p style=\"text-align: center\"><a href=\"https:\/\/commons.princeton.edu\/makingvikings\/animals-and-food\/\">\u00ab Previous<\/a> | <a href=\"https:\/\/commons.princeton.edu\/makingvikings\/animals-and-food\/\">Home<\/a> | <a href=\"https:\/\/commons.princeton.edu\/makingvikings\/animals-and-food\/luck-spirituality\/\">Next \u00bb<\/a><\/p>\n","protected":false},"excerpt":{"rendered":"<p>The Norse relied on the natural world and various animals to explain creation and life during the Viking Age. \u201cWestward drives the giant,\u00a0 \u00a0 \u00a0Hrym, his shield high; the world-girding Serpent\u00a0 \u00a0 \u00a0rises from the water, lashing at the waves;\u00a0 \u00a0 \u00a0the bright-beaked eagle rends corpses, screaming;\u00a0 \u00a0 \u00a0Naglfar sails free.\u201d V\u00f6lusp\u00e1, 37 The V\u00f6lusp\u00e1,<\/p>\n<p><a class=\"more-link\" href=\"https:\/\/commons.princeton.edu\/makingvikings\/animals-and-food\/religion-mythology\/\">Continue Reading<\/a><\/p>\n","protected":false},"author":4492,"featured_media":0,"parent":314,"menu_order":1,"comment_status":"closed","ping_status":"closed","template":"template-nosidebar.php","meta":{"footnotes":""},"class_list":["post-328","page","type-page","status-publish","hentry","post-preview"],"_links":{"self":[{"href":"https:\/\/commons.princeton.edu\/makingvikings\/wp-json\/wp\/v2\/pages\/328","targetHints":{"allow":["GET"]}}],"collection":[{"href":"https:\/\/commons.princeton.edu\/makingvikings\/wp-json\/wp\/v2\/pages"}],"about":[{"href":"https:\/\/commons.princeton.edu\/makingvikings\/wp-json\/wp\/v2\/types\/page"}],"author":[{"embeddable":true,"href":"https:\/\/commons.princeton.edu\/makingvikings\/wp-json\/wp\/v2\/users\/4492"}],"replies":[{"embeddable":true,"href":"https:\/\/commons.princeton.edu\/makingvikings\/wp-json\/wp\/v2\/comments?post=328"}],"version-history":[{"count":16,"href":"https:\/\/commons.princeton.edu\/makingvikings\/wp-json\/wp\/v2\/pages\/328\/revisions"}],"predecessor-version":[{"id":834,"href":"https:\/\/commons.princeton.edu\/makingvikings\/wp-json\/wp\/v2\/pages\/328\/revisions\/834"}],"up":[{"embeddable":true,"href":"https:\/\/commons.princeton.edu\/makingvikings\/wp-json\/wp\/v2\/pages\/314"}],"wp:attachment":[{"href":"https:\/\/commons.princeton.edu\/makingvikings\/wp-json\/wp\/v2\/media?parent=328"}],"curies":[{"name":"wp","href":"https:\/\/api.w.org\/{rel}","templated":true}]}}