{"id":307,"date":"2023-05-17T12:59:34","date_gmt":"2023-05-17T16:59:34","guid":{"rendered":"https:\/\/commons.princeton.edu\/makingvikings\/?page_id=307"},"modified":"2023-07-10T11:39:59","modified_gmt":"2023-07-10T15:39:59","slug":"female-narratives-bibliography","status":"publish","type":"page","link":"https:\/\/commons.princeton.edu\/makingvikings\/female-narratives\/female-narratives-bibliography\/","title":{"rendered":"Female Narratives: Bibliography"},"content":{"rendered":"<p>British Library. \u201cBeowulf.\u201d (<a href=\"https:\/\/www.bl.uk\/collection-items\/beowulf\">online<\/a>)<\/p>\n<p>Bodleian Libraries. \u201cBodleian Library MS. Bodl. 343.\u201d <em>Digital Bodleian<\/em>. (<a href=\"https:\/\/digital.bodleian.ox.ac.uk\/objects\/96cc6a43-6e73-4829-90fe-b82669c92806\/\">online<\/a>)<\/p>\n<p>Bodleian Libraries. \u201cBodleian Library MS. Eng. misc. d. 268.\u201d <em>Digital Bodleian<\/em>. (<a href=\"https:\/\/digital.bodleian.ox.ac.uk\/objects\/ecd0e930-daa9-41d6-b162-4af31176b89b\/\">online<\/a>)<\/p>\n<p>Graham-Campbell, James. <em>Viking Art<\/em>. 3rd ed. London: Thames and Hudson, 2021.<\/p>\n<p>Hedenstierna-Jonson, Charlotte. \u201cShe Came from Another Place. On the Burial of a Young Girl in Birka.\u201d In <em>Viking Worlds: Things, Spaces and Movement<\/em>, edited by Marianne Hem Eriksen, Unn Pedersen, Bernt Rundberget, Irmelin Axelsen, and Heidi Lund Berg, 90\u2013101. Oxford: Oxbow, 2014.<\/p>\n<p>Hedenstierna-Jonson, Charlotte, Anna Kjellstr\u00f6m, Torun Zachrisson, Maja Krzewi\u0144ska, Veronica Sobrado, Neil Price, Torsten G\u00fcnther, Mattias Jakobsson, Anders G\u00f6therstr\u00f6m, and Jan Stor\u00e5. \u201cA Female Viking Warrior Confirmed by Genomics.\u201d <em>American Journal of Physical Anthropology<\/em>\u00a0 164, no. 4 (2017): 853\u201360. (<a href=\"https:\/\/doi.org\/10.1002\/ajpa.23308\">online<\/a>)<\/p>\n<p>Holck, Per. \u201cThe Oseberg Ship Burial, Norway: New Thoughts On the Skeletons From the Grave Mound.\u201d <em>European Journal of Archaeology<\/em> 9, no. 2\u20133 (2006): 185\u2013210.<\/p>\n<p>Moilanen, Mikko. <em>Marks of Fire, Value and Faith: Swords with Ferrous Inlays in Finland during the Late Iron Age (ca. 700\u20131200 AD)<\/em>.\u00a0 Turku: The Society for Medieval Archaeology in Finland, 2015. (<a href=\"https:\/\/www.utupub.fi\/handle\/10024\/119919\">online<\/a>)<\/p>\n<p>Moilanen, Ulla, Tuija Kirkinen, Nelli-Johanna Saari, Adam B. Rohrlach, Johannes Krause, P\u00e4ivi Onkamo, and Elina Salmela. \u201cA Woman with a Sword? \u2013 Weapon Grave at Suontaka Vesitorninm\u00e4ki, Finland.\u201d <em>European Journal of Archaeology<\/em> 25, no. 1 (2022): 42\u201360. (<a href=\"https:\/\/doi.org\/10.1017\/eaa.2021.30\">online<\/a>)<\/p>\n<p>Montgomery, James E. \u201cIbn Fa\u1e0dl\u0101n and the R\u016bsiyyah.\u201d <em>Journal of Arabic and Islamic Studies<\/em>\u00a03,(2000): 1\u201325. (<a href=\"https:\/\/doi.org\/10.5617\/jais.4553\">online<\/a>)<\/p>\n<p>Museum of Cultural History. \u201cFive Exquisite Animal Heads.\u201d (<a href=\"https:\/\/web.archive.org\/web\/20220929082435\/https:\/\/www.khm.uio.no\/english\/visit-us\/viking-ship-museum\/exhibitions\/oseberg\/five-exquisite-animal-heads\/index.html\">archived<\/a>)<\/p>\n<p>\u201cObjects.\u201d <em>Museum Odense<\/em>, https:\/\/museumodense.dk\/genstande\/. Accessed 8 May 2023.<\/p>\n<p>Owen, Olwyn, and Magnar Dalland. <em>Scar: A Viking Boat Burial on Sanday, Orkney<\/em>. East Linton: Tuckwell Press, 1999.<\/p>\n<p>Price, Neil, Charlotte Hedenstierna-Jonson, Torun Zachrisson, Anna Kjellstr\u00f6m, Jan Stor\u00e5, Maja Krzewi\u0144ska, Torsten G\u00fcnther, Ver\u00f3nica Sobrado, Mattias Jakobsson, and Anders G\u00f6therstr\u00f6m. \u201cViking Warrior Women? Reassessing Birka Chamber Grave Bj.581.\u201d <em>Antiquity<\/em>, vol. 93, no. 367, Feb. 2019, pp. 181\u201398. (<a href=\"https:\/\/doi.org\/10.15184\/aqy.2018.258\">online<\/a>)<\/p>\n<p style=\"text-align: center\"><a href=\"https:\/\/commons.princeton.edu\/makingvikings\/female-narratives\/female-narratives-a-retrospective\/\">\u00ab Previous<\/a> | <a href=\"https:\/\/commons.princeton.edu\/makingvikings\/female-narratives\/\">Home<\/a> | <a href=\"https:\/\/commons.princeton.edu\/makingvikings\/female-narratives\/\">Next \u00bb<\/a><\/p>\n","protected":false},"excerpt":{"rendered":"<p>British Library. \u201cBeowulf.\u201d (online) Bodleian Libraries. \u201cBodleian Library MS. Bodl. 343.\u201d Digital Bodleian. (online) Bodleian Libraries. \u201cBodleian Library MS. Eng. misc. d. 268.\u201d Digital Bodleian. (online) Graham-Campbell, James. Viking Art. 3rd ed. London: Thames and Hudson, 2021. Hedenstierna-Jonson, Charlotte. \u201cShe Came from Another Place. On the Burial of a Young Girl in Birka.\u201d In Viking<\/p>\n<p><a class=\"more-link\" href=\"https:\/\/commons.princeton.edu\/makingvikings\/female-narratives\/female-narratives-bibliography\/\">Continue Reading<\/a><\/p>\n","protected":false},"author":4492,"featured_media":0,"parent":268,"menu_order":12,"comment_status":"closed","ping_status":"closed","template":"template-nosidebar.php","meta":{"footnotes":""},"class_list":["post-307","page","type-page","status-publish","hentry","post-preview"],"_links":{"self":[{"href":"https:\/\/commons.princeton.edu\/makingvikings\/wp-json\/wp\/v2\/pages\/307","targetHints":{"allow":["GET"]}}],"collection":[{"href":"https:\/\/commons.princeton.edu\/makingvikings\/wp-json\/wp\/v2\/pages"}],"about":[{"href":"https:\/\/commons.princeton.edu\/makingvikings\/wp-json\/wp\/v2\/types\/page"}],"author":[{"embeddable":true,"href":"https:\/\/commons.princeton.edu\/makingvikings\/wp-json\/wp\/v2\/users\/4492"}],"replies":[{"embeddable":true,"href":"https:\/\/commons.princeton.edu\/makingvikings\/wp-json\/wp\/v2\/comments?post=307"}],"version-history":[{"count":9,"href":"https:\/\/commons.princeton.edu\/makingvikings\/wp-json\/wp\/v2\/pages\/307\/revisions"}],"predecessor-version":[{"id":822,"href":"https:\/\/commons.princeton.edu\/makingvikings\/wp-json\/wp\/v2\/pages\/307\/revisions\/822"}],"up":[{"embeddable":true,"href":"https:\/\/commons.princeton.edu\/makingvikings\/wp-json\/wp\/v2\/pages\/268"}],"wp:attachment":[{"href":"https:\/\/commons.princeton.edu\/makingvikings\/wp-json\/wp\/v2\/media?parent=307"}],"curies":[{"name":"wp","href":"https:\/\/api.w.org\/{rel}","templated":true}]}}