{"id":302,"date":"2023-05-17T12:56:42","date_gmt":"2023-05-17T16:56:42","guid":{"rendered":"https:\/\/commons.princeton.edu\/makingvikings\/?page_id=302"},"modified":"2023-07-10T11:23:46","modified_gmt":"2023-07-10T15:23:46","slug":"females-and-the-supernatural-old-english-analogues","status":"publish","type":"page","link":"https:\/\/commons.princeton.edu\/makingvikings\/female-narratives\/females-and-the-supernatural-old-english-analogues\/","title":{"rendered":"Females &amp; the Supernatural: Old English Analogues"},"content":{"rendered":"<p>Briefly, I will discuss two Old English works in which females are either granted some form of agency\u2014such as in the case of the \u201cAngel of Death\u201d\u2014or in some way intertwined with the notion of death. To begin, \u201cThe Grave\u201d is an Old English found at the bottom margin of MS Bodleian 343, f. 170v (Figure 8). Within the poem, the narrator actively describes the process of birth, beginning with one\u2019s \u201cmother,\u201d to the time of an individual\u2019s death, where they are sealed beneath the earth. The poem details a process by which a subject is inside of an underground grave, gradually transitioning to an existence that is not quite \u201cliving\u201d and ending with: \u201cFor soon your head is bereft of hair, all the fairness of your hair is scattered, and never, no one will stroke it softly with their fingers\u201d (<em>For sone bi\u00f0 \u00fein h\u00e6fet faxes bireued; al bi\u00f0 \u00f0es faxes feirnes forsceden; n\u00e6le hit nan mit fingres feire stracien<\/em>) (trans. Oberman 2017). As with the case of the \u201cAngel of Death\u201d in Ibn Fadlan\u2019s account of the Rus\u2019, we may observe a distinct role of the female entity. In the case of \u201cThe Grave,\u201d\u00a0it is at the beginning of one\u2019s life, while according to Ibn Fadlan, it is at the end.<\/p>\n<div id=\"attachment_590\" style=\"width: 1957px\" class=\"wp-caption aligncenter\"><a href=\"https:\/\/commons.princeton.edu\/makingvikings\/wp-content\/uploads\/sites\/359\/2023\/05\/The-Grave-Bodleian-Library-MS.-Bodl.-343-fol.-170r-scaled.jpg\"><img loading=\"lazy\" decoding=\"async\" aria-describedby=\"caption-attachment-590\" class=\"size-full wp-image-590\" src=\"https:\/\/commons.princeton.edu\/makingvikings\/wp-content\/uploads\/sites\/359\/2023\/05\/The-Grave-Bodleian-Library-MS.-Bodl.-343-fol.-170r-scaled.jpg\" alt=\"\" width=\"1947\" height=\"2560\" srcset=\"https:\/\/commons.princeton.edu\/makingvikings\/wp-content\/uploads\/sites\/359\/2023\/05\/The-Grave-Bodleian-Library-MS.-Bodl.-343-fol.-170r-scaled.jpg 1947w, https:\/\/commons.princeton.edu\/makingvikings\/wp-content\/uploads\/sites\/359\/2023\/05\/The-Grave-Bodleian-Library-MS.-Bodl.-343-fol.-170r-228x300.jpg 228w, https:\/\/commons.princeton.edu\/makingvikings\/wp-content\/uploads\/sites\/359\/2023\/05\/The-Grave-Bodleian-Library-MS.-Bodl.-343-fol.-170r-779x1024.jpg 779w, https:\/\/commons.princeton.edu\/makingvikings\/wp-content\/uploads\/sites\/359\/2023\/05\/The-Grave-Bodleian-Library-MS.-Bodl.-343-fol.-170r-768x1010.jpg 768w, https:\/\/commons.princeton.edu\/makingvikings\/wp-content\/uploads\/sites\/359\/2023\/05\/The-Grave-Bodleian-Library-MS.-Bodl.-343-fol.-170r-1168x1536.jpg 1168w, https:\/\/commons.princeton.edu\/makingvikings\/wp-content\/uploads\/sites\/359\/2023\/05\/The-Grave-Bodleian-Library-MS.-Bodl.-343-fol.-170r-1558x2048.jpg 1558w, https:\/\/commons.princeton.edu\/makingvikings\/wp-content\/uploads\/sites\/359\/2023\/05\/The-Grave-Bodleian-Library-MS.-Bodl.-343-fol.-170r-676x889.jpg 676w\" sizes=\"auto, (max-width: 1947px) 100vw, 1947px\" \/><\/a><p id=\"caption-attachment-590\" class=\"wp-caption-text\">The Grave.<br \/>Bodleian Library MS. Bodl. 343, fol. 170r.<br \/>(source: <a href=\"https:\/\/digital.bodleian.ox.ac.uk\/objects\/96cc6a43-6e73-4829-90fe-b82669c92806\/surfaces\/1e9c60b3-e91c-4622-b857-b9f2cebbf737\/\">Bodleian<\/a>)<\/p><\/div>\n<p>The funerary tradition in which the Viking Age \u201cAngel of Death\u201d performs also parallels that of the Old English poem <em>Beowulf<\/em>. This ninth-century poem is contained within Cotton MS Vitellius A XV, otherwise known as the Nowell Codex (Figure 9). Within lines 2821-3182 of <em>Beowulf<\/em>, a \u201cmeowle\u201d (woman) is described as singing a \u201csorrow-song,\u201d which details her uncertainties and fears now that the male warrior, Beowulf has died. The focus on a female figure within these lines suggests that this \u201cGeatish woman\u201d comprised an essential performative component of Beowulf\u2019s funerary service. While the mention of the \u201cGeatish woman\u201d within <em>Beowulf<\/em> is fleeting, it is possible that she functioned as an Old English moirologia\u2014a professional mourner\u2014rather than as an arbitrarily chosen individual. While the true importance of the \u201cGeatish woman\u201d in the construction of militaristic practices remains obscure (just as that of \u201cthe Angel of Death,\u201d her mention is worth taking note of, nonetheless.<\/p>\n<div id=\"attachment_591\" style=\"width: 1538px\" class=\"wp-caption aligncenter\"><a href=\"https:\/\/commons.princeton.edu\/makingvikings\/wp-content\/uploads\/sites\/359\/2023\/05\/Beowulf-Cotton-MS-Vitellius-A-XV-fol.-132r-scaled.jpg\"><img loading=\"lazy\" decoding=\"async\" aria-describedby=\"caption-attachment-591\" class=\"size-full wp-image-591\" src=\"https:\/\/commons.princeton.edu\/makingvikings\/wp-content\/uploads\/sites\/359\/2023\/05\/Beowulf-Cotton-MS-Vitellius-A-XV-fol.-132r-scaled.jpg\" alt=\"\" width=\"1528\" height=\"2560\" srcset=\"https:\/\/commons.princeton.edu\/makingvikings\/wp-content\/uploads\/sites\/359\/2023\/05\/Beowulf-Cotton-MS-Vitellius-A-XV-fol.-132r-scaled.jpg 1528w, https:\/\/commons.princeton.edu\/makingvikings\/wp-content\/uploads\/sites\/359\/2023\/05\/Beowulf-Cotton-MS-Vitellius-A-XV-fol.-132r-179x300.jpg 179w, https:\/\/commons.princeton.edu\/makingvikings\/wp-content\/uploads\/sites\/359\/2023\/05\/Beowulf-Cotton-MS-Vitellius-A-XV-fol.-132r-611x1024.jpg 611w, https:\/\/commons.princeton.edu\/makingvikings\/wp-content\/uploads\/sites\/359\/2023\/05\/Beowulf-Cotton-MS-Vitellius-A-XV-fol.-132r-768x1287.jpg 768w, https:\/\/commons.princeton.edu\/makingvikings\/wp-content\/uploads\/sites\/359\/2023\/05\/Beowulf-Cotton-MS-Vitellius-A-XV-fol.-132r-917x1536.jpg 917w, https:\/\/commons.princeton.edu\/makingvikings\/wp-content\/uploads\/sites\/359\/2023\/05\/Beowulf-Cotton-MS-Vitellius-A-XV-fol.-132r-1222x2048.jpg 1222w, https:\/\/commons.princeton.edu\/makingvikings\/wp-content\/uploads\/sites\/359\/2023\/05\/Beowulf-Cotton-MS-Vitellius-A-XV-fol.-132r-676x1133.jpg 676w\" sizes=\"auto, (max-width: 1528px) 100vw, 1528px\" \/><\/a><p id=\"caption-attachment-591\" class=\"wp-caption-text\">Beowulf<br \/>British Library Cotton MS Vitellius A XV, fol. 132r.<br \/>(source: <a href=\"https:\/\/commons.wikimedia.org\/wiki\/File:Beowulf_Cotton_MS_Vitellius_A_XV_f._132r.jpg\">Wikimedia<\/a> and <a href=\"https:\/\/www.bl.uk\/manuscripts\/Viewer.aspx?ref=cotton_ms_vitellius_a_xv_f132r\">British Library<\/a>)<\/p><\/div>\n<p style=\"text-align: center\"><a href=\"https:\/\/commons.princeton.edu\/makingvikings\/female-narratives\/females-and-the-supernatural-the-tale-of-thorstein-bulls-leg\/\">\u00ab Previous<\/a> | <a href=\"https:\/\/commons.princeton.edu\/makingvikings\/female-narratives\/\">Home<\/a> | <a href=\"https:\/\/commons.princeton.edu\/makingvikings\/female-narratives\/female-narratives-a-retrospective\/\">Next \u00bb<\/a><\/p>\n","protected":false},"excerpt":{"rendered":"<p>Briefly, I will discuss two Old English works in which females are either granted some form of agency\u2014such as in the case of the \u201cAngel of Death\u201d\u2014or in some way intertwined with the notion of death. To begin, \u201cThe Grave\u201d is an Old English found at the bottom margin of MS Bodleian 343, f. 170v<\/p>\n<p><a class=\"more-link\" href=\"https:\/\/commons.princeton.edu\/makingvikings\/female-narratives\/females-and-the-supernatural-old-english-analogues\/\">Continue Reading<\/a><\/p>\n","protected":false},"author":4492,"featured_media":0,"parent":268,"menu_order":10,"comment_status":"closed","ping_status":"closed","template":"template-nosidebar.php","meta":{"footnotes":""},"class_list":["post-302","page","type-page","status-publish","hentry","post-preview"],"_links":{"self":[{"href":"https:\/\/commons.princeton.edu\/makingvikings\/wp-json\/wp\/v2\/pages\/302","targetHints":{"allow":["GET"]}}],"collection":[{"href":"https:\/\/commons.princeton.edu\/makingvikings\/wp-json\/wp\/v2\/pages"}],"about":[{"href":"https:\/\/commons.princeton.edu\/makingvikings\/wp-json\/wp\/v2\/types\/page"}],"author":[{"embeddable":true,"href":"https:\/\/commons.princeton.edu\/makingvikings\/wp-json\/wp\/v2\/users\/4492"}],"replies":[{"embeddable":true,"href":"https:\/\/commons.princeton.edu\/makingvikings\/wp-json\/wp\/v2\/comments?post=302"}],"version-history":[{"count":8,"href":"https:\/\/commons.princeton.edu\/makingvikings\/wp-json\/wp\/v2\/pages\/302\/revisions"}],"predecessor-version":[{"id":593,"href":"https:\/\/commons.princeton.edu\/makingvikings\/wp-json\/wp\/v2\/pages\/302\/revisions\/593"}],"up":[{"embeddable":true,"href":"https:\/\/commons.princeton.edu\/makingvikings\/wp-json\/wp\/v2\/pages\/268"}],"wp:attachment":[{"href":"https:\/\/commons.princeton.edu\/makingvikings\/wp-json\/wp\/v2\/media?parent=302"}],"curies":[{"name":"wp","href":"https:\/\/api.w.org\/{rel}","templated":true}]}}