{"id":7,"date":"2025-02-11T14:23:27","date_gmt":"2025-02-11T14:23:27","guid":{"rendered":"https:\/\/commons.princeton.edu\/intercultural-experience\/?page_id=7"},"modified":"2025-04-25T13:41:49","modified_gmt":"2025-04-25T13:41:49","slug":"itinerary","status":"publish","type":"page","link":"https:\/\/commons.princeton.edu\/intercultural-experience\/itinerary\/","title":{"rendered":"Itinerary"},"content":{"rendered":"<p><strong><em>Workshops are in italics and in blue.<\/em><\/strong><\/p>\n<p><span style=\"color: #000080\"><strong>Sunday<\/strong><\/span><\/p>\n<ul>\n<li>Tour of Sarajevo by a former English student at the <a href=\"https:\/\/www.unsa.ba\/en\" target=\"_blank\" rel=\"noopener\"><strong>University of Sarajevo<\/strong><\/a><\/li>\n<li>Home-style lunch in <a href=\"https:\/\/www.google.com\/search?sca_esv=11e576cd2babb724&amp;rlz=1C5GCEM_enUS1139US1139&amp;q=old+town+sarajevo+phoenix&amp;udm=2&amp;fbs=ABzOT_CWdhQLP1FcmU5B0fn3xuWpA-dk4wpBWOGsoR7DG5zJBjnSuuKZNj-6zieDk_gkn6AKnSLKCogWmTELYC4Vpj6gI_yugD_H7vRrmd5-PexDEYOnFMG43ueJWetUiYk-IKPeO04KGBqpf0LigzkWiYe6pulCT28CkA6jTVPTpqvY46ZrN7QB6unGk4UpG2SRT2JpIefV4AxJ-tWDBxQaCgMT2qNYgQ&amp;sa=X&amp;ved=2ahUKEwj0hPrTp_OMAxXAhIkEHbAsC6IQtKgLegQIDRAB&amp;biw=1429&amp;bih=650&amp;dpr=2\" target=\"_blank\" rel=\"noopener\"><strong>Old Town Sarajevo<\/strong><\/a><\/li>\n<li><a href=\"https:\/\/www.google.com\/search?sca_esv=d146b05616c98815&amp;rlz=1C5GCEM_enUS1139US1139&amp;q=trebevi%C4%87+mountain&amp;udm=2&amp;fbs=ABzOT_CWdhQLP1FcmU5B0fn3xuWpA-dk4wpBWOGsoR7DG5zJBq9_MDeSwocf8-rceDq6x_7NGDnggjwWSPxogjVTDBxgAPmA0fEiyrMsT2k_F_elf2Nj2z3oku52OjnvAe71E0hwlOMOGEncIkvee5mJfQeTEs7fE8aIcrDGDVNNPIJ96QuroqrWsmrf8mKcH4E2lNVgZfNeWXvjzx8h5Fkh5_cQT8Ug-g&amp;sa=X&amp;sqi=2&amp;ved=2ahUKEwirnL2VpvOMAxXdFFkFHV0EEiMQtKgLegQIExAB&amp;biw=1429&amp;bih=650&amp;dpr=2\" target=\"_blank\" rel=\"noopener\"><strong>Trebevi\u0107 mountain<\/strong><\/a> visit (Bobsleigh event location in <a href=\"https:\/\/www.google.com\/search?sca_esv=d146b05616c98815&amp;rlz=1C5GCEM_enUS1139US1139&amp;q=the+1984+Winter+Olympics&amp;udm=2&amp;fbs=ABzOT_CWdhQLP1FcmU5B0fn3xuWpA-dk4wpBWOGsoR7DG5zJBtmuEdhfywyzhendkLDnhcoz2MIB1dVLatL09WpR-ccvNDsAwaILDgy-RGx_sbniIxhiWbdmf59-bASJQZEZCjCGEMlytxQx138IVjs9JXJxGa2hXer65kijPuqi_Y4WO94gtuW1SiG_HkHQVeJv3Sg5eGLuwOptgQwXOW7ymyS90hEFmA&amp;sa=X&amp;ved=2ahUKEwjf7tuupvOMAxWyg4kEHXoQLdUQtKgLegQIEhAB&amp;biw=1429&amp;bih=650&amp;dpr=2\" target=\"_blank\" rel=\"noopener\"><strong>the 1984 Winter Olympics<\/strong><\/a>)<\/li>\n<\/ul>\n<p><span style=\"color: #000080\"><strong>Monday<\/strong><\/span><\/p>\n<ul>\n<li>Welcome by the <strong>International Office &#8211; Minka D\u017eanko, Vice-dean for International Cooperation<\/strong><\/li>\n<li><span style=\"color: #3366ff\"><em>Intercultural Circles &#8211; Melisa Fori\u0107-Plasto, History Department, University of Sarajevo<\/em><\/span><\/li>\n<li>Coffee Break<\/li>\n<li><em>Education in a Divided Society &#8211; Larisa Kasumagi\u0107-Kafed\u017ei\u0107, English Department, University of Sarajevo<\/em><\/li>\n<li>NATO Secretary General to the University of Sarajevo &#8211; NATO Secretary-General Mark Rutte<\/li>\n<li><span style=\"color: #3366ff\"><em>Empathy Pragmatics in Intercultural Interactions: A Pedagogical Approach &#8211; Professor Adriana Merino, Princeton University<\/em><\/span><\/li>\n<\/ul>\n<p><span style=\"color: #000080\"><strong>Tuesday<\/strong><\/span><\/p>\n<ul>\n<li>Visit to War Childhood Museum &#8211; Larisa Kasumagi\u0107-Kafed\u017ei\u0107<\/li>\n<li>Lunch in the old town<\/li>\n<li><span style=\"color: #3366ff\"><em>Bosnian Culture Through Arts | <\/em><em>Creative Printmaking Workshop: Traditional Bosnian House &#8211; Amer Had\u017ei\u0107, Muhamed Kafed\u017ei\u0107, ARKA &#8211; Center for Art and Education<\/em><\/span><\/li>\n<\/ul>\n<p><span style=\"color: #000080\"><strong>Wednesday<\/strong><\/span><\/p>\n<ul>\n<li>Sarajevo to <a href=\"https:\/\/www.google.com\/search?sca_esv=d146b05616c98815&amp;rlz=1C5GCEM_enUS1139US1139&amp;q=MOSTAR&amp;udm=2&amp;fbs=ABzOT_CWdhQLP1FcmU5B0fn3xuWpA-dk4wpBWOGsoR7DG5zJBjnSuuKZNj-6zieDk_gkn6CyymgG_tEVFNWvBwycIom95tUm1FfVcGquvwohSLpjF8kA4MCz9tQefa9EILiB0TdTYzqy3UY0Kz49Y5bnH_WENATPocMCke-4zqBsbABMpk4LopqMFNsQZRim8lrZfcuR1US4S5mZBqMZACURgdCoVPqmmQ&amp;sa=X&amp;ved=2ahUKEwicxYPzpvOMAxWykIkEHRYPLMYQtKgLegQIFRAB&amp;biw=1429&amp;bih=650&amp;dpr=2\" target=\"_blank\" rel=\"noopener\"><strong>Mostar<\/strong><\/a><\/li>\n<li>Visit to Mostar with a tourist guide (old town, University, cultural sites) -Inga Kotlo, University of Mostar<\/li>\n<li>Lunch in the old town of Mostar<\/li>\n<li><span style=\"color: #3366ff\"><em>Youth Activism in Conflict-Affected Communities &#8211; Inga Kotlo, English Department, University of Mostar<\/em><\/span><\/li>\n<li>Mostar to Sarajevo<\/li>\n<\/ul>\n<p><span style=\"color: #000080\"><strong>Thursday<\/strong><\/span><\/p>\n<ul>\n<li>Sarajevo to <a href=\"https:\/\/www.google.com\/search?sca_esv=11e576cd2babb724&amp;rlz=1C5GCEM_enUS1139US1139&amp;q=zenica&amp;udm=2&amp;fbs=ABzOT_CWdhQLP1FcmU5B0fn3xuWpIgVFCTcbZI9VMGzNoV0iOQWvoN6wK1A8aX6zC3f7flaUjtpebNCU-SBjNDoUGnPjquxBey9UYwJfuf3F192DoeOYf5yLMn5pUWCaKlDXIURID7U6I_BEXdvpG6U4EvoYpymAhoCO3OIeHsH3sgGtA9s_STVZypw6r7dk1RnUWWp92Adt2RpYcYkEq1rHbmDLVrAl7Q&amp;sa=X&amp;sqi=2&amp;ved=2ahUKEwiAicWOp_OMAxUjFlkFHRkuLgQQtKgLegQIHRAB&amp;biw=1429&amp;bih=650&amp;dpr=2\" target=\"_blank\" rel=\"noopener\"><strong>Zenica<\/strong><\/a><\/li>\n<li><span style=\"color: #3366ff\"><em>Intercultural Learning in Language Education &#8211;\u00a0Larisa Kasumagi\u0107-Kafed\u017ei\u0107<\/em><\/span><br \/>\n<span style=\"color: #3366ff\">Lunch<\/span><\/li>\n<li><span style=\"color: #3366ff\"><em>American Corner Zenica &#8211; Edina Rizvi\u0107-Eminovi\u0107, English Department, University of Zenica.<\/em><\/span><\/li>\n<\/ul>\n<p><span style=\"color: #000080\"><strong>Friday<\/strong><\/span><\/p>\n<ul>\n<li>Cross-cultural tasks (small group work)<\/li>\n<li>Coffee break<\/li>\n<li><span style=\"color: #3366ff\"><em>Lexical Units as Containers of Tradition and Culinary C<\/em><em>itizenship &#8211; Nejla Kalajd\u017eisalihovi\u0107, English Department, University of Sarajevo<\/em><\/span><\/li>\n<li>Final reflections and conclusion<\/li>\n<\/ul>\n<p>&nbsp;<\/p>\n","protected":false},"excerpt":{"rendered":"<p>Workshops are in italics and in blue. Sunday Tour of Sarajevo by a former English student at the University of Sarajevo Home-style lunch in Old Town Sarajevo Trebevi\u0107 mountain visit (Bobsleigh event location in the 1984 Winter Olympics) Monday Welcome by the International Office &#8211; Minka D\u017eanko, Vice-dean for International Cooperation Intercultural Circles &#8211; Melisa [&hellip;]<\/p>\n","protected":false},"author":5,"featured_media":0,"parent":0,"menu_order":0,"comment_status":"closed","ping_status":"closed","template":"","meta":{"footnotes":""},"class_list":["post-7","page","type-page","status-publish","hentry"],"_links":{"self":[{"href":"https:\/\/commons.princeton.edu\/intercultural-experience\/wp-json\/wp\/v2\/pages\/7","targetHints":{"allow":["GET"]}}],"collection":[{"href":"https:\/\/commons.princeton.edu\/intercultural-experience\/wp-json\/wp\/v2\/pages"}],"about":[{"href":"https:\/\/commons.princeton.edu\/intercultural-experience\/wp-json\/wp\/v2\/types\/page"}],"author":[{"embeddable":true,"href":"https:\/\/commons.princeton.edu\/intercultural-experience\/wp-json\/wp\/v2\/users\/5"}],"replies":[{"embeddable":true,"href":"https:\/\/commons.princeton.edu\/intercultural-experience\/wp-json\/wp\/v2\/comments?post=7"}],"version-history":[{"count":8,"href":"https:\/\/commons.princeton.edu\/intercultural-experience\/wp-json\/wp\/v2\/pages\/7\/revisions"}],"predecessor-version":[{"id":93,"href":"https:\/\/commons.princeton.edu\/intercultural-experience\/wp-json\/wp\/v2\/pages\/7\/revisions\/93"}],"wp:attachment":[{"href":"https:\/\/commons.princeton.edu\/intercultural-experience\/wp-json\/wp\/v2\/media?parent=7"}],"curies":[{"name":"wp","href":"https:\/\/api.w.org\/{rel}","templated":true}]}}