{"id":71,"date":"2018-12-02T23:50:30","date_gmt":"2018-12-02T23:50:30","guid":{"rendered":"https:\/\/commons.princeton.edu\/indigenous-brazil\/?page_id=71"},"modified":"2019-01-31T15:27:59","modified_gmt":"2019-01-31T15:27:59","slug":"francisca","status":"publish","type":"page","link":"https:\/\/commons.princeton.edu\/indigenous-brazil\/totem-blog\/francisca\/","title":{"rendered":"Francisca Weirich-Freiberg (Kaingang)"},"content":{"rendered":"<p class=\"p1\" style=\"text-align: left\"><span class=\"s1\">Ol\u00e1. Me chamo Francisca Weirich-Freiberg e nasci e cresci em Newark, New Jersey. Estou no meu segundo ano em Princeton, e estou interessada nos estudos de antropologia e de portugu\u00eas. Eu decidi fazer esta aula para ter um entendimento melhor sobre a hist\u00f3ria dos povos ind\u00edgenas, que vivem na area que chamamos Brasil, com a esperan\u00e7a de ser mais consciente das hist\u00f3rias ocultas do Brasil. Este blog servir\u00e1 como uma coleta das informa\u00e7\u00f5es que aprendi sobre os Kaingang e como exerc\u00edcio de publica\u00e7\u00e3o como resist\u00eancia.<span class=\"Apple-converted-space\">\u00a0 \u00a0<\/span><\/span><\/p>\n<h4 class=\"p1\" style=\"text-align: center\"><em><span class=\"s1\">\u201cSomos paz. Somos paz. Somos paz.\u201d <\/span><\/em><\/h4>\n<h6 class=\"p1\" style=\"text-align: center\"><span class=\"s1\">&#8211; Padre Luciano dos Santos no sepultamento de Vitor Pinto<\/span><\/h6>\n<p class=\"p1\" style=\"text-align: left\"><span class=\"s1\">Os Kaingang s\u00e3o um povo ind\u00edgena composto de mais de 45.000 mil pessoas. Habitam \u00e1reas no sul do Brasil, nos estados de Paran\u00e1, Rio Grande do Sul, Santa Catarina, e S\u00e3o Paulo . H\u00e1 grupos que vivem em Terras Ind\u00edgenas, outros que vivem na cidade, e tamb\u00e9m outros que ocupam lugares perto de rodovi\u00e1rias em luta pela demarca\u00e7\u00e3o de suas pr\u00f3prias terras. Com tanta diversidade de viv\u00eancias e um longa hist\u00f3ria\u00a0 de contato com os brancos (<i>F\u00f3g <\/i>na lingua Kaingang<i>), <\/i>podemos estudar padr\u00f5es de viol\u00eancia que s\u00e3o estabelecidos contra povos ind\u00edgenas, e tamb\u00e9m podemos ver modos cont\u00ednuos de resist\u00eancia. Nesta pagina, apresento noticias diversas sobre os grupos Kaingang. Todos os artigos s\u00e3o da ultima d\u00e9cada, e espero que a p\u00e1gina ajudar\u00e1 outras pessoas a terem um melhor entendimento do que se passa no Brasil atual com a luta dos povos ind\u00edgenas. Isso \u00e9 especialmente importante frente a atual Presid\u00eancia, que visa tomar posse de terras ind\u00edgenas e retirar seus direitos. Os artigos est\u00e3o divididos em tr\u00eas grupos para demonstrar as diferentes maneiras com que a imprensa lida com os Kaingang. Tamb\u00e9m inclu\u00ed um post com artigos e sites, que oferecem informa\u00e7\u00f5es b\u00e1sicas e hist\u00f3ricas sobre o povo Kaingang. Todas as imagens utilizadas foram encontradas nos artigos correspondentes. <\/span><\/p>\n<h3 class=\"post-title\"><a href=\"https:\/\/commons.princeton.edu\/indigenous-brazil\/referencias\/\" rel=\"bookmark\" title=\"Artigos sobre os Kaingang\">Artigos sobre os Kaingang<\/a><\/h3><h3 class=\"post-title\"><a href=\"https:\/\/commons.princeton.edu\/indigenous-brazil\/recriando-violencia\/\" rel=\"bookmark\" title=\"Recriando Viol\u00eancia\">Recriando Viol\u00eancia<\/a><\/h3><h3 class=\"post-title\"><a href=\"https:\/\/commons.princeton.edu\/indigenous-brazil\/violencia-com-resistencia\/\" rel=\"bookmark\" title=\"Viol\u00eancia Com Resist\u00eancia\">Viol\u00eancia Com Resist\u00eancia<\/a><\/h3><h3 class=\"post-title\"><a href=\"https:\/\/commons.princeton.edu\/indigenous-brazil\/o-futuro-imaginado\/\" rel=\"bookmark\" title=\"O Futuro Imaginado\">O Futuro Imaginado<\/a><\/h3>\n","protected":false},"excerpt":{"rendered":"<p>Ol\u00e1. Me chamo Francisca Weirich-Freiberg e nasci e cresci em Newark, New Jersey. Estou no meu segundo ano em Princeton, e estou interessada nos estudos de antropologia e de portugu\u00eas. Eu decidi fazer esta aula para ter um entendimento melhor sobre a hist\u00f3ria dos povos ind\u00edgenas, que vivem na area que chamamos Brasil, com a<\/p>\n<p><a class=\"more-link\" href=\"https:\/\/commons.princeton.edu\/indigenous-brazil\/totem-blog\/francisca\/\">Continue Reading<\/a><\/p>\n","protected":false},"author":800,"featured_media":0,"parent":29,"menu_order":0,"comment_status":"closed","ping_status":"closed","template":"","meta":{"footnotes":""},"categories":[],"tags":[6],"class_list":["post-71","page","type-page","status-publish","hentry","tag-kaingang","post-preview"],"_links":{"self":[{"href":"https:\/\/commons.princeton.edu\/indigenous-brazil\/wp-json\/wp\/v2\/pages\/71","targetHints":{"allow":["GET"]}}],"collection":[{"href":"https:\/\/commons.princeton.edu\/indigenous-brazil\/wp-json\/wp\/v2\/pages"}],"about":[{"href":"https:\/\/commons.princeton.edu\/indigenous-brazil\/wp-json\/wp\/v2\/types\/page"}],"author":[{"embeddable":true,"href":"https:\/\/commons.princeton.edu\/indigenous-brazil\/wp-json\/wp\/v2\/users\/800"}],"replies":[{"embeddable":true,"href":"https:\/\/commons.princeton.edu\/indigenous-brazil\/wp-json\/wp\/v2\/comments?post=71"}],"version-history":[{"count":11,"href":"https:\/\/commons.princeton.edu\/indigenous-brazil\/wp-json\/wp\/v2\/pages\/71\/revisions"}],"predecessor-version":[{"id":753,"href":"https:\/\/commons.princeton.edu\/indigenous-brazil\/wp-json\/wp\/v2\/pages\/71\/revisions\/753"}],"up":[{"embeddable":true,"href":"https:\/\/commons.princeton.edu\/indigenous-brazil\/wp-json\/wp\/v2\/pages\/29"}],"wp:attachment":[{"href":"https:\/\/commons.princeton.edu\/indigenous-brazil\/wp-json\/wp\/v2\/media?parent=71"}],"wp:term":[{"taxonomy":"category","embeddable":true,"href":"https:\/\/commons.princeton.edu\/indigenous-brazil\/wp-json\/wp\/v2\/categories?post=71"},{"taxonomy":"post_tag","embeddable":true,"href":"https:\/\/commons.princeton.edu\/indigenous-brazil\/wp-json\/wp\/v2\/tags?post=71"}],"curies":[{"name":"wp","href":"https:\/\/api.w.org\/{rel}","templated":true}]}}