{"id":699,"date":"2019-01-20T22:30:55","date_gmt":"2019-01-20T22:30:55","guid":{"rendered":"https:\/\/commons.princeton.edu\/indigenous-brazil\/?page_id=699"},"modified":"2019-01-21T00:36:37","modified_gmt":"2019-01-21T00:36:37","slug":"sobre-os-krenak-e-sua-regiao","status":"publish","type":"page","link":"https:\/\/commons.princeton.edu\/indigenous-brazil\/outros-textos\/sobre-os-krenak-e-sua-regiao\/","title":{"rendered":"Sobre os Krenak e sua regi\u00e3o"},"content":{"rendered":"<p style=\"text-align: center\"><strong>Sobre os Krenak e sua regi\u00e3o \u00a0<\/strong><\/p>\n<p style=\"text-align: center\">Lisa Abascal<\/p>\n<p>30 de novembro de 2018<\/p>\n<p><strong>Ailton Krenak: Libertador da persegui\u00e7\u00e3o aos Krenak<\/strong><\/p>\n<p>Localizados no estado de Minas Gerais, o povo Krenak tem suportado e superado in\u00fameras adversidades. Come\u00e7amos pela perda de seus territ\u00f3rios. Os Krenak foram desterrados v\u00e1rias vezes ao longo dos \u00faltimo 500 anos, primeiro, por outros grupos ind\u00edgenas e, depois, pelo governo. Nos anos 1980s, alguns Krenak conseguiram recuperar parte de suas terras nas margens do Rio Doce. Vinte anos atr\u00e1s, o sistema judicial brasileiro ajudou o povo Krenak a retomar 4000 hectares do territ\u00f3rio que eram deles antigamente.<\/p>\n<p>Grande parte da exclus\u00e3o e dos abusos contra o povo Krenak v\u00eam de preconceitos de s\u00e9culos atr\u00e1s. Os Krenak t\u00eam suportado muito, desde serem acusados de canibalismo a terem que lutar contra uma coaliz\u00e3o de outras tribos apoiadas pelo governo brasileiro. O resultado foi a dizima\u00e7\u00e3o da popula\u00e7\u00e3o, e a maioria dos Krenaks restantes t\u00eam alguns ancestrais que pertencem a outro grupo ind\u00edgena ou \u00e9tnico.<\/p>\n<p>Ailton Krenak, nascido em 1953, tem sido instrumental em fazer ouvir a hist\u00f3ria do seu povo pelo p\u00fablico. Enquanto a mem\u00f3ria coletiva permanece na tribo, Ailton tem procurado compartilhar a hist\u00f3ria coletiva dos Krenak. \u00c9 impressionante como ele consegue manter seu espa\u00e7o tanto entre seu povo nativo como em sua vida como residente na cidade. Parece que ele \u00e9 capaz de faz\u00ea-lo, porque ele escolhe definir-se em termos de seu pensamento ind\u00edgena.<\/p>\n<p>Ailton Krenak \u00e9 um educador do pensamento ind\u00edgena. Ele compreende que a hist\u00f3ria de seu povo \u00e9 definida pela trag\u00e9dia, mas tamb\u00e9m entende que isto trouxe o multiculturalismo \u00e0s pessoas Krenak, uma caracter\u00edstica que Ailton utiliza para unificar os membros de seu povo, outras tribos distintas, e os brasileiros, juntos nesta nova coaliz\u00e3o ind\u00edgena. Para realizar esta ideia, Krenak fala da import\u00e2ncia de participar. Ele vota nas elei\u00e7\u00f5es brasileiras, mas diz que a prioridade \u00e9 estar envolvido em sua comunidade, seja qual for esse espa\u00e7o. N\u00e3o votar \u00e9 muitas vezes visto como um problema, mas, novamente, Ailton Krenak recusa sucumbir a este binarismo entre certo ou errado, acreditando que \u00e9 a inten\u00e7\u00e3o de participa\u00e7\u00e3o, e n\u00e3o o ato \u00fanico de votar, que importa.<\/p>\n<p>Sua entrevista, \u201cReceber Sonhos\u201d (1989) \u00e9 uma obra-prima de clareza. Ela ilumina o pensamento ind\u00edgena para uma audi\u00eancia sofisticada, algo que \u00e9 raro num g\u00eanero de literatura esmagadoramente infantil. Ailton consegue manter o otimismo para o futuro do povo Krenak, apesar das devasta\u00e7\u00f5es que eles enfrentaram. Escritor e educador, mas, o mais importante, <em>diplomata<\/em>, Ailton Krenak tirou um pouco do peso que o povo Krenak tem ressentido durante tanto tempo, dado que eles t\u00eam estado em constante conflito com outros grupos desde que existe sua mem\u00f3ria coletiva.<\/p>\n","protected":false},"excerpt":{"rendered":"<p>Sobre os Krenak e sua regi\u00e3o \u00a0 Lisa Abascal 30 de novembro de 2018 Ailton Krenak: Libertador da persegui\u00e7\u00e3o aos Krenak Localizados no estado de Minas Gerais, o povo Krenak tem suportado e superado in\u00fameras adversidades. Come\u00e7amos pela perda de seus territ\u00f3rios. Os Krenak foram desterrados v\u00e1rias vezes ao longo dos \u00faltimo 500 anos, primeiro,<\/p>\n<p><a class=\"more-link\" href=\"https:\/\/commons.princeton.edu\/indigenous-brazil\/outros-textos\/sobre-os-krenak-e-sua-regiao\/\">Continue Reading<\/a><\/p>\n","protected":false},"author":800,"featured_media":0,"parent":669,"menu_order":0,"comment_status":"closed","ping_status":"closed","template":"","meta":{"footnotes":""},"categories":[],"tags":[44,42],"class_list":["post-699","page","type-page","status-publish","hentry","tag-ailton-krenak","tag-krenak","post-preview"],"_links":{"self":[{"href":"https:\/\/commons.princeton.edu\/indigenous-brazil\/wp-json\/wp\/v2\/pages\/699","targetHints":{"allow":["GET"]}}],"collection":[{"href":"https:\/\/commons.princeton.edu\/indigenous-brazil\/wp-json\/wp\/v2\/pages"}],"about":[{"href":"https:\/\/commons.princeton.edu\/indigenous-brazil\/wp-json\/wp\/v2\/types\/page"}],"author":[{"embeddable":true,"href":"https:\/\/commons.princeton.edu\/indigenous-brazil\/wp-json\/wp\/v2\/users\/800"}],"replies":[{"embeddable":true,"href":"https:\/\/commons.princeton.edu\/indigenous-brazil\/wp-json\/wp\/v2\/comments?post=699"}],"version-history":[{"count":3,"href":"https:\/\/commons.princeton.edu\/indigenous-brazil\/wp-json\/wp\/v2\/pages\/699\/revisions"}],"predecessor-version":[{"id":702,"href":"https:\/\/commons.princeton.edu\/indigenous-brazil\/wp-json\/wp\/v2\/pages\/699\/revisions\/702"}],"up":[{"embeddable":true,"href":"https:\/\/commons.princeton.edu\/indigenous-brazil\/wp-json\/wp\/v2\/pages\/669"}],"wp:attachment":[{"href":"https:\/\/commons.princeton.edu\/indigenous-brazil\/wp-json\/wp\/v2\/media?parent=699"}],"wp:term":[{"taxonomy":"category","embeddable":true,"href":"https:\/\/commons.princeton.edu\/indigenous-brazil\/wp-json\/wp\/v2\/categories?post=699"},{"taxonomy":"post_tag","embeddable":true,"href":"https:\/\/commons.princeton.edu\/indigenous-brazil\/wp-json\/wp\/v2\/tags?post=699"}],"curies":[{"name":"wp","href":"https:\/\/api.w.org\/{rel}","templated":true}]}}