{"id":673,"date":"2019-01-20T20:39:33","date_gmt":"2019-01-20T20:39:33","guid":{"rendered":"https:\/\/commons.princeton.edu\/indigenous-brazil\/?page_id=673"},"modified":"2019-01-20T21:42:33","modified_gmt":"2019-01-20T21:42:33","slug":"sobre-o-filme-raoni-1973","status":"publish","type":"page","link":"https:\/\/commons.princeton.edu\/indigenous-brazil\/outros-textos\/sobre-o-filme-raoni-1973\/","title":{"rendered":"Sobre o filme &#8220;Raoni&#8221; (1973)."},"content":{"rendered":"<p><strong>Funda\u00e7\u00f5es para a luta contra Belo Monte:\u00a0<\/strong><strong><em>Raoni <\/em><\/strong><strong>traz uma perspectiva ind\u00edgena<\/strong><\/p>\n<p>Lisa Abascal<\/p>\n<p>19 de outubro de 2018<\/p>\n<p>O filme <em>Raoni<\/em> (1973) ilumina as tens\u00f5es presentes no Brasil durante as \u00faltimas d\u00e9cadas ligadas \u00e0 barragem de Belo Monte. Belo Monte n\u00e3o s\u00f3 representa a destrui\u00e7\u00e3o da natureza amaz\u00f4nica ao redor do rio Xingu; tamb\u00e9m representa a destrui\u00e7\u00e3o dos povos ind\u00edgenas na \u00e1rea. Raoni, o chefe do povo Kayapo, ficou famoso ao redor do mundo por seus esfor\u00e7os apaixonados contra os esfor\u00e7os do governo brasileiro em destruir a natureza. Com efeito, Raoni \u00e9 o s\u00edmbolo mais reconhecido da oposi\u00e7\u00e3o ao projeto Belo Monte.<\/p>\n<p>\u00c9 importante notar que o filme <em>Raoni<\/em> foi lan\u00e7ado em 1973, antes da constru\u00e7\u00e3o da barragem de Belo Monte. Assim, antes de atuar na oposi\u00e7\u00e3o \u00e0 constru\u00e7\u00e3o da barragem, Raoni estava lutando para a prote\u00e7\u00e3o das florestas tropicais. O filme ajuda-nos a entender o impacto de Belo Monte atrav\u00e9s da perspectiva ind\u00edgena, dos povos que ter\u00e3o que viver com as consequ\u00eancias da barragem. No filme, vemos a beleza da natureza perto do Rio Xingu, onde moram os Kayap\u00f3. Mais importante, tamb\u00e9m serve para humanizar o povo de Raoni, mostrando que os ind\u00edgenas n\u00e3o s\u00e3o ferozes; s\u00e3o um grupo que leva uma vida cheia de tradi\u00e7\u00f5es e disciplina. Na cena onde matam um jaguar, o filme enfatiza que a ca\u00e7ada requer um ritual, novamente o oposto da barb\u00e1rie. Claro, <em>Raoni <\/em>n\u00e3o somente ajuda-nos a entender os modos de vida dos Kayapos, e como eles seriam afetados por uma for\u00e7a disruptiva como a constru\u00e7\u00e3o de uma barragem, mas tamb\u00e9m mostra a motiva\u00e7\u00e3o pol\u00edtica de Raoni em proteger seu povo e territ\u00f3rio.<\/p>\n<p>A funda\u00e7\u00e3o para a progress\u00e3o pol\u00edtica da luta de Belo Monte revela-se no filme <em>Raoni<\/em>. A luta entre o governo e os povos ind\u00edgenas \u00e9 uma luta que tem ra\u00edzes muito antigas, contudo, os ind\u00edgenas quase sempre fracassaram nos seus esfor\u00e7os. Nos \u00faltimos 50 anos, a pol\u00edtica nacional brasileira mudou, de certa forma, a favor dos ind\u00edgenas, mas o progresso \u00e9 devagar. Na cultura Kayapo, o poder pol\u00edtico \u00e9 mais suave do que no sistema pol\u00edtico brasileiro. O filme <em>Raoni <\/em>mostra como o chefe Raoni est\u00e1 dedicado a servir o seu povo e os trata como iguais, valorizando suas opini\u00f5es e dando recomenda\u00e7\u00f5es, n\u00e3o comandos. Em sua exposi\u00e7\u00e3o \u00e0 cultura brasileira e em suas falas com Claudio Villas Boas, Raoni percebe que, para preservar seu povo e territ\u00f3rio, ele precisa tornar-se mais vis\u00edvel, mas ele consegue manter seu estilo de lideran\u00e7a suave e carism\u00e1tico.<\/p>\n<p>O filme <em>Raoni <\/em>tamb\u00e9m ajuda a entender outro dos grandes problemas na luta contra Belo Monte \u2013 a desuni\u00e3o dos povos ind\u00edgenas brasileiros. At\u00e9 agora, Raoni tem encabe\u00e7ado muitos dos esfor\u00e7os contra o desmatamento da Amaz\u00f4nia e, logo, contra Belo Monte. Isto \u00e9 importante porque, pela primeira vez, os ind\u00edgenas coletivamente tiveram uma figura de proa. No filme, vemos as conex\u00f5es de Raoni com pessoas influentes, que depois o ajudariam em sua luta contra Belo Monte, como Sting, por exemplo. Ao entender como Raoni ganhou influ\u00eancia sobre seu povo e a popula\u00e7\u00e3o brasileira, podemos entender melhor seus esfor\u00e7os, mais tarde, contra a barragem de Belo Monte, e, claro, o filme <em>Raoni <\/em>trouxe ainda mais aten\u00e7\u00e3o para ele. Serviu para educar o p\u00fablico brasileiro sobre o modo de vida ind\u00edgena, e chamou a aten\u00e7\u00e3o do p\u00fablico para o chefe Raoni.<\/p>\n","protected":false},"excerpt":{"rendered":"<p>Funda\u00e7\u00f5es para a luta contra Belo Monte:\u00a0Raoni traz uma perspectiva ind\u00edgena Lisa Abascal 19 de outubro de 2018 O filme Raoni (1973) ilumina as tens\u00f5es presentes no Brasil durante as \u00faltimas d\u00e9cadas ligadas \u00e0 barragem de Belo Monte. Belo Monte n\u00e3o s\u00f3 representa a destrui\u00e7\u00e3o da natureza amaz\u00f4nica ao redor do rio Xingu; tamb\u00e9m representa<\/p>\n<p><a class=\"more-link\" href=\"https:\/\/commons.princeton.edu\/indigenous-brazil\/outros-textos\/sobre-o-filme-raoni-1973\/\">Continue Reading<\/a><\/p>\n","protected":false},"author":800,"featured_media":0,"parent":669,"menu_order":0,"comment_status":"closed","ping_status":"closed","template":"","meta":{"footnotes":""},"categories":[],"tags":[22,16],"class_list":["post-673","page","type-page","status-publish","hentry","tag-belo-monte","tag-raoni","post-preview"],"_links":{"self":[{"href":"https:\/\/commons.princeton.edu\/indigenous-brazil\/wp-json\/wp\/v2\/pages\/673","targetHints":{"allow":["GET"]}}],"collection":[{"href":"https:\/\/commons.princeton.edu\/indigenous-brazil\/wp-json\/wp\/v2\/pages"}],"about":[{"href":"https:\/\/commons.princeton.edu\/indigenous-brazil\/wp-json\/wp\/v2\/types\/page"}],"author":[{"embeddable":true,"href":"https:\/\/commons.princeton.edu\/indigenous-brazil\/wp-json\/wp\/v2\/users\/800"}],"replies":[{"embeddable":true,"href":"https:\/\/commons.princeton.edu\/indigenous-brazil\/wp-json\/wp\/v2\/comments?post=673"}],"version-history":[{"count":3,"href":"https:\/\/commons.princeton.edu\/indigenous-brazil\/wp-json\/wp\/v2\/pages\/673\/revisions"}],"predecessor-version":[{"id":688,"href":"https:\/\/commons.princeton.edu\/indigenous-brazil\/wp-json\/wp\/v2\/pages\/673\/revisions\/688"}],"up":[{"embeddable":true,"href":"https:\/\/commons.princeton.edu\/indigenous-brazil\/wp-json\/wp\/v2\/pages\/669"}],"wp:attachment":[{"href":"https:\/\/commons.princeton.edu\/indigenous-brazil\/wp-json\/wp\/v2\/media?parent=673"}],"wp:term":[{"taxonomy":"category","embeddable":true,"href":"https:\/\/commons.princeton.edu\/indigenous-brazil\/wp-json\/wp\/v2\/categories?post=673"},{"taxonomy":"post_tag","embeddable":true,"href":"https:\/\/commons.princeton.edu\/indigenous-brazil\/wp-json\/wp\/v2\/tags?post=673"}],"curies":[{"name":"wp","href":"https:\/\/api.w.org\/{rel}","templated":true}]}}