{"id":67,"date":"2018-12-02T23:49:42","date_gmt":"2018-12-02T23:49:42","guid":{"rendered":"https:\/\/commons.princeton.edu\/indigenous-brazil\/?page_id=67"},"modified":"2019-01-31T21:20:48","modified_gmt":"2019-01-31T21:20:48","slug":"peter","status":"publish","type":"page","link":"https:\/\/commons.princeton.edu\/indigenous-brazil\/totem-blog\/peter\/","title":{"rendered":"Peter Schmidt (Chiquitano)"},"content":{"rendered":"<p>Peter Schmidt<\/p>\n<p>Peter Schmidt \u00e9 um estudante do terceiro ano, no departamento de Espanhol e Portugu\u00eas.\u00a0Interessa-lhe muito as quest\u00f5es de injusti\u00e7a ambiental e dos direitos ind\u00edgenas. Neste semestre, ele pesquisou o povo Chiquitano, que mora na fronteira entre o Brasil e a Bol\u00edvia.<\/p>\n<h3 class=\"post-title\"><a href=\"https:\/\/commons.princeton.edu\/indigenous-brazil\/o-curusse-do-povo-chiquitano\/\" rel=\"bookmark\" title=\"A festa \"Curusse\" do Povo Chiquitano\">A festa \"Curusse\" do Povo Chiquitano<\/a><\/h3><h3 class=\"post-title\"><a href=\"https:\/\/commons.princeton.edu\/indigenous-brazil\/registro-civil-no-povo-chiquitano\/\" rel=\"bookmark\" title=\"Registro Civil do Povo Chiquitano\">Registro Civil do Povo Chiquitano<\/a><\/h3><h3 class=\"post-title\"><a href=\"https:\/\/commons.princeton.edu\/indigenous-brazil\/os-direitos-lgbtq-no-povo-chiquitano\/\" rel=\"bookmark\" title=\"Os Direitos LGBT entre o Povo Chiquitano\">Os Direitos LGBT entre o Povo Chiquitano<\/a><\/h3><h3 class=\"post-title\"><a href=\"https:\/\/commons.princeton.edu\/indigenous-brazil\/uma-introducao-ao-povo-chiquitano\/\" rel=\"bookmark\" title=\"Uma Introdu\u00e7\u00e3o ao Povo Chiquitano\">Uma Introdu\u00e7\u00e3o ao Povo Chiquitano<\/a><\/h3>\n<p>&nbsp;<\/p>\n","protected":false},"excerpt":{"rendered":"<p>Peter Schmidt Peter Schmidt \u00e9 um estudante do terceiro ano, no departamento de Espanhol e Portugu\u00eas.\u00a0Interessa-lhe muito as quest\u00f5es de injusti\u00e7a ambiental e dos direitos ind\u00edgenas. Neste semestre, ele pesquisou o povo Chiquitano, que mora na fronteira entre o Brasil e a Bol\u00edvia. &nbsp;<\/p>\n","protected":false},"author":800,"featured_media":0,"parent":29,"menu_order":0,"comment_status":"closed","ping_status":"closed","template":"","meta":{"footnotes":""},"categories":[],"tags":[48,15],"class_list":["post-67","page","type-page","status-publish","hentry","tag-chiquitanos","tag-wajapi","post-preview"],"_links":{"self":[{"href":"https:\/\/commons.princeton.edu\/indigenous-brazil\/wp-json\/wp\/v2\/pages\/67","targetHints":{"allow":["GET"]}}],"collection":[{"href":"https:\/\/commons.princeton.edu\/indigenous-brazil\/wp-json\/wp\/v2\/pages"}],"about":[{"href":"https:\/\/commons.princeton.edu\/indigenous-brazil\/wp-json\/wp\/v2\/types\/page"}],"author":[{"embeddable":true,"href":"https:\/\/commons.princeton.edu\/indigenous-brazil\/wp-json\/wp\/v2\/users\/800"}],"replies":[{"embeddable":true,"href":"https:\/\/commons.princeton.edu\/indigenous-brazil\/wp-json\/wp\/v2\/comments?post=67"}],"version-history":[{"count":12,"href":"https:\/\/commons.princeton.edu\/indigenous-brazil\/wp-json\/wp\/v2\/pages\/67\/revisions"}],"predecessor-version":[{"id":810,"href":"https:\/\/commons.princeton.edu\/indigenous-brazil\/wp-json\/wp\/v2\/pages\/67\/revisions\/810"}],"up":[{"embeddable":true,"href":"https:\/\/commons.princeton.edu\/indigenous-brazil\/wp-json\/wp\/v2\/pages\/29"}],"wp:attachment":[{"href":"https:\/\/commons.princeton.edu\/indigenous-brazil\/wp-json\/wp\/v2\/media?parent=67"}],"wp:term":[{"taxonomy":"category","embeddable":true,"href":"https:\/\/commons.princeton.edu\/indigenous-brazil\/wp-json\/wp\/v2\/categories?post=67"},{"taxonomy":"post_tag","embeddable":true,"href":"https:\/\/commons.princeton.edu\/indigenous-brazil\/wp-json\/wp\/v2\/tags?post=67"}],"curies":[{"name":"wp","href":"https:\/\/api.w.org\/{rel}","templated":true}]}}