{"id":63,"date":"2018-12-02T23:48:52","date_gmt":"2018-12-02T23:48:52","guid":{"rendered":"https:\/\/commons.princeton.edu\/indigenous-brazil\/?page_id=63"},"modified":"2019-01-31T23:03:37","modified_gmt":"2019-01-31T23:03:37","slug":"kathryn","status":"publish","type":"page","link":"https:\/\/commons.princeton.edu\/indigenous-brazil\/totem-blog\/kathryn\/","title":{"rendered":"Kathryn Grace Phipps (Karaj\u00e1)"},"content":{"rendered":"<p>Ol\u00e1, e boas-vindas ao meu blog! Apresento aqui algumas informa\u00e7\u00f5es introdut\u00f3rias para que voc\u00eas possam conhecer o povo Karaj\u00e1.<\/p>\n<p><img loading=\"lazy\" decoding=\"async\" class=\"size-medium wp-image-598 aligncenter\" src=\"http:\/\/commons.princeton.edu\/indigenous-brazil\/wp-content\/uploads\/sites\/99\/2019\/01\/karaja_11-227x300.jpg\" alt=\"\" width=\"227\" height=\"300\" srcset=\"https:\/\/commons.princeton.edu\/indigenous-brazil\/wp-content\/uploads\/sites\/99\/2019\/01\/karaja_11-227x300.jpg 227w, https:\/\/commons.princeton.edu\/indigenous-brazil\/wp-content\/uploads\/sites\/99\/2019\/01\/karaja_11.jpg 429w\" sizes=\"auto, (max-width: 227px) 100vw, 227px\" \/><\/p>\n<h6 style=\"text-align: center\"><a href=\"https:\/\/img.socioambiental.org\/v\/publico\/karaja\/karaja_11.jpg.html\">Foto por Vladimir Kozak, 2008<\/a><\/h6>\n<p>Os Karaj\u00e1 s\u00e3o um povo composto hoje de 3768 pessoas, que moram no Rio Araguaia, e a sua vida cultural \u00e9 muito ligada ao rio. Alguns deles moram na ilha Bananal, que \u00e9 a maior ilha fluvial do mundo.<\/p>\n<p>Eles falam Karaj\u00e1, uma l\u00edngua que se divide em tr\u00eas l\u00ednguas: Karaj\u00e1, Java\u00e9, Xambio\u00e1. As diferen\u00e7as s\u00e3o relativas ao modo como se fala, de acordo com o g\u00eanero do falante.<\/p>\n<p>Na cultura material h\u00e1 dois objetos centrais. O primeiro s\u00e3o as tatuagens tradicionais dos c\u00edrculos abaixo dos olhos. O segundo, s\u00e3o as bonecas que as mulheres fazem para ensinar as crian\u00e7as a hist\u00f3ria e a cultura Karaj\u00e1.<\/p>\n<p>Kathryn Grace Phipps<\/p>\n<h3 class=\"post-title\"><a href=\"https:\/\/commons.princeton.edu\/indigenous-brazil\/o-contato-cultural\/\" rel=\"bookmark\" title=\"O contato cultural entre os Karaj\u00e1\">O contato cultural entre os Karaj\u00e1<\/a><\/h3>\n","protected":false},"excerpt":{"rendered":"<p>Ol\u00e1, e boas-vindas ao meu blog! Apresento aqui algumas informa\u00e7\u00f5es introdut\u00f3rias para que voc\u00eas possam conhecer o povo Karaj\u00e1. Foto por Vladimir Kozak, 2008 Os Karaj\u00e1 s\u00e3o um povo composto hoje de 3768 pessoas, que moram no Rio Araguaia, e a sua vida cultural \u00e9 muito ligada ao rio. Alguns deles moram na ilha Bananal,<\/p>\n<p><a class=\"more-link\" href=\"https:\/\/commons.princeton.edu\/indigenous-brazil\/totem-blog\/kathryn\/\">Continue Reading<\/a><\/p>\n","protected":false},"author":800,"featured_media":0,"parent":29,"menu_order":0,"comment_status":"closed","ping_status":"closed","template":"","meta":{"footnotes":""},"categories":[],"tags":[8],"class_list":["post-63","page","type-page","status-publish","hentry","tag-karaja","post-preview"],"_links":{"self":[{"href":"https:\/\/commons.princeton.edu\/indigenous-brazil\/wp-json\/wp\/v2\/pages\/63","targetHints":{"allow":["GET"]}}],"collection":[{"href":"https:\/\/commons.princeton.edu\/indigenous-brazil\/wp-json\/wp\/v2\/pages"}],"about":[{"href":"https:\/\/commons.princeton.edu\/indigenous-brazil\/wp-json\/wp\/v2\/types\/page"}],"author":[{"embeddable":true,"href":"https:\/\/commons.princeton.edu\/indigenous-brazil\/wp-json\/wp\/v2\/users\/800"}],"replies":[{"embeddable":true,"href":"https:\/\/commons.princeton.edu\/indigenous-brazil\/wp-json\/wp\/v2\/comments?post=63"}],"version-history":[{"count":10,"href":"https:\/\/commons.princeton.edu\/indigenous-brazil\/wp-json\/wp\/v2\/pages\/63\/revisions"}],"predecessor-version":[{"id":856,"href":"https:\/\/commons.princeton.edu\/indigenous-brazil\/wp-json\/wp\/v2\/pages\/63\/revisions\/856"}],"up":[{"embeddable":true,"href":"https:\/\/commons.princeton.edu\/indigenous-brazil\/wp-json\/wp\/v2\/pages\/29"}],"wp:attachment":[{"href":"https:\/\/commons.princeton.edu\/indigenous-brazil\/wp-json\/wp\/v2\/media?parent=63"}],"wp:term":[{"taxonomy":"category","embeddable":true,"href":"https:\/\/commons.princeton.edu\/indigenous-brazil\/wp-json\/wp\/v2\/categories?post=63"},{"taxonomy":"post_tag","embeddable":true,"href":"https:\/\/commons.princeton.edu\/indigenous-brazil\/wp-json\/wp\/v2\/tags?post=63"}],"curies":[{"name":"wp","href":"https:\/\/api.w.org\/{rel}","templated":true}]}}