{"id":59,"date":"2018-12-02T23:48:03","date_gmt":"2018-12-02T23:48:03","guid":{"rendered":"https:\/\/commons.princeton.edu\/indigenous-brazil\/?page_id=59"},"modified":"2019-01-31T02:35:19","modified_gmt":"2019-01-31T02:35:19","slug":"michael","status":"publish","type":"page","link":"https:\/\/commons.princeton.edu\/indigenous-brazil\/totem-blog\/michael\/","title":{"rendered":"Michael Pereira (Kuntanawa)"},"content":{"rendered":"<p><strong>Michael Pereira\u00a0<\/strong><\/p>\n<p>Eu estou no segundo ano da faculdade e, no momento, planejo estudar Hist\u00f3ria com uma especializa\u00e7\u00e3o em portugu\u00eas. Sou originalmente de Newark, New Jersey, especificamente do bairro de Ironbound, onde muitos portugueses vivem. J\u00e1 estudei portugu\u00eas no passado, mas a maior parte foi sobre Portugal e a era colonial. Esse curso abriu meus olhos para os problemas que aconteceram no Brasil no s\u00e9culo 20, e que continuam at\u00e9 hoje. Meu grupo de estudo \u00e9 o povo Kuntanawa, e espero que voc\u00eas achem a hist\u00f3ria deles t\u00e3o importante quanto eu.<\/p>\n<div>\n<p><span style=\"font-family: arial,helvetica,sans-serif\"><span id=\"gmail-docs-internal-guid-921b6505-7fff-9f3b-f895-f0f7dee08b0c\"><\/span><br class=\"gmail-Apple-interchange-newline\" \/><\/span><\/p>\n<\/div>\n<h3 class=\"post-title\"><a href=\"https:\/\/commons.princeton.edu\/indigenous-brazil\/kuntanawa-uma-cultura-na-reconstrucao\/\" rel=\"bookmark\" title=\"Kuntanawa: Uma Cultura em Reconstru\u00e7\u00e3o\">Kuntanawa: Uma Cultura em Reconstru\u00e7\u00e3o<\/a><\/h3><h3 class=\"post-title\"><a href=\"https:\/\/commons.princeton.edu\/indigenous-brazil\/kuntanawa-o-povo-de-coco-fotos\/\" rel=\"bookmark\" title=\"Kuntanawa: O Povo do Coco Fotos\">Kuntanawa: O Povo do Coco Fotos<\/a><\/h3><h3 class=\"post-title\"><a href=\"https:\/\/commons.princeton.edu\/indigenous-brazil\/kuntanawa-o-povo-de-coco\/\" rel=\"bookmark\" title=\"Kuntanawa: O Povo do Coco V\u00eddeos\">Kuntanawa: O Povo do Coco V\u00eddeos<\/a><\/h3>\n","protected":false},"excerpt":{"rendered":"<p>Michael Pereira\u00a0 Eu estou no segundo ano da faculdade e, no momento, planejo estudar Hist\u00f3ria com uma especializa\u00e7\u00e3o em portugu\u00eas. Sou originalmente de Newark, New Jersey, especificamente do bairro de Ironbound, onde muitos portugueses vivem. J\u00e1 estudei portugu\u00eas no passado, mas a maior parte foi sobre Portugal e a era colonial. Esse curso abriu meus<\/p>\n<p><a class=\"more-link\" href=\"https:\/\/commons.princeton.edu\/indigenous-brazil\/totem-blog\/michael\/\">Continue Reading<\/a><\/p>\n","protected":false},"author":800,"featured_media":0,"parent":29,"menu_order":0,"comment_status":"closed","ping_status":"closed","template":"","meta":{"footnotes":""},"categories":[],"tags":[11],"class_list":["post-59","page","type-page","status-publish","hentry","tag-kuntunawa","post-preview"],"_links":{"self":[{"href":"https:\/\/commons.princeton.edu\/indigenous-brazil\/wp-json\/wp\/v2\/pages\/59","targetHints":{"allow":["GET"]}}],"collection":[{"href":"https:\/\/commons.princeton.edu\/indigenous-brazil\/wp-json\/wp\/v2\/pages"}],"about":[{"href":"https:\/\/commons.princeton.edu\/indigenous-brazil\/wp-json\/wp\/v2\/types\/page"}],"author":[{"embeddable":true,"href":"https:\/\/commons.princeton.edu\/indigenous-brazil\/wp-json\/wp\/v2\/users\/800"}],"replies":[{"embeddable":true,"href":"https:\/\/commons.princeton.edu\/indigenous-brazil\/wp-json\/wp\/v2\/comments?post=59"}],"version-history":[{"count":9,"href":"https:\/\/commons.princeton.edu\/indigenous-brazil\/wp-json\/wp\/v2\/pages\/59\/revisions"}],"predecessor-version":[{"id":730,"href":"https:\/\/commons.princeton.edu\/indigenous-brazil\/wp-json\/wp\/v2\/pages\/59\/revisions\/730"}],"up":[{"embeddable":true,"href":"https:\/\/commons.princeton.edu\/indigenous-brazil\/wp-json\/wp\/v2\/pages\/29"}],"wp:attachment":[{"href":"https:\/\/commons.princeton.edu\/indigenous-brazil\/wp-json\/wp\/v2\/media?parent=59"}],"wp:term":[{"taxonomy":"category","embeddable":true,"href":"https:\/\/commons.princeton.edu\/indigenous-brazil\/wp-json\/wp\/v2\/categories?post=59"},{"taxonomy":"post_tag","embeddable":true,"href":"https:\/\/commons.princeton.edu\/indigenous-brazil\/wp-json\/wp\/v2\/tags?post=59"}],"curies":[{"name":"wp","href":"https:\/\/api.w.org\/{rel}","templated":true}]}}