{"id":55,"date":"2018-12-02T23:47:26","date_gmt":"2018-12-02T23:47:26","guid":{"rendered":"https:\/\/commons.princeton.edu\/indigenous-brazil\/?page_id=55"},"modified":"2019-01-31T02:35:37","modified_gmt":"2019-01-31T02:35:37","slug":"paulo","status":"publish","type":"page","link":"https:\/\/commons.princeton.edu\/indigenous-brazil\/totem-blog\/paulo\/","title":{"rendered":"Paulo Fraz\u00e3o(Guajajara)"},"content":{"rendered":"<p>&nbsp;<\/p>\n<p><strong>Paulo Fraz\u00e3o\u00a0<\/strong><\/p>\n<p>Bem-vindos ao nosso site sobre as nossas experi\u00eancias com o &#8220;Brasil Ind\u00edgena.&#8221; Eu me chamo Paulo, e sou um estudante de terceiro ano, no Departamento de Inform\u00e1tica, na Universidade de Princeton. Eu decidi embarcar nessa viagem intelectual por v\u00e1rias raz\u00f5es. De um lado, eu sou filho de pais portugueses; por isso, tenho muito interesse na hist\u00f3ria portuguesa e nos efeitos, positivos e negativos, de suas a\u00e7\u00f5es. Ao mesmo tempo, no entanto, as popula\u00e7\u00f5es ind\u00edgenas s\u00e3o\u00a0 t\u00e3o frequentemente esquecidas, que eu achei essa aula uma oportunidade incr\u00edvel para poder ouvir e entender a sua perspetiva.\u00a0Espero que voc\u00eas desfrutem da minha pesquisa sobre os Guajajara e de meu Di\u00e1rio de Viagem : uma explora\u00e7\u00e3o narrativa!<\/p>\n<h3 class=\"post-title\"><a href=\"https:\/\/commons.princeton.edu\/indigenous-brazil\/os-guajajara-um-canto-indigena-dum-povo-do-maranhao\/\" rel=\"bookmark\" title=\"Os Guajajara: Um canto ind\u00edgena de um povo do Maranh\u00e3o\">Os Guajajara: Um canto ind\u00edgena de um povo do Maranh\u00e3o<\/a><\/h3><h3 class=\"post-title\"><a href=\"https:\/\/commons.princeton.edu\/indigenous-brazil\/os-guajajara-uma-entrevista-com-sonia-guajajara\/\" rel=\"bookmark\" title=\"Os Guajajara: Uma entrevista com S\u00f4nia Guajajara\">Os Guajajara: Uma entrevista com S\u00f4nia Guajajara<\/a><\/h3><h3 class=\"post-title\"><a href=\"https:\/\/commons.princeton.edu\/indigenous-brazil\/os-guajajara-short-paper-uma-exploracao-narrativa-pt-3\/\" rel=\"bookmark\" title=\"Os Guajajara: [Di\u00e1rio de Viagem] Uma Explora\u00e7\u00e3o Narrativa, Pt. 3\">Os Guajajara: [Di\u00e1rio de Viagem] Uma Explora\u00e7\u00e3o Narrativa, Pt. 3<\/a><\/h3><h3 class=\"post-title\"><a href=\"https:\/\/commons.princeton.edu\/indigenous-brazil\/os-guajajara-short-paper-uma-exploracao-narrativa-pt-2\/\" rel=\"bookmark\" title=\"Os Guajajara: [Di\u00e1rio de Viagem] Uma Explora\u00e7\u00e3o Narrativa, Parte 2\">Os Guajajara: [Di\u00e1rio de Viagem] Uma Explora\u00e7\u00e3o Narrativa, Parte 2<\/a><\/h3><h3 class=\"post-title\"><a href=\"https:\/\/commons.princeton.edu\/indigenous-brazil\/os-guajajara-short-paper-uma-exploracao-narrativa-pt-1\/\" rel=\"bookmark\" title=\"Os Guajajara: [Di\u00e1rio de Viagem] Uma Explora\u00e7\u00e3o Narrativa, Parte 1\">Os Guajajara: [Di\u00e1rio de Viagem] Uma Explora\u00e7\u00e3o Narrativa, Parte 1<\/a><\/h3><h3 class=\"post-title\"><a href=\"https:\/\/commons.princeton.edu\/indigenous-brazil\/os-guajajara-assassinatos-indigenas-e-o-terror-realistico\/\" rel=\"bookmark\" title=\"Os Guajajara: Assassinatos Ind\u00edgenas e o Terror\">Os Guajajara: Assassinatos Ind\u00edgenas e o Terror<\/a><\/h3><h3 class=\"post-title\"><a href=\"https:\/\/commons.princeton.edu\/indigenous-brazil\/os-guajajara-guardioes-da-floresta\/\" rel=\"bookmark\" title=\"Os Guajajara: Guardi\u00f5es da Floresta\">Os Guajajara: Guardi\u00f5es da Floresta<\/a><\/h3><h3 class=\"post-title\"><a href=\"https:\/\/commons.princeton.edu\/indigenous-brazil\/os-guajajara-representacao-e-demograficas\/\" rel=\"bookmark\" title=\"Os Guajajara: Representa\u00e7\u00e3o demogr\u00e1fica\">Os Guajajara: Representa\u00e7\u00e3o demogr\u00e1fica<\/a><\/h3><h3 class=\"post-title\"><a href=\"https:\/\/commons.princeton.edu\/indigenous-brazil\/os-guajajara-cosmologia-e-misticismo\/\" rel=\"bookmark\" title=\"Os Guajajara: Cosmologia e Misticismo\">Os Guajajara: Cosmologia e Misticismo<\/a><\/h3><h3 class=\"post-title\"><a href=\"https:\/\/commons.princeton.edu\/indigenous-brazil\/os-guajajara-genero-e-sociedade\/\" rel=\"bookmark\" title=\"Os Guajajara: G\u00eanero e Sociedade\">Os Guajajara: G\u00eanero e Sociedade<\/a><\/h3><h3 class=\"post-title\"><a href=\"https:\/\/commons.princeton.edu\/indigenous-brazil\/os-guajajara-uma-introducao\/\" rel=\"bookmark\" title=\"Os Guajajara: Uma Introdu\u00e7\u00e3o\">Os Guajajara: Uma Introdu\u00e7\u00e3o<\/a><\/h3>\n","protected":false},"excerpt":{"rendered":"<p>&nbsp; Paulo Fraz\u00e3o\u00a0 Bem-vindos ao nosso site sobre as nossas experi\u00eancias com o &#8220;Brasil Ind\u00edgena.&#8221; Eu me chamo Paulo, e sou um estudante de terceiro ano, no Departamento de Inform\u00e1tica, na Universidade de Princeton. Eu decidi embarcar nessa viagem intelectual por v\u00e1rias raz\u00f5es. De um lado, eu sou filho de pais portugueses; por isso, tenho<\/p>\n<p><a class=\"more-link\" href=\"https:\/\/commons.princeton.edu\/indigenous-brazil\/totem-blog\/paulo\/\">Continue Reading<\/a><\/p>\n","protected":false},"author":800,"featured_media":0,"parent":29,"menu_order":0,"comment_status":"closed","ping_status":"closed","template":"","meta":{"footnotes":""},"categories":[],"tags":[13],"class_list":["post-55","page","type-page","status-publish","hentry","tag-guajajara","post-preview"],"_links":{"self":[{"href":"https:\/\/commons.princeton.edu\/indigenous-brazil\/wp-json\/wp\/v2\/pages\/55","targetHints":{"allow":["GET"]}}],"collection":[{"href":"https:\/\/commons.princeton.edu\/indigenous-brazil\/wp-json\/wp\/v2\/pages"}],"about":[{"href":"https:\/\/commons.princeton.edu\/indigenous-brazil\/wp-json\/wp\/v2\/types\/page"}],"author":[{"embeddable":true,"href":"https:\/\/commons.princeton.edu\/indigenous-brazil\/wp-json\/wp\/v2\/users\/800"}],"replies":[{"embeddable":true,"href":"https:\/\/commons.princeton.edu\/indigenous-brazil\/wp-json\/wp\/v2\/comments?post=55"}],"version-history":[{"count":13,"href":"https:\/\/commons.princeton.edu\/indigenous-brazil\/wp-json\/wp\/v2\/pages\/55\/revisions"}],"predecessor-version":[{"id":731,"href":"https:\/\/commons.princeton.edu\/indigenous-brazil\/wp-json\/wp\/v2\/pages\/55\/revisions\/731"}],"up":[{"embeddable":true,"href":"https:\/\/commons.princeton.edu\/indigenous-brazil\/wp-json\/wp\/v2\/pages\/29"}],"wp:attachment":[{"href":"https:\/\/commons.princeton.edu\/indigenous-brazil\/wp-json\/wp\/v2\/media?parent=55"}],"wp:term":[{"taxonomy":"category","embeddable":true,"href":"https:\/\/commons.princeton.edu\/indigenous-brazil\/wp-json\/wp\/v2\/categories?post=55"},{"taxonomy":"post_tag","embeddable":true,"href":"https:\/\/commons.princeton.edu\/indigenous-brazil\/wp-json\/wp\/v2\/tags?post=55"}],"curies":[{"name":"wp","href":"https:\/\/api.w.org\/{rel}","templated":true}]}}