{"id":430,"date":"2019-01-05T23:48:12","date_gmt":"2019-01-05T23:48:12","guid":{"rendered":"https:\/\/commons.princeton.edu\/indigenous-brazil\/?page_id=430"},"modified":"2019-01-31T02:46:53","modified_gmt":"2019-01-31T02:46:53","slug":"poema-totem","status":"publish","type":"page","link":"https:\/\/commons.princeton.edu\/indigenous-brazil\/poema-totem\/","title":{"rendered":"Poema TOTEM"},"content":{"rendered":"<p>&nbsp;<\/p>\n<p><iframe loading=\"lazy\" src=\"https:\/\/player.vimeo.com\/video\/57330266?app_id=122963\" width=\"676\" height=\"380\" frameborder=\"0\" title=\"totem\" allow=\"autoplay; fullscreen\" allowfullscreen><\/iframe><\/p>\n<p><a href=\"https:\/\/vimeo.com\/57330266\" target=\"_blank\" rel=\"noopener\">Poema Totem<\/a>\u00a0de Andre Vallias<\/p>\n<p><strong>Sou guarani kaiow\u00e1<\/strong><br \/>\n<strong>munduruku, kadiw\u00e9u<\/strong><br \/>\n<strong>arapium, pankar\u00e1<\/strong><br \/>\n<strong>xok\u00f3, tapuio, xer\u00e9u<\/strong><\/p>\n<p><strong>yanomami, asurini<\/strong><br \/>\n<strong>cinta larga, kayap\u00f3<\/strong><br \/>\n<strong>waimiri atroari<\/strong><br \/>\n<strong>tariana, patax\u00f3<\/strong><\/p>\n<p><strong>kalapalo, nambikwara<\/strong><br \/>\n<strong>jenipapo-kanind\u00e9<\/strong><br \/>\n<strong>amondawa, potiguara<\/strong><br \/>\n<strong>kalaba\u00e7a, arawet\u00e9<\/strong><\/p>\n<p><strong>migueleno, karaj\u00e1<\/strong><br \/>\n<strong>tabajara, bakairi<\/strong><br \/>\n<strong>gavi\u00e3o, tupinamb\u00e1<\/strong><br \/>\n<strong>anac\u00e9, kanamari<\/strong><\/p>\n<p><strong>deni, xavante, zor\u00f3<\/strong><br \/>\n<strong>aran\u00e3, pankarar\u00e9<\/strong><br \/>\n<strong>palikur, ingarik\u00f3<\/strong><br \/>\n<strong>makurap, apinay\u00e9<\/strong><\/p>\n<p><strong>mats\u00e9s, uru eu wau wau<\/strong><br \/>\n<strong>pira-tapuya, akuntsu<\/strong><br \/>\n<strong>kis\u00eadj\u00ea, kinikinau<\/strong><br \/>\n<strong>ashaninka, matipu<\/strong><\/p>\n<p><strong>sou wari\u2019, nad\u00f6b, terena<\/strong><br \/>\n<strong>puyanawa, paumari,<\/strong><br \/>\n<strong>wassu-cocal, warekena<\/strong><br \/>\n<strong>purobor\u00e1, krikati<\/strong><br \/>\n<strong>ka\u2019apor, nahuku\u00e1<\/strong><br \/>\n<strong>jiahui, baniwa, temb\u00e9<\/strong><br \/>\n<strong>kuikuro, kaxinaw\u00e1<\/strong><br \/>\n<strong>naruvotu, trememb\u00e9<\/strong><\/p>\n<p><strong>kuntanawa, aikan\u00e3<\/strong><br \/>\n<strong>juma, tor\u00e1, kaxix\u00f3<\/strong><br \/>\n<strong>siriano, pipip\u00e3<\/strong><br \/>\n<strong>rikbakts\u00e1, karapot\u00f3<\/strong><\/p>\n<p><strong>krepumkatey\u00ea, aru\u00e1<\/strong><br \/>\n<strong>kaxuyana, arikapu<\/strong><br \/>\n<strong>witoto, pankaiuk\u00e1<\/strong><br \/>\n<strong>tapeba, karuazu<\/strong><\/p>\n<p><strong>desana, parakan\u00e3<\/strong><br \/>\n<strong>jarawara, kaiabi<\/strong><br \/>\n<strong>fulni-\u00f4, apurin\u00e3<\/strong><br \/>\n<strong>charrua, iss\u00e9, nukini<\/strong><\/p>\n<p><strong>aweti, nawa, korubo<\/strong><br \/>\n<strong>miranha, kantarur\u00e9<\/strong><br \/>\n<strong>karitiana, marubo<\/strong><br \/>\n<strong>yawalapiti, zo\u2019\u00e9<\/strong><\/p>\n<p><strong>parintintin, katukina<\/strong><br \/>\n<strong>wayana, xakriab\u00e1<\/strong><br \/>\n<strong>yaminaw\u00e1, umutina<\/strong><br \/>\n<strong>av\u00e1-canoeiro, kwaz\u00e1<\/strong><\/p>\n<p><strong>sou enawen\u00ea-naw\u00ea<\/strong><br \/>\n<strong>chiquitano, apiak\u00e1<\/strong><br \/>\n<strong>manchineri, kano\u00ea<\/strong><br \/>\n<strong>pirah\u00e3, kamaiur\u00e1<\/strong><\/p>\n<p><strong>jamamadi, guajajara<br \/>\nanamb\u00e9, tingui-bot\u00f3,<\/strong><br \/>\n<strong>yudj\u00e1, kambeba, arara<\/strong><br \/>\n<strong>aparai, jiripanc\u00f3<\/strong><\/p>\n<p><strong>krenak, xerente, ticuna<\/strong><br \/>\n<strong>krah\u00f4, tukano, trumai<\/strong><br \/>\n<strong>patamona, karipuna<\/strong><br \/>\n<strong>hixkaryana, waiwai<\/strong><\/p>\n<p><strong>katuenayana, bar\u00e9<\/strong><br \/>\n<strong>menky manoki, truk\u00e1<\/strong><br \/>\n<strong>kapinaw\u00e1, java\u00e9<\/strong><br \/>\n<strong>karapan\u00e3, panar\u00e1<\/strong><\/p>\n<p><strong>sakurabiat, kaingang<\/strong><br \/>\n<strong>kotiria, makuxi<\/strong><br \/>\n<strong>maxakali, taurepang<\/strong><br \/>\n<strong>aripuan\u00e1, paresi<\/strong><\/p>\n<p><strong>iranxe, kamba, tux\u00e1<\/strong><br \/>\n<strong>tapirap\u00e9, wajuru<\/strong><br \/>\n<strong>mehinako, kambiw\u00e1<\/strong><br \/>\n<strong>ariken, pankararu<\/strong><\/p>\n<p><strong>sou guaj\u00e1, djeoromitxi<\/strong><br \/>\n<strong>koiupank\u00e1, tunayana<\/strong><br \/>\n<strong>ikolen, dow, waj\u00e3pi<\/strong><br \/>\n<strong>amaw\u00e1ka, barasana<\/strong><\/p>\n<p><strong>kubeo, kulina, ikpeng<\/strong><br \/>\n<strong>ofai\u00e9, hupda, xipaya<\/strong><br \/>\n<strong>suru\u00ed paiter, xokleng<\/strong><br \/>\n<strong>tupiniquim, kuruaya<\/strong><\/p>\n<p><strong>zuruah\u00e3, galibi<\/strong><br \/>\n<strong>tsohom-dyapa, wauj\u00e1<\/strong><br \/>\n<strong>xukuru, kaxarari<\/strong><br \/>\n<strong>tuyuka, tumbalal\u00e1<\/strong><\/p>\n<p><strong>borari, amanay\u00e9<\/strong><br \/>\n<strong>hi-merim\u00e3, aikewara<\/strong><br \/>\n<strong>kujubim, arikos\u00e9<\/strong><br \/>\n<strong>arapa\u00e7o, turiwara<\/strong><\/p>\n<p><strong>kalank\u00f3, pitaguary<\/strong><br \/>\n<strong>shanenawa, tapayuna<\/strong><br \/>\n<strong>coripaco, kiriri<\/strong><br \/>\n<strong>kaimb\u00e9, kokama, makuna<\/strong><\/p>\n<p><strong>matis, karo, banaw\u00e1<\/strong><br \/>\n<strong>chamacoco, tenharim<\/strong><br \/>\n<strong>tupari, kreny\u00ea, bar\u00e1<\/strong><br \/>\n<strong>wapixana, oro win<\/strong><\/p>\n<p><strong>sater\u00e9 maw\u00e9, guat\u00f3<\/strong><br \/>\n<strong>xet\u00e1, bororo, atikum<\/strong><br \/>\n<strong>ye\u2019kuana, tiriy\u00f3<\/strong><br \/>\n<strong>canela, mura, borum<\/strong><\/p>\n<p>&nbsp;<\/p>\n","protected":false},"excerpt":{"rendered":"<p>&nbsp; Poema Totem\u00a0de Andre Vallias Sou guarani kaiow\u00e1 munduruku, kadiw\u00e9u arapium, pankar\u00e1 xok\u00f3, tapuio, xer\u00e9u yanomami, asurini cinta larga, kayap\u00f3 waimiri atroari tariana, patax\u00f3 kalapalo, nambikwara jenipapo-kanind\u00e9 amondawa, potiguara kalaba\u00e7a, arawet\u00e9 migueleno, karaj\u00e1 tabajara, bakairi gavi\u00e3o, tupinamb\u00e1 anac\u00e9, kanamari deni, xavante, zor\u00f3 aran\u00e3, pankarar\u00e9 palikur, ingarik\u00f3 makurap, apinay\u00e9 mats\u00e9s, uru eu wau wau pira-tapuya, akuntsu<\/p>\n<p><a class=\"more-link\" href=\"https:\/\/commons.princeton.edu\/indigenous-brazil\/poema-totem\/\">Continue Reading<\/a><\/p>\n","protected":false},"author":800,"featured_media":0,"parent":0,"menu_order":4,"comment_status":"closed","ping_status":"closed","template":"","meta":{"footnotes":""},"categories":[],"tags":[],"class_list":["post-430","page","type-page","status-publish","hentry","post-preview"],"_links":{"self":[{"href":"https:\/\/commons.princeton.edu\/indigenous-brazil\/wp-json\/wp\/v2\/pages\/430","targetHints":{"allow":["GET"]}}],"collection":[{"href":"https:\/\/commons.princeton.edu\/indigenous-brazil\/wp-json\/wp\/v2\/pages"}],"about":[{"href":"https:\/\/commons.princeton.edu\/indigenous-brazil\/wp-json\/wp\/v2\/types\/page"}],"author":[{"embeddable":true,"href":"https:\/\/commons.princeton.edu\/indigenous-brazil\/wp-json\/wp\/v2\/users\/800"}],"replies":[{"embeddable":true,"href":"https:\/\/commons.princeton.edu\/indigenous-brazil\/wp-json\/wp\/v2\/comments?post=430"}],"version-history":[{"count":5,"href":"https:\/\/commons.princeton.edu\/indigenous-brazil\/wp-json\/wp\/v2\/pages\/430\/revisions"}],"predecessor-version":[{"id":736,"href":"https:\/\/commons.princeton.edu\/indigenous-brazil\/wp-json\/wp\/v2\/pages\/430\/revisions\/736"}],"wp:attachment":[{"href":"https:\/\/commons.princeton.edu\/indigenous-brazil\/wp-json\/wp\/v2\/media?parent=430"}],"wp:term":[{"taxonomy":"category","embeddable":true,"href":"https:\/\/commons.princeton.edu\/indigenous-brazil\/wp-json\/wp\/v2\/categories?post=430"},{"taxonomy":"post_tag","embeddable":true,"href":"https:\/\/commons.princeton.edu\/indigenous-brazil\/wp-json\/wp\/v2\/tags?post=430"}],"curies":[{"name":"wp","href":"https:\/\/api.w.org\/{rel}","templated":true}]}}