{"id":422,"date":"2019-01-05T23:01:40","date_gmt":"2019-01-05T23:01:40","guid":{"rendered":"https:\/\/commons.princeton.edu\/indigenous-brazil\/?page_id=422"},"modified":"2019-01-06T05:53:05","modified_gmt":"2019-01-06T05:53:05","slug":"vinicius-furuie-2","status":"publish","type":"page","link":"https:\/\/commons.princeton.edu\/indigenous-brazil\/convidados-especiais\/vinicius-furuie-2\/","title":{"rendered":"Vinicius Furuie"},"content":{"rendered":"<p style=\"text-align: center\"><strong>&#8220;Amaz\u00f4nia Ribeirinha do M\u00e9dio Xingu\u201d<\/strong><\/p>\n<p style=\"text-align: center\">Vinicius Furuie<\/p>\n<p style=\"text-align: center\">(PhD. Department of Anthropology)<\/p>\n<p style=\"text-align: center;padding-left: 30px\"><img loading=\"lazy\" decoding=\"async\" class=\"alignnone size-medium wp-image-449\" src=\"http:\/\/commons.princeton.edu\/indigenous-brazil\/wp-content\/uploads\/sites\/99\/2019\/01\/image001-300x200.jpg\" alt=\"\" width=\"300\" height=\"200\" srcset=\"https:\/\/commons.princeton.edu\/indigenous-brazil\/wp-content\/uploads\/sites\/99\/2019\/01\/image001-300x200.jpg 300w, https:\/\/commons.princeton.edu\/indigenous-brazil\/wp-content\/uploads\/sites\/99\/2019\/01\/image001-768x512.jpg 768w, https:\/\/commons.princeton.edu\/indigenous-brazil\/wp-content\/uploads\/sites\/99\/2019\/01\/image001-1024x683.jpg 1024w, https:\/\/commons.princeton.edu\/indigenous-brazil\/wp-content\/uploads\/sites\/99\/2019\/01\/image001-676x451.jpg 676w\" sizes=\"auto, (max-width: 300px) 100vw, 300px\" \/><\/p>\n<p style=\"text-align: center\">Foto de um\u00a0 regat\u00e3o\u00a0 dando carona para um grupo de ind\u00edgenas Araras<\/p>\n<p style=\"text-align: center\"><strong>8 Outubro 2018<\/strong><\/p>\n<p>&#8220;Confesso que a ideia de dar uma aula sobre Altamira me empolgou. A primeira coisa que me veio \u00e0 cabe\u00e7a foi voltar um pouco no tempo para explicar um pouco do que s\u00e3o as rela\u00e7\u00f5es dos povos ind\u00edgenas com a economia de aviamento da Amaz\u00f4nia, ou seja, de como a maioria dos \u00edndigenas diretamente impactados por Belo Monte convivem desde a \u00e9poca da borracha com o com\u00e9rcio do homem branco e que, ao longo das d\u00e9cadas, houve uma aproxima\u00e7\u00e3o entre o modo de vida deles e dos povos ribeirinhos, com casamentos inter\u00e9tnicos e recria\u00e7\u00e3o cultural. Pensei que isso talvez fosse interessante para iluminar um outro aspecto da Amaz\u00f4nia ind\u00edgena, aquela que escolheu (ou foi for\u00e7ada a) cortar seringa, coletar castanha e outras &#8216;drogas do sert\u00e3o&#8217; para o mercado mas que ainda se v\u00ea distinta do homem branco, mesmo que ele muitas vezes n\u00e3o os reconhe\u00e7a como \u00edndios &#8216;puros&#8217; porque ca\u00e7am de espingarda e usam bermuda e chinelo.&#8221;<\/p>\n<p><strong><img loading=\"lazy\" decoding=\"async\" class=\"alignnone wp-image-564 size-full\" src=\"http:\/\/commons.princeton.edu\/indigenous-brazil\/wp-content\/uploads\/sites\/99\/2019\/01\/UNADJUSTEDNONRAW_thumb_2116.jpg\" alt=\"\" width=\"1024\" height=\"768\" srcset=\"https:\/\/commons.princeton.edu\/indigenous-brazil\/wp-content\/uploads\/sites\/99\/2019\/01\/UNADJUSTEDNONRAW_thumb_2116.jpg 1024w, https:\/\/commons.princeton.edu\/indigenous-brazil\/wp-content\/uploads\/sites\/99\/2019\/01\/UNADJUSTEDNONRAW_thumb_2116-300x225.jpg 300w, https:\/\/commons.princeton.edu\/indigenous-brazil\/wp-content\/uploads\/sites\/99\/2019\/01\/UNADJUSTEDNONRAW_thumb_2116-768x576.jpg 768w, https:\/\/commons.princeton.edu\/indigenous-brazil\/wp-content\/uploads\/sites\/99\/2019\/01\/UNADJUSTEDNONRAW_thumb_2116-676x507.jpg 676w\" sizes=\"auto, (max-width: 1024px) 100vw, 1024px\" \/> <img loading=\"lazy\" decoding=\"async\" class=\"alignnone size-medium wp-image-565\" src=\"http:\/\/commons.princeton.edu\/indigenous-brazil\/wp-content\/uploads\/sites\/99\/2019\/01\/UNADJUSTEDNONRAW_thumb_211a-300x225.jpg\" alt=\"\" width=\"300\" height=\"225\" srcset=\"https:\/\/commons.princeton.edu\/indigenous-brazil\/wp-content\/uploads\/sites\/99\/2019\/01\/UNADJUSTEDNONRAW_thumb_211a-300x225.jpg 300w, https:\/\/commons.princeton.edu\/indigenous-brazil\/wp-content\/uploads\/sites\/99\/2019\/01\/UNADJUSTEDNONRAW_thumb_211a-768x576.jpg 768w, https:\/\/commons.princeton.edu\/indigenous-brazil\/wp-content\/uploads\/sites\/99\/2019\/01\/UNADJUSTEDNONRAW_thumb_211a.jpg 1024w, https:\/\/commons.princeton.edu\/indigenous-brazil\/wp-content\/uploads\/sites\/99\/2019\/01\/UNADJUSTEDNONRAW_thumb_211a-676x507.jpg 676w\" sizes=\"auto, (max-width: 300px) 100vw, 300px\" \/> <img loading=\"lazy\" decoding=\"async\" class=\"alignnone size-medium wp-image-566\" src=\"http:\/\/commons.princeton.edu\/indigenous-brazil\/wp-content\/uploads\/sites\/99\/2019\/01\/UNADJUSTEDNONRAW_thumb_2114-300x225.jpg\" alt=\"\" width=\"300\" height=\"225\" srcset=\"https:\/\/commons.princeton.edu\/indigenous-brazil\/wp-content\/uploads\/sites\/99\/2019\/01\/UNADJUSTEDNONRAW_thumb_2114-300x225.jpg 300w, https:\/\/commons.princeton.edu\/indigenous-brazil\/wp-content\/uploads\/sites\/99\/2019\/01\/UNADJUSTEDNONRAW_thumb_2114-768x576.jpg 768w, https:\/\/commons.princeton.edu\/indigenous-brazil\/wp-content\/uploads\/sites\/99\/2019\/01\/UNADJUSTEDNONRAW_thumb_2114.jpg 1024w, https:\/\/commons.princeton.edu\/indigenous-brazil\/wp-content\/uploads\/sites\/99\/2019\/01\/UNADJUSTEDNONRAW_thumb_2114-676x507.jpg 676w\" sizes=\"auto, (max-width: 300px) 100vw, 300px\" \/> <img loading=\"lazy\" decoding=\"async\" class=\"alignnone wp-image-567 size-full\" src=\"http:\/\/commons.princeton.edu\/indigenous-brazil\/wp-content\/uploads\/sites\/99\/2019\/01\/UNADJUSTEDNONRAW_thumb_2118.jpg\" alt=\"\" width=\"1024\" height=\"768\" srcset=\"https:\/\/commons.princeton.edu\/indigenous-brazil\/wp-content\/uploads\/sites\/99\/2019\/01\/UNADJUSTEDNONRAW_thumb_2118.jpg 1024w, https:\/\/commons.princeton.edu\/indigenous-brazil\/wp-content\/uploads\/sites\/99\/2019\/01\/UNADJUSTEDNONRAW_thumb_2118-300x225.jpg 300w, https:\/\/commons.princeton.edu\/indigenous-brazil\/wp-content\/uploads\/sites\/99\/2019\/01\/UNADJUSTEDNONRAW_thumb_2118-768x576.jpg 768w, https:\/\/commons.princeton.edu\/indigenous-brazil\/wp-content\/uploads\/sites\/99\/2019\/01\/UNADJUSTEDNONRAW_thumb_2118-676x507.jpg 676w\" sizes=\"auto, (max-width: 1024px) 100vw, 1024px\" \/> <img loading=\"lazy\" decoding=\"async\" class=\"alignnone wp-image-568 size-full\" src=\"http:\/\/commons.princeton.edu\/indigenous-brazil\/wp-content\/uploads\/sites\/99\/2019\/01\/UNADJUSTEDNONRAW_thumb_211c.jpg\" alt=\"\" width=\"768\" height=\"1024\" srcset=\"https:\/\/commons.princeton.edu\/indigenous-brazil\/wp-content\/uploads\/sites\/99\/2019\/01\/UNADJUSTEDNONRAW_thumb_211c.jpg 768w, https:\/\/commons.princeton.edu\/indigenous-brazil\/wp-content\/uploads\/sites\/99\/2019\/01\/UNADJUSTEDNONRAW_thumb_211c-225x300.jpg 225w, https:\/\/commons.princeton.edu\/indigenous-brazil\/wp-content\/uploads\/sites\/99\/2019\/01\/UNADJUSTEDNONRAW_thumb_211c-676x901.jpg 676w\" sizes=\"auto, (max-width: 768px) 100vw, 768px\" \/> <img loading=\"lazy\" decoding=\"async\" class=\"alignnone wp-image-569 size-full\" src=\"http:\/\/commons.princeton.edu\/indigenous-brazil\/wp-content\/uploads\/sites\/99\/2019\/01\/UNADJUSTEDNONRAW_thumb_2117.jpg\" alt=\"\" width=\"768\" height=\"1024\" srcset=\"https:\/\/commons.princeton.edu\/indigenous-brazil\/wp-content\/uploads\/sites\/99\/2019\/01\/UNADJUSTEDNONRAW_thumb_2117.jpg 768w, https:\/\/commons.princeton.edu\/indigenous-brazil\/wp-content\/uploads\/sites\/99\/2019\/01\/UNADJUSTEDNONRAW_thumb_2117-225x300.jpg 225w, https:\/\/commons.princeton.edu\/indigenous-brazil\/wp-content\/uploads\/sites\/99\/2019\/01\/UNADJUSTEDNONRAW_thumb_2117-676x901.jpg 676w\" sizes=\"auto, (max-width: 768px) 100vw, 768px\" \/>Fotos<\/strong><\/p>\n<p>&nbsp;<\/p>\n","protected":false},"excerpt":{"rendered":"<p>&#8220;Amaz\u00f4nia Ribeirinha do M\u00e9dio Xingu\u201d Vinicius Furuie (PhD. Department of Anthropology) Foto de um\u00a0 regat\u00e3o\u00a0 dando carona para um grupo de ind\u00edgenas Araras 8 Outubro 2018 &#8220;Confesso que a ideia de dar uma aula sobre Altamira me empolgou. A primeira coisa que me veio \u00e0 cabe\u00e7a foi voltar um pouco no tempo para explicar um<\/p>\n<p><a class=\"more-link\" href=\"https:\/\/commons.princeton.edu\/indigenous-brazil\/convidados-especiais\/vinicius-furuie-2\/\">Continue Reading<\/a><\/p>\n","protected":false},"author":800,"featured_media":0,"parent":31,"menu_order":0,"comment_status":"closed","ping_status":"closed","template":"","meta":{"footnotes":""},"categories":[],"tags":[23,22,21,24],"class_list":["post-422","page","type-page","status-publish","hentry","tag-altamira","tag-belo-monte","tag-medio-xingu","tag-ribeirinhos","post-preview"],"_links":{"self":[{"href":"https:\/\/commons.princeton.edu\/indigenous-brazil\/wp-json\/wp\/v2\/pages\/422","targetHints":{"allow":["GET"]}}],"collection":[{"href":"https:\/\/commons.princeton.edu\/indigenous-brazil\/wp-json\/wp\/v2\/pages"}],"about":[{"href":"https:\/\/commons.princeton.edu\/indigenous-brazil\/wp-json\/wp\/v2\/types\/page"}],"author":[{"embeddable":true,"href":"https:\/\/commons.princeton.edu\/indigenous-brazil\/wp-json\/wp\/v2\/users\/800"}],"replies":[{"embeddable":true,"href":"https:\/\/commons.princeton.edu\/indigenous-brazil\/wp-json\/wp\/v2\/comments?post=422"}],"version-history":[{"count":7,"href":"https:\/\/commons.princeton.edu\/indigenous-brazil\/wp-json\/wp\/v2\/pages\/422\/revisions"}],"predecessor-version":[{"id":571,"href":"https:\/\/commons.princeton.edu\/indigenous-brazil\/wp-json\/wp\/v2\/pages\/422\/revisions\/571"}],"up":[{"embeddable":true,"href":"https:\/\/commons.princeton.edu\/indigenous-brazil\/wp-json\/wp\/v2\/pages\/31"}],"wp:attachment":[{"href":"https:\/\/commons.princeton.edu\/indigenous-brazil\/wp-json\/wp\/v2\/media?parent=422"}],"wp:term":[{"taxonomy":"category","embeddable":true,"href":"https:\/\/commons.princeton.edu\/indigenous-brazil\/wp-json\/wp\/v2\/categories?post=422"},{"taxonomy":"post_tag","embeddable":true,"href":"https:\/\/commons.princeton.edu\/indigenous-brazil\/wp-json\/wp\/v2\/tags?post=422"}],"curies":[{"name":"wp","href":"https:\/\/api.w.org\/{rel}","templated":true}]}}