{"id":35,"date":"2018-12-02T22:55:09","date_gmt":"2018-12-02T22:55:09","guid":{"rendered":"https:\/\/commons.princeton.edu\/indigenous-brazil\/?page_id=35"},"modified":"2019-01-06T05:36:23","modified_gmt":"2019-01-06T05:36:23","slug":"sergio-bairon","status":"publish","type":"page","link":"https:\/\/commons.princeton.edu\/indigenous-brazil\/convidados-especiais\/sergio-bairon\/","title":{"rendered":"S\u00e9rgio Bairon"},"content":{"rendered":"<p><strong>Aula aberta: <\/strong><\/p>\n<p style=\"text-align: center\"><strong>&#8220;Comunidades Ind\u00edgenas e Universidade: Produ\u00e7\u00e3o Partilhada do Conhecimento\u201d<\/strong><\/p>\n<p style=\"text-align: center\">Parcerias da Universidade com o Saber das Comunidades Ind\u00edgenas (Bororo, Xavantes e Karaj\u00e1s)<\/p>\n<p style=\"text-align: center\">Videos Cedipp \/ Projeto Bakaru (Bororos, MT)<\/p>\n<p style=\"text-align: center\">S\u00e9rgio Bairon<\/p>\n<p>Professor da Escola de Comunica\u00e7\u00e3o e Artes da Universidade de S\u00e3o Paulo. Autor de Antropologia Visual e Hipermedia, Interdisciplinaridade, Psican\u00e1lise e Hist\u00f3ria da Cultura, Texturas Sonoras. Coordenador do Diversitas, N\u00facleo de Estudos das Diversidades, Intoler\u00e2ncias e Conflitos, da Universidade de S\u00e3o Paulo, Brasil.<\/p>\n<p style=\"text-align: center\"><strong>26 Setembro 2018<br \/>\n<\/strong><\/p>\n<p><img loading=\"lazy\" decoding=\"async\" class=\"alignnone wp-image-562 size-full\" src=\"http:\/\/commons.princeton.edu\/indigenous-brazil\/wp-content\/uploads\/sites\/99\/2019\/01\/UNADJUSTEDNONRAW_thumb_2096.jpg\" alt=\"\" width=\"1024\" height=\"768\" srcset=\"https:\/\/commons.princeton.edu\/indigenous-brazil\/wp-content\/uploads\/sites\/99\/2019\/01\/UNADJUSTEDNONRAW_thumb_2096.jpg 1024w, https:\/\/commons.princeton.edu\/indigenous-brazil\/wp-content\/uploads\/sites\/99\/2019\/01\/UNADJUSTEDNONRAW_thumb_2096-300x225.jpg 300w, https:\/\/commons.princeton.edu\/indigenous-brazil\/wp-content\/uploads\/sites\/99\/2019\/01\/UNADJUSTEDNONRAW_thumb_2096-768x576.jpg 768w, https:\/\/commons.princeton.edu\/indigenous-brazil\/wp-content\/uploads\/sites\/99\/2019\/01\/UNADJUSTEDNONRAW_thumb_2096-676x507.jpg 676w\" sizes=\"auto, (max-width: 1024px) 100vw, 1024px\" \/><\/p>\n<p>&nbsp;<\/p>\n<p><img loading=\"lazy\" decoding=\"async\" class=\"alignnone wp-image-461 size-full\" src=\"http:\/\/commons.princeton.edu\/indigenous-brazil\/wp-content\/uploads\/sites\/99\/2019\/01\/Sergio-B.jpg\" alt=\"\" width=\"720\" height=\"960\" srcset=\"https:\/\/commons.princeton.edu\/indigenous-brazil\/wp-content\/uploads\/sites\/99\/2019\/01\/Sergio-B.jpg 720w, https:\/\/commons.princeton.edu\/indigenous-brazil\/wp-content\/uploads\/sites\/99\/2019\/01\/Sergio-B-225x300.jpg 225w, https:\/\/commons.princeton.edu\/indigenous-brazil\/wp-content\/uploads\/sites\/99\/2019\/01\/Sergio-B-676x901.jpg 676w\" sizes=\"auto, (max-width: 720px) 100vw, 720px\" \/> <img loading=\"lazy\" decoding=\"async\" class=\"alignnone size-medium wp-image-462\" src=\"http:\/\/commons.princeton.edu\/indigenous-brazil\/wp-content\/uploads\/sites\/99\/2019\/01\/SB-225x300.jpg\" alt=\"\" width=\"225\" height=\"300\" \/><img loading=\"lazy\" decoding=\"async\" class=\"alignnone wp-image-552 size-large\" src=\"http:\/\/commons.princeton.edu\/indigenous-brazil\/wp-content\/uploads\/sites\/99\/2019\/01\/UNADJUSTEDNONRAW_thumb_209c-1024x768.jpg\" alt=\"\" width=\"676\" height=\"507\" srcset=\"https:\/\/commons.princeton.edu\/indigenous-brazil\/wp-content\/uploads\/sites\/99\/2019\/01\/UNADJUSTEDNONRAW_thumb_209c.jpg 1024w, https:\/\/commons.princeton.edu\/indigenous-brazil\/wp-content\/uploads\/sites\/99\/2019\/01\/UNADJUSTEDNONRAW_thumb_209c-300x225.jpg 300w, https:\/\/commons.princeton.edu\/indigenous-brazil\/wp-content\/uploads\/sites\/99\/2019\/01\/UNADJUSTEDNONRAW_thumb_209c-768x576.jpg 768w, https:\/\/commons.princeton.edu\/indigenous-brazil\/wp-content\/uploads\/sites\/99\/2019\/01\/UNADJUSTEDNONRAW_thumb_209c-676x507.jpg 676w\" sizes=\"auto, (max-width: 676px) 100vw, 676px\" \/> <img loading=\"lazy\" decoding=\"async\" class=\"alignnone wp-image-553 size-full\" src=\"http:\/\/commons.princeton.edu\/indigenous-brazil\/wp-content\/uploads\/sites\/99\/2019\/01\/UNADJUSTEDNONRAW_thumb_208e.jpg\" alt=\"\" width=\"1024\" height=\"768\" srcset=\"https:\/\/commons.princeton.edu\/indigenous-brazil\/wp-content\/uploads\/sites\/99\/2019\/01\/UNADJUSTEDNONRAW_thumb_208e.jpg 1024w, https:\/\/commons.princeton.edu\/indigenous-brazil\/wp-content\/uploads\/sites\/99\/2019\/01\/UNADJUSTEDNONRAW_thumb_208e-300x225.jpg 300w, https:\/\/commons.princeton.edu\/indigenous-brazil\/wp-content\/uploads\/sites\/99\/2019\/01\/UNADJUSTEDNONRAW_thumb_208e-768x576.jpg 768w, https:\/\/commons.princeton.edu\/indigenous-brazil\/wp-content\/uploads\/sites\/99\/2019\/01\/UNADJUSTEDNONRAW_thumb_208e-676x507.jpg 676w\" sizes=\"auto, (max-width: 1024px) 100vw, 1024px\" \/> <img loading=\"lazy\" decoding=\"async\" class=\"alignnone wp-image-554 size-full\" src=\"http:\/\/commons.princeton.edu\/indigenous-brazil\/wp-content\/uploads\/sites\/99\/2019\/01\/UNADJUSTEDNONRAW_thumb_208b.jpg\" alt=\"\" width=\"1024\" height=\"768\" srcset=\"https:\/\/commons.princeton.edu\/indigenous-brazil\/wp-content\/uploads\/sites\/99\/2019\/01\/UNADJUSTEDNONRAW_thumb_208b.jpg 1024w, https:\/\/commons.princeton.edu\/indigenous-brazil\/wp-content\/uploads\/sites\/99\/2019\/01\/UNADJUSTEDNONRAW_thumb_208b-300x225.jpg 300w, https:\/\/commons.princeton.edu\/indigenous-brazil\/wp-content\/uploads\/sites\/99\/2019\/01\/UNADJUSTEDNONRAW_thumb_208b-768x576.jpg 768w, https:\/\/commons.princeton.edu\/indigenous-brazil\/wp-content\/uploads\/sites\/99\/2019\/01\/UNADJUSTEDNONRAW_thumb_208b-676x507.jpg 676w\" sizes=\"auto, (max-width: 1024px) 100vw, 1024px\" \/> <img loading=\"lazy\" decoding=\"async\" class=\"alignnone wp-image-555 size-large\" src=\"http:\/\/commons.princeton.edu\/indigenous-brazil\/wp-content\/uploads\/sites\/99\/2019\/01\/UNADJUSTEDNONRAW_thumb_2097-1024x768.jpg\" alt=\"\" width=\"676\" height=\"507\" srcset=\"https:\/\/commons.princeton.edu\/indigenous-brazil\/wp-content\/uploads\/sites\/99\/2019\/01\/UNADJUSTEDNONRAW_thumb_2097.jpg 1024w, https:\/\/commons.princeton.edu\/indigenous-brazil\/wp-content\/uploads\/sites\/99\/2019\/01\/UNADJUSTEDNONRAW_thumb_2097-300x225.jpg 300w, https:\/\/commons.princeton.edu\/indigenous-brazil\/wp-content\/uploads\/sites\/99\/2019\/01\/UNADJUSTEDNONRAW_thumb_2097-768x576.jpg 768w, https:\/\/commons.princeton.edu\/indigenous-brazil\/wp-content\/uploads\/sites\/99\/2019\/01\/UNADJUSTEDNONRAW_thumb_2097-676x507.jpg 676w\" sizes=\"auto, (max-width: 676px) 100vw, 676px\" \/> <img loading=\"lazy\" decoding=\"async\" class=\"alignnone wp-image-556 size-full\" src=\"http:\/\/commons.princeton.edu\/indigenous-brazil\/wp-content\/uploads\/sites\/99\/2019\/01\/UNADJUSTEDNONRAW_thumb_2095.jpg\" alt=\"\" width=\"1024\" height=\"768\" srcset=\"https:\/\/commons.princeton.edu\/indigenous-brazil\/wp-content\/uploads\/sites\/99\/2019\/01\/UNADJUSTEDNONRAW_thumb_2095.jpg 1024w, https:\/\/commons.princeton.edu\/indigenous-brazil\/wp-content\/uploads\/sites\/99\/2019\/01\/UNADJUSTEDNONRAW_thumb_2095-300x225.jpg 300w, https:\/\/commons.princeton.edu\/indigenous-brazil\/wp-content\/uploads\/sites\/99\/2019\/01\/UNADJUSTEDNONRAW_thumb_2095-768x576.jpg 768w, https:\/\/commons.princeton.edu\/indigenous-brazil\/wp-content\/uploads\/sites\/99\/2019\/01\/UNADJUSTEDNONRAW_thumb_2095-676x507.jpg 676w\" sizes=\"auto, (max-width: 1024px) 100vw, 1024px\" \/> <img loading=\"lazy\" decoding=\"async\" class=\"alignnone size-medium wp-image-557\" src=\"http:\/\/commons.princeton.edu\/indigenous-brazil\/wp-content\/uploads\/sites\/99\/2019\/01\/UNADJUSTEDNONRAW_thumb_208a-225x300.jpg\" alt=\"\" width=\"225\" height=\"300\" srcset=\"https:\/\/commons.princeton.edu\/indigenous-brazil\/wp-content\/uploads\/sites\/99\/2019\/01\/UNADJUSTEDNONRAW_thumb_208a-225x300.jpg 225w, https:\/\/commons.princeton.edu\/indigenous-brazil\/wp-content\/uploads\/sites\/99\/2019\/01\/UNADJUSTEDNONRAW_thumb_208a.jpg 768w, https:\/\/commons.princeton.edu\/indigenous-brazil\/wp-content\/uploads\/sites\/99\/2019\/01\/UNADJUSTEDNONRAW_thumb_208a-676x901.jpg 676w\" sizes=\"auto, (max-width: 225px) 100vw, 225px\" \/> <img loading=\"lazy\" decoding=\"async\" class=\"alignnone size-medium wp-image-558\" src=\"http:\/\/commons.princeton.edu\/indigenous-brazil\/wp-content\/uploads\/sites\/99\/2019\/01\/UNADJUSTEDNONRAW_thumb_2094-225x300.jpg\" alt=\"\" width=\"225\" height=\"300\" srcset=\"https:\/\/commons.princeton.edu\/indigenous-brazil\/wp-content\/uploads\/sites\/99\/2019\/01\/UNADJUSTEDNONRAW_thumb_2094-225x300.jpg 225w, https:\/\/commons.princeton.edu\/indigenous-brazil\/wp-content\/uploads\/sites\/99\/2019\/01\/UNADJUSTEDNONRAW_thumb_2094.jpg 768w, https:\/\/commons.princeton.edu\/indigenous-brazil\/wp-content\/uploads\/sites\/99\/2019\/01\/UNADJUSTEDNONRAW_thumb_2094-676x901.jpg 676w\" sizes=\"auto, (max-width: 225px) 100vw, 225px\" \/> <img loading=\"lazy\" decoding=\"async\" class=\"alignnone wp-image-559 size-full\" src=\"http:\/\/commons.princeton.edu\/indigenous-brazil\/wp-content\/uploads\/sites\/99\/2019\/01\/UNADJUSTEDNONRAW_thumb_209a-1.jpg\" alt=\"\" width=\"768\" height=\"1024\" srcset=\"https:\/\/commons.princeton.edu\/indigenous-brazil\/wp-content\/uploads\/sites\/99\/2019\/01\/UNADJUSTEDNONRAW_thumb_209a-1.jpg 768w, https:\/\/commons.princeton.edu\/indigenous-brazil\/wp-content\/uploads\/sites\/99\/2019\/01\/UNADJUSTEDNONRAW_thumb_209a-1-225x300.jpg 225w, https:\/\/commons.princeton.edu\/indigenous-brazil\/wp-content\/uploads\/sites\/99\/2019\/01\/UNADJUSTEDNONRAW_thumb_209a-1-676x901.jpg 676w\" sizes=\"auto, (max-width: 768px) 100vw, 768px\" \/> <img loading=\"lazy\" decoding=\"async\" class=\"alignnone wp-image-560 size-full\" src=\"http:\/\/commons.princeton.edu\/indigenous-brazil\/wp-content\/uploads\/sites\/99\/2019\/01\/UNADJUSTEDNONRAW_thumb_20a3.jpg\" alt=\"\" width=\"1024\" height=\"768\" srcset=\"https:\/\/commons.princeton.edu\/indigenous-brazil\/wp-content\/uploads\/sites\/99\/2019\/01\/UNADJUSTEDNONRAW_thumb_20a3.jpg 1024w, https:\/\/commons.princeton.edu\/indigenous-brazil\/wp-content\/uploads\/sites\/99\/2019\/01\/UNADJUSTEDNONRAW_thumb_20a3-300x225.jpg 300w, https:\/\/commons.princeton.edu\/indigenous-brazil\/wp-content\/uploads\/sites\/99\/2019\/01\/UNADJUSTEDNONRAW_thumb_20a3-768x576.jpg 768w, https:\/\/commons.princeton.edu\/indigenous-brazil\/wp-content\/uploads\/sites\/99\/2019\/01\/UNADJUSTEDNONRAW_thumb_20a3-676x507.jpg 676w\" sizes=\"auto, (max-width: 1024px) 100vw, 1024px\" \/><img loading=\"lazy\" decoding=\"async\" class=\"alignright wp-image-483 size-large\" src=\"http:\/\/commons.princeton.edu\/indigenous-brazil\/wp-content\/uploads\/sites\/99\/2019\/01\/UNADJUSTEDNONRAW_thumb_20a8-768x1024.jpg\" alt=\"\" width=\"676\" height=\"901\" srcset=\"https:\/\/commons.princeton.edu\/indigenous-brazil\/wp-content\/uploads\/sites\/99\/2019\/01\/UNADJUSTEDNONRAW_thumb_20a8.jpg 768w, https:\/\/commons.princeton.edu\/indigenous-brazil\/wp-content\/uploads\/sites\/99\/2019\/01\/UNADJUSTEDNONRAW_thumb_20a8-225x300.jpg 225w, https:\/\/commons.princeton.edu\/indigenous-brazil\/wp-content\/uploads\/sites\/99\/2019\/01\/UNADJUSTEDNONRAW_thumb_20a8-676x901.jpg 676w\" sizes=\"auto, (max-width: 676px) 100vw, 676px\" \/><\/p>\n","protected":false},"excerpt":{"rendered":"<p>Aula aberta: &#8220;Comunidades Ind\u00edgenas e Universidade: Produ\u00e7\u00e3o Partilhada do Conhecimento\u201d Parcerias da Universidade com o Saber das Comunidades Ind\u00edgenas (Bororo, Xavantes e Karaj\u00e1s) Videos Cedipp \/ Projeto Bakaru (Bororos, MT) S\u00e9rgio Bairon Professor da Escola de Comunica\u00e7\u00e3o e Artes da Universidade de S\u00e3o Paulo. Autor de Antropologia Visual e Hipermedia, Interdisciplinaridade, Psican\u00e1lise e Hist\u00f3ria da<\/p>\n<p><a class=\"more-link\" href=\"https:\/\/commons.princeton.edu\/indigenous-brazil\/convidados-especiais\/sergio-bairon\/\">Continue Reading<\/a><\/p>\n","protected":false},"author":800,"featured_media":86,"parent":31,"menu_order":0,"comment_status":"closed","ping_status":"closed","template":"","meta":{"footnotes":""},"categories":[],"tags":[27],"class_list":["post-35","page","type-page","status-publish","has-post-thumbnail","hentry","tag-projeto-bakaru","post-preview"],"_links":{"self":[{"href":"https:\/\/commons.princeton.edu\/indigenous-brazil\/wp-json\/wp\/v2\/pages\/35","targetHints":{"allow":["GET"]}}],"collection":[{"href":"https:\/\/commons.princeton.edu\/indigenous-brazil\/wp-json\/wp\/v2\/pages"}],"about":[{"href":"https:\/\/commons.princeton.edu\/indigenous-brazil\/wp-json\/wp\/v2\/types\/page"}],"author":[{"embeddable":true,"href":"https:\/\/commons.princeton.edu\/indigenous-brazil\/wp-json\/wp\/v2\/users\/800"}],"replies":[{"embeddable":true,"href":"https:\/\/commons.princeton.edu\/indigenous-brazil\/wp-json\/wp\/v2\/comments?post=35"}],"version-history":[{"count":11,"href":"https:\/\/commons.princeton.edu\/indigenous-brazil\/wp-json\/wp\/v2\/pages\/35\/revisions"}],"predecessor-version":[{"id":563,"href":"https:\/\/commons.princeton.edu\/indigenous-brazil\/wp-json\/wp\/v2\/pages\/35\/revisions\/563"}],"up":[{"embeddable":true,"href":"https:\/\/commons.princeton.edu\/indigenous-brazil\/wp-json\/wp\/v2\/pages\/31"}],"wp:featuredmedia":[{"embeddable":true,"href":"https:\/\/commons.princeton.edu\/indigenous-brazil\/wp-json\/wp\/v2\/media\/86"}],"wp:attachment":[{"href":"https:\/\/commons.princeton.edu\/indigenous-brazil\/wp-json\/wp\/v2\/media?parent=35"}],"wp:term":[{"taxonomy":"category","embeddable":true,"href":"https:\/\/commons.princeton.edu\/indigenous-brazil\/wp-json\/wp\/v2\/categories?post=35"},{"taxonomy":"post_tag","embeddable":true,"href":"https:\/\/commons.princeton.edu\/indigenous-brazil\/wp-json\/wp\/v2\/tags?post=35"}],"curies":[{"name":"wp","href":"https:\/\/api.w.org\/{rel}","templated":true}]}}