{"id":132,"date":"2018-12-08T15:02:22","date_gmt":"2018-12-08T15:02:22","guid":{"rendered":"https:\/\/commons.princeton.edu\/indigenous-brazil\/?page_id=132"},"modified":"2019-01-31T02:32:19","modified_gmt":"2019-01-31T02:32:19","slug":"bruno-surui-paiter","status":"publish","type":"page","link":"https:\/\/commons.princeton.edu\/indigenous-brazil\/totem-blog\/bruno-surui-paiter\/","title":{"rendered":"Bruno Fernandes (Suru\u00ed Paiter)"},"content":{"rendered":"<p>&nbsp;<\/p>\n<p>Ol\u00e1 pessoal,<\/p>\n<p>Bem-vindos ao meu blog! Meu nome \u00e9 Bruno Fernandes e sou um estudante do terceiro ano na universidade de Princeton.<\/p>\n<p>Este curso ofereceu-me uma oportunidade \u00fanica de estudar um tema pouco discutido em c\u00edrculos acad\u00eamicos. A discuss\u00e3o gerada por cursos deste g\u00eanero \u00e9 especialmente valiosa hoje, n\u00e3o s\u00f3 no contexto da crise global\u00a0 ambiental com o desmatamento e o aquecimento do clima, mas tamb\u00e9m no contexto sociopol\u00edtico. As garantias oferecidas pela constitui\u00e7\u00e3o de 1988 est\u00e3o em risco de serem revogadas, e as terras e culturas de cerca de 240 grupos ind\u00edgenas est\u00e3o especialmente amea\u00e7adas.<\/p>\n<p>Ao longo deste curso, decidi estudar os Suru\u00ed Paiter que vivem no estado de Rond\u00f4nia na Terra Ind\u00edgena Sete de Setembro. Os dados mais recentes mostram que cerca de 1400 Suru\u00eds vivem em 11 aldeias espalhadas pela TI. Entre os anos de 2008 e 2009, os Suru\u00ed ficaram mais amplamente conhecidos quando foi concebido o Projeto de Carbono Florestal Suru\u00ed (PCSF) em parceria com a Google, Fundo Brasileiro para Biodiversidade (FUNBIO), a Forest Trends, e v\u00e1rias outras organiza\u00e7\u00f5es. Infelizmente, o programa foi desmontado em 2017 por causa do influxo de invasores mineiros e madeireiros.<\/p>\n<p>Ao longo dos blogs, exploro a cultura e religi\u00e3o Suru\u00ed e a hist\u00f3ria do PCSF.<\/p>\n<h3 class=\"post-title\"><a href=\"https:\/\/commons.princeton.edu\/indigenous-brazil\/religiao-e-cosmologia\/\" rel=\"bookmark\" title=\"Religi\u00e3o e Cosmologia\">Religi\u00e3o e Cosmologia<\/a><\/h3><h3 class=\"post-title\"><a href=\"https:\/\/commons.princeton.edu\/indigenous-brazil\/almir-e-o-projeto-de-carbono-florestal-surui\/\" rel=\"bookmark\" title=\"Almir e o Projeto de Carbono Florestal Suru\u00ed\">Almir e o Projeto de Carbono Florestal Suru\u00ed<\/a><\/h3><h3 class=\"post-title\"><a href=\"https:\/\/commons.princeton.edu\/indigenous-brazil\/arte-e-cultura-material\/\" rel=\"bookmark\" title=\"Arte e Cultura Material\">Arte e Cultura Material<\/a><\/h3><h3 class=\"post-title\"><a href=\"https:\/\/commons.princeton.edu\/indigenous-brazil\/uma-introducao\/\" rel=\"bookmark\" title=\"Uma Introdu\u00e7\u00e3o aos Suru\u00ed Paiter\">Uma Introdu\u00e7\u00e3o aos Suru\u00ed Paiter<\/a><\/h3>\n<p><a href=\"https:\/\/docs.google.com\/document\/d\/1IJLubA02qdQOugPAslEC66bV_bBZEMnPYcKuKejQ7Co\/edit?usp=sharing\">O Exemplo Suru\u00ed Paiter na Luta contra o Desmatamento e o Aquecimento Global (Trabalho Final)<\/a><\/p>\n","protected":false},"excerpt":{"rendered":"<p>&nbsp; Ol\u00e1 pessoal, Bem-vindos ao meu blog! Meu nome \u00e9 Bruno Fernandes e sou um estudante do terceiro ano na universidade de Princeton. Este curso ofereceu-me uma oportunidade \u00fanica de estudar um tema pouco discutido em c\u00edrculos acad\u00eamicos. A discuss\u00e3o gerada por cursos deste g\u00eanero \u00e9 especialmente valiosa hoje, n\u00e3o s\u00f3 no contexto da crise<\/p>\n<p><a class=\"more-link\" href=\"https:\/\/commons.princeton.edu\/indigenous-brazil\/totem-blog\/bruno-surui-paiter\/\">Continue Reading<\/a><\/p>\n","protected":false},"author":800,"featured_media":0,"parent":29,"menu_order":0,"comment_status":"closed","ping_status":"closed","template":"","meta":{"footnotes":""},"categories":[],"tags":[30],"class_list":["post-132","page","type-page","status-publish","hentry","tag-surui-paiter","post-preview"],"_links":{"self":[{"href":"https:\/\/commons.princeton.edu\/indigenous-brazil\/wp-json\/wp\/v2\/pages\/132","targetHints":{"allow":["GET"]}}],"collection":[{"href":"https:\/\/commons.princeton.edu\/indigenous-brazil\/wp-json\/wp\/v2\/pages"}],"about":[{"href":"https:\/\/commons.princeton.edu\/indigenous-brazil\/wp-json\/wp\/v2\/types\/page"}],"author":[{"embeddable":true,"href":"https:\/\/commons.princeton.edu\/indigenous-brazil\/wp-json\/wp\/v2\/users\/800"}],"replies":[{"embeddable":true,"href":"https:\/\/commons.princeton.edu\/indigenous-brazil\/wp-json\/wp\/v2\/comments?post=132"}],"version-history":[{"count":32,"href":"https:\/\/commons.princeton.edu\/indigenous-brazil\/wp-json\/wp\/v2\/pages\/132\/revisions"}],"predecessor-version":[{"id":720,"href":"https:\/\/commons.princeton.edu\/indigenous-brazil\/wp-json\/wp\/v2\/pages\/132\/revisions\/720"}],"up":[{"embeddable":true,"href":"https:\/\/commons.princeton.edu\/indigenous-brazil\/wp-json\/wp\/v2\/pages\/29"}],"wp:attachment":[{"href":"https:\/\/commons.princeton.edu\/indigenous-brazil\/wp-json\/wp\/v2\/media?parent=132"}],"wp:term":[{"taxonomy":"category","embeddable":true,"href":"https:\/\/commons.princeton.edu\/indigenous-brazil\/wp-json\/wp\/v2\/categories?post=132"},{"taxonomy":"post_tag","embeddable":true,"href":"https:\/\/commons.princeton.edu\/indigenous-brazil\/wp-json\/wp\/v2\/tags?post=132"}],"curies":[{"name":"wp","href":"https:\/\/api.w.org\/{rel}","templated":true}]}}