{"id":102,"date":"2018-12-03T23:16:15","date_gmt":"2018-12-03T23:16:15","guid":{"rendered":"https:\/\/commons.princeton.edu\/indigenous-brazil\/?page_id=102"},"modified":"2019-01-06T04:41:31","modified_gmt":"2019-01-06T04:41:31","slug":"paulo-barreto-e-eduardo-pegurier","status":"publish","type":"page","link":"https:\/\/commons.princeton.edu\/indigenous-brazil\/convidados-especiais\/paulo-barreto-e-eduardo-pegurier\/","title":{"rendered":"Paulo Barreto e Eduardo Pegurier"},"content":{"rendered":"<p style=\"text-align: center\"><em><span style=\"font-style: inherit !important;font-weight: inherit !important\">Convidamos para a aula aberta com <\/span><\/em><\/p>\n<p style=\"text-align: center\">exibi\u00e7\u00e3o do filme document\u00e1rio<\/p>\n<p><strong>\u00a0<\/strong><\/p>\n<p style=\"text-align: center\"><strong>&#8220;Sob a Pata do Boi\u201d<\/strong><\/p>\n<p style=\"text-align: center\">Seguida de Q&amp;A com<\/p>\n<p style=\"text-align: center\">Paulo Barreto (Pesquisador S\u00eanior, Imazon) e<\/p>\n<p style=\"text-align: center\">Eduardo Pegurier (editor-chefe do site ((o))eco, Puc-Rio)<\/p>\n<p style=\"text-align: center\"><strong>Monday. November 12th<\/strong><\/p>\n<p><img loading=\"lazy\" decoding=\"async\" class=\"alignnone wp-image-513 \" src=\"http:\/\/commons.princeton.edu\/indigenous-brazil\/wp-content\/uploads\/sites\/99\/2019\/01\/UNADJUSTEDNONRAW_thumb_25b2.jpg\" alt=\"\" width=\"536\" height=\"402\" srcset=\"https:\/\/commons.princeton.edu\/indigenous-brazil\/wp-content\/uploads\/sites\/99\/2019\/01\/UNADJUSTEDNONRAW_thumb_25b2.jpg 1024w, https:\/\/commons.princeton.edu\/indigenous-brazil\/wp-content\/uploads\/sites\/99\/2019\/01\/UNADJUSTEDNONRAW_thumb_25b2-300x225.jpg 300w, https:\/\/commons.princeton.edu\/indigenous-brazil\/wp-content\/uploads\/sites\/99\/2019\/01\/UNADJUSTEDNONRAW_thumb_25b2-768x576.jpg 768w, https:\/\/commons.princeton.edu\/indigenous-brazil\/wp-content\/uploads\/sites\/99\/2019\/01\/UNADJUSTEDNONRAW_thumb_25b2-676x507.jpg 676w\" sizes=\"auto, (max-width: 536px) 100vw, 536px\" \/><\/p>\n<p><img loading=\"lazy\" decoding=\"async\" class=\"alignnone size-medium wp-image-516\" src=\"http:\/\/commons.princeton.edu\/indigenous-brazil\/wp-content\/uploads\/sites\/99\/2019\/01\/UNADJUSTEDNONRAW_thumb_25b1-300x225.jpg\" alt=\"\" width=\"300\" height=\"225\" srcset=\"https:\/\/commons.princeton.edu\/indigenous-brazil\/wp-content\/uploads\/sites\/99\/2019\/01\/UNADJUSTEDNONRAW_thumb_25b1-300x225.jpg 300w, https:\/\/commons.princeton.edu\/indigenous-brazil\/wp-content\/uploads\/sites\/99\/2019\/01\/UNADJUSTEDNONRAW_thumb_25b1-768x576.jpg 768w, https:\/\/commons.princeton.edu\/indigenous-brazil\/wp-content\/uploads\/sites\/99\/2019\/01\/UNADJUSTEDNONRAW_thumb_25b1.jpg 1024w, https:\/\/commons.princeton.edu\/indigenous-brazil\/wp-content\/uploads\/sites\/99\/2019\/01\/UNADJUSTEDNONRAW_thumb_25b1-676x507.jpg 676w\" sizes=\"auto, (max-width: 300px) 100vw, 300px\" \/> <img loading=\"lazy\" decoding=\"async\" class=\"alignnone size-medium wp-image-518\" src=\"http:\/\/commons.princeton.edu\/indigenous-brazil\/wp-content\/uploads\/sites\/99\/2019\/01\/UNADJUSTEDNONRAW_thumb_25bd-300x225.jpg\" alt=\"\" width=\"300\" height=\"225\" srcset=\"https:\/\/commons.princeton.edu\/indigenous-brazil\/wp-content\/uploads\/sites\/99\/2019\/01\/UNADJUSTEDNONRAW_thumb_25bd-300x225.jpg 300w, https:\/\/commons.princeton.edu\/indigenous-brazil\/wp-content\/uploads\/sites\/99\/2019\/01\/UNADJUSTEDNONRAW_thumb_25bd-768x576.jpg 768w, https:\/\/commons.princeton.edu\/indigenous-brazil\/wp-content\/uploads\/sites\/99\/2019\/01\/UNADJUSTEDNONRAW_thumb_25bd.jpg 1024w, https:\/\/commons.princeton.edu\/indigenous-brazil\/wp-content\/uploads\/sites\/99\/2019\/01\/UNADJUSTEDNONRAW_thumb_25bd-676x507.jpg 676w\" sizes=\"auto, (max-width: 300px) 100vw, 300px\" \/> <img loading=\"lazy\" decoding=\"async\" class=\"alignnone size-medium wp-image-517\" src=\"http:\/\/commons.princeton.edu\/indigenous-brazil\/wp-content\/uploads\/sites\/99\/2019\/01\/UNADJUSTEDNONRAW_thumb_25a7-300x225.jpg\" alt=\"\" width=\"300\" height=\"225\" srcset=\"https:\/\/commons.princeton.edu\/indigenous-brazil\/wp-content\/uploads\/sites\/99\/2019\/01\/UNADJUSTEDNONRAW_thumb_25a7-300x225.jpg 300w, https:\/\/commons.princeton.edu\/indigenous-brazil\/wp-content\/uploads\/sites\/99\/2019\/01\/UNADJUSTEDNONRAW_thumb_25a7-768x576.jpg 768w, https:\/\/commons.princeton.edu\/indigenous-brazil\/wp-content\/uploads\/sites\/99\/2019\/01\/UNADJUSTEDNONRAW_thumb_25a7.jpg 1024w, https:\/\/commons.princeton.edu\/indigenous-brazil\/wp-content\/uploads\/sites\/99\/2019\/01\/UNADJUSTEDNONRAW_thumb_25a7-676x507.jpg 676w\" sizes=\"auto, (max-width: 300px) 100vw, 300px\" \/> <img loading=\"lazy\" decoding=\"async\" class=\"alignnone size-medium wp-image-515\" src=\"http:\/\/commons.princeton.edu\/indigenous-brazil\/wp-content\/uploads\/sites\/99\/2019\/01\/UNADJUSTEDNONRAW_thumb_25ba-300x225.jpg\" alt=\"\" width=\"300\" height=\"225\" srcset=\"https:\/\/commons.princeton.edu\/indigenous-brazil\/wp-content\/uploads\/sites\/99\/2019\/01\/UNADJUSTEDNONRAW_thumb_25ba-300x225.jpg 300w, https:\/\/commons.princeton.edu\/indigenous-brazil\/wp-content\/uploads\/sites\/99\/2019\/01\/UNADJUSTEDNONRAW_thumb_25ba-768x576.jpg 768w, https:\/\/commons.princeton.edu\/indigenous-brazil\/wp-content\/uploads\/sites\/99\/2019\/01\/UNADJUSTEDNONRAW_thumb_25ba.jpg 1024w, https:\/\/commons.princeton.edu\/indigenous-brazil\/wp-content\/uploads\/sites\/99\/2019\/01\/UNADJUSTEDNONRAW_thumb_25ba-676x507.jpg 676w\" sizes=\"auto, (max-width: 300px) 100vw, 300px\" \/> <img loading=\"lazy\" decoding=\"async\" class=\"alignnone size-medium wp-image-514\" src=\"http:\/\/commons.princeton.edu\/indigenous-brazil\/wp-content\/uploads\/sites\/99\/2019\/01\/UNADJUSTEDNONRAW_thumb_25ab-300x225.jpg\" alt=\"\" width=\"300\" height=\"225\" srcset=\"https:\/\/commons.princeton.edu\/indigenous-brazil\/wp-content\/uploads\/sites\/99\/2019\/01\/UNADJUSTEDNONRAW_thumb_25ab-300x225.jpg 300w, https:\/\/commons.princeton.edu\/indigenous-brazil\/wp-content\/uploads\/sites\/99\/2019\/01\/UNADJUSTEDNONRAW_thumb_25ab-768x576.jpg 768w, https:\/\/commons.princeton.edu\/indigenous-brazil\/wp-content\/uploads\/sites\/99\/2019\/01\/UNADJUSTEDNONRAW_thumb_25ab.jpg 1024w, https:\/\/commons.princeton.edu\/indigenous-brazil\/wp-content\/uploads\/sites\/99\/2019\/01\/UNADJUSTEDNONRAW_thumb_25ab-676x507.jpg 676w\" sizes=\"auto, (max-width: 300px) 100vw, 300px\" \/><\/p>\n","protected":false},"excerpt":{"rendered":"<p>Convidamos para a aula aberta com exibi\u00e7\u00e3o do filme document\u00e1rio \u00a0 &#8220;Sob a Pata do Boi\u201d Seguida de Q&amp;A com Paulo Barreto (Pesquisador S\u00eanior, Imazon) e Eduardo Pegurier (editor-chefe do site ((o))eco, Puc-Rio) Monday. November 12th<\/p>\n","protected":false},"author":800,"featured_media":0,"parent":31,"menu_order":0,"comment_status":"closed","ping_status":"closed","template":"","meta":{"footnotes":""},"categories":[],"tags":[],"class_list":["post-102","page","type-page","status-publish","hentry","post-preview"],"_links":{"self":[{"href":"https:\/\/commons.princeton.edu\/indigenous-brazil\/wp-json\/wp\/v2\/pages\/102","targetHints":{"allow":["GET"]}}],"collection":[{"href":"https:\/\/commons.princeton.edu\/indigenous-brazil\/wp-json\/wp\/v2\/pages"}],"about":[{"href":"https:\/\/commons.princeton.edu\/indigenous-brazil\/wp-json\/wp\/v2\/types\/page"}],"author":[{"embeddable":true,"href":"https:\/\/commons.princeton.edu\/indigenous-brazil\/wp-json\/wp\/v2\/users\/800"}],"replies":[{"embeddable":true,"href":"https:\/\/commons.princeton.edu\/indigenous-brazil\/wp-json\/wp\/v2\/comments?post=102"}],"version-history":[{"count":4,"href":"https:\/\/commons.princeton.edu\/indigenous-brazil\/wp-json\/wp\/v2\/pages\/102\/revisions"}],"predecessor-version":[{"id":519,"href":"https:\/\/commons.princeton.edu\/indigenous-brazil\/wp-json\/wp\/v2\/pages\/102\/revisions\/519"}],"up":[{"embeddable":true,"href":"https:\/\/commons.princeton.edu\/indigenous-brazil\/wp-json\/wp\/v2\/pages\/31"}],"wp:attachment":[{"href":"https:\/\/commons.princeton.edu\/indigenous-brazil\/wp-json\/wp\/v2\/media?parent=102"}],"wp:term":[{"taxonomy":"category","embeddable":true,"href":"https:\/\/commons.princeton.edu\/indigenous-brazil\/wp-json\/wp\/v2\/categories?post=102"},{"taxonomy":"post_tag","embeddable":true,"href":"https:\/\/commons.princeton.edu\/indigenous-brazil\/wp-json\/wp\/v2\/tags?post=102"}],"curies":[{"name":"wp","href":"https:\/\/api.w.org\/{rel}","templated":true}]}}