{"id":100,"date":"2018-12-03T23:15:29","date_gmt":"2018-12-03T23:15:29","guid":{"rendered":"https:\/\/commons.princeton.edu\/indigenous-brazil\/?page_id=100"},"modified":"2019-01-06T04:55:38","modified_gmt":"2019-01-06T04:55:38","slug":"beto-verissimo","status":"publish","type":"page","link":"https:\/\/commons.princeton.edu\/indigenous-brazil\/convidados-especiais\/beto-verissimo\/","title":{"rendered":"Beto Ver\u00edssimo"},"content":{"rendered":"<p style=\"text-align: center\">Aula aberta:<\/p>\n<p style=\"text-align: center\">Beto\u00a0Ver\u00edssimo, diretor\u00a0da\u00a0Imazon,<\/p>\n<p style=\"text-align: center\">Filme\u00a0&#8220;Amazon Inc.&#8221; e &#8220;Desmatamento Zero&#8221;<\/p>\n<p style=\"text-align: center\">17 Outubro 2018<\/p>\n<p>Beto Ver\u00edssimo.\u00a0Pesquisador s\u00eanior e co-fundador do Imazon, um dos principais centros de pesquisa e a\u00e7\u00e3o estrat\u00e9gica da Amaz\u00f4nia. Engenheiro agr\u00f4nomo com p\u00f3s-gradua\u00e7\u00e3o em ecologia pela Universidade Estadual da Pensilv\u00e2nia (EUA).\u00a0 Liderou trabalhos t\u00e9cnicos que resultaram na cria\u00e7\u00e3o de cerca de 25 milh\u00f5es de Unidades de Conserva\u00e7\u00e3o na Amaz\u00f4nia. Em 2014 co-liderou a iniciativa do \u00cdndice de Progresso Social na Amaz\u00f4nia ((IPS Amaz\u00f4nia). \u00c9 l\u00edder da Funda\u00e7\u00e3o Avina e S\u00eanior Fellow da Ashoka. Em 2010 recebeu o pr\u00eamio empreendedor social global da Funda\u00e7\u00e3o Skoll (EUA). Em 2014 foi recebeu o pr\u00eamio nacional &#8221; do Jornal O Globo na categoria Sustentabilidade.<\/p>\n<p><strong>Fotos<\/strong><\/p>\n<p><img loading=\"lazy\" decoding=\"async\" class=\"alignnone wp-image-521 size-full\" src=\"http:\/\/commons.princeton.edu\/indigenous-brazil\/wp-content\/uploads\/sites\/99\/2019\/01\/UNADJUSTEDNONRAW_thumb_2194.jpg\" alt=\"\" width=\"1024\" height=\"768\" srcset=\"https:\/\/commons.princeton.edu\/indigenous-brazil\/wp-content\/uploads\/sites\/99\/2019\/01\/UNADJUSTEDNONRAW_thumb_2194.jpg 1024w, https:\/\/commons.princeton.edu\/indigenous-brazil\/wp-content\/uploads\/sites\/99\/2019\/01\/UNADJUSTEDNONRAW_thumb_2194-300x225.jpg 300w, https:\/\/commons.princeton.edu\/indigenous-brazil\/wp-content\/uploads\/sites\/99\/2019\/01\/UNADJUSTEDNONRAW_thumb_2194-768x576.jpg 768w, https:\/\/commons.princeton.edu\/indigenous-brazil\/wp-content\/uploads\/sites\/99\/2019\/01\/UNADJUSTEDNONRAW_thumb_2194-676x507.jpg 676w\" sizes=\"auto, (max-width: 1024px) 100vw, 1024px\" \/> <img loading=\"lazy\" decoding=\"async\" class=\"alignnone wp-image-523 size-large\" src=\"http:\/\/commons.princeton.edu\/indigenous-brazil\/wp-content\/uploads\/sites\/99\/2019\/01\/UNADJUSTEDNONRAW_thumb_21a2-1024x768.jpg\" alt=\"\" width=\"676\" height=\"507\" srcset=\"https:\/\/commons.princeton.edu\/indigenous-brazil\/wp-content\/uploads\/sites\/99\/2019\/01\/UNADJUSTEDNONRAW_thumb_21a2.jpg 1024w, https:\/\/commons.princeton.edu\/indigenous-brazil\/wp-content\/uploads\/sites\/99\/2019\/01\/UNADJUSTEDNONRAW_thumb_21a2-300x225.jpg 300w, https:\/\/commons.princeton.edu\/indigenous-brazil\/wp-content\/uploads\/sites\/99\/2019\/01\/UNADJUSTEDNONRAW_thumb_21a2-768x576.jpg 768w, https:\/\/commons.princeton.edu\/indigenous-brazil\/wp-content\/uploads\/sites\/99\/2019\/01\/UNADJUSTEDNONRAW_thumb_21a2-676x507.jpg 676w\" sizes=\"auto, (max-width: 676px) 100vw, 676px\" \/> <img loading=\"lazy\" decoding=\"async\" class=\"alignnone wp-image-524 size-large\" src=\"http:\/\/commons.princeton.edu\/indigenous-brazil\/wp-content\/uploads\/sites\/99\/2019\/01\/UNADJUSTEDNONRAW_thumb_21b5-768x1024.jpg\" alt=\"\" width=\"676\" height=\"901\" srcset=\"https:\/\/commons.princeton.edu\/indigenous-brazil\/wp-content\/uploads\/sites\/99\/2019\/01\/UNADJUSTEDNONRAW_thumb_21b5.jpg 768w, https:\/\/commons.princeton.edu\/indigenous-brazil\/wp-content\/uploads\/sites\/99\/2019\/01\/UNADJUSTEDNONRAW_thumb_21b5-225x300.jpg 225w, https:\/\/commons.princeton.edu\/indigenous-brazil\/wp-content\/uploads\/sites\/99\/2019\/01\/UNADJUSTEDNONRAW_thumb_21b5-676x901.jpg 676w\" sizes=\"auto, (max-width: 676px) 100vw, 676px\" \/> <img loading=\"lazy\" decoding=\"async\" class=\"alignnone wp-image-525 size-large\" src=\"http:\/\/commons.princeton.edu\/indigenous-brazil\/wp-content\/uploads\/sites\/99\/2019\/01\/UNADJUSTEDNONRAW_thumb_21bb-1024x768.jpg\" alt=\"\" width=\"676\" height=\"507\" srcset=\"https:\/\/commons.princeton.edu\/indigenous-brazil\/wp-content\/uploads\/sites\/99\/2019\/01\/UNADJUSTEDNONRAW_thumb_21bb.jpg 1024w, https:\/\/commons.princeton.edu\/indigenous-brazil\/wp-content\/uploads\/sites\/99\/2019\/01\/UNADJUSTEDNONRAW_thumb_21bb-300x225.jpg 300w, https:\/\/commons.princeton.edu\/indigenous-brazil\/wp-content\/uploads\/sites\/99\/2019\/01\/UNADJUSTEDNONRAW_thumb_21bb-768x576.jpg 768w, https:\/\/commons.princeton.edu\/indigenous-brazil\/wp-content\/uploads\/sites\/99\/2019\/01\/UNADJUSTEDNONRAW_thumb_21bb-676x507.jpg 676w\" sizes=\"auto, (max-width: 676px) 100vw, 676px\" \/> <img loading=\"lazy\" decoding=\"async\" class=\"alignnone wp-image-526 size-large\" src=\"http:\/\/commons.princeton.edu\/indigenous-brazil\/wp-content\/uploads\/sites\/99\/2019\/01\/UNADJUSTEDNONRAW_thumb_21be-1024x768.jpg\" alt=\"\" width=\"676\" height=\"507\" srcset=\"https:\/\/commons.princeton.edu\/indigenous-brazil\/wp-content\/uploads\/sites\/99\/2019\/01\/UNADJUSTEDNONRAW_thumb_21be.jpg 1024w, https:\/\/commons.princeton.edu\/indigenous-brazil\/wp-content\/uploads\/sites\/99\/2019\/01\/UNADJUSTEDNONRAW_thumb_21be-300x225.jpg 300w, https:\/\/commons.princeton.edu\/indigenous-brazil\/wp-content\/uploads\/sites\/99\/2019\/01\/UNADJUSTEDNONRAW_thumb_21be-768x576.jpg 768w, https:\/\/commons.princeton.edu\/indigenous-brazil\/wp-content\/uploads\/sites\/99\/2019\/01\/UNADJUSTEDNONRAW_thumb_21be-676x507.jpg 676w\" sizes=\"auto, (max-width: 676px) 100vw, 676px\" \/> <img loading=\"lazy\" decoding=\"async\" class=\"alignnone wp-image-527 size-large\" src=\"http:\/\/commons.princeton.edu\/indigenous-brazil\/wp-content\/uploads\/sites\/99\/2019\/01\/UNADJUSTEDNONRAW_thumb_21bf-1024x768.jpg\" alt=\"\" width=\"676\" height=\"507\" srcset=\"https:\/\/commons.princeton.edu\/indigenous-brazil\/wp-content\/uploads\/sites\/99\/2019\/01\/UNADJUSTEDNONRAW_thumb_21bf.jpg 1024w, https:\/\/commons.princeton.edu\/indigenous-brazil\/wp-content\/uploads\/sites\/99\/2019\/01\/UNADJUSTEDNONRAW_thumb_21bf-300x225.jpg 300w, https:\/\/commons.princeton.edu\/indigenous-brazil\/wp-content\/uploads\/sites\/99\/2019\/01\/UNADJUSTEDNONRAW_thumb_21bf-768x576.jpg 768w, https:\/\/commons.princeton.edu\/indigenous-brazil\/wp-content\/uploads\/sites\/99\/2019\/01\/UNADJUSTEDNONRAW_thumb_21bf-676x507.jpg 676w\" sizes=\"auto, (max-width: 676px) 100vw, 676px\" \/><\/p>\n","protected":false},"excerpt":{"rendered":"<p>Aula aberta: Beto\u00a0Ver\u00edssimo, diretor\u00a0da\u00a0Imazon, Filme\u00a0&#8220;Amazon Inc.&#8221; e &#8220;Desmatamento Zero&#8221; 17 Outubro 2018 Beto Ver\u00edssimo.\u00a0Pesquisador s\u00eanior e co-fundador do Imazon, um dos principais centros de pesquisa e a\u00e7\u00e3o estrat\u00e9gica da Amaz\u00f4nia. Engenheiro agr\u00f4nomo com p\u00f3s-gradua\u00e7\u00e3o em ecologia pela Universidade Estadual da Pensilv\u00e2nia (EUA).\u00a0 Liderou trabalhos t\u00e9cnicos que resultaram na cria\u00e7\u00e3o de cerca de 25 milh\u00f5es de<\/p>\n<p><a class=\"more-link\" href=\"https:\/\/commons.princeton.edu\/indigenous-brazil\/convidados-especiais\/beto-verissimo\/\">Continue Reading<\/a><\/p>\n","protected":false},"author":800,"featured_media":0,"parent":31,"menu_order":0,"comment_status":"closed","ping_status":"closed","template":"","meta":{"footnotes":""},"categories":[],"tags":[],"class_list":["post-100","page","type-page","status-publish","hentry","post-preview"],"_links":{"self":[{"href":"https:\/\/commons.princeton.edu\/indigenous-brazil\/wp-json\/wp\/v2\/pages\/100","targetHints":{"allow":["GET"]}}],"collection":[{"href":"https:\/\/commons.princeton.edu\/indigenous-brazil\/wp-json\/wp\/v2\/pages"}],"about":[{"href":"https:\/\/commons.princeton.edu\/indigenous-brazil\/wp-json\/wp\/v2\/types\/page"}],"author":[{"embeddable":true,"href":"https:\/\/commons.princeton.edu\/indigenous-brazil\/wp-json\/wp\/v2\/users\/800"}],"replies":[{"embeddable":true,"href":"https:\/\/commons.princeton.edu\/indigenous-brazil\/wp-json\/wp\/v2\/comments?post=100"}],"version-history":[{"count":5,"href":"https:\/\/commons.princeton.edu\/indigenous-brazil\/wp-json\/wp\/v2\/pages\/100\/revisions"}],"predecessor-version":[{"id":530,"href":"https:\/\/commons.princeton.edu\/indigenous-brazil\/wp-json\/wp\/v2\/pages\/100\/revisions\/530"}],"up":[{"embeddable":true,"href":"https:\/\/commons.princeton.edu\/indigenous-brazil\/wp-json\/wp\/v2\/pages\/31"}],"wp:attachment":[{"href":"https:\/\/commons.princeton.edu\/indigenous-brazil\/wp-json\/wp\/v2\/media?parent=100"}],"wp:term":[{"taxonomy":"category","embeddable":true,"href":"https:\/\/commons.princeton.edu\/indigenous-brazil\/wp-json\/wp\/v2\/categories?post=100"},{"taxonomy":"post_tag","embeddable":true,"href":"https:\/\/commons.princeton.edu\/indigenous-brazil\/wp-json\/wp\/v2\/tags?post=100"}],"curies":[{"name":"wp","href":"https:\/\/api.w.org\/{rel}","templated":true}]}}