{"id":23,"date":"2021-07-20T15:48:19","date_gmt":"2021-07-20T19:48:19","guid":{"rendered":"https:\/\/commons.princeton.edu\/hum583-f21\/?page_id=23"},"modified":"2023-12-23T17:18:41","modified_gmt":"2023-12-23T22:18:41","slug":"assignments","status":"publish","type":"page","link":"https:\/\/commons.princeton.edu\/hum583-f23\/assignments\/","title":{"rendered":"Assignments"},"content":{"rendered":"<p>The main reading for each session is set by the visitor, and will be posted below by week, along with short, additional readings intended to provide some background and define terms. Each Friday by noon, two members of the class will post 300-500 word responses to the most recent seminar on our &#8220;Discussion&#8221; page. \u00a0As our final project develops, specific assignments toward that work will appear below as well.<\/p>\n<p>&nbsp;<\/p>\n<p><strong>Week 1 (Sept. 6)<\/strong><\/p>\n<p>An introduction to the class&#8217;s protocols and tendencies, and to each other.\u00a0 No assigned reading.\u00a0\u00a0<span style=\"font-size: 1rem\">\u00a0<\/span><\/p>\n<p>&nbsp;<\/p>\n<p><strong>Week 2 (Sept. 13)<\/strong><\/p>\n<p>For our own purposes (meaning our first hour or so of discussion as a class), let\u2019s all take a look at <a href=\"https:\/\/commons.princeton.edu\/hum583-f21\/wp-content\/uploads\/sites\/283\/2021\/09\/KNOWLEDGE-final.pdf\">this ultra-concise \u201creader\u201d<\/a>\u00a0that gathers some reflections on the concept of \u201cknowledge\u201d across various disciplines.\u00a0 And I am throwing in\u00a0<a href=\"https:\/\/commons.princeton.edu\/hum583-f22\/wp-content\/uploads\/sites\/330\/2022\/09\/Klein-Typologies.pdf\">this thing<\/a>\u00a0(which I mentioned) on the terminology around disciplinarity and its alternatives.\u00a0 Just skim!<\/p>\n<p>As I said, this session is a little unusual, in that we are acutally combining classes (with Gavin Steingo&#8217;s seminar) and reading a bit of my stuff in connection with that of Professor Steingo, on account of his class reading some of my <a href=\"https:\/\/press.uchicago.edu\/ucp\/books\/book\/chicago\/S\/bo9845648.html\"><em>Sounding of the Whale<\/em><\/a> for their meeting next week.<\/p>\n<p>So here is a bit of his new (unpublished) book for us to consider: a chunk of the <a href=\"https:\/\/commons.princeton.edu\/hum583-f23\/wp-content\/uploads\/sites\/369\/2023\/09\/Steingo-Interspecies-Communication-proofs-Introduction-longer.pdf\">Introduction<\/a>; and the <a href=\"https:\/\/commons.princeton.edu\/hum583-f23\/wp-content\/uploads\/sites\/369\/2023\/09\/Steingo-Interspecies-Communication-proofs-Chapter-1-excerpt.pdf\">opening of Chapter 1.<\/a><\/p>\n<p>And <a href=\"https:\/\/commons.princeton.edu\/hum583-f23\/wp-content\/uploads\/sites\/369\/2023\/09\/Sounding-Extract-for-583-2023.pdf\">here is an extract<\/a> from <em>The Sounding of the Whale <\/em>(2012).\u00a0 Bonus reading: the <a href=\"https:\/\/www.goodreads.com\/review\/show\/259098075\">funniest and best review<\/a> the book got, from a genuine character, with whom I subsequently became pals&#8230; \ud83d\ude42<\/p>\n<p>&nbsp;<\/p>\n<p><strong>Week 3 (Sept. 20)<\/strong><\/p>\n<p>This week, for our time together, let\u2019s move from our collation of \u201cKnowledge\u201d texts to\u00a0<a href=\"https:\/\/commons.princeton.edu\/hum583-f21\/wp-content\/uploads\/sites\/283\/2021\/09\/EXPERIENCE-readings.pdf\">a comparably selective\/concise collection of readings on EXPERIENCE<\/a> \u2014 a favorite category of mine.\u00a0 \u00a0Jeff Dolven (our guest this week) and I taught <a href=\"http:\/\/dgrahamburnett.net\/wp-content\/uploads\/2013\/08\/EXPERIENCE-SYLLABUS.pdf\">a whole Graduate Seminar on this topic<\/a>\u00a0some years back, which took shape in a final project that was part of the<a href=\"https:\/\/mglc-lj.si\/files\/bienalnik_2015_eng.pdf\">\u00a031st Ljubljana Biennial<\/a> (we were able to bring the whole class along that summer\u2026).\u00a0 We ended our class discussion last week by thinking about whether there is a responsible way to be something &#8220;other&#8221; than a &#8220;scientist&#8221; in the modern academy (a good question to ponder in a seminar offered through a &#8220;humanities&#8221; program).\u00a0 I would say that &#8220;experience&#8221; is a key term for consideration when reflecting on this problem. On the topic of experience vs. knowledge (just to warm up the discussion for Wednesday), I will offer you this from <em>Truth and Method:\u00a0\u00a0<\/em>\u201c\u2026the dialectical illusion of <em>experience perfected and replaced by knowledge<\/em> is the unattainable ideal of the Enlightenment\u201d (emphasis added).\u00a0 \u00a0That is a quote worth unpacking, in my view (see the Bloomsbury edition at p. 368 if you want to follow up).<\/p>\n<p>Meanwhile our visitor, Professor Dolven, would like us to think a bit about scale (and also poetry).\u00a0 He has asked us to read <a href=\"https:\/\/commons.princeton.edu\/hum583-f23\/wp-content\/uploads\/sites\/369\/2023\/09\/Horton-The-Cosmic-Zoom.pdf\">this excerpt from Zachary Horton&#8217;s <em>The Cosmic Zoom<\/em><\/a>, and <a href=\"https:\/\/commons.princeton.edu\/hum583-f23\/wp-content\/uploads\/sites\/369\/2023\/09\/The-Parkland-Mysteries-I.1-5.pdf\">this bit<\/a> from a thing that Jeff himself has coming out soon (with Josh Kotin) on J.H. Prynne.<\/p>\n<p>&nbsp;<\/p>\n<p><strong>Week 4 (Sept. 27)<\/strong><\/p>\n<p>For this week, let&#8217;s keep thinking about knowledge and experience and the problem (promise) of criticality &#8212; and let&#8217;s go after those problems by reading together (for our portion of the seminar together):\u00a0the AAUP&#8217;s statement, \u201c<a href=\"https:\/\/commons.princeton.edu\/hum583-f21\/wp-content\/uploads\/sites\/283\/2021\/09\/AAUP-In-Defense-of-Knowledge-and-Higher-Education.pdf\">In Defense of Knowledge and Higher Education,<\/a>\u201d and Judith Butler\u2019s interesting response, \u201c<a href=\"https:\/\/commons.princeton.edu\/hum583-f21\/wp-content\/uploads\/sites\/283\/2021\/09\/Butler-A-Dissenting-View-from-the-Humanities-on-the-AAUPs-Statement-on-Knowledge.pdf\">A Dissenting View from the Humanities on the AAUP\u2019s Statement on Knowledge<\/a>.\u201d<\/p>\n<p>And our visitor, Professor Christy Wampole (from French and Italian, and also the Director of IHUM), has asked us to take up the theme\/form\/tradition of the \u00a0<i>essai vid\u00e9ographique <\/i>by taking some time with Chlo\u00e9 Galibert-La\u00een\u00e9\u2019s <a href=\"https:\/\/www.chloegalibertlaine.com\/watching-the-pain-of-others\" target=\"_blank\" rel=\"noopener\" data-saferedirecturl=\"https:\/\/www.google.com\/url?q=https:\/\/www.chloegalibertlaine.com\/watching-the-pain-of-others&amp;source=gmail&amp;ust=1695416842733000&amp;usg=AOvVaw1hQWDtUu7YrhiFDxXPg6bv\">\u201cWatching\u00a0<i>The Pain of Others,<\/i>\u201d<\/a>\u00a0 and let&#8217;s also read Wampole&#8217;s own related essay, <a href=\"https:\/\/commons.princeton.edu\/hum583-f23\/wp-content\/uploads\/sites\/369\/2023\/09\/Wampole_DalisMontaigne.pdf\">&#8220;Dal\u00ed\u2019s Montaigne: Essay Hybrids and Surrealist Practice\u201d<\/a> (a contribution to <a href=\"https:\/\/global.oup.com\/ukhe\/product\/on-essays-9780192848611?cc=mxrringroperringroperringroperringroperringroperringroperringroperringroperringroperringroperringroperringroperringroperringroperringroperringroperringroperringroperringroperringroperringroperringroperringroperringroperringroperringroperringroperringroperringroperringroperringroperringroperringroperringroperringroperringroperringroperringroperringroperringroperringroperringroperringroperringroperringroperringroperringroperringroperringroperringroperringroperringroperringroperringroperringroperringroperringroperringroperringroperringroperringroperringroperringroperringropedations%20for%20lawundations%20for%20lawdations%20for%20lawundations%20for%20lawdations%20for%20lawundations%20for%20lawdations%20for%20lawundations%20for%20law&amp;lang=en\">this edited volume<\/a>).<\/p>\n<p>&nbsp;<\/p>\n<p><strong>Week 5 (Oct. 4)<\/strong><\/p>\n<p>For this week, for our hour, let&#8217;s do two things that came up this past week:\u00a0 the <a href=\"https:\/\/www.jstor.org\/stable\/pdf\/40368563.pdf?casa_token=Cw-Y1bLQTecAAAAA:QBJC6-mDezi-BkHzaTiCqqQx6_rPEH22h5GF8o7E7ckerLRWgP6iLncwkdpHXUFqSmxD_lMupB2A6bPePIci96s_KaLFAeZZzymzh-qe3TrRm8bTlMSi\">Carrie Lambert-Beatty article on &#8220;Parafiction&#8221;<\/a> and the Latour semi-classic <a href=\"http:\/\/www.bruno-latour.fr\/sites\/default\/files\/89-CRITICAL-INQUIRY-GB.pdf\">&#8220;Why has critique run out of steam?&#8221;<\/a> (which has started to feel a little dated to me, but I am interested in what you think).\u00a0 \u00a0I would also invite everyone to take a little time to think about some interesting forms of collaborative (?) project work that we might find inspiring as a group.\u00a0 We may take some time to look at some of these.<\/p>\n<p>And our guest, Professor Lisa Davis, from anthropology, has offered us two things:\u00a0 \u00a0<a href=\"https:\/\/commons.princeton.edu\/hum583-f23\/wp-content\/uploads\/sites\/369\/2023\/09\/Favret-Saada-Chs-1-3.pdf\">Part 1 from Jeanne Favret-Saada\u2019s 1977 book<\/a>, translated as <u>Deadly Words: Witchcraft in the Bocage; <\/u>\u00a0and a <a href=\"https:\/\/commons.princeton.edu\/hum583-f23\/wp-content\/uploads\/sites\/369\/2023\/09\/Davis-excerpt.pdf\">short extract on &#8220;public secrecy&#8221;<\/a> from her own new book\u00a0 (<u>Artifactual: Forensic and Documentary Knowing).<\/u><\/p>\n<p>&nbsp;<\/p>\n<p><strong>Week 6 (Oct. 11)<\/strong><\/p>\n<p>We have Professor Karen Emmerich as our guest this week, coming from Comparative Literature, and she has send us a pair of things.\u00a0 The first is a <a href=\"https:\/\/commons.princeton.edu\/hum583-f23\/wp-content\/uploads\/sites\/369\/2023\/10\/Shih-Comparison-as-Relation.pdf\">piece by Shu-mei Shih<\/a> from an <a href=\"https:\/\/english.wisc.edu\/publications\/comparison-theories-approaches-uses\/\">edited volume<\/a> on the history, practice, and the challenges of comparison; the second is a <a href=\"https:\/\/commons.princeton.edu\/hum583-f23\/wp-content\/uploads\/sites\/369\/2023\/10\/Emmerich-PMLA.pdf\">position paper she herself just published<\/a> on the role of translation in the academy and issues of language justice.\u00a0 \u00a0This promises to be a wonderful next step for us this term, so do dig in.<\/p>\n<p>Professor Emmerich will come for the first half of our session (rather than the more traditional second-half-guest thing).\u00a0 For our reading as a guestless group (after she departs), why don&#8217;t we take up the idea of non-knowing and\/or &#8220;negative capability&#8221; (which came up in our discussion last week), by reading <a href=\"https:\/\/commons.princeton.edu\/hum583-f22\/wp-content\/uploads\/sites\/330\/2022\/10\/Agnotology-Chapt-1.pdf\">this essay<\/a>, to which I alluded, on the history of &#8220;Agnotology.&#8221;<\/p>\n<p>&nbsp;<\/p>\n<p><strong>Week 7 (Oct. 25)<\/strong><\/p>\n<p>Professor Tina Campt has sent us s<a href=\"https:\/\/commons.princeton.edu\/hum583-f23\/wp-content\/uploads\/sites\/369\/2023\/10\/Cole_Black-Paper_excerpts.pdf\">everal chapters from Teju Cole&#8217;s <em>Black Paper: Writing in a Dark Time<\/em><\/a>, and also a <a href=\"https:\/\/commons.princeton.edu\/hum583-f23\/wp-content\/uploads\/sites\/369\/2023\/10\/Campt_LTI_-Intro-and-Chpt-1.pdf\">section from her own <em>Listening to Images<\/em>.<\/a>\u00a0 This is a good deal of material (and we did not get much time before break to discuss &#8220;Agnotology&#8221;), so I propose we don&#8217;t supplement this week&#8217;s reading with any additional stuff.\u00a0 Let me know if you have another thought!<\/p>\n<p>&nbsp;<\/p>\n<p><strong>Week 8 (Nov. 1)<\/strong><\/p>\n<p>So we will use this session to focus on the final project.\u00a0 I invited you all to propose readings, and received one suggestion (picking up on our discussion at the start of last week): Queneau&#8217;s <em>Exercises in Style<\/em>.\u00a0 No need to do the whole thing, but <a href=\"https:\/\/monoskop.org\/images\/4\/49\/Queneau_Raymond_Exercises_in_Style_pp_1-26.pdf\">here is a short excerpt<\/a> (introduction to be skipped; just peruse the first few actual entries).\u00a0 If you would like to have a go at the original, you may find it <a href=\"https:\/\/archive.org\/details\/exercicesdestyle0000quen_b0m0\/page\/n163\/mode\/2up\">here<\/a>.<\/p>\n<p>&nbsp;<\/p>\n<p><strong>Week 9 (Nov. 8)<\/strong><\/p>\n<p>Jeff Whetstone, the director of Vis Arts here (and a photographer), has asked us to look at <a href=\"https:\/\/commons.princeton.edu\/hum583-f23\/wp-content\/uploads\/sites\/369\/2023\/11\/Bosch_Ship_of_Fools_1500.jpg\">this<\/a> and <a href=\"https:\/\/commons.princeton.edu\/hum583-f23\/wp-content\/uploads\/sites\/369\/2023\/11\/Bosch_Ship_of_Fools_detail.jpg\">this<\/a>, and to read <a href=\"https:\/\/commons.princeton.edu\/hum583-f23\/wp-content\/uploads\/sites\/369\/2023\/11\/Allan-Sekula-Fish-Story91.pdf\">this<\/a> (a really extraordinary text, one that made a huge impression on me when I first discovered it!) and <a href=\"https:\/\/commons.princeton.edu\/hum583-f23\/wp-content\/uploads\/sites\/369\/2023\/11\/The-Batture-Ritual.pdf\">this<\/a>.\u00a0 And to watch <a href=\"https:\/\/drive.google.com\/drive\/folders\/1EemQAZBMMa44WFTE2BBCORcXqJZ9L4Om\">this<\/a>, which we will also (I believe) watch in class. Onward!<\/p>\n<p>&nbsp;<\/p>\n<p><strong>Week 10 (Nov. 15)<\/strong><\/p>\n<p>We will have Professor Catherine Clune-Taylor (Gender and Sexuality Studies) with us this week, and she has asked us to read Banu Subramaniam\u2019s <a href=\"https:\/\/commons.princeton.edu\/hum583-f23\/wp-content\/uploads\/sites\/369\/2023\/11\/Subramaniam-B.-2009.-Moored-Metamorphoses-\u2013-A-Retrospective-Essay-on-Feminist-Science-Studies.pdf\">&#8220;Moored Metamorphosis,&#8221;<\/a> together with her own recent chapter <a href=\"https:\/\/commons.princeton.edu\/hum583-f23\/wp-content\/uploads\/sites\/369\/2023\/11\/Clune-Taylor-2020-Is-Sex-Socially-Constructed.pdf\">&#8220;Is Sex Socially Constructed?&#8221;<\/a><\/p>\n<p>&nbsp;<\/p>\n<p><strong>Week 11 (Nov. 29)<\/strong><\/p>\n<p>Delighted that Professor David Reinfurt (Vis Arts), a distinguished and talented graphic artist, designer, and theorist, will join us this week.\u00a0 He has passed us a number of things to look at in advance of our session.\u00a0 I will tip in a bit of his introductory notes here:<\/p>\n<p>1. A NOTE ON THE TIME &#8212; please&#8230;<a href=\"https:\/\/commons.princeton.edu\/hum583-f23\/wp-content\/uploads\/sites\/369\/2023\/11\/Kadist.pdf\">read p. 31-42 of this pdf, a short essay about how time is kept over networks<\/a>. I have included the entire booklet which we made at the start of a 10-year project that is fully described in the reading. The students are welcome to read the rest of the booklet, and it might be useful (but not necessary).<\/p>\n<p>2. SENSES OF STYLE &#8212; &#8230; I am currently enthralled with Jeff&#8217;s [Jeff Dolven, who visited us earlier this term! &#8211; DGB] idea of style as an index to time. I mean ofc, the idea is baked into lots of design discourse, but I was <a href=\"https:\/\/commons.princeton.edu\/hum583-f23\/wp-content\/uploads\/sites\/369\/2023\/11\/Dolven-Jeff-Senses-of-Style-Sep-12-2023-8-25-PM.pdf\">excited about this book [read excerpt &#8211; DGB]<\/a> for many reasons&#8230;<\/p>\n<p>&nbsp;<\/p>\n<p><strong>Week 12 (December 6)<\/strong><\/p>\n<p>No new reading; but lots of work!\u00a0 We all have to finish up our final project contributions by the given deadlines!<\/p>\n","protected":false},"excerpt":{"rendered":"<p>The main reading for each session is set by the visitor, and will be posted below by week, along with short, additional readings intended to provide some background and define terms. Each Friday by noon, two members of the class will post 300-500 word responses to the most recent seminar on our &#8220;Discussion&#8221; page. \u00a0As &hellip; <\/p>\n<p class=\"link-more\"><a href=\"https:\/\/commons.princeton.edu\/hum583-f23\/assignments\/\" class=\"more-link\">Continue reading<span class=\"screen-reader-text\"> &#8220;Assignments&#8221;<\/span><\/a><\/p>\n","protected":false},"author":1701,"featured_media":0,"parent":0,"menu_order":0,"comment_status":"closed","ping_status":"closed","template":"","meta":{"footnotes":""},"class_list":["post-23","page","type-page","status-publish","hentry"],"_links":{"self":[{"href":"https:\/\/commons.princeton.edu\/hum583-f23\/wp-json\/wp\/v2\/pages\/23","targetHints":{"allow":["GET"]}}],"collection":[{"href":"https:\/\/commons.princeton.edu\/hum583-f23\/wp-json\/wp\/v2\/pages"}],"about":[{"href":"https:\/\/commons.princeton.edu\/hum583-f23\/wp-json\/wp\/v2\/types\/page"}],"author":[{"embeddable":true,"href":"https:\/\/commons.princeton.edu\/hum583-f23\/wp-json\/wp\/v2\/users\/1701"}],"replies":[{"embeddable":true,"href":"https:\/\/commons.princeton.edu\/hum583-f23\/wp-json\/wp\/v2\/comments?post=23"}],"version-history":[{"count":17,"href":"https:\/\/commons.princeton.edu\/hum583-f23\/wp-json\/wp\/v2\/pages\/23\/revisions"}],"predecessor-version":[{"id":516,"href":"https:\/\/commons.princeton.edu\/hum583-f23\/wp-json\/wp\/v2\/pages\/23\/revisions\/516"}],"wp:attachment":[{"href":"https:\/\/commons.princeton.edu\/hum583-f23\/wp-json\/wp\/v2\/media?parent=23"}],"curies":[{"name":"wp","href":"https:\/\/api.w.org\/{rel}","templated":true}]}}