{"id":41,"date":"2025-10-15T14:31:11","date_gmt":"2025-10-15T18:31:11","guid":{"rendered":"https:\/\/commons.princeton.edu\/digital-storytelling\/?page_id=41"},"modified":"2025-12-07T15:45:38","modified_gmt":"2025-12-07T20:45:38","slug":"paso-3","status":"publish","type":"page","link":"https:\/\/commons.princeton.edu\/digital-storytelling\/paso-3\/","title":{"rendered":"Paso 3"},"content":{"rendered":"<h2><\/h2>\n<h2>First complete draft of the video: integrating text, images, and music<\/h2>\n<blockquote><p>Ordinary stories can become extraordinary journeys<\/p><\/blockquote>\n<p>Practice many times before recording your voice. Use appropriate tone and rhythm.<\/p>\n<p>Pace your words and silences to &#8220;tell&#8221; your story. Let the audience &#8216;time&#8217; to reflect on your story and images and all the possible symbolisms. Your voice must reveal the emotions your story conveys.<\/p>\n<p><img loading=\"lazy\" decoding=\"async\" class=\"aligncenter size-full wp-image-26\" src=\"https:\/\/commons.princeton.edu\/digital-storytelling\/wp-content\/uploads\/sites\/479\/2025\/10\/05.jpg\" alt=\"\" width=\"1300\" height=\"762\" srcset=\"https:\/\/commons.princeton.edu\/digital-storytelling\/wp-content\/uploads\/sites\/479\/2025\/10\/05.jpg 1300w, https:\/\/commons.princeton.edu\/digital-storytelling\/wp-content\/uploads\/sites\/479\/2025\/10\/05-300x176.jpg 300w, https:\/\/commons.princeton.edu\/digital-storytelling\/wp-content\/uploads\/sites\/479\/2025\/10\/05-1024x600.jpg 1024w, https:\/\/commons.princeton.edu\/digital-storytelling\/wp-content\/uploads\/sites\/479\/2025\/10\/05-768x450.jpg 768w, https:\/\/commons.princeton.edu\/digital-storytelling\/wp-content\/uploads\/sites\/479\/2025\/10\/05-676x396.jpg 676w\" sizes=\"auto, (max-width: 1300px) 100vw, 1300px\" \/><\/p>\n<p><strong>Formato:<\/strong> Se puede usar iMovie, WeVideo, DaVinci Ressolve<br \/>\nComponents to review and reflect upon in Paso 3<\/p>\n<p>PASO 3: Emociones, historias y planos<\/p>\n<ol>\n<li><strong>Composici\u00f3n de la imagen<\/strong> \u00bfQu\u00e9 hay en el dibujo o fotograf\u00eda? (Mira con detalle la posici\u00f3n y la nitidez (sharpness) de las personas, objetos, paisajes\u2026)<\/li>\n<li>\u00bfQu\u00e9 <strong>ideas o emociones<\/strong> se transmiten en cada imagen?<\/li>\n<li>\u00bfHay una posible historia detr\u00e1s de la foto? \u00bfCu\u00e1l?<\/li>\n<li>\u00bfQu\u00e9 <strong>tipo de plano<\/strong> (angle shot) utiliza la foto: Plano medio (medium shot), primer plano (close-up), picado (high angle), contrapicado (low angle )\u2026?<\/li>\n<\/ol>\n","protected":false},"excerpt":{"rendered":"<p>First complete draft of the video: integrating text, images, and music Ordinary stories can become extraordinary journeys Practice many times before recording your voice. Use appropriate tone and rhythm. Pace your words and silences to &#8220;tell&#8221; your story. Let the&#8230; <a class=\"more-link\" href=\"https:\/\/commons.princeton.edu\/digital-storytelling\/paso-3\/\">Continue Reading &rarr;<\/a><\/p>\n","protected":false},"author":5,"featured_media":0,"parent":0,"menu_order":4,"comment_status":"closed","ping_status":"closed","template":"template-fullwidth.php","meta":{"footnotes":""},"class_list":["post-41","page","type-page","status-publish","hentry"],"_links":{"self":[{"href":"https:\/\/commons.princeton.edu\/digital-storytelling\/wp-json\/wp\/v2\/pages\/41","targetHints":{"allow":["GET"]}}],"collection":[{"href":"https:\/\/commons.princeton.edu\/digital-storytelling\/wp-json\/wp\/v2\/pages"}],"about":[{"href":"https:\/\/commons.princeton.edu\/digital-storytelling\/wp-json\/wp\/v2\/types\/page"}],"author":[{"embeddable":true,"href":"https:\/\/commons.princeton.edu\/digital-storytelling\/wp-json\/wp\/v2\/users\/5"}],"replies":[{"embeddable":true,"href":"https:\/\/commons.princeton.edu\/digital-storytelling\/wp-json\/wp\/v2\/comments?post=41"}],"version-history":[{"count":8,"href":"https:\/\/commons.princeton.edu\/digital-storytelling\/wp-json\/wp\/v2\/pages\/41\/revisions"}],"predecessor-version":[{"id":247,"href":"https:\/\/commons.princeton.edu\/digital-storytelling\/wp-json\/wp\/v2\/pages\/41\/revisions\/247"}],"wp:attachment":[{"href":"https:\/\/commons.princeton.edu\/digital-storytelling\/wp-json\/wp\/v2\/media?parent=41"}],"curies":[{"name":"wp","href":"https:\/\/api.w.org\/{rel}","templated":true}]}}